{"id":1516,"date":"2024-05-15T16:48:07","date_gmt":"2024-05-15T21:48:07","guid":{"rendered":"https:\/\/www.nortekair.com\/?page_id=1516"},"modified":"2026-01-05T15:18:21","modified_gmt":"2026-01-05T21:18:21","slug":"carrieres","status":"publish","type":"page","link":"https:\/\/www.nortekair.com\/fr\/carrieres\/","title":{"rendered":"CARRI\u00c8RES"},"content":{"rendered":"\n\n\t\t<h2>\n\t\t\tD\u00e9couvre pourquoi TA PLACE est chez Nortek\n\t\t<\/h2>\n\t<p>Chez Nortek, nous nous engageons \u00e0 cr\u00e9er un avenir meilleur \u00e0 chaque jour. Nous faisons de nos marques distinctes, de nos comp\u00e9tences exceptionnelles en mati\u00e8re de conception, de nos capacit\u00e9s de fabrication et de notre solide culture d&rsquo;entreprise des leviers ind\u00e9niables pour proposer des solutions de pointe en gestion de l&rsquo;air pour la maison et le travail. Nous adh\u00e9rons aux valeurs fondamentales de s\u00e9curit\u00e9, d&rsquo;int\u00e9grit\u00e9, de r\u00e9sultats et de travail d&rsquo;\u00e9quipe. Nous recherchons des personnes talentueuses qui incarnent ces valeurs avec conviction.<\/p>\n<p>Commen\u00e7ons \u00e0 cr\u00e9er un avenir meilleur ensemble. Parcourez nos <a href=\"https:\/\/nortekinc.wd503.myworkdayjobs.com\/en-US\/NortekAirSolutions\" target=\"_blank\" rel=\"noopener\">emplois disponibles<\/a> et joignez-vous \u00e0 nous pour cr\u00e9er un h\u00e9ritage durable.<\/p>\n\t\t\t\t<img decoding=\"async\" src=\"https:\/\/www.nortekair.com\/wp-content\/uploads\/2024\/07\/coil-shop-brazer-c.jpg\" alt=\"coil shop\" itemprop=\"image\" height=\"943\" width=\"1500\" title=\"coil-shop-brazer-c\" onerror=\"this.style.display='none'\" loading=\"lazy\" \/>\n\t<p>Vous pouvez \u00e9galement cr\u00e9er un profil g\u00e9n\u00e9ral et l&rsquo;utiliser ult\u00e9rieurement lors de votre candidature future. Vous pouvez \u00e9galement vous inscrire pour recevoir des courriels de notification d&#8217;emploi qui vous alerteront lorsqu&rsquo;un poste devient disponible dans votre domaine d&rsquo;int\u00e9r\u00eat.<\/p>\n<p>Nortek Air Solutions est un employeur offrant l&rsquo;\u00e9galit\u00e9 des chances en mati\u00e8re d&#8217;emploi. La politique de Nortek est de ne pas discriminer ill\u00e9galement un candidat ou un employ\u00e9 sur la base de la race, la couleur, le sexe, la grossesse, la religion, l&rsquo;origine nationale, l&rsquo;\u00e2ge, le handicap, les informations g\u00e9n\u00e9tiques ou toute autre consid\u00e9ration rendue ill\u00e9gale par les autorit\u00e9s f\u00e9d\u00e9rales, r\u00e9gionales ou lois locales applicables. Nortek Air Solutions interdit \u00e9galement le harc\u00e8lement de candidats et d&#8217;employ\u00e9s sur la base de l&rsquo;une ou l&rsquo;autre de ces cat\u00e9gories prot\u00e9g\u00e9es.<\/p>\n<p>Des m\u00e9thodes alternatives de candidature \u00e0 un emploi sont disponibles pour les personnes qui ne peuvent pas soumettre leur candidature via ce site en raison d&rsquo;un handicap. Contactez le responsable de l&rsquo;acquisition de talents de Nortek (200, rue Carter, St-L\u00e9onard-d&rsquo;Aston, QC, J0C 1M0, telephone: (819) 399-2175) pour discuter des am\u00e9nagements raisonnables.<\/p>\n<p>En fonction du poste, les candidats peuvent parfois avoir \u00e0 se soumettre \u00e0 des tests pr\u00e9 emploi de comp\u00e9tences, m\u00e9dicaux ou d&rsquo;agilit\u00e9s.<\/p>\n<p>Nortek Air Solutions souscrit au principe de l&rsquo;\u00e9galit\u00e9 en mati\u00e8re d&#8217;emploi.<\/p>\n\n","protected":false},"excerpt":{"rendered":"<p>D\u00e9couvre pourquoi TA PLACE est chez Nortek Chez Nortek, nous nous engageons \u00e0 cr\u00e9er un avenir meilleur \u00e0 chaque jour. Nous faisons de nos marques distinctes, de nos comp\u00e9tences exceptionnelles en mati\u00e8re de conception, de nos capacit\u00e9s de fabrication et de notre solide culture d&rsquo;entreprise des leviers ind\u00e9niables pour proposer des solutions de pointe en&hellip;<\/p>\n","protected":false},"author":3,"featured_media":0,"parent":0,"menu_order":0,"comment_status":"closed","ping_status":"closed","template":"","meta":{"_acf_changed":false,"_relevanssi_hide_post":"","_relevanssi_hide_content":"","_relevanssi_pin_for_all":"","_relevanssi_pin_keywords":"","_relevanssi_unpin_keywords":"","_relevanssi_related_keywords":"","_relevanssi_related_include_ids":"","_relevanssi_related_exclude_ids":"","_relevanssi_related_no_append":"","_relevanssi_related_not_related":"","_relevanssi_related_posts":"","_relevanssi_noindex_reason":"","footnotes":""},"class_list":["post-1516","page","type-page","status-publish","hentry"],"acf":[],"aioseo_notices":[],"_links":{"self":[{"href":"https:\/\/www.nortekair.com\/fr\/wp-json\/wp\/v2\/pages\/1516","targetHints":{"allow":["GET"]}}],"collection":[{"href":"https:\/\/www.nortekair.com\/fr\/wp-json\/wp\/v2\/pages"}],"about":[{"href":"https:\/\/www.nortekair.com\/fr\/wp-json\/wp\/v2\/types\/page"}],"author":[{"embeddable":true,"href":"https:\/\/www.nortekair.com\/fr\/wp-json\/wp\/v2\/users\/3"}],"replies":[{"embeddable":true,"href":"https:\/\/www.nortekair.com\/fr\/wp-json\/wp\/v2\/comments?post=1516"}],"version-history":[{"count":1,"href":"https:\/\/www.nortekair.com\/fr\/wp-json\/wp\/v2\/pages\/1516\/revisions"}],"predecessor-version":[{"id":6409,"href":"https:\/\/www.nortekair.com\/fr\/wp-json\/wp\/v2\/pages\/1516\/revisions\/6409"}],"wp:attachment":[{"href":"https:\/\/www.nortekair.com\/fr\/wp-json\/wp\/v2\/media?parent=1516"}],"curies":[{"name":"wp","href":"https:\/\/api.w.org\/{rel}","templated":true}]}}