{"id":2770,"date":"2024-06-11T17:19:00","date_gmt":"2024-06-11T22:19:00","guid":{"rendered":"https:\/\/www.nortekair.com\/?page_id=2770"},"modified":"2026-02-18T23:17:42","modified_gmt":"2026-02-19T05:17:42","slug":"cleanpak","status":"publish","type":"page","link":"https:\/\/www.nortekair.com\/fr\/a-propos-de-nortek-air-solutions\/ahu-dx-marques\/cleanpak\/","title":{"rendered":"CleanPak<sup>\u00ae<\/sup>"},"content":{"rendered":"\n<figure itemscope itemtype=\"https:\/\/schema.org\/ImageObject\">\n\t\t\t\t<img decoding=\"async\" src=\"https:\/\/www.nortekair.com\/wp-content\/uploads\/2026\/02\/NCS-CleanPak-logo-Spot.svg\" alt=\"NCS-CleanPak-logo-Spot\" height=\"153.77\" width=\"625.53\" title=\"NCS-CleanPak-logo-Spot\" onerror=\"this.style.display='none'\" loading=\"lazy\" \/>\n\t<\/figure>\n\t<p>Fond\u00e9e en 1985, CLEANPAK<sup>\u00ae<\/sup>\u00a0se sp\u00e9cialise dans les grillages de plafond int\u00e9gr\u00e9s pr\u00eats \u00e0 assembler, les pl\u00e9nums unidirectionnels et l&rsquo;\u00e9quipement de traitement d&rsquo;air sur mesure toutes cat\u00e9gories pour le secteur des sciences de la vie, les laboratoires, la fabrication de semi-conducteurs et l&rsquo;industrie pharmaceutique.<\/p>\n<p>CLEANPAK\u00a0continue de faire progresser tous les standards pour les environnements propres en contr\u00f4lant le processus entier de fabrication de salles blanches, de la conception initiale jusqu&rsquo;\u00e0 l&rsquo;ach\u00e8vement du projet. En comblant les exigences sp\u00e9cifiques de chaque industrie, nos salles blanches cr\u00e9ent un pr\u00e9c\u00e9dent dans les secteurs de la microtechnologie, des semi-conducteurs et de la biotechnologie ainsi que dans l&rsquo;industrie pharmaceutique.\u00a0CLEANPAK est devenue un leader dans les produits et syst\u00e8mes pour salles blanches\u00a0en \u00e9tant \u00e0 l&rsquo;\u00e9coute des besoins des clients, en fournissant un support solide et en maintenant son engagement actif recherche et d\u00e9veloppement.<\/p>\n<p>CLEANPAK\u00a0est une marque de Nortek Air Solutions depuis 2006.<\/p>\n\t\t\t<a href=\"https:\/\/www.nortekair.com\/fr\/a-propos-de-nortek-air-solutions\/pour-nous-joindre\/\"  target=\"_self\">\n\t\t\t\t\t\t\tPOUR NOUS JOINDRE\n\t\t\t<\/a>\n\n","protected":false},"excerpt":{"rendered":"<p>Fond\u00e9e en 1985, CLEANPAK\u00ae\u00a0se sp\u00e9cialise dans les grillages de plafond int\u00e9gr\u00e9s pr\u00eats \u00e0 assembler, les pl\u00e9nums unidirectionnels et l&rsquo;\u00e9quipement de traitement d&rsquo;air sur mesure toutes cat\u00e9gories pour le secteur des sciences de la vie, les laboratoires, la fabrication de semi-conducteurs et l&rsquo;industrie pharmaceutique. CLEANPAK\u00a0continue de faire progresser tous les standards pour les environnements propres en&hellip;<\/p>\n","protected":false},"author":8,"featured_media":0,"parent":2754,"menu_order":0,"comment_status":"closed","ping_status":"closed","template":"","meta":{"_acf_changed":false,"_relevanssi_hide_post":"","_relevanssi_hide_content":"","_relevanssi_pin_for_all":"","_relevanssi_pin_keywords":"","_relevanssi_unpin_keywords":"","_relevanssi_related_keywords":"","_relevanssi_related_include_ids":"","_relevanssi_related_exclude_ids":"","_relevanssi_related_no_append":"","_relevanssi_related_not_related":"","_relevanssi_related_posts":"3029,1858,1864,3031,1857,1854","_relevanssi_noindex_reason":"","footnotes":""},"class_list":["post-2770","page","type-page","status-publish","hentry"],"acf":[],"aioseo_notices":[],"_links":{"self":[{"href":"https:\/\/www.nortekair.com\/fr\/wp-json\/wp\/v2\/pages\/2770","targetHints":{"allow":["GET"]}}],"collection":[{"href":"https:\/\/www.nortekair.com\/fr\/wp-json\/wp\/v2\/pages"}],"about":[{"href":"https:\/\/www.nortekair.com\/fr\/wp-json\/wp\/v2\/types\/page"}],"author":[{"embeddable":true,"href":"https:\/\/www.nortekair.com\/fr\/wp-json\/wp\/v2\/users\/8"}],"replies":[{"embeddable":true,"href":"https:\/\/www.nortekair.com\/fr\/wp-json\/wp\/v2\/comments?post=2770"}],"version-history":[{"count":1,"href":"https:\/\/www.nortekair.com\/fr\/wp-json\/wp\/v2\/pages\/2770\/revisions"}],"predecessor-version":[{"id":6761,"href":"https:\/\/www.nortekair.com\/fr\/wp-json\/wp\/v2\/pages\/2770\/revisions\/6761"}],"up":[{"embeddable":true,"href":"https:\/\/www.nortekair.com\/fr\/wp-json\/wp\/v2\/pages\/2754"}],"wp:attachment":[{"href":"https:\/\/www.nortekair.com\/fr\/wp-json\/wp\/v2\/media?parent=2770"}],"curies":[{"name":"wp","href":"https:\/\/api.w.org\/{rel}","templated":true}]}}