{"id":2773,"date":"2024-06-12T08:48:44","date_gmt":"2024-06-12T13:48:44","guid":{"rendered":"https:\/\/www.nortekair.com\/?page_id=2773"},"modified":"2024-07-17T10:30:22","modified_gmt":"2024-07-17T15:30:22","slug":"governair","status":"publish","type":"page","link":"https:\/\/www.nortekair.com\/fr\/a-propos-de-nortek-air-solutions\/ahu-dx-marques\/governair\/","title":{"rendered":"Governair\u00ae"},"content":{"rendered":"\n\n\t\t\t\t<img loading=\"lazy\" decoding=\"async\" src=\"https:\/\/www.nortekair.com\/wp-content\/uploads\/\/NAS-Governair-logo.svg\" alt=\"governair logo\" itemprop=\"image\" height=\"0\" width=\"0\" title=\"NAS-Governair-logo\" onerror=\"this.style.display='none'\"  \/>\n\t<p>La marque Governair\u00a0de Nortek Air Solutions est un chef de file dans la conception et la fabrication de syst\u00e8mes CVC sur mesure depuis sa fonction en 1937. Des premiers appareils de climatisation de fen\u00eatre qui ont port\u00e9 la marque Governair\u00a0jusqu&rsquo;aux syst\u00e8mes de traitement d&rsquo;air int\u00e9gr\u00e9s de classe mondiale que nous fabriquons aujourd&rsquo;hui, la marque Governair\u00a0est une pionni\u00e8re et un porte-\u00e9tendard dans le secteur CVC.<\/p>\n<p>Nous offrons depuis longtemps des solutions novatrices, robustes et sur mesure pour r\u00e9gler des probl\u00e8mes concrets. \u00c9tant l&rsquo;une des premi\u00e8res soci\u00e9t\u00e9s \u00e0 avoir envisag\u00e9 que le concept qu&rsquo;une approche syst\u00e9mique globale \u00e9tait une m\u00e9thode efficace et \u00e9conomique pour climatiser les structures d&rsquo;envergure, Governair et son \u00e9quipe d&rsquo;ing\u00e9nieurs ont con\u00e7u le premier syst\u00e8me \u00e0 conception int\u00e9gr\u00e9e. D\u00e9j\u00e0 reconnue \u00e0 l&rsquo;\u00e9chelle nationale pour ses produits de qualit\u00e9, Governair\u00a0a laiss\u00e9 une marque permanente sur notre industrie en 1942 en brevetant le premier appareil de climatisation autonome refroidi \u00e0 l&rsquo;eau pour usage commercial. De nos jours, les appareils de traitement d&rsquo;air commerciaux et industriels fabriqu\u00e9s par Governair\u00a0poursuivent notre engagement en mati\u00e8re de souplesse, de qualit\u00e9 et de valeur.<\/p>\n<p>Les installations de\u00a0Governair\u00a0sont aussi le si\u00e8ge du\u00a0<a href=\"https:\/\/www.nortekair.com\/fr\/a-propos-de-nortek-air-solutions\/laboratoires-de-recherche-et-installations-dessais\/\">Laboratoire de recherche et d\u00e9veloppement acoustique et thermique\u00a0<\/a>de Nortek Air Solutions.<\/p>\n\t\t\t<a href=\"https:\/\/www.nortekair.com\/fr\/a-propos-de-nortek-air-solutions\/pour-nous-joindre\/\" target=\"_self\" rel=\"noopener\">\n\t\t\t\t\t\t\tPOUR NOUS JOINDRE\n\t\t\t<\/a>\n\t<h2>LES PRODUITS DE MARQUE GOVERNAIR<sup>\u00ae<\/sup><\/h2>\n<ul>\n<li><a href=\"https:\/\/www.nortekair.com\/fr\/produits\/appareils-de-traitement-dair-sur-mesure\/\">Appareils de traitement d&rsquo;air sur mesure<\/a><\/li>\n<li><a href=\"https:\/\/www.nortekair.com\/fr\/produits\/systemes-fanwall\/\">Systemes FANWALL<sup>\u00ae<\/sup><\/a><\/li>\n<li><a href=\"https:\/\/www.nortekair.com\/fr\/produits\/solution-cvc-sur-mesure-energypack\/\">Solution CVC sur mesure EnergyPack<sup>\u00ae<\/sup><\/a><\/li>\n<li><a href=\"https:\/\/www.nortekair.com\/fr\/produits\/systemes-sur-toits-complets-sur-mesure-ultraline\/\">Syst\u00e8mes sur toits complets sur mesure Ultraline<sup>\u2122<\/sup><\/a><\/li>\n<\/ul>\n\n","protected":false},"excerpt":{"rendered":"<p>La marque Governair\u00a0de Nortek Air Solutions est un chef de file dans la conception et la fabrication de syst\u00e8mes CVC sur mesure depuis sa fonction en 1937. Des premiers appareils de climatisation de fen\u00eatre qui ont port\u00e9 la marque Governair\u00a0jusqu&rsquo;aux syst\u00e8mes de traitement d&rsquo;air int\u00e9gr\u00e9s de classe mondiale que nous fabriquons aujourd&rsquo;hui, la marque Governair\u00a0est&hellip;<\/p>\n","protected":false},"author":8,"featured_media":0,"parent":2754,"menu_order":0,"comment_status":"closed","ping_status":"closed","template":"","meta":{"_acf_changed":false,"_relevanssi_hide_post":"","_relevanssi_hide_content":"","_relevanssi_pin_for_all":"","_relevanssi_pin_keywords":"","_relevanssi_unpin_keywords":"","_relevanssi_related_keywords":"","_relevanssi_related_include_ids":"","_relevanssi_related_exclude_ids":"","_relevanssi_related_no_append":"","_relevanssi_related_not_related":"","_relevanssi_related_posts":"1864,2972,3031,3027,1854,1857","_relevanssi_noindex_reason":"","footnotes":""},"class_list":["post-2773","page","type-page","status-publish","hentry"],"acf":[],"aioseo_notices":[],"_links":{"self":[{"href":"https:\/\/www.nortekair.com\/fr\/wp-json\/wp\/v2\/pages\/2773","targetHints":{"allow":["GET"]}}],"collection":[{"href":"https:\/\/www.nortekair.com\/fr\/wp-json\/wp\/v2\/pages"}],"about":[{"href":"https:\/\/www.nortekair.com\/fr\/wp-json\/wp\/v2\/types\/page"}],"author":[{"embeddable":true,"href":"https:\/\/www.nortekair.com\/fr\/wp-json\/wp\/v2\/users\/8"}],"replies":[{"embeddable":true,"href":"https:\/\/www.nortekair.com\/fr\/wp-json\/wp\/v2\/comments?post=2773"}],"version-history":[{"count":0,"href":"https:\/\/www.nortekair.com\/fr\/wp-json\/wp\/v2\/pages\/2773\/revisions"}],"up":[{"embeddable":true,"href":"https:\/\/www.nortekair.com\/fr\/wp-json\/wp\/v2\/pages\/2754"}],"wp:attachment":[{"href":"https:\/\/www.nortekair.com\/fr\/wp-json\/wp\/v2\/media?parent=2773"}],"curies":[{"name":"wp","href":"https:\/\/api.w.org\/{rel}","templated":true}]}}