{"id":2778,"date":"2024-06-12T08:58:04","date_gmt":"2024-06-12T13:58:04","guid":{"rendered":"https:\/\/www.nortekair.com\/?page_id=2778"},"modified":"2024-07-17T11:13:37","modified_gmt":"2024-07-17T16:13:37","slug":"huntair","status":"publish","type":"page","link":"https:\/\/www.nortekair.com\/fr\/a-propos-de-nortek-air-solutions\/ahu-dx-marques\/huntair\/","title":{"rendered":"Huntair<sup>\u00ae<\/sup>"},"content":{"rendered":"\n\n\t\t\t\t<img loading=\"lazy\" decoding=\"async\" src=\"https:\/\/www.nortekair.com\/wp-content\/uploads\/\/NAS-Huntair-logo.svg\" alt=\"huntair\" itemprop=\"image\" height=\"0\" width=\"0\" title=\"NAS-Huntair-logo\" onerror=\"this.style.display='none'\"  \/>\n\t<p>Huntair, fond\u00e9e en 1993, s&rsquo;est consacr\u00e9e initialement \u00e0 offrir des solutions de traitement d&rsquo;air novatrices pour le secteur des semi-conducteurs et l&rsquo;industrie pharmaceutique, puis elle a \u00e9largi sa port\u00e9e en offrant des produits pour d&rsquo;autres applications cruciales \u00e0 la mission et commerciales.<\/p>\n<p>En 2003, Huntair\u00a0a invent\u00e9 la\u00a0<a href=\"https:\/\/www.nortekair.com\/fr\/innovation\/la-technologie-fanwall-les-ventilateurs-groupes-preferes\/\">TECHNOLOGIE FANWALL<\/a><sup>\u00ae<\/sup>\u00a0&#8211; la premi\u00e8re solution int\u00e9gr\u00e9e de ventilateurs en s\u00e9rie pour les appareils de traitement d&rsquo;air. Les syst\u00e8mes FANWALL\u00a0se composent d&rsquo;un ensemble int\u00e9gr\u00e9 de ventilateurs, moteurs, armoires, commandes et accessoires de pointe assortis pr\u00e9cis\u00e9ment \u00e0 vos besoins de traitement d&rsquo;air. Les syst\u00e8mes FANWALL\u00a0sont devenus le premier choix des ing\u00e9nieurs, entrepreneurs et propri\u00e9taires d&rsquo;immeubles qui appr\u00e9cient la redondance, le fonctionnement silencieux et sans vibrations, l&rsquo;efficacit\u00e9 \u00e9nerg\u00e9tique optimis\u00e9e et les faibles co\u00fbts d&rsquo;entretien et de r\u00e9paration tant pour les nouvelles constructions que les projets de modernisation.<\/p>\n<p>En 2015, les installations de Huntair\u00a0situ\u00e9e \u00e0 Tualatin, en Oregon, ont \u00e9t\u00e9 s\u00e9lectionn\u00e9es pour recevoir l&rsquo;un des deux prix Occupational Safety &amp; Health (GOSH) Conference Safety and Health Advocate (\u00e9quipe) du gouverneur de l&rsquo;Oregon de l&rsquo;ann\u00e9e.<\/p>\n<p>Les bureaux et l&rsquo;usine de\u00a0Huntair\u00a0h\u00e9bergent \u00e9galement la marque\u00a0<a href=\"https:\/\/www.nortekair.com\/fr\/a-propos-de-nortek-air-solutions\/ahu-dx-marques\/cleanpak\/\">CLEANPAK<\/a>\u00ae. Le\u00a0<a href=\"https:\/\/www.nortekair.com\/fr\/a-propos-de-nortek-air-solutions\/laboratoires-de-recherche-et-installations-dessais\/\">laboratoire avanc\u00e9 d&rsquo;\u00e9coulement d&rsquo;air<\/a>\u00a0de\u00a0Nortek Air Solutions est situ\u00e9 pr\u00e8s de Milwaukie, en Oregon.<\/p>\n\t\t\t<a href=\"https:\/\/www.nortekair.com\/fr\/a-propos-de-nortek-air-solutions\/pour-nous-joindre\/\" target=\"_self\" rel=\"noopener\">\n\t\t\t\t\t\t\tPOUR NOUS JOINDRE\n\t\t\t<\/a>\n\t<h2>LES PRODUITS DE MARQUE HUNTAIR<sup>\u00ae<\/sup><\/h2>\n<ul>\n<li><a href=\"https:\/\/www.nortekair.com\/fr\/products\/systemes-fanwall\/\">Systemes FANWALL<sup>\u00ae<\/sup><\/a><\/li>\n<\/ul>\n\n","protected":false},"excerpt":{"rendered":"<p>Huntair, fond\u00e9e en 1993, s&rsquo;est consacr\u00e9e initialement \u00e0 offrir des solutions de traitement d&rsquo;air novatrices pour le secteur des semi-conducteurs et l&rsquo;industrie pharmaceutique, puis elle a \u00e9largi sa port\u00e9e en offrant des produits pour d&rsquo;autres applications cruciales \u00e0 la mission et commerciales. En 2003, Huntair\u00a0a invent\u00e9 la\u00a0TECHNOLOGIE FANWALL\u00ae\u00a0&#8211; la premi\u00e8re solution int\u00e9gr\u00e9e de ventilateurs en&hellip;<\/p>\n","protected":false},"author":8,"featured_media":0,"parent":2754,"menu_order":0,"comment_status":"closed","ping_status":"closed","template":"","meta":{"_acf_changed":false,"_relevanssi_hide_post":"","_relevanssi_hide_content":"","_relevanssi_pin_for_all":"","_relevanssi_pin_keywords":"","_relevanssi_unpin_keywords":"","_relevanssi_related_keywords":"","_relevanssi_related_include_ids":"","_relevanssi_related_exclude_ids":"","_relevanssi_related_no_append":"","_relevanssi_related_not_related":"","_relevanssi_related_posts":"1864,1854,2972,1858,3031,3027","_relevanssi_noindex_reason":"","footnotes":""},"class_list":["post-2778","page","type-page","status-publish","hentry"],"acf":[],"aioseo_notices":[],"_links":{"self":[{"href":"https:\/\/www.nortekair.com\/fr\/wp-json\/wp\/v2\/pages\/2778","targetHints":{"allow":["GET"]}}],"collection":[{"href":"https:\/\/www.nortekair.com\/fr\/wp-json\/wp\/v2\/pages"}],"about":[{"href":"https:\/\/www.nortekair.com\/fr\/wp-json\/wp\/v2\/types\/page"}],"author":[{"embeddable":true,"href":"https:\/\/www.nortekair.com\/fr\/wp-json\/wp\/v2\/users\/8"}],"replies":[{"embeddable":true,"href":"https:\/\/www.nortekair.com\/fr\/wp-json\/wp\/v2\/comments?post=2778"}],"version-history":[{"count":0,"href":"https:\/\/www.nortekair.com\/fr\/wp-json\/wp\/v2\/pages\/2778\/revisions"}],"up":[{"embeddable":true,"href":"https:\/\/www.nortekair.com\/fr\/wp-json\/wp\/v2\/pages\/2754"}],"wp:attachment":[{"href":"https:\/\/www.nortekair.com\/fr\/wp-json\/wp\/v2\/media?parent=2778"}],"curies":[{"name":"wp","href":"https:\/\/api.w.org\/{rel}","templated":true}]}}