{"id":2783,"date":"2024-06-12T09:04:43","date_gmt":"2024-06-12T14:04:43","guid":{"rendered":"https:\/\/www.nortekair.com\/?page_id=2783"},"modified":"2024-07-16T17:08:43","modified_gmt":"2024-07-16T22:08:43","slug":"mammoth","status":"publish","type":"page","link":"https:\/\/www.nortekair.com\/fr\/a-propos-de-nortek-air-solutions\/ahu-dx-marques\/mammoth\/","title":{"rendered":"Mammoth<sup>\u00ae<\/sup>"},"content":{"rendered":"\n\n\t\t\t\t<img loading=\"lazy\" decoding=\"async\" src=\"https:\/\/www.nortekair.com\/wp-content\/uploads\/2024\/07\/NAS-Mammoth-logo.svg\" alt=\"NAS-Mammoth-logo\" itemprop=\"image\" height=\"0\" width=\"0\" title=\"NAS-Mammoth-logo\" onerror=\"this.style.display='none'\"  \/>\n\t<p>Fond\u00e9e en 1935, Mammoth\u00a0compte des ann\u00e9es d&rsquo;exp\u00e9rience aupr\u00e8s d&rsquo;architectes, d&rsquo;ing\u00e9nieurs, d&rsquo;entrepreneurs et de propri\u00e9taires d&rsquo;immeubles pour concevoir des syst\u00e8mes CVC sur mesure qui sont la solution la plus efficace et la plus \u00e9conomique pour le cycle de vie entier de leurs installations.<\/p>\n<p>De nos jours, Mammoth\u00a0est reconnue dans le secteur CVC pour la qualit\u00e9, la souplesse et la fiabilit\u00e9 de ses syst\u00e8mes DX complets sur mesure. Ces syst\u00e8mes CVC complets sont souvent la solution la plus efficace et la plus \u00e9conomique pour le cycle de vie entier des installations qu&rsquo;ils desservent. Si vous recherchez l&rsquo;efficacit\u00e9 \u00e9nerg\u00e9tique optimis\u00e9e, la performance acoustique silencieuse et une empreinte sur mesure, ou encore l&rsquo;homologation LEED<sup>\u00ae<\/sup>\u00a0pour votre installation \u00e0 haute performance, nous poss\u00e9dons les connaissances et l&rsquo;expertise requises pour int\u00e9grer le syst\u00e8me CVC complet \u00e0 vos exigences.<\/p>\n\t\t\t<a href=\"https:\/\/www.nortekair.com\/fr\/a-propos-de-nortek-air-solutions\/pour-nous-joindre\/\" target=\"_self\" rel=\"noopener\">\n\t\t\t\t\t\t\tPOUR NOUS JOINDRE\n\t\t\t<\/a>\n\t<h2>LES PRODUITS DE MARQUE MAMMOTH\u00a0<sup>\u00ae<\/sup><\/h2>\n<ul>\n<li><a href=\"https:\/\/www.nortekair.com\/fr\/produits\/systemes-sur-toits-complets-sur-mesure-ultraline\/\">Syst\u00e8mes sur toits complets sur mesure Ultraline<sup>\u2122<\/sup><\/a><\/li>\n<li><a href=\"https:\/\/www.nortekair.com\/fr\/produits\/systemes-verticaux-autonomes-v-cube\/\">Syst\u00e8mes verticaux autonomes V-Cube<sup>\u2122<\/sup><\/a><\/li>\n<\/ul>\n\n","protected":false},"excerpt":{"rendered":"<p>Fond\u00e9e en 1935, Mammoth\u00a0compte des ann\u00e9es d&rsquo;exp\u00e9rience aupr\u00e8s d&rsquo;architectes, d&rsquo;ing\u00e9nieurs, d&rsquo;entrepreneurs et de propri\u00e9taires d&rsquo;immeubles pour concevoir des syst\u00e8mes CVC sur mesure qui sont la solution la plus efficace et la plus \u00e9conomique pour le cycle de vie entier de leurs installations. De nos jours, Mammoth\u00a0est reconnue dans le secteur CVC pour la qualit\u00e9, la&hellip;<\/p>\n","protected":false},"author":8,"featured_media":0,"parent":2754,"menu_order":0,"comment_status":"closed","ping_status":"closed","template":"","meta":{"_acf_changed":false,"_relevanssi_hide_post":"","_relevanssi_hide_content":"","_relevanssi_pin_for_all":"","_relevanssi_pin_keywords":"","_relevanssi_unpin_keywords":"","_relevanssi_related_keywords":"","_relevanssi_related_include_ids":"","_relevanssi_related_exclude_ids":"","_relevanssi_related_no_append":"","_relevanssi_related_not_related":"","_relevanssi_related_posts":"1854,1864,3031,3027,1857,3029","_relevanssi_noindex_reason":"","footnotes":""},"class_list":["post-2783","page","type-page","status-publish","hentry"],"acf":[],"aioseo_notices":[],"_links":{"self":[{"href":"https:\/\/www.nortekair.com\/fr\/wp-json\/wp\/v2\/pages\/2783","targetHints":{"allow":["GET"]}}],"collection":[{"href":"https:\/\/www.nortekair.com\/fr\/wp-json\/wp\/v2\/pages"}],"about":[{"href":"https:\/\/www.nortekair.com\/fr\/wp-json\/wp\/v2\/types\/page"}],"author":[{"embeddable":true,"href":"https:\/\/www.nortekair.com\/fr\/wp-json\/wp\/v2\/users\/8"}],"replies":[{"embeddable":true,"href":"https:\/\/www.nortekair.com\/fr\/wp-json\/wp\/v2\/comments?post=2783"}],"version-history":[{"count":0,"href":"https:\/\/www.nortekair.com\/fr\/wp-json\/wp\/v2\/pages\/2783\/revisions"}],"up":[{"embeddable":true,"href":"https:\/\/www.nortekair.com\/fr\/wp-json\/wp\/v2\/pages\/2754"}],"wp:attachment":[{"href":"https:\/\/www.nortekair.com\/fr\/wp-json\/wp\/v2\/media?parent=2783"}],"curies":[{"name":"wp","href":"https:\/\/api.w.org\/{rel}","templated":true}]}}