{"id":2789,"date":"2024-05-31T11:51:23","date_gmt":"2024-05-31T16:51:23","guid":{"rendered":"https:\/\/www.nortekair.com\/?page_id=2789"},"modified":"2025-06-06T13:39:35","modified_gmt":"2025-06-06T18:39:35","slug":"pour-nous-joindre","status":"publish","type":"page","link":"https:\/\/www.nortekair.com\/fr\/a-propos-de-nortek-air-solutions\/pour-nous-joindre\/","title":{"rendered":"Pour nous joindre"},"content":{"rendered":"\n\n\t\t\t\t<img decoding=\"async\" src=\"https:\/\/www.nortekair.com\/wp-content\/uploads\/2024\/06\/Map-Fade.jpg\" alt=\"Map-Fade\" itemprop=\"image\" height=\"981\" width=\"1129\" title=\"Map-Fade\" onerror=\"this.style.display='none'\" loading='lazy' \/>\n<h2>\n\t\t\tTROUVER UN REPR\u00c9SENTANT\t<\/h2>\n\t<p><b>Besoin de pi\u00e8ces de rechange ou de service?<\/b>\u00a0Besoin d&rsquo;une\u00a0<b>soumission pour un appareil de traitement d&rsquo;air ou un appareil DX neuf?<\/b><\/p>\n\t\t\t<a href=\"https:\/\/www.nortekair.com\/fr\/trouver-un-representant\/\" target=\"_self\">\n\t\t\t\t\t\t\tTrouver le repr\u00e9sentant en vente autoris\u00e9 le plus proche\n\t\t\t<\/a>\n\t\t\t\t<img decoding=\"async\" src=\"https:\/\/www.nortekair.com\/wp-content\/uploads\/2025\/06\/Nortek-logo-scaled.png\" alt=\"Nortek-logo\" itemprop=\"image\" height=\"450\" width=\"2560\" title=\"Nortek-logo\" onerror=\"this.style.display='none'\" loading='lazy' \/>\n\t<p>CVC r\u00e9sidentiel ou commercial l\u00e9ger, y compris Maytag, Frigidaire, Reznor ou Broan?<\/p>\n\t\t\t<a href=\"https:\/\/www.nordyne.com\/our-brands\/\" target=\"_blank\" rel=\"noopener\">\n\t\t\t\t\t\t\tVisiter Nordyne\n\t\t\t<\/a>\n\t\t\t\t<img decoding=\"async\" src=\"https:\/\/www.nortekair.com\/wp-content\/uploads\/2024\/06\/welder.jpg\" alt=\"welder\" itemprop=\"image\" height=\"662\" width=\"1500\" title=\"welder\" onerror=\"this.style.display='none'\" loading='lazy' \/>\n\t<p>Int\u00e9ress\u00e9 \u00e0 travailler pour Nortek Air Solutions?<\/p>\n\t\t\t<a href=\"https:\/\/www.nortekair.com\/fr\/carrieres\/\" target=\"_self\">\n\t\t\t\t\t\t\tVoir les postes ouverts et faire application en ligne \n\t\t\t<\/a>\n<h2>\n\t\t\tBESOIN DE L&rsquo;ITIN\u00c9RAIRE VERS L&rsquo;UNE DE NOS USINES?\t<\/h2>\n\t<h3><i>Marques Temtrol<sup>\u00ae<\/sup>\u00a0et Governair<sup>\u00ae<\/sup><\/i><\/h3>\n106 N Industrial Blvd<br \/>\nOkarche, OK 73762<br \/>\n<a href=\"https:\/\/goo.gl\/maps\/VCdH6KfeHKTxCcW78\" target=\"_blank\" rel=\"noopener\">Cliquer pour l&rsquo;itin\u00e9raire<\/a>\n\t<h3><i>Solutions de serpentins Nortek<\/i><\/h3>\n5510 SW 29th Street<br \/>\nOklahoma City, OK 73179<br \/>\n<a href=\"https:\/\/maps.app.goo.gl\/Pg2z6eR8fxwJqf5L9\" target=\"_blank\" rel=\"noopener\">Cliquer pour l&rsquo;itin\u00e9raire<\/a>\n\t<h3><i>Marques Huntair<sup>\u00ae<\/sup>\u00a0et CleanSpace<sup>\u00ae<\/sup><\/i><\/h3>\n19855 SW 124th Avenue<br \/>\nTualatin, OR 97062<br \/>\n<a href=\"https:\/\/goo.gl\/maps\/8ZyDSybd5XPys3P68\" target=\"_blank\" rel=\"noopener\">Cliquer pour l&rsquo;itin\u00e9raire<\/a>\n\t<h3><i>Marque Ventrol<sup>\u00ae<\/sup><\/i><\/h3>\n9100, rue du Parcours<br \/>\nMontreal, QC H1J 2ZI<br \/>\nCanada<br \/>\n<a href=\"https:\/\/goo.gl\/maps\/oPkm3b6p9U8wTvBU9\" target=\"_blank\" rel=\"noopener\">Cliquer pour l&rsquo;itin\u00e9raire<\/a>\n\t<h3><i>Marques Mammoth<sup>\u00ae<\/sup>\u00a0et Venmar<sup>\u2122<\/sup><\/i><\/h3>\n200 Carter St<br \/>\nSt-Leonard-D&rsquo;Aston QC J0C 1M0<br \/>\nCanada<br \/>\n<a href=\"https:\/\/goo.gl\/maps\/pJwXhKV9b6kxEyAt7\" target=\"_blank\" rel=\"noopener\">Cliquer pour l&rsquo;itin\u00e9raire<\/a>\n\t<p><strong>VOUS NE TROUVEZ PAS CE QUE VOUS CHERCHEZ?<\/strong><\/p>\n<h2>CONTACTEZ-NOUS<\/h2>\n                <form method='post' enctype='multipart\/form-data' target='gform_ajax_frame_5' id='gform_5'  action='\/fr\/?page_id=2789&#038;fl_builder#gf_5' data-formid='5' novalidate>\n                        <label class='gfield_label gform-field-label' for='input_5_7'>Nom*(N\u00e9cessaire)<\/label><input name='input_7' id='input_5_7' type='text' value='' class='large'     aria-required=\"true\" aria-invalid=\"false\"   \/><label class='gfield_label gform-field-label' for='input_5_3'>Nom de la soci\u00e9t\u00e9*(N\u00e9cessaire)<\/label><input name='input_3' id='input_5_3' type='text' value='' class='large'     aria-required=\"true\" aria-invalid=\"false\"   \/><label class='gfield_label gform-field-label' for='input_5_4'>Courriel<\/label>\n                            <input name='input_4' id='input_5_4' type='email' value='' class='large'     aria-invalid=\"false\"  \/>\n                        <label class='gfield_label gform-field-label' for='input_5_5'>T\u00e9l\u00e9phone<\/label><input name='input_5' id='input_5_5' type='tel' value='' class='large'    aria-invalid=\"false\"   \/><label class='gfield_label gform-field-label' for='input_5_6'>Message<\/label><textarea name='input_6' id='input_5_6' class='textarea large'      aria-invalid=\"false\"   rows='10' cols='50'><\/textarea><fieldset id=\"field_5_9\"><legend class='gfield_label gform-field-label gfield_label_before_complex'>Newsletter<\/legend>\n\t\t\t\t\t\t\t\t<input class='gfield-choice-input' name='input_9.1' type='checkbox'  value='Je souhaite recevoir la newsletter de Nortek Air Solutions'  id='choice_5_9_1'   \/>\n\t\t\t\t\t\t\t\t<label for='choice_5_9_1' id='label_5_9_1' class='gform-field-label gform-field-label--type-inline'>Je souhaite recevoir la newsletter de Nortek Air Solutions<\/label>\n\t\t\t\t\t\t\t<\/fieldset>\n         <input type='submit' id='gform_submit_button_5' class='gform_button button' onclick='gform.submission.handleButtonClick(this);' data-submission-type='submit' value='Envoyer'  \/> <input type='hidden' name='gform_ajax' value='form_id=5&amp;title=&amp;description=&amp;tabindex=0&amp;theme=gravity-theme&amp;styles=[]&amp;hash=ffcc42ff76a4d65289dc55086cc5ebd8' \/>\n            <input type='hidden' class='gform_hidden' name='gform_submission_method' data-js='gform_submission_method_5' value='iframe' \/>\n            <input type='hidden' class='gform_hidden' name='gform_theme' data-js='gform_theme_5' id='gform_theme_5' value='gravity-theme' \/>\n            <input type='hidden' class='gform_hidden' name='gform_style_settings' data-js='gform_style_settings_5' id='gform_style_settings_5' value='[]' \/>\n            <input type='hidden' class='gform_hidden' name='is_submit_5' value='1' \/>\n            <input type='hidden' class='gform_hidden' name='gform_submit' value='5' \/>\n            <input type='hidden' class='gform_hidden' name='gform_unique_id' value='' \/>\n            <input type='hidden' class='gform_hidden' name='state_5' value='WyJ7XCI5LjFcIjpcIjdjM2I0MTUyMmRkZWQyNDQwMTljNjQ3ODEzODZjN2U3XCJ9IiwiNDAzMWRlZGVhMDhiOWI1Yzc2OTFiOWZkOTBkMzJlM2MiXQ==' \/>\n            <input type='hidden' autocomplete='off' class='gform_hidden' name='gform_target_page_number_5' id='gform_target_page_number_5' value='0' \/>\n            <input type='hidden' autocomplete='off' class='gform_hidden' name='gform_source_page_number_5' id='gform_source_page_number_5' value='1' \/>\n            <input type='hidden' name='gform_field_values' value='' \/>\n                        <\/form>\n\t\t                <iframe style='display:none;width:0px;height:0px;' src='about:blank' name='gform_ajax_frame_5' id='gform_ajax_frame_5' title='Cette iframe contient la logique n\u00e9cessaire pour manipuler Gravity Forms avec Ajax.'><\/iframe>\n\n","protected":false},"excerpt":{"rendered":"<p>TROUVER UN REPR\u00c9SENTANT Besoin de pi\u00e8ces de rechange ou de service?\u00a0Besoin d&rsquo;une\u00a0soumission pour un appareil de traitement d&rsquo;air ou un appareil DX neuf? Trouver le repr\u00e9sentant en vente autoris\u00e9 le plus proche CVC r\u00e9sidentiel ou commercial l\u00e9ger, y compris Maytag, Frigidaire, Reznor ou Broan? Visiter Nordyne Int\u00e9ress\u00e9 \u00e0 travailler pour Nortek Air Solutions? Voir les&hellip;<\/p>\n","protected":false},"author":8,"featured_media":0,"parent":2851,"menu_order":0,"comment_status":"closed","ping_status":"closed","template":"","meta":{"_acf_changed":false,"_relevanssi_hide_post":"","_relevanssi_hide_content":"","_relevanssi_pin_for_all":"","_relevanssi_pin_keywords":"","_relevanssi_unpin_keywords":"","_relevanssi_related_keywords":"","_relevanssi_related_include_ids":"","_relevanssi_related_exclude_ids":"","_relevanssi_related_no_append":"","_relevanssi_related_not_related":"","_relevanssi_related_posts":"","_relevanssi_noindex_reason":"","footnotes":""},"class_list":["post-2789","page","type-page","status-publish","hentry"],"acf":[],"aioseo_notices":[],"_links":{"self":[{"href":"https:\/\/www.nortekair.com\/fr\/wp-json\/wp\/v2\/pages\/2789","targetHints":{"allow":["GET"]}}],"collection":[{"href":"https:\/\/www.nortekair.com\/fr\/wp-json\/wp\/v2\/pages"}],"about":[{"href":"https:\/\/www.nortekair.com\/fr\/wp-json\/wp\/v2\/types\/page"}],"author":[{"embeddable":true,"href":"https:\/\/www.nortekair.com\/fr\/wp-json\/wp\/v2\/users\/8"}],"replies":[{"embeddable":true,"href":"https:\/\/www.nortekair.com\/fr\/wp-json\/wp\/v2\/comments?post=2789"}],"version-history":[{"count":1,"href":"https:\/\/www.nortekair.com\/fr\/wp-json\/wp\/v2\/pages\/2789\/revisions"}],"predecessor-version":[{"id":5770,"href":"https:\/\/www.nortekair.com\/fr\/wp-json\/wp\/v2\/pages\/2789\/revisions\/5770"}],"up":[{"embeddable":true,"href":"https:\/\/www.nortekair.com\/fr\/wp-json\/wp\/v2\/pages\/2851"}],"wp:attachment":[{"href":"https:\/\/www.nortekair.com\/fr\/wp-json\/wp\/v2\/media?parent=2789"}],"curies":[{"name":"wp","href":"https:\/\/api.w.org\/{rel}","templated":true}]}}