{"id":2794,"date":"2024-06-12T09:07:45","date_gmt":"2024-06-12T14:07:45","guid":{"rendered":"https:\/\/www.nortekair.com\/?page_id=2794"},"modified":"2024-07-17T10:19:30","modified_gmt":"2024-07-17T15:19:30","slug":"temtrol","status":"publish","type":"page","link":"https:\/\/www.nortekair.com\/fr\/a-propos-de-nortek-air-solutions\/ahu-dx-marques\/temtrol\/","title":{"rendered":"Temtrol\u00ae"},"content":{"rendered":"\n\n\t\t\t\t<img loading=\"lazy\" decoding=\"async\" src=\"https:\/\/www.nortekair.com\/wp-content\/uploads\/\/NAS-Temtrol-logo.svg\" alt=\"temtrol\" itemprop=\"image\" height=\"0\" width=\"0\" title=\"NAS-Temtrol-logo\" onerror=\"this.style.display='none'\"  \/>\n\t<p>La marque\u00a0Temtrol\u00a0est connue depuis 1955 comme un fabricant d&rsquo;\u00e9quipement de traitement d&rsquo;air de grande qualit\u00e9 pour les applications commerciales et industrielles. Elle a \u00e9t\u00e9 l&rsquo;une des premi\u00e8res marques \u00e0 offrir \u00e0 ses clients la souplesse en mati\u00e8re d&rsquo;options de design et de fonctionnalit\u00e9s.<\/p>\n<p>La soci\u00e9t\u00e9 a \u00e9t\u00e9 fond\u00e9e suivant la philosophie que les connaissances techniques et les innovations vont de pair avec la fiabilit\u00e9 \u00e0 l&rsquo;ancienne pour assurer le succ\u00e8s de la soci\u00e9t\u00e9. Au cours des ans, Temtrol\u00a0s&rsquo;est sp\u00e9cialis\u00e9e dans les appareils de traitement d&rsquo;air sur mesure, les appareils de traitement d&rsquo;air complets, les appareils de traitement d&rsquo;air assemblables, les syst\u00e8mes de modernisation des ventilateurs et les serpentins neufs ou de remplacement.<\/p>\n<p>L&rsquo;\u00e9quipement\u00a0Temtrol\u00a0est utilis\u00e9 dans les installations de soins de sant\u00e9, gouvernementales, scolaires et de bureau de premier ordre \u00e0 travers l&rsquo;Am\u00e9rique du Nord, avec une emphase continue sur les principes suivants\u00a0:<\/p>\n<ul>\n<li>Un processus de fabrication centr\u00e9 sur la qualit\u00e9 et bas\u00e9 sur la responsabilit\u00e9 de source simple pour bon nombre de nos composantes (ventilateurs, serpentins, att\u00e9nuateurs, armoires et plus encore) qui b\u00e9n\u00e9ficie aux clients, tout comme l&rsquo;exp\u00e9rience que nous avons d\u00e9velopp\u00e9e avec chaque appareil que nous fabriquons.<\/li>\n<li>La livraison de technologies novatrices qui vous permettent de b\u00e9n\u00e9ficier de nos nouveaux concepts \u00e9co\u00e9nerg\u00e9tiques ou de nos nouvelles configurations silencieuses, comme la technologie FANWALL<sup>\u00ae<\/sup>. Le laboratoire d&rsquo;essais sonores de Nortek Air Solutions situ\u00e9 \u00e0 proximit\u00e9\u00a0\u00e9limine la conjecture dans la conception d&rsquo;installations silencieuses.<\/li>\n<li>La fabrication de serpentins homologu\u00e9s AHRI\u2122 et\u00a0de ventilateurs, qui aide les concepteurs d&rsquo;\u00e9difices \u00e0 v\u00e9rifier la performance de leur syst\u00e8me en vertu de programmes tels que LEED<sup>\u00ae<\/sup>.<\/li>\n<li>Un service \u00e0 la client\u00e8le d&rsquo;exp\u00e9rience fourni par des repr\u00e9sentants locaux et du personnel de notre usine qui poss\u00e8dent les connaissances et l&rsquo;expertise requises pour concevoir une solution sur mesure pour les applications les plus exigeantes.<\/li>\n<\/ul>\n<p>En 1985, Temtrol\u00a0est devenue une marque de Nortek Air Solutions, appel\u00e9e alors CES Group. De nos jours, cette marque continue d&rsquo;offrir des solutions novatrices et \u00e9conomiques de traitement d&rsquo;air pour une vari\u00e9t\u00e9 d&rsquo;applications. Regardez la\u00a0<a href=\"https:\/\/youtu.be\/9Nx7brwymwU\" target=\"_blank\" rel=\"noopener\">vid\u00e9o de fabrication de Temtrol<\/a>\u00a0pour voir comment nous avons obtenu le prix Manufacturing Leadership du gouverneur de l&rsquo;Oklahoma en 2015.<\/p>\n<p>La marque Temtrol\u00ae de Nortek Air Solutions offre des solutions de traitement d&rsquo;air sur mesure, des mises \u00e0 niveau de ventilateurs et des serpentins pour une vari\u00e9t\u00e9 d&rsquo;applications industrielles et commerciales.<\/p>\n\t\t\t<a href=\"https:\/\/www.nortekair.com\/fr\/a-propos-de-nortek-air-solutions\/pour-nous-joindre\/\" target=\"_self\" rel=\"noopener\">\n\t\t\t\t\t\t\tPOUR NOUS JOINDRE\n\t\t\t<\/a>\n\t<h2>LES PRODUITS DE MARQUE TEMTROL<sup>\u00ae<\/sup><\/h2>\n<ul>\n<li><a href=\"https:\/\/www.nortekair.com\/fr\/produits\/appareils-de-traitement-dair-sur-mesure\/\">Appareils de traitement d&rsquo;air sur mesure<\/a><\/li>\n<li><a href=\"https:\/\/www.nortekair.com\/fr\/produits\/systemes-fanwall\/\">Systemes FANWALL<sup>\u00ae<\/sup><\/a><\/li>\n<li><a href=\"https:\/\/www.nortekair.com\/fr\/produits\/appareils-de-traitement-dair-assemblables\/\">Appareils de traitement d&rsquo;air assemblables<\/a><\/li>\n<li><a href=\"https:\/\/www.nortekair.com\/fr\/produits\/serpentins\/\">Serpentins<\/a><\/li>\n<\/ul>\n\n","protected":false},"excerpt":{"rendered":"<p>La marque\u00a0Temtrol\u00a0est connue depuis 1955 comme un fabricant d&rsquo;\u00e9quipement de traitement d&rsquo;air de grande qualit\u00e9 pour les applications commerciales et industrielles. Elle a \u00e9t\u00e9 l&rsquo;une des premi\u00e8res marques \u00e0 offrir \u00e0 ses clients la souplesse en mati\u00e8re d&rsquo;options de design et de fonctionnalit\u00e9s. La soci\u00e9t\u00e9 a \u00e9t\u00e9 fond\u00e9e suivant la philosophie que les connaissances techniques&hellip;<\/p>\n","protected":false},"author":8,"featured_media":0,"parent":2754,"menu_order":0,"comment_status":"closed","ping_status":"closed","template":"","meta":{"_acf_changed":false,"_relevanssi_hide_post":"","_relevanssi_hide_content":"","_relevanssi_pin_for_all":"","_relevanssi_pin_keywords":"","_relevanssi_unpin_keywords":"","_relevanssi_related_keywords":"","_relevanssi_related_include_ids":"","_relevanssi_related_exclude_ids":"","_relevanssi_related_no_append":"","_relevanssi_related_not_related":"","_relevanssi_related_posts":"","_relevanssi_noindex_reason":"","footnotes":""},"class_list":["post-2794","page","type-page","status-publish","hentry"],"acf":[],"aioseo_notices":[],"_links":{"self":[{"href":"https:\/\/www.nortekair.com\/fr\/wp-json\/wp\/v2\/pages\/2794","targetHints":{"allow":["GET"]}}],"collection":[{"href":"https:\/\/www.nortekair.com\/fr\/wp-json\/wp\/v2\/pages"}],"about":[{"href":"https:\/\/www.nortekair.com\/fr\/wp-json\/wp\/v2\/types\/page"}],"author":[{"embeddable":true,"href":"https:\/\/www.nortekair.com\/fr\/wp-json\/wp\/v2\/users\/8"}],"replies":[{"embeddable":true,"href":"https:\/\/www.nortekair.com\/fr\/wp-json\/wp\/v2\/comments?post=2794"}],"version-history":[{"count":0,"href":"https:\/\/www.nortekair.com\/fr\/wp-json\/wp\/v2\/pages\/2794\/revisions"}],"up":[{"embeddable":true,"href":"https:\/\/www.nortekair.com\/fr\/wp-json\/wp\/v2\/pages\/2754"}],"wp:attachment":[{"href":"https:\/\/www.nortekair.com\/fr\/wp-json\/wp\/v2\/media?parent=2794"}],"curies":[{"name":"wp","href":"https:\/\/api.w.org\/{rel}","templated":true}]}}