{"id":2800,"date":"2024-06-12T09:12:48","date_gmt":"2024-06-12T14:12:48","guid":{"rendered":"https:\/\/www.nortekair.com\/?page_id=2800"},"modified":"2024-07-17T10:20:17","modified_gmt":"2024-07-17T15:20:17","slug":"venmar","status":"publish","type":"page","link":"https:\/\/www.nortekair.com\/fr\/a-propos-de-nortek-air-solutions\/ahu-dx-marques\/venmar\/","title":{"rendered":"Venmar\u2122"},"content":{"rendered":"\n\n\t\t\t\t<img loading=\"lazy\" decoding=\"async\" src=\"https:\/\/www.nortekair.com\/wp-content\/uploads\/\/NAS-Venmar-logo.svg\" alt=\"venmar\" itemprop=\"image\" height=\"0\" width=\"0\" title=\"NAS-Venmar-logo\" onerror=\"this.style.display='none'\"  \/>\n\t<p>La marque Venmar CES \u00e9tait \u00e0 ses d\u00e9buts une pionni\u00e8re dans la ventilation \u00e0 r\u00e9cup\u00e9ration d&rsquo;\u00e9nergie air-air commerciale. Fond\u00e9e en 1980 sous le nom Conservation Energy Systems, la soci\u00e9t\u00e9 \u00e9tait \u00e0 ses d\u00e9buts un fabricant de syst\u00e8mes de ventilation \u00e0 r\u00e9cup\u00e9ration de chaleur avant d&rsquo;accro\u00eetre sa gamme de produits, tout d&rsquo;abord dans les applications commerciales l\u00e9g\u00e8res \u00e0 la fin des ann\u00e9es 1980, puis dans le march\u00e9 des applications en 1994. Au cours des ans, l&rsquo;\u00e9quipement de marque Venmar CES est devenu un choix de premier plan pour cr\u00e9er des environnements int\u00e9rieurs silencieux, confortables et sains \u00e0 travers l&rsquo;Am\u00e9rique du Nord.<\/p>\n<p>En 1997, la marque Venmar CES a accru le portefeuille de produits de r\u00e9cup\u00e9ration d&rsquo;\u00e9nergie et de syst\u00e8mes ext\u00e9rieurs d\u00e9di\u00e9s de Nortek Air Solutions lorsqu&rsquo;elle s&rsquo;est jointe \u00e0 notre famille de marques. De nos jours, la marque Venmar CES continue de se concentrer sur l&rsquo;innovation et la fabrication semi-sur mesure (int\u00e9gr\u00e9e et non int\u00e9gr\u00e9e) de syst\u00e8mes de r\u00e9cup\u00e9ration d&rsquo;\u00e9nergie commerciaux et de solutions CVC compl\u00e8tes sur mesure pour une vari\u00e9t\u00e9 d&rsquo;applications.<\/p>\n<p>Pour nous assurer que les clients de Venmar CES re\u00e7oivent l&rsquo;\u00e9quipement qu&rsquo;ils ont sp\u00e9cifi\u00e9 et ultimement achet\u00e9, tout notre \u00e9quipement est test\u00e9 en usine et v\u00e9rifi\u00e9 avant l&rsquo;exp\u00e9dition. Toutes nos installations de fabrication sont pourvues de stations d&rsquo;essai enti\u00e8rement \u00e9quip\u00e9es. Ces stations d&rsquo;essai comprennent\u00a0:<\/p>\n<ul>\n<li>Tous les voltages disponibles en Am\u00e9rique du Nord pour alimenter et tester tous nos produits et composantes (ventilateurs, compresseurs, serpentins \u00e9lectriques, etc.)<\/li>\n<li>Une alimentation de gaz pour tester tout \u00e9quipement de chauffage aliment\u00e9 au gaz<\/li>\n<li>Des r\u00e9servoirs d&rsquo;eau\/de glycol pour effectuer des essais de pression et faire fonctionner les syst\u00e8mes de r\u00e9frig\u00e9ration complets<\/li>\n<\/ul>\n<p>Pour mieux supporter les clients dont l&rsquo;\u00e9quipement de r\u00e9cup\u00e9ration d&rsquo;\u00e9nergie est d\u00e9termin\u00e9, Venmar CES offre le logiciel Venmar Select \u00e9dition Web pour acc\u00e9l\u00e9rer le processus de d\u00e9termination. Pour plus d&rsquo;information ou pour avoir acc\u00e8s \u00e0 la version Ing\u00e9nierie du logiciel Venmar Select \u00e9dition Web,\u00a0<a href=\"https:\/\/www.nortekair.com\/fr\/trouver-un-representant\/\">contactez le repr\u00e9sentant des ventes<\/a>\u00a0de votre r\u00e9gion.<\/p>\n\t\t\t<a href=\"https:\/\/www.nortekair.com\/fr\/a-propos-de-nortek-air-solutions\/pour-nous-joindre\/\" target=\"_self\" rel=\"noopener\">\n\t\t\t\t\t\t\tPOUR NOUS JOINDRE\n\t\t\t<\/a>\n\t<h2>LES PRODUITS DE MARQUE VENMAR CES<sup>\u00ae<\/sup><\/h2>\n<ul>\n<li><a href=\"https:\/\/www.nortekair.com\/fr\/produits\/solution-cvc-sur-mesure-energypack\/\">Solution CVC sur mesure EnergyPack<sup>\u00ae<\/sup><\/a><\/li>\n<\/ul>\n\n","protected":false},"excerpt":{"rendered":"<p>La marque Venmar CES \u00e9tait \u00e0 ses d\u00e9buts une pionni\u00e8re dans la ventilation \u00e0 r\u00e9cup\u00e9ration d&rsquo;\u00e9nergie air-air commerciale. Fond\u00e9e en 1980 sous le nom Conservation Energy Systems, la soci\u00e9t\u00e9 \u00e9tait \u00e0 ses d\u00e9buts un fabricant de syst\u00e8mes de ventilation \u00e0 r\u00e9cup\u00e9ration de chaleur avant d&rsquo;accro\u00eetre sa gamme de produits, tout d&rsquo;abord dans les applications commerciales&hellip;<\/p>\n","protected":false},"author":8,"featured_media":0,"parent":2754,"menu_order":0,"comment_status":"closed","ping_status":"closed","template":"","meta":{"_acf_changed":false,"_relevanssi_hide_post":"","_relevanssi_hide_content":"","_relevanssi_pin_for_all":"","_relevanssi_pin_keywords":"","_relevanssi_unpin_keywords":"","_relevanssi_related_keywords":"","_relevanssi_related_include_ids":"","_relevanssi_related_exclude_ids":"","_relevanssi_related_no_append":"","_relevanssi_related_not_related":"","_relevanssi_related_posts":"","_relevanssi_noindex_reason":"","footnotes":""},"class_list":["post-2800","page","type-page","status-publish","hentry"],"acf":[],"aioseo_notices":[],"_links":{"self":[{"href":"https:\/\/www.nortekair.com\/fr\/wp-json\/wp\/v2\/pages\/2800","targetHints":{"allow":["GET"]}}],"collection":[{"href":"https:\/\/www.nortekair.com\/fr\/wp-json\/wp\/v2\/pages"}],"about":[{"href":"https:\/\/www.nortekair.com\/fr\/wp-json\/wp\/v2\/types\/page"}],"author":[{"embeddable":true,"href":"https:\/\/www.nortekair.com\/fr\/wp-json\/wp\/v2\/users\/8"}],"replies":[{"embeddable":true,"href":"https:\/\/www.nortekair.com\/fr\/wp-json\/wp\/v2\/comments?post=2800"}],"version-history":[{"count":0,"href":"https:\/\/www.nortekair.com\/fr\/wp-json\/wp\/v2\/pages\/2800\/revisions"}],"up":[{"embeddable":true,"href":"https:\/\/www.nortekair.com\/fr\/wp-json\/wp\/v2\/pages\/2754"}],"wp:attachment":[{"href":"https:\/\/www.nortekair.com\/fr\/wp-json\/wp\/v2\/media?parent=2800"}],"curies":[{"name":"wp","href":"https:\/\/api.w.org\/{rel}","templated":true}]}}