{"id":2811,"date":"2024-07-01T09:07:53","date_gmt":"2024-07-01T14:07:53","guid":{"rendered":"https:\/\/www.nortekair.com\/?page_id=2811"},"modified":"2024-07-17T10:22:44","modified_gmt":"2024-07-17T15:22:44","slug":"ventrol","status":"publish","type":"page","link":"https:\/\/www.nortekair.com\/fr\/a-propos-de-nortek-air-solutions\/ahu-dx-marques\/ventrol\/","title":{"rendered":"Ventrol\u00ae"},"content":{"rendered":"\n\n\t\t\t\t<img loading=\"lazy\" decoding=\"async\" src=\"https:\/\/www.nortekair.com\/wp-content\/uploads\/\/NAS-Ventrol-logo.svg\" alt=\"ventrol\" itemprop=\"image\" height=\"0\" width=\"0\" title=\"NAS-Ventrol-logo\" onerror=\"this.style.display='none'\"  \/>\n\t<p>Ventrol a commenc\u00e9 \u00e0 fabriquer des appareils de traitement d&rsquo;air sur mesure \u00e0 Montr\u00e9al, au Qu\u00e9bec, en 1998 avec seulement huit employ\u00e9s, et elle compte maintenant plus de 400 employ\u00e9s dans une usine de 14\u00a0000 m\u00e8tres carr\u00e9s.<\/p>\n<p>Sp\u00e9cialis\u00e9e dans les solutions de traitement d&rsquo;air sur mesure novatrices pour les mises \u00e0 niveau et les nouvelles constructions, Ventrol combine son engagement marqu\u00e9 envers les clients, son souci de la qualit\u00e9 et ses technologies avanc\u00e9es &#8211; y compris les barri\u00e8res thermiques, les \u00e9changeurs de chaleur \u00e0 r\u00e9cup\u00e9ration d&rsquo;\u00e9nergie int\u00e9gr\u00e9e, l&rsquo;humidification et l&rsquo;att\u00e9nuation sonore &#8211; pour offrir les produits qui conviennent \u00e0 une vari\u00e9t\u00e9 d&rsquo;industries et d&rsquo;applications. Ventrol fabrique ses propres ventilateurs et serpentins homologu\u00e9s AHRI\u2122 pour assurer la qualit\u00e9.<\/p>\n<p>Au cours des ans qui ont suivi l&rsquo;arriv\u00e9e de Ventrol au sein du groupe Nortek Air Solutions, la marque Ventrol a continu\u00e9 \u00e0 concentrer ses efforts dans la fabrication de syst\u00e8mes CVC de grande qualit\u00e9. Nous fabriquons toujours nos propres ventilateurs et serpentins dont la performance est homologu\u00e9e AHRI\u2122 pour nous assurer de vous livrer la qualit\u00e9 requise. Nous avons investi dans de l&rsquo;\u00e9quipement de fabrication de pointe et des processus avanc\u00e9s pour nous assurer que nos syst\u00e8mes demeurent des pr\u00e9curseurs en mati\u00e8re de souplesse, d&rsquo;innovation et de performance.<\/p>\n\t\t\t<a href=\"https:\/\/www.nortekair.com\/fr\/a-propos-de-nortek-air-solutions\/pour-nous-joindre\/\" target=\"_self\" rel=\"noopener\">\n\t\t\t\t\t\t\tPOUR NOUS JOINDRE\n\t\t\t<\/a>\n\t<h2>LES PRODUITS DE MARQUE VENTROL<sup>\u00ae<\/sup><\/h2>\n<ul>\n<li><a href=\"https:\/\/www.nortekair.com\/fr\/produits\/appareils-de-traitement-dair-sur-mesure\/\">Appareils de traitement d&rsquo;air sur mesure<\/a><\/li>\n<li><a href=\"https:\/\/www.nortekair.com\/fr\/produits\/appareils-de-traitement-dair-assemblables\/\">Appareils de traitement d&rsquo;air assemblables<\/a><\/li>\n<li><a href=\"https:\/\/www.nortekair.com\/fr\/produits\/serpentins\/\">Serpentins<\/a><\/li>\n<\/ul>\n\n","protected":false},"excerpt":{"rendered":"<p>Ventrol a commenc\u00e9 \u00e0 fabriquer des appareils de traitement d&rsquo;air sur mesure \u00e0 Montr\u00e9al, au Qu\u00e9bec, en 1998 avec seulement huit employ\u00e9s, et elle compte maintenant plus de 400 employ\u00e9s dans une usine de 14\u00a0000 m\u00e8tres carr\u00e9s. Sp\u00e9cialis\u00e9e dans les solutions de traitement d&rsquo;air sur mesure novatrices pour les mises \u00e0 niveau et les nouvelles&hellip;<\/p>\n","protected":false},"author":8,"featured_media":0,"parent":2754,"menu_order":0,"comment_status":"closed","ping_status":"closed","template":"","meta":{"_acf_changed":false,"_relevanssi_hide_post":"","_relevanssi_hide_content":"","_relevanssi_pin_for_all":"","_relevanssi_pin_keywords":"","_relevanssi_unpin_keywords":"","_relevanssi_related_keywords":"","_relevanssi_related_include_ids":"","_relevanssi_related_exclude_ids":"","_relevanssi_related_no_append":"","_relevanssi_related_not_related":"","_relevanssi_related_posts":"","_relevanssi_noindex_reason":"","footnotes":""},"class_list":["post-2811","page","type-page","status-publish","hentry"],"acf":[],"aioseo_notices":[],"_links":{"self":[{"href":"https:\/\/www.nortekair.com\/fr\/wp-json\/wp\/v2\/pages\/2811","targetHints":{"allow":["GET"]}}],"collection":[{"href":"https:\/\/www.nortekair.com\/fr\/wp-json\/wp\/v2\/pages"}],"about":[{"href":"https:\/\/www.nortekair.com\/fr\/wp-json\/wp\/v2\/types\/page"}],"author":[{"embeddable":true,"href":"https:\/\/www.nortekair.com\/fr\/wp-json\/wp\/v2\/users\/8"}],"replies":[{"embeddable":true,"href":"https:\/\/www.nortekair.com\/fr\/wp-json\/wp\/v2\/comments?post=2811"}],"version-history":[{"count":0,"href":"https:\/\/www.nortekair.com\/fr\/wp-json\/wp\/v2\/pages\/2811\/revisions"}],"up":[{"embeddable":true,"href":"https:\/\/www.nortekair.com\/fr\/wp-json\/wp\/v2\/pages\/2754"}],"wp:attachment":[{"href":"https:\/\/www.nortekair.com\/fr\/wp-json\/wp\/v2\/media?parent=2811"}],"curies":[{"name":"wp","href":"https:\/\/api.w.org\/{rel}","templated":true}]}}