{"id":2824,"date":"2024-05-15T16:49:02","date_gmt":"2024-05-15T21:49:02","guid":{"rendered":"https:\/\/www.nortekair.com\/?page_id=2824"},"modified":"2024-07-12T16:14:28","modified_gmt":"2024-07-12T21:14:28","slug":"trouver-un-representant","status":"publish","type":"page","link":"https:\/\/www.nortekair.com\/fr\/trouver-un-representant\/","title":{"rendered":"TROUVER UN REPR\u00c9SENTANT"},"content":{"rendered":"\n\n\tVous voulez en savoir plus sur les produits de Nortek Air Solutions?<br \/>\nVous voulez savoir comment nous pouvons vous aider avec votre application?<br \/>\nVous \u00eates pr\u00eat \u00e0 collaborer avec nous pour votre prochain immeuble ou projet?\n<p>Laissez-nous vous aider \u00e0 trouver le repr\u00e9sentant de Nortek Air Solutions le plus proche!<\/p>\n\t\n      <style>\n\n         #locator {\n\n         }\n\n         .locator-left {\n            display: block;\n            width: 50%;\n            float: left;\n         }\n\n         .locator-right {\n            display: block;\n            width: 50%;\n            float: right;\n         }\n\n         #rep-locator {\n            width: 65%;\n            margin: auto;\n         }\n\n         #rep-locator #zip_code, #rep-locator #line {\n            border: 1px solid #53565a;\n            color: #9fa2a7;\n            font-size: 14px;\n            font-weight: 600;\n            padding: 15px 20px;\n            margin: 13px 0;\n            display: block;\n            letter-spacing: 1px;\n            box-sizing: border-box;\n            width: 100%;\n         }\n\n         #rep-locator .problem {\n            border: 1px solid #c82335 !important;\n            background-color: #e6c1c1;\n            color: #000000 !important;\n         }\n\n         #rep-locator .problem::-webkit-input-placeholder,\n         #rep-locator .problem::-moz-placeholder,\n         #rep-locator .problem:-ms-input-placeholder,\n         #rep-locator .problem:-moz-placeholder {\n            color: #c82335 !important;\n         }\n\n         #rep-locator #line {\n            background: url('\/wp-content\/plugins\/nortek-locator\/img\/red-down-arrow.png') 95% center no-repeat;\n            -webkit-appearance: none;\n            -webkit-border-radius: 0px;\n         }\n\n         p.search-by-location, #rep-locator label {\n            font-size: 18px;\n            font-weight: 600;\n            color: #53565a;\n            letter-spacing: 1px;\n         }\n\n         p.search-by-location {\n            text-align: center;\n         }\n\n         #locator-submit {\n            background: #55565a;\n            width: auto;\n            color: #fff;\n            text-transform: uppercase;\n            font-weight: 600;\n            font-size: 18px;\n            letter-spacing: 2px;\n            right: 0;\n            border: 1px solid #53565a;\n            padding: 15px 20px;\n            margin: 13px 0;\n            display: block;\n            box-sizing: border-box;\n            clear: both;\n         }\n\n         #locator-submit:hover {\n            border-color: #cccccc;\n         }\n\n         #results {\n            min-height: 310px;\n            width: 84%;\n         }\n\n         #results.loading {\n            background-image: url(\/wp-content\/plugins\/nortek-locator\/img\/loading.gif);\n            background-position: center center;\n            background-repeat: no-repeat;\n         }\n\n         .result {\n            background: #d7d6d4;\n            width: 100%;\n            padding: 21px 30px;\n            box-sizing: border-box;\n            border: none;\n            margin-top: 0;\n            margin-bottom: 21px;\n         }\n\n         .result-item {\n            color: #53565a;\n            font-size: 14px;\n            line-height: 18px;\n            font-weight: 600;\n            letter-spacing: 1px;\n            padding: 9px 0;\n            display: flex;\n         }\n\n         .result-item.brands, .result-item.address {\n            display: flex;\n         }\n\n         .result-title {\n            width: 25%;\n            display: inline-block;\n            margin-right: 5%;\n         }\n\n         .result-value {\n            width: 70%;\n            display: inline-block;\n         }\n\n         .full-width .main h1 {\n            border-bottom: 0;\n         }\n\n         .result-notice {\n            padding: 5px;\n            background-color: #E1E1E1;\n            border: 1px solid #CCCCCC;\n            margin-top: 60px;\n            text-align: center;\n            clear: both;\n         }\n\n         @media(max-width:1100px){\n\n            .locator-left {\n               width: 100%;\n            }\n\n            .locator-right {\n               width: 100%;\n            }\n\n            #results {\n               width: 100%;\n            }\n\n         }\n\n      <\/style>\n   \n      <div id=\"locator\">\n         <div class=\"locator-left\">\n            <form id=\"rep-locator\" class=\"advanced\" action=\"#findARepForm\" method=\"post\">\n            <p class=\"search-by-location\">Recherche par emplacement<\/p>\n            <input type=\"text\" name=\"zip_code\" maxlength=\"7\" pattern=\"(\\d{5})|([A-Za-z]\\d[A-Za-z]\\s\\d[A-Za-z]\\d)|([A-Za-z]\\d[A-Za-z]\\d[A-Za-z]\\d)\" id=\"zip_code\" placeholder=\"Code postal\" value=\"\">\n            <label for=\"line\">S\u00e9lectionnez une marque:<\/label><br>\n            <select id=\"line\" name=\"line\">\n               <option value=\"ALL\">Toutes les marques<\/option>\n   <option value=\"CLEANPAK\" >Solutions pour salles blanches CleanPak<\/option><option value=\"Governair\" >Governair<\/option><option value=\"Huntair\" >Huntair<\/option><option value=\"Mammoth\" >Mammoth<\/option><option value=\"Servicor\" >Servicor<\/option><option value=\"Temtrol\" >Temtrol<\/option><option value=\"Venmar\" >Venmar<\/option><option value=\"Ventrol\" >Ventrol<\/option><option value=\"Webco\" >Webco<\/option>\n            <\/select><br>\n            <input type=\"hidden\" id=\"_ajax_nonce\" name=\"_ajax_nonce\" value=\"<?=$nonce?>\">\n            \n            <div id=\"turnstile_widget\"><\/div>\n            <input id=\"locator-submit\" type=\"submit\" value=\"Soumettre\">\n            <\/form>\n         <\/div>\n         <div class=\"locator-right\">\n            <div id=\"results\"><\/div>\n         <\/div>\n      <\/div>\n   \n      <script src=\"https:\/\/challenges.cloudflare.com\/turnstile\/v0\/api.js?onload=onloadTurnstileCallback\" defer><\/script>\n   \n      <script>\n\n         var autoPostIfNeeded = true;\n\n         jQuery( document ).ready(function() {\n            jQuery('#rep-locator').submit(function(e){\n               e.preventDefault();\n               if( jQuery('#rep-locator #zip_code').val() !== '' ){\n                  jQuery('#rep-locator #zip_code').removeClass('problem');\n                  get_locations();\n               }else{\n                  jQuery('#rep-locator #zip_code').addClass('problem');\n               }\n            });\n   \n         window.onloadTurnstileCallback = function () {\n           turnstile.render(\"#turnstile_widget\", {\n             sitekey: \"0x4AAAAAAAfXEuQIE2veD-T8\",\n           });\n         };\n      \n         });\n\n         function piz(z)\n         {\n            return z.split('').reduce((acc, char) => char + acc, '');\n         }\n\n         function get_locations(){\n            var result = '';\n            zip_code = jQuery('#rep-locator #zip_code').val();\n            line = jQuery('#rep-locator #line').val();\n            jQuery('#results').html('').addClass('loading');\n            cloudflareResponse = jQuery('input[name=\"cf-turnstile-response\"]').val();\n\n            \/\/ Start block: [NOR-1074] Add Servicor as Brand to Rep Finder\n            if ( 'Servicor' == line ) {\n               jQuery('#results').removeClass('loading').html('');\n               jQuery('#results').html('<div class=\"result-notice\">Please contact Mark Zabala, Senior Sales Manager, Servicor, at <a href=\"mailto:mark.zabala@nortek.com\">mark.zabala@nortek.com<\/a>.<\/div>');\n               return;\n            }\n            \/\/ End block: [NOR-1074] Add Servicor as Brand to Rep Finder\n\n\n            jQuery.post('\/wp-admin\/admin-ajax.php', { action: 'get_locations', LINE: line, ZIP: zip_code, PIZ: piz(zip_code), lang: 'fr', _ajax_nonce: 'e41c22b86d', rand: Math.random(), cf_turnstile_response: cloudflareResponse}, function(data){\n               jQuery('#results').removeClass('loading').html('');\n\n               if(data == 'n_fail' || data == 't_fail'){\n                  jQuery('#results').html('<div class=\"result-notice\">Lookup failed. Please ensure the &ldquo;Verify you are human&rdquo; check is completed and try again.<\/div>');\n                  turnstile.reset('#turnstile_widget');\n                  return;\n               }\n               if(data != 'none'){\n                  jQuery.each(data, function(key1,val1){\n                     \/\/jQuery.each(val1, function(key2,val2){\n\n                        result = '<div class=\"result\">';\n                        if( val1['Company'] != '' ){ result += '<div class=\"result-item company\"><div class=\"result-title\">Compagnie<\/div><div class=\"result-value\">'+val1['Company']+'<\/div><\/div>'; }\n                        if( val1['Name'] != '' ){ result += '<div class=\"result-item company\"><div class=\"result-title\">Nom de la compagnie<\/div><div class=\"result-value\">'+val1['Name']+'<\/div><\/div>'; }\n                        result += '<div class=\"result-item address\"><div class=\"result-title\">Adresse<\/div><div class=\"result-value\">';\n                        if( val1['Street'] != '' ){ result += val1['Street']+'<br>'; }\n                        if( val1['City'] != '' || val1['State'] || val1['Zip']){ result +=   val1['City']+' '+val1['State']+' '+val1['Zip']; }\n                        result += '<\/div><\/div>';\n                        if( val1['Phone'] != '' ){ result += '<div class=\"result-item phone\"><div class=\"result-title\">T\u00e9l\u00e9phone<\/div><div class=\"result-value\">'+val1['Phone']+'<\/div><\/div>'; }\n                        if( val1['Country'] != '' ){ result += '<div class=\"result-item country\"><div class=\"result-title\">Pays<\/div><div class=\"result-value\">'+val1['Country']+'<\/div><\/div>'; }\n                        \/\/ if( val1['MajorCity'] != '' ){ result += '<div class=\"result-item country\"><div class=\"result-title\">Major City<\/div><div class=\"result-value\">'+val1['MajorCity']+'<\/div><\/div>'; }\n                         if( val1['miles']<'99999'){ result += '<div class=\"result-item country\"><div class=\"result-title\">Loin<\/div><div class=\"result-value\">'+val1['miles']+' miles<\/div><\/div>'; }\n                        if( val1['LineTerrMatches'] != '' ){\n\n                           var alllines = '';\n                           jQuery.each( val1['LineTerrMatches'], function(key2, val2){\n                              if ( 'CLEANPAK' == val2 ) {\n                                 val2 = 'Solutions pour salles blanches CleanPak';\n                              }\n                              alllines += val2+', ';\n                           });\n                           alllines = alllines.slice(0, -2);\n                           result += '<div class=\"result-item brands\"><div class=\"result-title\">Marques<\/div><div class=\"result-value\">'+alllines+'<\/div><\/div>';\n\n                        }\n\n                        if( val1['Url'] != '' )\n                           {\n                           result += '<div class=\"result-item website\"><div class=\"result-title\">site Internet<\/div><div class=\"result-value\"><a href=\"';\n                           if (val1['Url'].startsWith('http')){}\n                           else {result += 'http:\/\/';}\n                           result += val1['Url']+'\" target=\"_blank\">'+val1['Url']+'<\/a><\/div><\/div>'; }\n\n                        if( val1['E-mail'] != ''  ){ result += '<div class=\"result-item email\"><div class=\"result-title\">E-mail<\/div><div class=\"result-value\"><a href=\"mailto:'+val1['E-mail']+'\" >'+val1['E-mail']+'<\/a><\/div><\/div>'; }\n\n\n\n                        \/\/ new fields added by DigiSage, July 2024, rml\n                        if ( null != val1['ServicePhone'] && '' != val1['ServicePhone'] ) {\n                           result += '<div class=\"result-item phone\"><div class=\"result-title\">T\u00e9l\u00e9phone pour l\u2019entretien<\/div><div class=\"result-value\">'+val1['ServicePhone']+'<\/div><\/div>';\n                        }\n                        if ( null != val1['ServiceEmail'] && '' != val1['ServiceEmail'] ) {\n                           result += '<div class=\"result-item email\"><div class=\"result-title\">Courriel pour l\u2019entretien<\/div><div class=\"result-value\"><a href=\"mailto:'+val1['ServiceEmail']+'\" >'+val1['ServiceEmail']+'<\/a><\/div><\/div>';\n                        }\n                        if ( null != val1['PartsPhone'] && '' != val1['PartsPhone'] ) {\n                           result += '<div class=\"result-item phone\"><div class=\"result-title\">T\u00e9l\u00e9phone pour les pi\u00e8ces<\/div><div class=\"result-value\">'+val1['PartsPhone']+'<\/div><\/div>';\n                        }\n                        if ( null != val1['PartsEmail'] && '' != val1['PartsEmail'] ) {\n                           result += '<div class=\"result-item email\"><div class=\"result-title\">Courriel pour les pi\u00e8ces<\/div><div class=\"result-value\"><a href=\"mailto:'+val1['PartsEmail']+'\" >'+val1['PartsEmail']+'<\/a><\/div><\/div>';\n                        }\n                        if ( null != val1['BusinessOwnership'] && '' != val1['BusinessOwnership'] ) {\n                           result += '<div class=\"result-item\"><div class=\"result-title\">Propri\u00e9taire d\u2019entreprise<\/div><div class=\"result-value\">'+val1['BusinessOwnership'].replaceAll(',', ', ')+'<\/div><\/div>';\n                        }\n                        if ( null != val1['YearOpened'] && '' != val1['YearOpened'] ) {\n                           result += '<div class=\"result-item\"><div class=\"result-title\">Ann\u00e9e d\u2019ouverture<\/div><div class=\"result-value\">'+val1['YearOpened']+'<\/div><\/div>';\n                        }\n                        if ( null != val1['Description'] && '' != val1['Description'] ) {\n                           result += '<div class=\"result-item\"><div class=\"result-title\">Description<\/div><div class=\"result-value\">'+val1['Description']+'<\/div><\/div>';\n                        }\n\n                        result += '<\/div>'; \/\/ wrap\n\n                        jQuery('#results').append(result);\n\n                        if( jQuery(window).width() <= 770 ){\n                           var p = jQuery('#results');\n                           var offset = p.offset();\n                           console.log(offset.top+40);\n                           \/\/jQuery(window).scrollTop(offset.top-40);\n                           jQuery('html, body').animate({ scrollTop: (offset.top-60)+'px' });\n                        }\n\n                        turnstile.reset('#turnstile_widget');\n\n                     \/\/});\n                  });\n               }else{\n                  \/\/ None\n                  jQuery('#results').html('<div class=\"result-notice\">Nous sommes d\u00e9sol\u00e9s, il n&#39;y a aucun repr\u00e9sentant des ventes qui correspond \u00e0 vos crit\u00e8res de recherche. Veuillez contacter <a href=\"mailto:nas.communications@nortek.com\">nas.communications@nortek.com<\/a> pour obtenir de l&#39;aide.<\/div>');\n                  turnstile.reset('#turnstile_widget');\n               }\n            });\n         }\n\n      <\/script>\n   \n\n","protected":false},"excerpt":{"rendered":"<p>Vous voulez en savoir plus sur les produits de Nortek Air Solutions? Vous voulez savoir comment nous pouvons vous aider avec votre application? Vous \u00eates pr\u00eat \u00e0 collaborer avec nous pour votre prochain immeuble ou projet? Laissez-nous vous aider \u00e0 trouver le repr\u00e9sentant de Nortek Air Solutions le plus proche!<\/p>\n","protected":false},"author":8,"featured_media":0,"parent":0,"menu_order":0,"comment_status":"closed","ping_status":"closed","template":"","meta":{"_acf_changed":false,"_relevanssi_hide_post":"","_relevanssi_hide_content":"","_relevanssi_pin_for_all":"","_relevanssi_pin_keywords":"","_relevanssi_unpin_keywords":"","_relevanssi_related_keywords":"","_relevanssi_related_include_ids":"","_relevanssi_related_exclude_ids":"","_relevanssi_related_no_append":"","_relevanssi_related_not_related":"","_relevanssi_related_posts":"","_relevanssi_noindex_reason":"","footnotes":""},"class_list":["post-2824","page","type-page","status-publish","hentry"],"acf":[],"aioseo_notices":[],"_links":{"self":[{"href":"https:\/\/www.nortekair.com\/fr\/wp-json\/wp\/v2\/pages\/2824","targetHints":{"allow":["GET"]}}],"collection":[{"href":"https:\/\/www.nortekair.com\/fr\/wp-json\/wp\/v2\/pages"}],"about":[{"href":"https:\/\/www.nortekair.com\/fr\/wp-json\/wp\/v2\/types\/page"}],"author":[{"embeddable":true,"href":"https:\/\/www.nortekair.com\/fr\/wp-json\/wp\/v2\/users\/8"}],"replies":[{"embeddable":true,"href":"https:\/\/www.nortekair.com\/fr\/wp-json\/wp\/v2\/comments?post=2824"}],"version-history":[{"count":0,"href":"https:\/\/www.nortekair.com\/fr\/wp-json\/wp\/v2\/pages\/2824\/revisions"}],"wp:attachment":[{"href":"https:\/\/www.nortekair.com\/fr\/wp-json\/wp\/v2\/media?parent=2824"}],"curies":[{"name":"wp","href":"https:\/\/api.w.org\/{rel}","templated":true}]}}