{"id":2827,"date":"2024-05-15T16:47:25","date_gmt":"2024-05-15T21:47:25","guid":{"rendered":"https:\/\/www.nortekair.com\/?page_id=2827"},"modified":"2026-02-02T17:51:07","modified_gmt":"2026-02-02T23:51:07","slug":"solutions-par-marche","status":"publish","type":"page","link":"https:\/\/www.nortekair.com\/fr\/solutions-par-marche\/","title":{"rendered":"MARCH\u00c9S"},"content":{"rendered":"\n<h2>\n\t\t\tSolutions par march\u00e9\t<\/h2>\n\t<p>Nortek Air Solutions poss\u00e8de une exp\u00e9rience \u00e9largie et approfondie qui lui permet d&rsquo;offrir des solutions de chauffage, ventilation et climatisation sur mesure, novatrices et hautement performantes pour une vaste gamme de march\u00e9s et d&rsquo;applications. Avec plus de 240\u00a0ann\u00e9es d&rsquo;exp\u00e9rience combin\u00e9e \u00e0 travers nos marques, nous poss\u00e9dons les connaissances techniques et l&rsquo;expertise en ing\u00e9nierie pour vous aider \u00e0 relever tous les d\u00e9fis et concevoir la solution id\u00e9ale pour votre application.<\/p>\n<figure itemscope itemtype=\"https:\/\/schema.org\/ImageObject\">\n\t\t\t\t<a href=\"https:\/\/www.nortekair.com\/fr\/solutions-par-marche\/soins-de-sante\/\"  target=\"_self\" itemprop=\"url\">\n\t\t\t\t<img decoding=\"async\" src=\"https:\/\/www.nortekair.com\/wp-content\/uploads\/2024\/06\/education-700x420.jpg\" alt=\"Education\" height=\"420\" width=\"700\" title=\"education\" onerror=\"this.style.display='none'\" loading=\"lazy\" \/>\n\t\t\t\t<\/a>\n\t<\/figure>\n<h2>\n\t\t<a href=\"https:\/\/www.nortekair.com\/fr\/solutions-par-marche\/soins-de-sante\/\" title=\"\u00c9ducation\"  target=\"_self\">\n\t\t\t\u00c9ducation\t\t<\/a>\n\t<\/h2>\n\t<p>Nous vous aidons \u00e0 cr\u00e9er les environnements \u00e0 <a href=\"https:\/\/www.nortekair.com\/fr\/innovation\/qualite-de-lair-interieur\/\">haute qualit\u00e9 d&rsquo;air<\/a> et \u00e0 <a href=\"https:\/\/www.nortekair.com\/fr\/innovation\/son-et-bruit-technologies-novatrices-dattenuation-sonore\/\">faibles niveaux de bruit<\/a> dont vous avez besoin dans vos <a href=\"https:\/\/www.nortekair.com\/fr\/solutions-par-marche\/etablissements-denseignement\/\">\u00e9tablissements d&rsquo;enseignement<\/a> pour permettre le confort et la productivit\u00e9 des \u00e9tudiants, des enseignants et du personnel, qu&rsquo;il s&rsquo;agisse d&rsquo;une \u00e9cole primaire ou secondaire, d&rsquo;une universit\u00e9 ou d&rsquo;une \u00e9cole technique.<\/p>\n<figure itemscope itemtype=\"https:\/\/schema.org\/ImageObject\">\n\t\t\t\t<a href=\"https:\/\/www.nortekair.com\/fr\/solutions-par-marche\/soins-de-sante\/\"  target=\"_self\" itemprop=\"url\">\n\t\t\t\t<img decoding=\"async\" src=\"https:\/\/www.nortekair.com\/wp-content\/uploads\/2024\/06\/hospital-700x420.jpg\" alt=\"hospital\" height=\"420\" width=\"700\" title=\"hospital\" onerror=\"this.style.display='none'\" loading=\"lazy\" \/>\n\t\t\t\t<\/a>\n\t<\/figure>\n<h2>\n\t\t<a href=\"https:\/\/www.nortekair.com\/fr\/solutions-par-marche\/soins-de-sante\/\" title=\"Soins de sant\u00e9\"  target=\"_self\">\n\t\t\tSoins de sant\u00e9\t\t<\/a>\n\t<\/h2>\n\t<p>Nous proposons des solutions fiables et performantes en mati\u00e8re de CVC, avec des caract\u00e9ristiques sp\u00e9ciales pour r\u00e9pondre aux besoins particuliers des environnements de <a href=\"https:\/\/www.nortekair.com\/fr\/solutions-par-marche\/soins-de-sante\/\">soins de sant\u00e9<\/a> pour les patients et le personnel.<\/p>\n<figure itemscope itemtype=\"https:\/\/schema.org\/ImageObject\">\n\t\t\t\t<a href=\"https:\/\/www.nortekair.com\/fr\/solutions-par-marche\/fabrication\/\"  target=\"_self\" itemprop=\"url\">\n\t\t\t\t<img decoding=\"async\" src=\"https:\/\/www.nortekair.com\/wp-content\/uploads\/2024\/06\/manufacturing-700x420.jpg\" alt=\"manufacturing\" height=\"420\" width=\"700\" title=\"manufacturing\" onerror=\"this.style.display='none'\" loading=\"lazy\" \/>\n\t\t\t\t<\/a>\n\t<\/figure>\n<h2>\n\t\t<a href=\"https:\/\/www.nortekair.com\/fr\/solutions-par-marche\/fabrication\/\" title=\"Secteur industriel et de la fabrication\"  target=\"_self\">\n\t\t\tSecteur industriel et de la fabrication\t\t<\/a>\n\t<\/h2>\n\t<p>Nous concevons et fabriquons des solutions de CVC sur mesure de grande qualit\u00e9, hautement performantes et polyvalentes pour une vari\u00e9t\u00e9 d&rsquo;<a href=\"https:\/\/www.nortekair.com\/fr\/solutions-par-marche\/fabrication\/\">applications du secteur industriel et de la fabrication<\/a>, y compris la fabrication lourde, les secteurs de l&rsquo;alimentation et des boissons, la fabrication de haute technologie et la fabrication de produits pharmaceutiques qui requi\u00e8rent des environnements de salle blanche.<\/p>\n<figure itemscope itemtype=\"https:\/\/schema.org\/ImageObject\">\n\t\t\t\t<a href=\"https:\/\/www.nortekair.com\/fr\/solutions-par-marche\/salles-blanches-et-laboratoires\/\"  target=\"_self\" itemprop=\"url\">\n\t\t\t\t<img decoding=\"async\" src=\"https:\/\/www.nortekair.com\/wp-content\/uploads\/2024\/09\/hardwall-cleanroom-class-10000_700x420.jpg\" alt=\"hardwall-cleanroom-class-10000_700x420\" height=\"420\" width=\"700\" title=\"hardwall-cleanroom-class-10000_700x420\" onerror=\"this.style.display='none'\" loading=\"lazy\" \/>\n\t\t\t\t<\/a>\n\t<\/figure>\n<h2>\n\t\t<a href=\"https:\/\/www.nortekair.com\/fr\/solutions-par-marche\/salles-blanches-et-laboratoires\/\" title=\"Salles blanches et laboratoires\"  target=\"_self\">\n\t\t\tSalles blanches et laboratoires\t\t<\/a>\n\t<\/h2>\n\t<p>Nos <a href=\"https:\/\/www.nortekair.com\/fr\/produits\/appareils-de-traitement-dair\/\">appareils de traitement d&rsquo;air pour salles blanches<\/a>, <a href=\"https:\/\/www.nortekair.com\/fr\/?page_id=2936\">syst\u00e8mes de plafond<\/a> et salles blanches modulaires sont parfaits pour les installations qui requi\u00e8rent une gestion des particules et des contaminants dans les environnements de <a href=\"https:\/\/www.nortekair.com\/fr\/solutions-par-marche\/salles-blanches-et-laboratoires\/\">salles blanches et laboratoires<\/a>, y compris dans le secteur pharmaceutique, les laboratoires m\u00e9dicaux et les centres de recherche.<\/p>\n<figure itemscope itemtype=\"https:\/\/schema.org\/ImageObject\">\n\t\t\t\t<a href=\"https:\/\/www.nortekair.com\/fr\/solutions-par-marche\/commercial\/\"  target=\"_self\" itemprop=\"url\">\n\t\t\t\t<img decoding=\"async\" src=\"https:\/\/www.nortekair.com\/wp-content\/uploads\/2024\/06\/3.6.0-hero-700x420.jpg\" alt=\"3.6.0-hero\" height=\"420\" width=\"700\" title=\"3.6.0-hero\" onerror=\"this.style.display='none'\" loading=\"lazy\" \/>\n\t\t\t\t<\/a>\n\t<\/figure>\n<h2>\n\t\t<a href=\"https:\/\/www.nortekair.com\/fr\/solutions-par-marche\/commercial\/\" title=\"Bureaux et espaces commerciaux\"  target=\"_self\">\n\t\t\tBureaux et espaces commerciaux\t\t<\/a>\n\t<\/h2>\n\t<p>Nous offrons des syst\u00e8mes de CVC novateurs, efficaces et fiables pour les <a href=\"https:\/\/www.nortekair.com\/fr\/solutions-par-marche\/commercial\/\">immeubles \u00e0 bureaux et les espaces commerciaux<\/a>, o\u00f9 la qualit\u00e9 de l&rsquo;air ambiant, la flexibilit\u00e9 et les faibles niveaux de bruit sont essentiels pour assurer le confort et la productivit\u00e9.<\/p>\n<figure itemscope itemtype=\"https:\/\/schema.org\/ImageObject\">\n\t\t\t\t<a href=\"https:\/\/www.nortekair.com\/fr\/solutions-par-marche\/edifices-gouvernementaux\/\"  target=\"_self\" itemprop=\"url\">\n\t\t\t\t<img decoding=\"async\" src=\"https:\/\/www.nortekair.com\/wp-content\/uploads\/2024\/06\/government-700x420.jpg\" alt=\"government\" height=\"420\" width=\"700\" title=\"government\" onerror=\"this.style.display='none'\" loading=\"lazy\" \/>\n\t\t\t\t<\/a>\n\t<\/figure>\n<h2>\n\t\t<a href=\"https:\/\/www.nortekair.com\/fr\/solutions-par-marche\/edifices-gouvernementaux\/\" title=\"\u00c9difices gouvernementaux et publics\"  target=\"_self\">\n\t\t\t\u00c9difices gouvernementaux et publics\t\t<\/a>\n\t<\/h2>\n\t<p>Nous concevons et fabriquons des solutions de CVC fiables et de grande qualit\u00e9 pour le confort et la salubrit\u00e9 dans les <a href=\"https:\/\/www.nortekair.com\/fr\/solutions-par-marche\/edifices-gouvernementaux\/\">\u00e9difices gouvernementaux et publics<\/a>, y compris une vaste gamme d&rsquo;installations de bureaux, laboratoires et bases militaires, ainsi que des a\u00e9roports, stations de m\u00e9tro et gares ferroviaires.<\/p>\n<figure itemscope itemtype=\"https:\/\/schema.org\/ImageObject\">\n\t\t\t\t<a href=\"https:\/\/www.nortekair.com\/fr\/solutions-par-marche\/hotellerie\/\"  target=\"_self\" itemprop=\"url\">\n\t\t\t\t<img decoding=\"async\" src=\"https:\/\/www.nortekair.com\/wp-content\/uploads\/2024\/06\/hospitality-700x420.jpg\" alt=\"hospitality\" height=\"420\" width=\"700\" title=\"hospitality\" onerror=\"this.style.display='none'\" loading=\"lazy\" \/>\n\t\t\t\t<\/a>\n\t<\/figure>\n<h2>\n\t\t<a href=\"https:\/\/www.nortekair.com\/fr\/solutions-par-marche\/hotellerie\/\" title=\"H\u00f4tellerie et divertissements\"  target=\"_self\">\n\t\t\tH\u00f4tellerie et divertissements\t\t<\/a>\n\t<\/h2>\n\t<p>Nous offrons une vari\u00e9t\u00e9 de solutions novatrices sur mesure pour combler les besoins particuliers des \u00e9tablissements <a href=\"https:\/\/www.nortekair.com\/fr\/solutions-par-marche\/hotellerie\/\">h\u00f4teliers et de divertissement<\/a>, y compris leurs besoins variables en mati\u00e8re de climatisation et de ventilation selon le taux d&rsquo;occupation, leurs exigences cruciales pour de faibles niveaux de bruit et la n\u00e9cessit\u00e9 de contr\u00f4ler l&rsquo;humidit\u00e9.<\/p>\n<figure itemscope itemtype=\"https:\/\/schema.org\/ImageObject\">\n\t\t\t\t<a href=\"https:\/\/www.nortekair.com\/fr\/solutions-par-marche\/semiconducteurs\/\"  target=\"_self\" itemprop=\"url\">\n\t\t\t\t<img decoding=\"async\" src=\"https:\/\/www.nortekair.com\/wp-content\/uploads\/2024\/06\/Semiconductor-700x420.jpg\" alt=\"In Ultra Modern Electronic Manufacturing Factory Design Engineer in Sterile Coverall Holds Microchip with Gloves and Examines it.\" height=\"420\" width=\"700\" title=\"In Ultra Modern Electronic Manufacturing Factory Design Engineer in Sterile Coverall Holds Microchip with Gloves and Examines it.\" onerror=\"this.style.display='none'\" loading=\"lazy\" \/>\n\t\t\t\t<\/a>\n\t<\/figure>\n<h2>\n\t\t<a href=\"https:\/\/www.nortekair.com\/fr\/solutions-par-marche\/semiconducteurs\/\" title=\"Semiconducteurs\"  target=\"_self\">\n\t\t\tSemiconducteurs\t\t<\/a>\n\t<\/h2>\n\t<p>CleanPak propose des produits de traitement de l&rsquo;air et des syst\u00e8mes de plafonds de classe mondiale pour les salles blanches du secteur des semi-conducteurs. Ces syst\u00e8mes permettent la circulation pi\u00e9tonni\u00e8re et tous les accessoires en offrant la plus haute capacit\u00e9, de Classe\u00a01 \u00e0 100\u00a0000, ISO Classe\u00a03 \u00e0 Classe\u00a08, avec plus de 1,85\u00a0millions de m\u00e8tres carr\u00e9s de syst\u00e8mes de plafonds pour salles blanches install\u00e9s dans le monde entier.<\/p>\n<figure itemscope itemtype=\"https:\/\/schema.org\/ImageObject\">\n\t\t\t\t<a href=\"https:\/\/www.nortekair.com\/fr\/solutions-par-marche\/secteur-pharmaceutique\/\"  target=\"_self\" itemprop=\"url\">\n\t\t\t\t<img decoding=\"async\" src=\"https:\/\/www.nortekair.com\/wp-content\/uploads\/2024\/06\/Pharma-700x420.jpg\" alt=\"Pharma\" height=\"420\" width=\"700\" title=\"Pharma\" onerror=\"this.style.display='none'\" loading=\"lazy\" \/>\n\t\t\t\t<\/a>\n\t<\/figure>\n<h2>\n\t\t<a href=\"https:\/\/www.nortekair.com\/fr\/solutions-par-marche\/secteur-pharmaceutique\/\" title=\"Secteur pharmaceutique\"  target=\"_self\">\n\t\t\tSecteur pharmaceutique\t\t<\/a>\n\t<\/h2>\n\t<p>Nos solutions de CVC, <a href=\"https:\/\/www.nortekair.com\/fr\/?page_id=2936\">syst\u00e8mes de plafond<\/a> int\u00e9gr\u00e9s et <a href=\"https:\/\/www.nortekair.com\/fr\/?page_id=2936\">salles blanches modulaires<\/a> aident \u00e0 r\u00e9pondre aux besoins complexes du secteur de la fabrication <a href=\"https:\/\/www.nortekair.com\/fr\/solutions-par-marche\/secteur-pharmaceutique\/\">pharmaceutique<\/a> qui requiert un contr\u00f4le strict des particules et des contaminants.<\/p>\n<figure itemscope itemtype=\"https:\/\/schema.org\/ImageObject\">\n\t\t\t\t<a href=\"https:\/\/www.nortekair.com\/fr\/solutions-par-marche\/modernisation-et-mises-a-niveau\/\"  target=\"_self\" itemprop=\"url\">\n\t\t\t\t<img decoding=\"async\" src=\"https:\/\/www.nortekair.com\/wp-content\/uploads\/2024\/06\/knockdown-air-handler-lift-700x420.jpg\" alt=\"knockdown-air-handler-lift\" height=\"420\" width=\"700\" title=\"knockdown-air-handler-lift\" onerror=\"this.style.display='none'\" loading=\"lazy\" \/>\n\t\t\t\t<\/a>\n\t<\/figure>\n<h2>\n\t\t<a href=\"https:\/\/www.nortekair.com\/fr\/solutions-par-marche\/modernisation-et-mises-a-niveau\/\" title=\"Modernisation et mises \u00e0 niveau\"  target=\"_self\">\n\t\t\tModernisation et mises \u00e0 niveau\t\t<\/a>\n\t<\/h2>\n\t<p>Nous d\u00e9veloppons des solutions novatrices, efficaces et performantes pour la <a href=\"https:\/\/www.nortekair.com\/fr\/solutions-par-marche\/modernisation-et-mises-a-niveau\/\">modernisation et la mise \u00e0 niveau<\/a> de syst\u00e8mes de CVC qui conviennent parfaitement aux situations o\u00f9 vous devez remplacer des appareils ou composantes en fin de vie, trouver une solution de traitement d&rsquo;air plus efficace ou combler les besoins changeants de votre application.<\/p>\n\n","protected":false},"excerpt":{"rendered":"<p>Solutions par march\u00e9 Nortek Air Solutions poss\u00e8de une exp\u00e9rience \u00e9largie et approfondie qui lui permet d&rsquo;offrir des solutions de chauffage, ventilation et climatisation sur mesure, novatrices et hautement performantes pour une vaste gamme de march\u00e9s et d&rsquo;applications. Avec plus de 240\u00a0ann\u00e9es d&rsquo;exp\u00e9rience combin\u00e9e \u00e0 travers nos marques, nous poss\u00e9dons les connaissances techniques et l&rsquo;expertise en&hellip;<\/p>\n","protected":false},"author":8,"featured_media":0,"parent":0,"menu_order":0,"comment_status":"closed","ping_status":"closed","template":"","meta":{"_acf_changed":false,"_relevanssi_hide_post":"","_relevanssi_hide_content":"","_relevanssi_pin_for_all":"","_relevanssi_pin_keywords":"","_relevanssi_unpin_keywords":"","_relevanssi_related_keywords":"","_relevanssi_related_include_ids":"","_relevanssi_related_exclude_ids":"","_relevanssi_related_no_append":"","_relevanssi_related_not_related":"","_relevanssi_related_posts":"3029,2969,3031,1858,1857,1864","_relevanssi_noindex_reason":"","footnotes":""},"class_list":["post-2827","page","type-page","status-publish","hentry"],"acf":[],"aioseo_notices":[],"_links":{"self":[{"href":"https:\/\/www.nortekair.com\/fr\/wp-json\/wp\/v2\/pages\/2827","targetHints":{"allow":["GET"]}}],"collection":[{"href":"https:\/\/www.nortekair.com\/fr\/wp-json\/wp\/v2\/pages"}],"about":[{"href":"https:\/\/www.nortekair.com\/fr\/wp-json\/wp\/v2\/types\/page"}],"author":[{"embeddable":true,"href":"https:\/\/www.nortekair.com\/fr\/wp-json\/wp\/v2\/users\/8"}],"replies":[{"embeddable":true,"href":"https:\/\/www.nortekair.com\/fr\/wp-json\/wp\/v2\/comments?post=2827"}],"version-history":[{"count":2,"href":"https:\/\/www.nortekair.com\/fr\/wp-json\/wp\/v2\/pages\/2827\/revisions"}],"predecessor-version":[{"id":6557,"href":"https:\/\/www.nortekair.com\/fr\/wp-json\/wp\/v2\/pages\/2827\/revisions\/6557"}],"wp:attachment":[{"href":"https:\/\/www.nortekair.com\/fr\/wp-json\/wp\/v2\/media?parent=2827"}],"curies":[{"name":"wp","href":"https:\/\/api.w.org\/{rel}","templated":true}]}}