{"id":2831,"date":"2024-06-26T12:39:54","date_gmt":"2024-06-26T17:39:54","guid":{"rendered":"https:\/\/www.nortekair.com\/?page_id=2831"},"modified":"2024-07-05T11:09:35","modified_gmt":"2024-07-05T16:09:35","slug":"silencieux-coplanar-technologie-brevetee-dattenuation-du-bruit","status":"publish","type":"page","link":"https:\/\/www.nortekair.com\/fr\/innovation\/silencieux-coplanar-technologie-brevetee-dattenuation-du-bruit\/","title":{"rendered":"Silencieux Coplanar\u00ae\u00a0\u2013 Technologie brevet\u00e9e d\u2019att\u00e9nuation du bruit"},"content":{"rendered":"\n\n\t<p>Notre silencieux Coplanar r\u00e9duit les niveaux de bruit du ventilateur jusqu&rsquo;\u00e0 18\u00a0dB &#8211; toute en maintenant la pleine efficacit\u00e9 du filtre &#8211; sans allonger le syst\u00e8me pour des appareils d&rsquo;att\u00e9nuation sonore.<\/p>\n<h3>Comment fonctionne le silencieux Coplanar?<\/h3>\n<p>L&rsquo;enceinte brevet\u00e9e pour les\u00a0blocs FANWALL<sup>\u00ae<\/sup> est recouverte d&rsquo;acier perfor\u00e9 et d&rsquo;isolant acoustique. Le bruit est r\u00e9duit en dirigeant les ondes sonores \u00e0 travers plusieurs couches de mat\u00e9riau \u00e0 absorption sonore entre les ventilateurs en s\u00e9rie. Le bruit \u00e9mis par les ventilateurs du pl\u00e9num passe \u00e0 travers ces diff\u00e9rentes couches de grillage acoustique avant d&rsquo;atteindre une surface r\u00e9fl\u00e9chissante, comme les murs, le toit ou le plancher du tunnel d&rsquo;air \u00e0 l&rsquo;int\u00e9rieur de l&rsquo;appareil de traitement d&rsquo;air.<\/p>\n<p>Coupl\u00e9e aux fr\u00e9quences plus \u00e9lev\u00e9es de passage des lames, l&rsquo;att\u00e9nuation du bruit est significative, surtout dans les basses fr\u00e9quences o\u00f9 le bruit est plus difficile \u00e0 att\u00e9nuer.<\/p>\n<p>En plus de pr\u00e9venir une augmentation des co\u00fbts, de la longueur des appareils et des pertes de pression statique associ\u00e9s aux att\u00e9nuateurs sonores, l&rsquo;environnement pneumatique cr\u00e9\u00e9 par le silencieux Coplanar\u00a0utilise des moteurs \u00e0 puissance variable et des\u00a0moteurs \u00e0 aimant permanent\u00a0pour optimiser l&rsquo;efficacit\u00e9 et minimiser les co\u00fbts d&rsquo;installation \u00e9lectrique.<\/p>\n\t\t\t\t<img loading=\"lazy\" decoding=\"async\" src=\"https:\/\/www.nortekair.com\/wp-content\/uploads\/2024\/06\/4.7.2-hero.jpg\" alt=\"4.7.2-hero\" itemprop=\"image\" height=\"500\" width=\"1210\" title=\"4.7.2-hero\" onerror=\"this.style.display='none'\"  \/>\n\t\t\t<a href=\"https:\/\/www.nortekair.com\/fr\/a-propos-de-nortek-air-solutions\/pour-nous-joindre\/\" target=\"_self\" rel=\"noopener\">\n\t\t\t\t\t\t\tPOUR NOUS JOINDRE\n\t\t\t<\/a>\n\t<p>Avez-vous des questions \u00e0 propos de Nortek Air Solutions, de nos produits ou de ce que nous pouvons faire pour vous aider dans votre prochaine application? Contactez-nous et nous vous aiderons au maximum de nos comp\u00e9tences!<\/p>\n<p>Notre vaste r\u00e9seau de repr\u00e9sentants Nortek Air Solutions peut aussi vous aider \u00e0 analyser votre application de b\u00e2timent et \u00e0 d\u00e9velopper la solution parfaite pour vos besoins de traitement d&rsquo;air.<\/p>\n\n","protected":false},"excerpt":{"rendered":"<p>Notre silencieux Coplanar r\u00e9duit les niveaux de bruit du ventilateur jusqu&rsquo;\u00e0 18\u00a0dB &#8211; toute en maintenant la pleine efficacit\u00e9 du filtre &#8211; sans allonger le syst\u00e8me pour des appareils d&rsquo;att\u00e9nuation sonore. Comment fonctionne le silencieux Coplanar? L&rsquo;enceinte brevet\u00e9e pour les\u00a0blocs FANWALL\u00ae est recouverte d&rsquo;acier perfor\u00e9 et d&rsquo;isolant acoustique. Le bruit est r\u00e9duit en dirigeant les&hellip;<\/p>\n","protected":false},"author":8,"featured_media":0,"parent":2873,"menu_order":0,"comment_status":"closed","ping_status":"closed","template":"","meta":{"_acf_changed":false,"_relevanssi_hide_post":"","_relevanssi_hide_content":"","_relevanssi_pin_for_all":"","_relevanssi_pin_keywords":"","_relevanssi_unpin_keywords":"","_relevanssi_related_keywords":"","_relevanssi_related_include_ids":"","_relevanssi_related_exclude_ids":"","_relevanssi_related_no_append":"","_relevanssi_related_not_related":"","_relevanssi_related_posts":"","_relevanssi_noindex_reason":"","footnotes":""},"class_list":["post-2831","page","type-page","status-publish","hentry"],"acf":[],"aioseo_notices":[],"_links":{"self":[{"href":"https:\/\/www.nortekair.com\/fr\/wp-json\/wp\/v2\/pages\/2831","targetHints":{"allow":["GET"]}}],"collection":[{"href":"https:\/\/www.nortekair.com\/fr\/wp-json\/wp\/v2\/pages"}],"about":[{"href":"https:\/\/www.nortekair.com\/fr\/wp-json\/wp\/v2\/types\/page"}],"author":[{"embeddable":true,"href":"https:\/\/www.nortekair.com\/fr\/wp-json\/wp\/v2\/users\/8"}],"replies":[{"embeddable":true,"href":"https:\/\/www.nortekair.com\/fr\/wp-json\/wp\/v2\/comments?post=2831"}],"version-history":[{"count":0,"href":"https:\/\/www.nortekair.com\/fr\/wp-json\/wp\/v2\/pages\/2831\/revisions"}],"up":[{"embeddable":true,"href":"https:\/\/www.nortekair.com\/fr\/wp-json\/wp\/v2\/pages\/2873"}],"wp:attachment":[{"href":"https:\/\/www.nortekair.com\/fr\/wp-json\/wp\/v2\/media?parent=2831"}],"curies":[{"name":"wp","href":"https:\/\/api.w.org\/{rel}","templated":true}]}}