{"id":2836,"date":"2024-06-11T14:27:58","date_gmt":"2024-06-11T19:27:58","guid":{"rendered":"https:\/\/www.nortekair.com\/?page_id=2836"},"modified":"2024-07-17T15:36:36","modified_gmt":"2024-07-17T20:36:36","slug":"efficacite","status":"publish","type":"page","link":"https:\/\/www.nortekair.com\/fr\/innovation\/efficacite\/","title":{"rendered":"Efficacit\u00e9"},"content":{"rendered":"\n\n\t\t<h2>\n\t\t\tNortek Air Solutions est un leader et un innovateur dans l&rsquo;efficacit\u00e9 des appareils CVC sur mesure.\n\t\t<\/h2>\n\t<p>Nos designs uniques, nos solutions novatrices et notre technologie avanc\u00e9e produisent des syst\u00e8mes et des composantes efficaces, respectueux de l&rsquo;environnement, \u00e0 haute performance et fiables &#8211; et ils peuvent vous aider \u00e0 \u00e9conomiser de l&rsquo;\u00e9nergie.<\/p>\n<h3><a href=\"https:\/\/www.nortekair.com\/fr\/innovation\/economiseurs\/\">\u00c9conomiseurs<\/a><\/h3>\n<p>Les\u00a0<a href=\"https:\/\/www.nortekair.com\/fr\/innovation\/economiseurs\/\">serpentins des \u00e9conomiseurs c\u00f4t\u00e9 eau (WiSE)<\/a>\u00a0peuvent \u00eatre install\u00e9s sur les appareils \u00e0 \u00e9vaporation ou refroidis \u00e0 l&rsquo;air avant le compresseur de mani\u00e8re \u00e0 r\u00e9duire le refroidissement m\u00e9canique requis pour combler les besoins de charge. Cela r\u00e9duit \u00e9galement les co\u00fbts d&rsquo;\u00e9nergie.<\/p>\n<h3>Compresseurs \u00e0 roulements magn\u00e9tiques<\/h3>\n<p>Les\u00a0compresseurs \u00e0 roulements magn\u00e9tiques sans huile et sans friction\u00a0sont disponibles sur certains syst\u00e8mes DX complets. Ces compresseurs offrent une efficacit\u00e9 formidable \u00e0 charge partielle ainsi que des \u00e9conomies d&rsquo;\u00e9nergie significatives pour les syst\u00e8mes \u00e0 volume d&rsquo;air variable, en plus de r\u00e9duire les co\u00fbts d&rsquo;entretien et d&rsquo;am\u00e9liorer la fiabilit\u00e9.<\/p>\n<h3><a href=\"https:\/\/www.nortekair.com\/fr\/innovation\/condensation-a-evaporation\/\">Condensation \u00e0 \u00e9vaporation<\/a><\/h3>\n<p>La marque Mammoth de Nortek Air Solutions a lanc\u00e9 l&rsquo;utilisation de\u00a0<a href=\"https:\/\/www.nortekair.com\/fr\/innovation\/condensation-a-evaporation\/\">condenseurs<\/a>\u00a0\u00e0 \u00e9vaporation\u00a0dans les applications CVC commerciales il y a plus de 40 ans. Notre processus novateur utilise l&rsquo;effet refroidissant de l&rsquo;\u00e9vaporation pour abaisser la temp\u00e9rature de condensation dans un syst\u00e8me DX.<\/p>\n<h3><a href=\"https:\/\/www.nortekair.com\/innovation\/energy-recovery-systems\/\">Syst\u00e8mes de r\u00e9cup\u00e9ration d&rsquo;\u00e9nergie<\/a><\/h3>\n<p>Les\u00a0<a href=\"https:\/\/www.nortekair.com\/fr\/innovation\/systemes-de-recuperation-denergie\/\">syst\u00e8mes de r\u00e9cup\u00e9ration d&rsquo;\u00e9nergie<\/a>\u00a0utilisent l&rsquo;\u00e9nergie dans l&rsquo;air du b\u00e2timent qui se dissipe habituellement pour traiter l&rsquo;air de ventilation entrant. Nos syst\u00e8mes novateurs de r\u00e9cup\u00e9ration d&rsquo;\u00e9nergie am\u00e9liorent l&rsquo;efficacit\u00e9, la qualit\u00e9 de l&rsquo;air int\u00e9rieur et le contr\u00f4le d&rsquo;humidit\u00e9 dans votre solution de traitement d&rsquo;air.<\/p>\n\t\t\t<a href=\"https:\/\/www.nortekair.com\/fr\/about\/pour-nous-joindre\/\" target=\"_self\" rel=\"noopener\">\n\t\t\t\t\t\t\tPOUR NOUS JOINDRE\n\t\t\t<\/a>\n\t<p>Avez-vous des questions \u00e0 propos de Nortek Air Solutions, de nos produits ou de ce que nous pouvons faire pour vous aider dans votre prochaine application? Contactez-nous et nous vous aiderons au maximum de nos comp\u00e9tences!<\/p>\n<p>Notre vaste r\u00e9seau de repr\u00e9sentants Nortek Air Solutions peut aussi vous aider \u00e0 analyser votre application de b\u00e2timent et \u00e0 d\u00e9velopper la solution parfaite pour vos besoins de traitement d&rsquo;air.<\/p>\n\n","protected":false},"excerpt":{"rendered":"<p>Nortek Air Solutions est un leader et un innovateur dans l&rsquo;efficacit\u00e9 des appareils CVC sur mesure. Nos designs uniques, nos solutions novatrices et notre technologie avanc\u00e9e produisent des syst\u00e8mes et des composantes efficaces, respectueux de l&rsquo;environnement, \u00e0 haute performance et fiables &#8211; et ils peuvent vous aider \u00e0 \u00e9conomiser de l&rsquo;\u00e9nergie. \u00c9conomiseurs Les\u00a0serpentins des \u00e9conomiseurs&hellip;<\/p>\n","protected":false},"author":8,"featured_media":0,"parent":2873,"menu_order":0,"comment_status":"closed","ping_status":"closed","template":"","meta":{"_acf_changed":false,"_relevanssi_hide_post":"","_relevanssi_hide_content":"","_relevanssi_pin_for_all":"","_relevanssi_pin_keywords":"","_relevanssi_unpin_keywords":"","_relevanssi_related_keywords":"","_relevanssi_related_include_ids":"","_relevanssi_related_exclude_ids":"","_relevanssi_related_no_append":"","_relevanssi_related_not_related":"","_relevanssi_related_posts":"","_relevanssi_noindex_reason":"","footnotes":""},"class_list":["post-2836","page","type-page","status-publish","hentry"],"acf":[],"aioseo_notices":[],"_links":{"self":[{"href":"https:\/\/www.nortekair.com\/fr\/wp-json\/wp\/v2\/pages\/2836","targetHints":{"allow":["GET"]}}],"collection":[{"href":"https:\/\/www.nortekair.com\/fr\/wp-json\/wp\/v2\/pages"}],"about":[{"href":"https:\/\/www.nortekair.com\/fr\/wp-json\/wp\/v2\/types\/page"}],"author":[{"embeddable":true,"href":"https:\/\/www.nortekair.com\/fr\/wp-json\/wp\/v2\/users\/8"}],"replies":[{"embeddable":true,"href":"https:\/\/www.nortekair.com\/fr\/wp-json\/wp\/v2\/comments?post=2836"}],"version-history":[{"count":0,"href":"https:\/\/www.nortekair.com\/fr\/wp-json\/wp\/v2\/pages\/2836\/revisions"}],"up":[{"embeddable":true,"href":"https:\/\/www.nortekair.com\/fr\/wp-json\/wp\/v2\/pages\/2873"}],"wp:attachment":[{"href":"https:\/\/www.nortekair.com\/fr\/wp-json\/wp\/v2\/media?parent=2836"}],"curies":[{"name":"wp","href":"https:\/\/api.w.org\/{rel}","templated":true}]}}