{"id":2842,"date":"2024-06-26T14:12:15","date_gmt":"2024-06-26T19:12:15","guid":{"rendered":"https:\/\/www.nortekair.com\/?page_id=2842"},"modified":"2025-08-14T11:42:00","modified_gmt":"2025-08-14T16:42:00","slug":"systemes-de-recuperation-denergie","status":"publish","type":"page","link":"https:\/\/www.nortekair.com\/fr\/innovation\/systemes-de-recuperation-denergie\/","title":{"rendered":"Syst\u00e8mes de r\u00e9cup\u00e9ration d\u2019\u00e9nergie"},"content":{"rendered":"\n\n\t<p>Nortek Air Solutions offre des appareils de traitement d&rsquo;air et des syst\u00e8mes DX complets avec des technologies de r\u00e9cup\u00e9ration d&rsquo;\u00e9nergie. Nos\u00a0<a href=\"https:\/\/www.nortekair.com\/products\/energy-recovery\/?lang=fr\">syst\u00e8mes de r\u00e9cup\u00e9ration d&rsquo;\u00e9nergie<\/a>\u00a0novateurs int\u00e8grent des technologies et des composantes avanc\u00e9es dans la conception du syst\u00e8me CVC. Ces syst\u00e8mes aident \u00e0 capter l&rsquo;\u00e9nergie de l&rsquo;air circulant qui serait autrement \u00e9vacu\u00e9e dans l&rsquo;atmosph\u00e8re, et ils utilisent cette \u00e9nergie pour pr\u00e9chauffer ou pr\u00e9-refroidir l&rsquo;air ext\u00e9rieur, selon la saison. Ce pr\u00e9chauffage ou cette pr\u00e9-climatisation peut entra\u00eener des \u00e9conomies d&rsquo;\u00e9nergie significatives et r\u00e9duire la taille requise pour le b\u00e2timent.<\/p>\n\t\t<h2>\n\t\t\tComment fonctionne la r\u00e9cup\u00e9ration d&rsquo;\u00e9nergie?\n\t\t<\/h2>\n\t<p>Les syst\u00e8mes de r\u00e9cup\u00e9ration d&rsquo;\u00e9nergie utilisent l&rsquo;\u00e9nergie dans l&rsquo;air du b\u00e2timent qui se dissipe habituellement pour traiter l&rsquo;air de ventilation entrant. Pendant les saisons chaudes, le syst\u00e8me pr\u00e9-refroidit et d\u00e9shumidifie l&rsquo;air entrant en acheminant la chaleur \u00e9vacu\u00e9e vers le courant d&rsquo;air sortant de mani\u00e8re \u00e0 refroidir le serpentin du condensateur. Pendant les saisons froides, le syst\u00e8me utilise la chaleur contenue dans l&rsquo;air d&rsquo;\u00e9vacuation pour pr\u00e9chauffer et humidifier l&rsquo;air entrant.<\/p>\n\t\t<h2>\n\t\t\tNous offrons diff\u00e9rents types de technologies de\n\t\t\t\t\t\t\t\t\t\t\tr\u00e9cup\u00e9ration d&rsquo;\u00e9nergie:\n\t\t<\/h2>\n<h3>\n\t\t\tRoues rotatives.\t<\/h3>\n\t<p>Nos roues de r\u00e9cup\u00e9ration d&rsquo;\u00e9nergie air-\u00e0-air se composent d&rsquo;un cylindre rotatif &#8211; rempli d&rsquo;un mat\u00e9riau perm\u00e9able \u00e0 l&rsquo;air &#8211; entre les courants d&rsquo;air de ventilation et d&rsquo;\u00e9vacuation. \u00c0 mesure que la roue tourne, elle extrait la chaleur et l&rsquo;\u00e9vacue vers le courant d&rsquo;air plus froid. Nous offrons des appareils sur mesure avec certaines des plus grandes roues disponibles.<\/p>\n<h3>\n\t\t\t\u00c9changeurs plats.\t<\/h3>\n\t<p>Les \u00e9changeurs plats se composent de couches altern\u00e9es de plaques qui sont s\u00e9par\u00e9es et scell\u00e9es avec un noyau chauffant ou r\u00e9cup\u00e9rateur d&rsquo;\u00e9nergie qui traite l&rsquo;air entrant. Nos \u00e9changeurs plats sont offerts dans trois options de mat\u00e9riaux de support : aluminium, polypropyl\u00e8ne, ou chaleur et humidit\u00e9.<\/p>\n<h3>\n\t\t\tTechnologies de tuyaux chauffants.\t<\/h3>\n\t<p>Les tuyaux chauffants sont des \u00e9changeurs de chaleur air-\u00e0-air qui se composent de tubes m\u00e9talliques charg\u00e9s de frigorig\u00e8ne (R-134a dans la plupart des applications commerciales). La technologie de tuyaux chauffants est l&rsquo;une des solutions les plus robustes pour les applications difficiles qui pr\u00e9sentent des temp\u00e9ratures \u00e9lev\u00e9es, qui requi\u00e8rent un bas ratio de transfert d&rsquo;air d&rsquo;\u00e9vacuation, ou qui peuvent pr\u00e9senter de l&rsquo;air corrosif et contamin\u00e9 \u00e0 haut risque d&rsquo;encrassement.<\/p>\n\t\t<h2>\n\t\t\tAvantages des syst\u00e8mes de r\u00e9cup\u00e9ration d&rsquo;\u00e9nergie\n\t\t<\/h2>\n\t<p>Nos syst\u00e8mes de r\u00e9cup\u00e9ration d&rsquo;\u00e9nergie novateurs offrent de nombreux avantages, y compris\u00a0:<\/p>\n<ul>\n<li><b>Qualit\u00e9 accrue de l&rsquo;air int\u00e9rieur.<\/b>\u00a0Les syst\u00e8mes de r\u00e9cup\u00e9ration d&rsquo;\u00e9nergie fournissent un apport continu d&rsquo;air frais climatis\u00e9 \u00e0 votre environnement int\u00e9rieur, ce qui r\u00e9duit le nombre de particules dans l&rsquo;air et am\u00e9liore la qualit\u00e9 de l&rsquo;air int\u00e9rieur.<\/li>\n<li><b>\u00c9conomies d&rsquo;\u00e9nergie.<\/b>\u00a0Les syst\u00e8mes de r\u00e9cup\u00e9ration d&rsquo;\u00e9nergie recyclent l&rsquo;\u00e9nergie de chauffage et de climatisation pr\u00e9sente dans votre syst\u00e8me de traitement d&rsquo;air afin de r\u00e9duire les co\u00fbts.<\/li>\n<li><b>Contr\u00f4le de l&rsquo;humidit\u00e9.<\/b>\u00a0Les syst\u00e8mes de r\u00e9cup\u00e9ration d&rsquo;\u00e9nergie vous aident \u00e0 maintenir un taux d&rsquo;humidit\u00e9 relative confortable dans votre environnement int\u00e9rieur en \u00e9vacuant l&rsquo;humidit\u00e9 pr\u00e9sente dans l&rsquo;air ext\u00e9rieur humide \u00e0 travers l&rsquo;air sortant ou en humidifiant dans l&rsquo;air entrant.<\/li>\n<li><b>Conformit\u00e9.<\/b>\u00a0Les syst\u00e8mes de r\u00e9cup\u00e9ration d&rsquo;\u00e9nergie respectent les normes de ventilation et d&rsquo;\u00e9nergie ASHRAE.<\/li>\n<\/ul>\n\t\t\t<a href=\"https:\/\/www.nortekair.com\/fr\/a-propos-de-nortek-air-solutions\/pour-nous-joindre\/\" target=\"_self\">\n\t\t\t\t\t\t\tPOUR NOUS JOINDRE\n\t\t\t<\/a>\n\t<p>Avez-vous des questions \u00e0 propos de Nortek Air Solutions, de nos produits ou de ce que nous pouvons faire pour vous aider dans votre prochaine application? Contactez-nous et nous vous aiderons au maximum de nos comp\u00e9tences!<\/p>\n<p>Notre vaste r\u00e9seau de repr\u00e9sentants Nortek Air Solutions peut aussi vous aider \u00e0 analyser votre application de b\u00e2timent et \u00e0 d\u00e9velopper la solution parfaite pour vos besoins de traitement d&rsquo;air.<\/p>\n\n","protected":false},"excerpt":{"rendered":"<p>Nortek Air Solutions offre des appareils de traitement d&rsquo;air et des syst\u00e8mes DX complets avec des technologies de r\u00e9cup\u00e9ration d&rsquo;\u00e9nergie. Nos\u00a0syst\u00e8mes de r\u00e9cup\u00e9ration d&rsquo;\u00e9nergie\u00a0novateurs int\u00e8grent des technologies et des composantes avanc\u00e9es dans la conception du syst\u00e8me CVC. Ces syst\u00e8mes aident \u00e0 capter l&rsquo;\u00e9nergie de l&rsquo;air circulant qui serait autrement \u00e9vacu\u00e9e dans l&rsquo;atmosph\u00e8re, et ils utilisent&hellip;<\/p>\n","protected":false},"author":8,"featured_media":0,"parent":2873,"menu_order":0,"comment_status":"closed","ping_status":"closed","template":"","meta":{"_acf_changed":false,"_relevanssi_hide_post":"","_relevanssi_hide_content":"","_relevanssi_pin_for_all":"","_relevanssi_pin_keywords":"","_relevanssi_unpin_keywords":"","_relevanssi_related_keywords":"","_relevanssi_related_include_ids":"","_relevanssi_related_exclude_ids":"","_relevanssi_related_no_append":"","_relevanssi_related_not_related":"","_relevanssi_related_posts":"1854,1858,5760,2969,3029,1857","_relevanssi_noindex_reason":"","footnotes":""},"class_list":["post-2842","page","type-page","status-publish","hentry"],"acf":[],"aioseo_notices":[],"_links":{"self":[{"href":"https:\/\/www.nortekair.com\/fr\/wp-json\/wp\/v2\/pages\/2842","targetHints":{"allow":["GET"]}}],"collection":[{"href":"https:\/\/www.nortekair.com\/fr\/wp-json\/wp\/v2\/pages"}],"about":[{"href":"https:\/\/www.nortekair.com\/fr\/wp-json\/wp\/v2\/types\/page"}],"author":[{"embeddable":true,"href":"https:\/\/www.nortekair.com\/fr\/wp-json\/wp\/v2\/users\/8"}],"replies":[{"embeddable":true,"href":"https:\/\/www.nortekair.com\/fr\/wp-json\/wp\/v2\/comments?post=2842"}],"version-history":[{"count":1,"href":"https:\/\/www.nortekair.com\/fr\/wp-json\/wp\/v2\/pages\/2842\/revisions"}],"predecessor-version":[{"id":6086,"href":"https:\/\/www.nortekair.com\/fr\/wp-json\/wp\/v2\/pages\/2842\/revisions\/6086"}],"up":[{"embeddable":true,"href":"https:\/\/www.nortekair.com\/fr\/wp-json\/wp\/v2\/pages\/2873"}],"wp:attachment":[{"href":"https:\/\/www.nortekair.com\/fr\/wp-json\/wp\/v2\/media?parent=2842"}],"curies":[{"name":"wp","href":"https:\/\/api.w.org\/{rel}","templated":true}]}}