{"id":2845,"date":"2024-06-11T14:28:43","date_gmt":"2024-06-11T19:28:43","guid":{"rendered":"https:\/\/www.nortekair.com\/?page_id=2845"},"modified":"2025-07-18T11:24:10","modified_gmt":"2025-07-18T16:24:10","slug":"la-technologie-fanwall-les-ventilateurs-groupes-preferes","status":"publish","type":"page","link":"https:\/\/www.nortekair.com\/fr\/innovation\/la-technologie-fanwall-les-ventilateurs-groupes-preferes\/","title":{"rendered":"La technologie FANWALL\u00ae \u2014 Les ventilateurs group\u00e9s pr\u00e9f\u00e9r\u00e9s"},"content":{"rendered":"\n\n\t\t<h2>\n\t\t\tAvantages du syst\u00e8me FANWALL<sup>\u00ae<\/sup> par rapport aux syst\u00e8mes \u00e0 ventilateurs classiques\n\t\t<\/h2>\n\t<p>La technologie FANWALL<sup>\u00ae<\/sup>\u00a0pour appareils de traitement d&rsquo;air et \u00e9quipement DX complet est une solution cl\u00e9 pour les clients de Nortek Air Solutions. Plus qu&rsquo;une simple s\u00e9rie de ventilateurs, le syst\u00e8me FANWALL\u00a0est un syst\u00e8me enti\u00e8rement int\u00e9gr\u00e9 et con\u00e7u de ventilateurs, moteurs, armoires, commandes et accessoires de pointe qui peut \u00eatre facilement combin\u00e9 en fonction des besoins de votre nouvelle construction ou de votre application de mise \u00e0 niveau.<\/p>\n\t\t\t\t<img decoding=\"async\" src=\"https:\/\/www.nortekair.com\/wp-content\/uploads\/2024\/06\/NAS-GEN-III-FANWALL-IMG_0137.png\" alt=\"fanwall\" itemprop=\"image\" height=\"478\" width=\"720\" title=\"NAS GEN III FANWALL - IMG_0137\" onerror=\"this.style.display='none'\" loading='lazy' \/>\n\t\t<h2>\n\t\t\tEfficacit\u00e9 \u00e9nerg\u00e9tique\n\t\t<\/h2>\n\t<ul>\n<li>Les\u00a0moteurs \u00e0 aimant permanent\u00a0ultra-haute efficacit\u00e9 sont de 7 % \u00e0 15 % plus efficaces que les moteurs \u00e0 induction NEMA Premium<sup>\u00ae<\/sup>.<\/li>\n<li>Les entra\u00eenements \u00e0 fr\u00e9quence variables permettent le d\u00e9marrage et l&rsquo;arr\u00eat individuels ainsi que le contr\u00f4le de la vitesse des ventilateurs pour maintenir l&rsquo;efficacit\u00e9 et la pression statiques optimales sur toute la port\u00e9e de l&rsquo;appareil de traitement d&rsquo;air.<\/li>\n<li>Les ventilateurs sont offerts en 7 tailles diff\u00e9rentes, de 10 \u00e0 22 pouces pour convenir \u00e0 vos besoins de performance et optimiser l&rsquo;efficacit\u00e9.<\/li>\n<\/ul>\n\t\t<h2>\n\t\t\tFonctionnement silencieux\n\t\t<\/h2>\n\t<ul>\n<li>High-performance polymer fans have an aerodynamic shaping of the blades, shroud, and cones, while the material provides damping to reduce sound tones from the impeller and motor.<\/li>\n<li><a href=\"https:\/\/www.nortekair.com\/fr\/innovation\/silencieux-coplanar-technologie-brevetee-dattenuation-du-bruit\/\">Coplanar Silencer<\/a><sup>\u00ae<\/sup>\u00a0is a patented enclosure for FANWALL\u00a0cubes. The cubes are lined with perforated steel and acoustic insulation to provide up to an 18 dB reduction in discharge sound power.<\/li>\n<\/ul>\n\t\t<h2>\n\t\t\tRedondance et fiabilit\u00e9\n\t\t<\/h2>\n\t<ul>\n<li>Lorsqu&rsquo;une panne de ventilateur ou de moteur survient dans un syst\u00e8me FANWALL, les ventilateurs qui continuent de fonctionner peuvent compenser et maintenir le d\u00e9bit d&rsquo;air et la pression statique jusqu&rsquo;\u00e0 ce que la composante d\u00e9fectueuse ait \u00e9t\u00e9 r\u00e9par\u00e9e ou remplac\u00e9e.<\/li>\n<li>Entra\u00eenement \u00e0 fr\u00e9quence variable d\u00e9di\u00e9 pour chaque combinaison ventilateur-moteur. La panne d&rsquo;un ventilateur, d&rsquo;un moteur ou d&rsquo;un entra\u00eenement \u00e0 fr\u00e9quence variable est un \u00e9v\u00e9nement intrins\u00e8quement isol\u00e9, ce qui \u00e9limine la n\u00e9cessit\u00e9 de contournement ou le risque de mise \u00e0 la terre d\u00e9fectueuse dans l&rsquo;ensemble de la s\u00e9rie.<\/li>\n<\/ul>\n\t\t<h2>\n\t\t\tInstallation facile\n\t\t<\/h2>\n\t<ul>\n<li>Ideal for installation where space or access is limited, especially as\u00a0<a href=\"https:\/\/www.nortekair.com\/fr\/solutions-par-marche\/modernisation-et-mises-a-niveau\/\">retrofit or replacement<\/a>. Overall air handler length can be reduced by 30% &#8211; 70% using a FANWALL\u00a0system.<\/li>\n<li>Single-point power connection to all VFDs speeds installation.<\/li>\n<li>FANWALL\u00a0cubes can be arranged in many different combinations to suit the space available.<\/li>\n<\/ul>\n\t\t<h2>\n\t\t\tConfigurations souples\n\t\t<\/h2>\n\t<ul>\n<li>Tant les ventilateurs en acier inoxydable homologu\u00e9s AMCA<sup>TM<\/sup>\u00a0que les ventilateurs en polym\u00e8re \u00e0 haute performance sont disponibles en diff\u00e9rentes tailles pour combler efficacement les besoins de performance ou d&rsquo;application.<\/li>\n<li>Choix de moteurs pour combler les besoins d&rsquo;efficacit\u00e9 du projet, y compris \u00e0 induction, PM et ECMI.<\/li>\n<\/ul>\n\t\t<h2>\n\t\t\tConception de pointe\n\t\t<\/h2>\n\t<ul>\n<li>La taille variable des blocs permet la s\u00e9lection d&rsquo;une s\u00e9rie de blocs qui convient mieux aux dimensions du tunnel d&rsquo;air de mani\u00e8re \u00e0 ce que les ventilateurs produisent un piston d&rsquo;air uniforme sur toute la surface du serpentin pour un transfert optimal de la chaleur et une charge uniforme du filtre.<\/li>\n<li>Des commandes d&rsquo;optimisation du syst\u00e8me permettent de d\u00e9marrer et d&rsquo;arr\u00eater les blocs de ventilateur individuels pour jumeler les besoins des applications \u00e0 d\u00e9bit d&rsquo;air variable au nombre de ventilateurs et de moteurs pour produire une efficacit\u00e9 maximale.<\/li>\n<li>Le registre antiretour FANWALL\u00a0scelle le ventilateur pour emp\u00eacher la recirculation de l&rsquo;air du syst\u00e8me et minimiser les fuites en cas de d\u00e9sactivation d&rsquo;un bloc. Lorsque le registre est ouvert, son design a\u00e9rodynamique garantit un effet presque nul sur le syst\u00e8me.<\/li>\n<li>Les exigences d&rsquo;\u00e9quilibre strictes et les composantes robustes de chaque bloc FANWALL\u00a0\u00e9liminent les vibrations internes et la n\u00e9cessit\u00e9 d&rsquo;isoler la s\u00e9rie de ventilateurs FANWALL\u00a0\u00e0 l&rsquo;int\u00e9rieur de l&rsquo;appareil de traitement d&rsquo;air. Elles permettent \u00e9galement d&rsquo;\u00e9liminer le besoin d&rsquo;un tampon d&rsquo;inertie en b\u00e9ton dans l&rsquo;appareil de traitement d&rsquo;air et faciliter l&rsquo;atteinte des exigences pour la certification sismique.<\/li>\n<li>On peut ainsi \u00e9liminer le besoin d&rsquo;att\u00e9nuateurs sonores et autres composantes accessoires qui g\u00e9n\u00e8rent une pression statique nuisible \u00e0 l&rsquo;int\u00e9rieur de l&rsquo;appareil de traitement d&rsquo;air.<\/li>\n<\/ul>\n\t\t<h2>\n\t\t\tFaibles exigences d&rsquo;entretien et de r\u00e9paration\n\t\t<\/h2>\n\t<ul>\n<li>Les syst\u00e8mes FANWALL\u00a0\u00e9liminent les courroies et les roues parce qu&rsquo;ils utilisent des ventilateurs \u00e0 entra\u00eenement direct plut\u00f4t que des ventilateurs \u00e0 courroie d&rsquo;entra\u00eenement.<\/li>\n<li>Les roulements de moteurs scell\u00e9s en permanence offrent une longue vie et ne requi\u00e8rent pratiquement aucun entretien.<\/li>\n<li>Les composantes du syst\u00e8me FANWALL\u00a0sont typiquement beaucoup plus petites, plus l\u00e9g\u00e8res et plus faciles \u00e0 atteindre que les composantes similaires dans les syst\u00e8mes \u00e0 ventilateurs classiques.<\/li>\n<\/ul>\n\t\t\t<a href=\"https:\/\/www.nortekair.com\/fr\/a-propos-de-nortek-air-solutions\/pour-nous-joindre\/\" target=\"_self\">\n\t\t\t\t\t\t\tPOUR NOUS JOINDRE\n\t\t\t<\/a>\n\t<p>Avez-vous des questions \u00e0 propos de Nortek Air Solutions, de nos produits ou de ce que nous pouvons faire pour vous aider dans votre prochaine application? Contactez-nous et nous vous aiderons au maximum de nos comp\u00e9tences!<\/p>\n<p>Notre vaste r\u00e9seau de repr\u00e9sentants Nortek Air Solutions peut aussi vous aider \u00e0 analyser votre application de b\u00e2timent et \u00e0 d\u00e9velopper la solution parfaite pour vos besoins de traitement d&rsquo;air.<\/p>\n\t\t<h2>\n\t\t\tRelated Products\n\t\t<\/h2>\n\t\t\t\t<a href=\"https:\/\/www.nortekair.com\/products\/fanwall-systems\/\"  target=\"_self\" itemprop=\"url\">\n\t\t\t\t<img decoding=\"async\" src=\"https:\/\/www.nortekair.com\/wp-content\/uploads\/2024\/06\/fanwall.png\" alt=\"fanwall\" itemprop=\"image\" height=\"656\" width=\"506\" title=\"fanwall\" onerror=\"this.style.display='none'\" loading='lazy' \/>\n\t\t\t\t<\/a>\n<h3><a href=\"https:\/\/www.nortekair.com\/products\/fanwall-systems\/\" target=\"_self\">FANWALL<sup>\u00ae<\/sup> Systems<\/a><\/h3>\t\n\n","protected":false},"excerpt":{"rendered":"<p>Avantages du syst\u00e8me FANWALL\u00ae par rapport aux syst\u00e8mes \u00e0 ventilateurs classiques La technologie FANWALL\u00ae\u00a0pour appareils de traitement d&rsquo;air et \u00e9quipement DX complet est une solution cl\u00e9 pour les clients de Nortek Air Solutions. Plus qu&rsquo;une simple s\u00e9rie de ventilateurs, le syst\u00e8me FANWALL\u00a0est un syst\u00e8me enti\u00e8rement int\u00e9gr\u00e9 et con\u00e7u de ventilateurs, moteurs, armoires, commandes et accessoires&hellip;<\/p>\n","protected":false},"author":8,"featured_media":0,"parent":2873,"menu_order":0,"comment_status":"closed","ping_status":"closed","template":"","meta":{"_acf_changed":false,"_relevanssi_hide_post":"","_relevanssi_hide_content":"","_relevanssi_pin_for_all":"","_relevanssi_pin_keywords":"","_relevanssi_unpin_keywords":"","_relevanssi_related_keywords":"","_relevanssi_related_include_ids":"","_relevanssi_related_exclude_ids":"","_relevanssi_related_no_append":"","_relevanssi_related_not_related":"","_relevanssi_related_posts":"","_relevanssi_noindex_reason":"","footnotes":""},"class_list":["post-2845","page","type-page","status-publish","hentry"],"acf":[],"aioseo_notices":[],"_links":{"self":[{"href":"https:\/\/www.nortekair.com\/fr\/wp-json\/wp\/v2\/pages\/2845","targetHints":{"allow":["GET"]}}],"collection":[{"href":"https:\/\/www.nortekair.com\/fr\/wp-json\/wp\/v2\/pages"}],"about":[{"href":"https:\/\/www.nortekair.com\/fr\/wp-json\/wp\/v2\/types\/page"}],"author":[{"embeddable":true,"href":"https:\/\/www.nortekair.com\/fr\/wp-json\/wp\/v2\/users\/8"}],"replies":[{"embeddable":true,"href":"https:\/\/www.nortekair.com\/fr\/wp-json\/wp\/v2\/comments?post=2845"}],"version-history":[{"count":1,"href":"https:\/\/www.nortekair.com\/fr\/wp-json\/wp\/v2\/pages\/2845\/revisions"}],"predecessor-version":[{"id":5991,"href":"https:\/\/www.nortekair.com\/fr\/wp-json\/wp\/v2\/pages\/2845\/revisions\/5991"}],"up":[{"embeddable":true,"href":"https:\/\/www.nortekair.com\/fr\/wp-json\/wp\/v2\/pages\/2873"}],"wp:attachment":[{"href":"https:\/\/www.nortekair.com\/fr\/wp-json\/wp\/v2\/media?parent=2845"}],"curies":[{"name":"wp","href":"https:\/\/api.w.org\/{rel}","templated":true}]}}