{"id":2848,"date":"2024-06-11T14:29:40","date_gmt":"2024-06-11T19:29:40","guid":{"rendered":"https:\/\/www.nortekair.com\/?page_id=2848"},"modified":"2024-07-17T10:27:07","modified_gmt":"2024-07-17T15:27:07","slug":"design-vert","status":"publish","type":"page","link":"https:\/\/www.nortekair.com\/fr\/innovation\/design-vert\/","title":{"rendered":"Design vert"},"content":{"rendered":"\n\n\t\t<h2>\n\t\t\tDes innovations pour les b\u00e2timents respectueux de l&rsquo;environnement\n\t\t<\/h2>\n<p>Puisque les syst\u00e8mes CVC consomment une grande quantit\u00e9 d&rsquo;\u00e9nergie dans les b\u00e2timents, ils peuvent avoir un impact significatif sur l&rsquo;environnement. Nortek Air Solutions est en mesure de fabriquer sur mesure de l&rsquo;\u00e9quipement CVC qui comble vos besoins et minimise l&rsquo;impact sur l&rsquo;environnement. Nous travaillons avec votre \u00e9quipe de conception pour nous assurer que votre \u00e9quipement CVC est \u00e9co\u00e9nerg\u00e9tique tout en offrant une excellente qualit\u00e9 d&rsquo;air int\u00e9rieur et une performance acoustique silencieuse. Nos capacit\u00e9s de design sur mesure offrent des solutions uniques pour vos applications les plus exigeantes.<\/p>\n<h2><a href=\"https:\/\/www.nortekair.com\/innovation\/energy-efficiency\/\">Efficacit\u00e9 \u00e9nerg\u00e9tique<\/a><\/h2>\nNous sommes un leader dans la cr\u00e9ation de solutions\u00a0<a href=\"https:\/\/www.nortekair.com\/fr\/innovation\/efficacite\/\">\u00e9co\u00e9nerg\u00e9tiques<\/a>\u00a0pour vos syst\u00e8mes CVC. Notre expertise en ing\u00e9nierie et nos technologies avanc\u00e9es nous aident \u00e0 d\u00e9velopper des composantes et des processus novateurs pour vous offrir des syst\u00e8mes CVC respectueux de l&rsquo;environnement et \u00e9conomiques.<br \/>\nNos innovations en mati\u00e8re d&rsquo;efficacit\u00e9\u00a0:\n<ul>\n<li>Moteurs \u00e0 aimant permanent\u00a0<b>Les moteurs les plus efficaces sur le march\u00e9 \u00e0 tous les points d&rsquo;op\u00e9ration.<\/b><\/li>\n<li>Syst\u00e8mes IDEC de refroidissement gratuit\u00a0Nos appareils de refroidissement \u00e0 \u00e9vaporation indirecte\/directe utilisent l&rsquo;air ext\u00e9rieur pour refroidir l&rsquo;espace int\u00e9rieur dans une vaste gamme de conditions d&rsquo;op\u00e9ration.<\/li>\n<li><a href=\"https:\/\/www.nortekair.com\/fr\/innovation\/economiseurs\/\">\u00c9conomiseurs<\/a>\u00a0<b>Un syst\u00e8me \u00e9co\u00e9nerg\u00e9tique qui utilise une tour de refroidissement, un condenseur, des conduites d&rsquo;eau, des soupapes de contr\u00f4le et des serpentins d&rsquo;eau pour refroidir sans compresseur.\u00a0<\/b><\/li>\n<li>Compresseurs \u00e0 roulements magn\u00e9tiques sans huile et sans friction\u00a0Ces compresseurs \u00e0 roulements magn\u00e9tiques offrent une efficacit\u00e9 formidable \u00e0 charge partielle.<\/li>\n<li><a href=\"https:\/\/www.nortekair.com\/fr\/innovation\/condensation-a-evaporation\/\">Condenseurs \u00e0 \u00e9vaporation<\/a><b>\u00a0<\/b>Notre processus de condensation \u00e0 \u00e9vaporation utilise l&rsquo;effet refroidissant de l&rsquo;\u00e9vaporation pour abaisser la temp\u00e9rature de condensation dans votre syst\u00e8me.<\/li>\n<li><a href=\"https:\/\/www.nortekair.com\/fr\/innovation\/systemes-de-recuperation-denergie\/\">Syst\u00e8mes de r\u00e9cup\u00e9ration d&rsquo;\u00e9nergie<\/a><b>\u00a0<\/b>Les syst\u00e8mes de r\u00e9cup\u00e9ration d&rsquo;\u00e9nergie utilisent l&rsquo;\u00e9nergie dans l&rsquo;air du b\u00e2timent qui se dissipe habituellement pour traiter l&rsquo;air de ventilation entrant.<\/li>\n<li><a href=\"https:\/\/www.nortekair.com\/fr\/innovation\/la-technologie-fanwall-les-ventilateurs-groupes-preferes\/\">Technologie FANWALL<\/a><sup>\u00ae<\/sup>\u00a0Les syst\u00e8mes \u00e0 technologie FANWALL<sup>\u00ae<\/sup>\u00a0permettent des \u00e9conomies d&rsquo;\u00e9nergie jusqu&rsquo;\u00e0 40\u00a0%.<\/li>\n<\/ul>\n\t\t<h2>\n\t\t\tLEED\u00ae\n\t\t<\/h2>\n\t<p>LEED<sup>\u00ae<\/sup>, l&rsquo;un des programmes d&rsquo;\u00e9valuation d&rsquo;immeubles verts les plus reconnus,\u00a0aide les propri\u00e9taires de b\u00e2timents \u00e0 minimiser l&rsquo;impact de leurs constructions gr\u00e2ce \u00e0 une s\u00e9rie de cr\u00e9dits et de points. Les syst\u00e8mes CVC eux-m\u00eames ne re\u00e7oivent pas de points, mais ils constituent une partie importante des syst\u00e8mes d&rsquo;un b\u00e2timent et ils contribuent plusieurs des points d\u00e9cern\u00e9s \u00e0 ce dernier. Voici une liste des points LEED<sup>\u00ae<\/sup>\u00a0associ\u00e9s aux syst\u00e8mes CVC\u00a0:<\/p>\n<ul>\n<li>Cr\u00e9dit EA 1\u00a0: Jusqu&rsquo;\u00e0 20 points sont disponibles pour d\u00e9montrer l&rsquo;efficacit\u00e9 \u00e9nerg\u00e9tique par rapport \u00e0 un b\u00e2timent de base, tel que d\u00e9fini dans la norme ASHRAE 90.1-2007. L&rsquo;avantage pour le propri\u00e9taire du b\u00e2timent est la baisse des co\u00fbts d&rsquo;\u00e9nergie.<\/li>\n<li>Cr\u00e9dit EA 4\u00a0: 2 points sont disponibles selon de frigorig\u00e8ne choisi pour le syst\u00e8me CVC, ou pour l&rsquo;absence compl\u00e8te de frigorig\u00e8ne. Le choix du frigorig\u00e8ne est la premi\u00e8re \u00e9tape dans la r\u00e9duction de l&rsquo;impact environnemental d&rsquo;un syst\u00e8me CVC.<\/li>\n<li>Cr\u00e9dit EA 1\u00a0: 1 point est d\u00e9cern\u00e9 pour la surveillance de l&rsquo;air ext\u00e9rieur livr\u00e9, que ce soit par l&rsquo;utilisation d&rsquo;un poste de mesure du d\u00e9bit d&rsquo;air ext\u00e9rieur ou d&rsquo;une ventilation contr\u00f4l\u00e9e par la demande. Cela permet de s&rsquo;assurer que la ventilation est achemin\u00e9e vers les espaces occup\u00e9s dans un b\u00e2timent.<\/li>\n<li>Cr\u00e9dit EA 2\u00a0: 1 point est d\u00e9cern\u00e9 pour l&rsquo;augmentation de la quantit\u00e9 d&rsquo;air ext\u00e9rieur de 30\u00a0% par rapport \u00e0 la norme ASHRAE 62.1-2007. Cela permet de s&rsquo;assurer qu&rsquo;une quantit\u00e9 accrue d&rsquo;air ext\u00e9rieur est achemin\u00e9e vers les espaces occup\u00e9s afin d&rsquo;am\u00e9liorer la qualit\u00e9 de l&rsquo;air int\u00e9rieur pour les occupants.<\/li>\n<li>Cr\u00e9dit EA 3.1 et cr\u00e9dit EA 5\u00a0: 2 cr\u00e9dits et 2 points sont disponibles pour la gestion de la qualit\u00e9 de l&rsquo;air ambiant et de la contamination par particules pendant et apr\u00e8s la construction. Pour le design CVC, cela requiert une filtration MERV 8 si les appareils de traitement d&rsquo;air sont utilis\u00e9s pendant la construction, et une filtration MERV 13 apr\u00e8s l&rsquo;occupation du b\u00e2timent.<\/li>\n<li>Cr\u00e9dit EA 3.2\u00a0: 1 point est disponible pour l&rsquo;ach\u00e8vement pour la purge du b\u00e2timent ou un essai de qualit\u00e9 de l&rsquo;air, ce qui aide \u00e0 r\u00e9duire les probl\u00e8mes de qualit\u00e9 de l&rsquo;air int\u00e9rieur associ\u00e9s \u00e0 la construction ou la r\u00e9novation d&rsquo;un b\u00e2timent.<\/li>\n<li>Cr\u00e9dit EA 7\u00a0: 2 points sont disponibles pour la conception et la v\u00e9rification de la conformit\u00e9 avec la norme ASHRAE 55-2004. L&rsquo;\u00e9valuation des besoins de confort thermique dans l&rsquo;espace aide au confort des occupants et augmente la productivit\u00e9.<\/li>\n<\/ul>\n<p>Nous pouvons facilement installer un syst\u00e8me de r\u00e9cup\u00e9ration du condensat \u00e9vacu\u00e9 dans vos appareils de traitement d&rsquo;air pour vous permettre de r\u00e9utiliser l&rsquo;eau dans votre b\u00e2timent. LEED<sup>\u00ae<\/sup>\u00a0reconna\u00eet que la r\u00e9cup\u00e9ration du condensat est un outil significatif pour r\u00e9utiliser l&rsquo;eau dans un b\u00e2timent, ce qui permet de r\u00e9duire la consommation d&rsquo;eau potable.<\/p>\n<p>Voyez comment nous avons aid\u00e9 des clients tels que\u00a0Transamerica Pyramid\u00a0et le\u00a0centre m\u00e9dical Dell Children&rsquo;s\u00a0\u00e0 atteindre l&rsquo;homologation LEED<sup>\u00ae<\/sup>\u00a0Platine.<\/p>\n\t\t<h2>\n\t\t\tQualit\u00e9 de l&rsquo;air int\u00e9rieur\n\t\t<\/h2>\n\t<p>La qualit\u00e9 de votre air int\u00e9rieur est extr\u00eamement importante pour un environnement sain, et l&rsquo;apport d&rsquo;air de qualit\u00e9 sup\u00e9rieure \u00e0 votre b\u00e2timent est l&rsquo;un des principaux objectifs de Nortek Air Solutions. Nous sommes responsables de plusieurs innovations &#8211; surtout dans le\u00a0<a href=\"https:\/\/www.nortekair.com\/fr\/innovation\/controle-de-lhumidite\/\">contr\u00f4le de l&rsquo;humidit\u00e9<\/a>, les\u00a0<a href=\"https:\/\/www.nortekair.com\/fr\/produits\/systemes-de-recuperation-denergie\/\">syst\u00e8mes d\u00e9di\u00e9s d&rsquo;air ext\u00e9rieur<\/a>, et la filtration &#8211; et ces innovations contribueront grandement \u00e0 am\u00e9liorer la qualit\u00e9 de votre air int\u00e9rieur.<\/p>\n\t\t<h2>\n\t\t\tAcoustique\n\t\t<\/h2>\n\t<p>Nos technologies novatrices d&rsquo;att\u00e9nuation sonore &#8211; y compris notre\u00a0<a href=\"https:\/\/www.nortekair.com\/fr\/innovation\/silencieux-coplanar-technologie-brevetee-dattenuation-du-bruit\/\">silencieux Coplanar<\/a>\u00ae\u00a0&#8211; aideront \u00e0 r\u00e9duire les niveaux de bruits pour obtenir un environnement confortable et fonctionnel.<\/p>\n\t\t\t<a href=\"https:\/\/www.nortekair.com\/fr\/a-propos-de-nortek-air-solutions\/pour-nous-joindre\/\" target=\"_self\" rel=\"noopener\">\n\t\t\t\t\t\t\tPOUR NOUS JOINDRE\n\t\t\t<\/a>\n\t<p>Avez-vous des questions \u00e0 propos de Nortek Air Solutions, de nos produits ou de ce que nous pouvons faire pour vous aider dans votre prochaine application? Contactez-nous et nous vous aiderons au maximum de nos comp\u00e9tences!<\/p>\n<p>Notre vaste r\u00e9seau de repr\u00e9sentants Nortek Air Solutions peut aussi vous aider \u00e0 analyser votre application de b\u00e2timent et \u00e0 d\u00e9velopper la solution parfaite pour vos besoins de traitement d&rsquo;air.<\/p>\n\n","protected":false},"excerpt":{"rendered":"<p>Des innovations pour les b\u00e2timents respectueux de l&rsquo;environnement Puisque les syst\u00e8mes CVC consomment une grande quantit\u00e9 d&rsquo;\u00e9nergie dans les b\u00e2timents, ils peuvent avoir un impact significatif sur l&rsquo;environnement. Nortek Air Solutions est en mesure de fabriquer sur mesure de l&rsquo;\u00e9quipement CVC qui comble vos besoins et minimise l&rsquo;impact sur l&rsquo;environnement. Nous travaillons avec votre \u00e9quipe&hellip;<\/p>\n","protected":false},"author":8,"featured_media":0,"parent":2873,"menu_order":0,"comment_status":"closed","ping_status":"closed","template":"","meta":{"_acf_changed":false,"_relevanssi_hide_post":"","_relevanssi_hide_content":"","_relevanssi_pin_for_all":"","_relevanssi_pin_keywords":"","_relevanssi_unpin_keywords":"","_relevanssi_related_keywords":"","_relevanssi_related_include_ids":"","_relevanssi_related_exclude_ids":"","_relevanssi_related_no_append":"","_relevanssi_related_not_related":"","_relevanssi_related_posts":"","_relevanssi_noindex_reason":"","footnotes":""},"class_list":["post-2848","page","type-page","status-publish","hentry"],"acf":[],"aioseo_notices":[],"_links":{"self":[{"href":"https:\/\/www.nortekair.com\/fr\/wp-json\/wp\/v2\/pages\/2848","targetHints":{"allow":["GET"]}}],"collection":[{"href":"https:\/\/www.nortekair.com\/fr\/wp-json\/wp\/v2\/pages"}],"about":[{"href":"https:\/\/www.nortekair.com\/fr\/wp-json\/wp\/v2\/types\/page"}],"author":[{"embeddable":true,"href":"https:\/\/www.nortekair.com\/fr\/wp-json\/wp\/v2\/users\/8"}],"replies":[{"embeddable":true,"href":"https:\/\/www.nortekair.com\/fr\/wp-json\/wp\/v2\/comments?post=2848"}],"version-history":[{"count":0,"href":"https:\/\/www.nortekair.com\/fr\/wp-json\/wp\/v2\/pages\/2848\/revisions"}],"up":[{"embeddable":true,"href":"https:\/\/www.nortekair.com\/fr\/wp-json\/wp\/v2\/pages\/2873"}],"wp:attachment":[{"href":"https:\/\/www.nortekair.com\/fr\/wp-json\/wp\/v2\/media?parent=2848"}],"curies":[{"name":"wp","href":"https:\/\/api.w.org\/{rel}","templated":true}]}}