{"id":2851,"date":"2024-05-15T16:47:46","date_gmt":"2024-05-15T21:47:46","guid":{"rendered":"https:\/\/www.nortekair.com\/?page_id=2851"},"modified":"2024-07-17T08:40:44","modified_gmt":"2024-07-17T13:40:44","slug":"a-propos-de-nortek-air-solutions","status":"publish","type":"page","link":"https:\/\/www.nortekair.com\/fr\/a-propos-de-nortek-air-solutions\/","title":{"rendered":"\u00c0 propos de Nortek Air Solutions"},"content":{"rendered":"\n\n\t<p>Nortek Air Solutions offre l&rsquo;expertise, l&rsquo;innovation et le support du plus grand groupe de marques d&rsquo;appareils de chauffage, ventilation et climatisation (CVC) sur mesure d&rsquo;Am\u00e9rique du Nord. Notre grande\u00a0<a href=\"https:\/\/www.nortekair.com\/fr\/a-propos-de-nortek-air-solutions\/ahu-dx-marques\/\">famille de marques<\/a>\u00a0cumule plus de 390 ann\u00e9es d&rsquo;exp\u00e9rience, cinq installations de fabrication et 165 bureaux de vente pour vous aider \u00e0 trouver la solution parfaite pour votre application de traitement d&rsquo;air.<\/p>\n<p>Notre vaste gamme de\u00a0<a href=\"https:\/\/www.nortekair.com\/fr\/solutions-par-marche\/\">solutions sur mesure pour diff\u00e9rents march\u00e9s<\/a>\u00a0y compris la sant\u00e9, l&rsquo;\u00e9ducation, les centres de donn\u00e9es, la fabrication, les salles blanches, les bureaux et les projets de remplacement d&rsquo;appareils de traitement d&rsquo;air &#8211; comprend\u00a0<a href=\"https:\/\/www.nortekair.com\/fr\/innovation\/\">des technologies novatrices<\/a>\u00a0qui visent \u00e0 accro\u00eetre l&rsquo;efficacit\u00e9 \u00e9nerg\u00e9tique, r\u00e9duire les co\u00fbts d&rsquo;exploitation, am\u00e9liorer la qualit\u00e9 de l&rsquo;air int\u00e9rieur, maximiser le rendement, assurer la fiabilit\u00e9 des syst\u00e8mes et r\u00e9duire le bruit.<\/p>\n\t\t<h2>\n\t\t\tUN LEADER DE L&rsquo;INDUSTRIE\n\t\t<\/h2>\n\t<p>Nous sommes un leader en mati\u00e8re d&rsquo;innovation et d&rsquo;expertise dans le secteur du traitement de l&rsquo;air, et nous sommes depuis longtemps un fournisseur de confiance de solutions de traitement d&rsquo;air et d&rsquo;\u00e9quipements CVC sur mesure hautement performants, \u00e9co\u00e9nerg\u00e9tiques, \u00e9conomiques et fiables pour une vaste gamme d&rsquo;applications.<\/p>\n\t\t<h2>\n\t\t\tL&rsquo;AVANTAGE DE NORTEK AIR SOLUTIONS\n\t\t<\/h2>\n\t<p>Nortek Air Solutions est un leader de l&rsquo;industrie et un fournisseur de confiance de solutions de traitement d&rsquo;air et d&rsquo;\u00e9quipements CVC sur mesure pour une vaste gamme d&rsquo;applications, y compris les \u00e9difices scolaires et \u00e0 bureaux, les installations de soins de sant\u00e9 et blocs op\u00e9ratoires, les centres de donn\u00e9es et salles blanches, ainsi que les installations de fabrication. Forts de nos longues ann\u00e9es de conception sur mesure de syst\u00e8mes \u00e9co\u00e9nerg\u00e9tiques et fiables qui offrent une qualit\u00e9 d&rsquo;air ambiant sup\u00e9rieure, de faibles niveaux de bruits et des co\u00fbts d&rsquo;exploitation totaux modestes, nous poss\u00e9dons l&rsquo;exp\u00e9rience de notre industrie et l&rsquo;expertise technique requises pour cr\u00e9er une solution id\u00e9ale adapt\u00e9e aux besoins de votre application.<\/p>\n\t<h3>Exp\u00e9rience et expertise<\/h3>\n<p>Exp\u00e9rience et expertise &#8211; Nortek Air Solutions et ses marques affili\u00e9es cumulent plus de 300 ann\u00e9es d&rsquo;exp\u00e9rience dans le secteur CVC. Au cours des ans, nous avons d\u00e9velopp\u00e9 des produits novateurs et in\u00e9dits, une compr\u00e9hension approfondie des besoins des applications de diff\u00e9rents secteurs, et l&rsquo;expertise technique requise pour fabriquer des produits de traitement d&rsquo;air dont la qualit\u00e9 et la performance sont in\u00e9gal\u00e9es sur le march\u00e9. Nos produits sont install\u00e9s dans certains des \u00e9difices les plus prestigieux d&rsquo;Am\u00e9rique du Nord et du monde.<\/p>\n\t<h3>Des solutions personnalis\u00e9es pour de meilleurs environnements du b\u00e2timent<\/h3>\n<p>Notre large gamme de produits et de syst\u00e8mes personnalis\u00e9s offre la flexibilit\u00e9 dont vous avez besoin pour r\u00e9soudre m\u00eame les applications les plus difficiles.<\/p>\n<ul>\n<li><a href=\"https:\/\/www.nortekair.com\/fr\/appareils-de-traitement-de-lair\/\">Appareils de traitement de l&rsquo;air<\/a><\/li>\n<li><a href=\"https:\/\/www.nortekair.com\/fr\/produits\/appareils-de-traitement-dair-de-deshumidification\/\">Faible taux d&rsquo;humidit\u00e9<\/a><\/li>\n<li><a href=\"https:\/\/www.nortekair.com\/fr\/?page_id=2936\">Syst\u00e8mes pour salles blanches<\/a><\/li>\n<li><a href=\"https:\/\/www.nortekair.com\/fr\/produits\/serpentins\/\">Serpentins<\/a><\/li>\n<li><a href=\"https:\/\/www.nortekair.com\/fr\/produits\/systemes-fanwall\/\">FANWALL<\/a><\/li>\n<li><a href=\"https:\/\/www.nortekair.com\/fr\/produits\/systemes-de-recuperation-denergie\/\">R\u00e9cup\u00e9ration d&rsquo;\u00e9nergie<\/a><\/li>\n<li><a href=\"https:\/\/www.nortekair.com\/fr\/produits\/systemes-verticaux-autonomes\/\">Vertical autonome<\/a><\/li>\n<li><a href=\"https:\/\/www.nortekair.com\/fr\/innovation\/remplacement\/\">Modernisation et mises \u00e0 niveau<\/a><\/li>\n<\/ul>\n\t\t<h2>\n\t\t\tCommitment to Quality\n\t\t<\/h2>\n\t<p>A strong commitment to quality is fundamental to the way we operate. Our top priority is providing you with a high-quality, reliable, long-lasting system that meets and exceeds your requirements. With that in mind, our three national <a href=\"https:\/\/www.nortekair.com\/about\/research-testing\/\">research labs and testing facilities<\/a>\u00a0help ensure the thermal performance, sound levels, and airflow of our systems.<\/p>\n\n","protected":false},"excerpt":{"rendered":"<p>Nortek Air Solutions offre l&rsquo;expertise, l&rsquo;innovation et le support du plus grand groupe de marques d&rsquo;appareils de chauffage, ventilation et climatisation (CVC) sur mesure d&rsquo;Am\u00e9rique du Nord. Notre grande\u00a0famille de marques\u00a0cumule plus de 390 ann\u00e9es d&rsquo;exp\u00e9rience, cinq installations de fabrication et 165 bureaux de vente pour vous aider \u00e0 trouver la solution parfaite pour votre&hellip;<\/p>\n","protected":false},"author":8,"featured_media":614,"parent":0,"menu_order":0,"comment_status":"closed","ping_status":"closed","template":"","meta":{"_acf_changed":false,"_relevanssi_hide_post":"","_relevanssi_hide_content":"","_relevanssi_pin_for_all":"","_relevanssi_pin_keywords":"","_relevanssi_unpin_keywords":"","_relevanssi_related_keywords":"","_relevanssi_related_include_ids":"","_relevanssi_related_exclude_ids":"","_relevanssi_related_no_append":"","_relevanssi_related_not_related":"","_relevanssi_related_posts":"1864,3029,3031,1858,1854,2972","_relevanssi_noindex_reason":"","footnotes":""},"class_list":["post-2851","page","type-page","status-publish","has-post-thumbnail","hentry"],"acf":[],"aioseo_notices":[],"_links":{"self":[{"href":"https:\/\/www.nortekair.com\/fr\/wp-json\/wp\/v2\/pages\/2851","targetHints":{"allow":["GET"]}}],"collection":[{"href":"https:\/\/www.nortekair.com\/fr\/wp-json\/wp\/v2\/pages"}],"about":[{"href":"https:\/\/www.nortekair.com\/fr\/wp-json\/wp\/v2\/types\/page"}],"author":[{"embeddable":true,"href":"https:\/\/www.nortekair.com\/fr\/wp-json\/wp\/v2\/users\/8"}],"replies":[{"embeddable":true,"href":"https:\/\/www.nortekair.com\/fr\/wp-json\/wp\/v2\/comments?post=2851"}],"version-history":[{"count":0,"href":"https:\/\/www.nortekair.com\/fr\/wp-json\/wp\/v2\/pages\/2851\/revisions"}],"wp:featuredmedia":[{"embeddable":true,"href":"https:\/\/www.nortekair.com\/fr\/wp-json\/wp\/v2\/media\/614"}],"wp:attachment":[{"href":"https:\/\/www.nortekair.com\/fr\/wp-json\/wp\/v2\/media?parent=2851"}],"curies":[{"name":"wp","href":"https:\/\/api.w.org\/{rel}","templated":true}]}}