{"id":2860,"date":"2024-06-11T14:31:05","date_gmt":"2024-06-11T19:31:05","guid":{"rendered":"https:\/\/www.nortekair.com\/?page_id=2860"},"modified":"2024-07-16T16:02:00","modified_gmt":"2024-07-16T21:02:00","slug":"remplacement","status":"publish","type":"page","link":"https:\/\/www.nortekair.com\/fr\/innovation\/remplacement\/","title":{"rendered":"Remplacement"},"content":{"rendered":"\n\n\t\t<h2>\n\t\t\tSyst\u00e8mes FANWALL<sup>\u00ae<\/sup> et appareils de traitement d&rsquo;air assemblables\n\t\t<\/h2>\n\t<p>Notre souplesse sur mesure et notre expertise dans les applications fournissent une gamme de solutions pour les applications de remplacement et de mise \u00e0 niveau. Si vous avez besoin de remplacer un appareil de traitement d&rsquo;air ou un ventilateur \u00e2g\u00e9, recherchez une configuration unique ou une empreinte r\u00e9duite pour un projet de mise \u00e0 niveau, ou devez r\u00e9gler des probl\u00e8mes d&rsquo;acc\u00e8s ou d&rsquo;installation nos solutions \u00e0 haute performance offrent l&rsquo;<a href=\"https:\/\/www.nortekair.com\/fr\/innovation\/efficacite\/\">efficacit\u00e9 \u00e9nerg\u00e9tique<\/a>, de\u00a0<a href=\"https:\/\/www.nortekair.com\/fr\/innovation\/son-et-bruit-technologies-novatrices-dattenuation-sonore\/\">faibles niveaux de bruit<\/a>\u00a0et la\u00a0<a href=\"https:\/\/www.nortekair.com\/fr\/innovation\/qualite-de-lair-interieur\/\">qualit\u00e9 sup\u00e9rieure d&rsquo;air int\u00e9rieur<\/a>.<\/p>\n\t\t<h2>\n\t\t\tSyst\u00e8mes FANWALL &#8211; Parfaits pour la mise \u00e0 niveau des appareils de traitement d&rsquo;air et des ventilateurs\n\t\t<\/h2>\n\t<p>L&rsquo;utilisation d&rsquo;un\u00a0<a href=\"https:\/\/www.nortekair.com\/fr\/produits\/systemes-fanwall\/\">syst\u00e8me FANWALL<\/a>\u00a0pour remplacer les ventilateurs \u00e2g\u00e9s en fin de vie dans les appareils de traitement d&rsquo;air existants peut \u00eatre la solution la plus \u00e9conomique pour pr\u00e9venir l&rsquo;interruption des activit\u00e9s en cas de panne de l&rsquo;appareil de traitement d&rsquo;air, et ce, tout en r\u00e9alisant des \u00e9conomies d&rsquo;\u00e9nergie jusqu&rsquo;\u00e0 40\u00a0%.<\/p>\n<p>Dans bien des cas, le remplacement d&rsquo;un ventilateur ou d&rsquo;un appareil de traitement d&rsquo;air pr\u00e9sente des limites d&rsquo;acc\u00e8s qui peuvent requ\u00e9rir le temps et la d\u00e9pense associ\u00e9s \u00e0 un projet majeur de d\u00e9molition et de reconstruction. Un syst\u00e8me FANWALL\u00a0peut minimiser ces probl\u00e8mes ainsi que d&rsquo;autres obstacles.<\/p>\n<ul>\n<li>La performance du nouveau syst\u00e8me peut \u00eatre optimis\u00e9e pour correspondre aux besoins r\u00e9els de capacit\u00e9 et de d\u00e9bit d&rsquo;air.<\/li>\n<li>Les composantes accessoires qui causaient de la pression statique n\u00e9gative dans l&rsquo;ancien syst\u00e8me peuvent \u00eatre retir\u00e9es, comme les att\u00e9nuateurs sonores et les m\u00e9langeurs d&rsquo;air.<\/li>\n<li>Les mises \u00e0 nouveau peuvent souvent \u00eatre effectu\u00e9es la fin de semaine ou pendant des p\u00e9riodes d&rsquo;occupation r\u00e9duite pour minimiser le temps d&rsquo;inactivit\u00e9 ou l&rsquo;interruption des activit\u00e9s normales.<\/li>\n<\/ul>\n<p>Nous avons con\u00e7u des solutions FANWALL de mise \u00e0 niveau pour les bureaux, les \u00e9tablissements scolaires, les installations de divertissements, les h\u00f4tels, les h\u00f4pitaux, les centres de donn\u00e9es et les usines de fabrication.<\/p>\n\t\t<h2>\n\t\t\tAppareils de traitement d&rsquo;air assemblables pour les projets de remplacement\n\t\t<\/h2>\n\t<p>Nos\u00a0<a href=\"https:\/\/www.nortekair.com\/fr\/produits\/appareils-de-traitement-dair-assemblables\/\">appareils assemblables<\/a>\u00a0offrent une solution \u00e9conomique pour les projets de remplacement \u00e0 acc\u00e8s limit\u00e9. Les marques d&rsquo;appareils de traitement d&rsquo;air de Nortek Air Solutions offrent deux options d&rsquo;appareils de traitement d&rsquo;air assemblables pour les espaces et les \u00e9ch\u00e9anciers d&rsquo;installation restreints. Pendant plus de 30 ann\u00e9es de fabrication d&rsquo;appareils de traitement d&rsquo;air sur mesure, nous avons perfectionn\u00e9 la conception de nos appareils assemblables en fonction des commentaires de nos clients. La construction assemblable signifie que l&rsquo;appareil est con\u00e7u et fabriqu\u00e9 sp\u00e9cifiquement pour convenir \u00e0 l&rsquo;ouverture disponible sur le chantier et aux contraintes de poids. Le r\u00e9sultat &#8211; installation plus rapide sur le chantier d&rsquo;un appareil de traitement de grande qualit\u00e9 b\u00e2ti sur place. Qui plus est, la performance de votre appareil assemblable peut \u00eatre optimis\u00e9e pour correspondre aux exigences actuelles de capacit\u00e9 et de d\u00e9bit d&rsquo;air afin de r\u00e9duire les co\u00fbts d&rsquo;exploitation sur la vie de votre nouvel appareil de traitement d&rsquo;air.<\/p>\n\t\t<h2>\n\t\t\tRemplacement des serpentins\n\t\t<\/h2>\n\t<p>Les\u00a0<a href=\"https:\/\/www.nortekair.com\/fr\/produits\/serpentins\/\">serpentins<\/a>\u00a0de remplacement sont disponibles aupr\u00e8s de Temtrol, d&rsquo;Okarche, en Oklahoma, et de Ventrol, de Montr\u00e9al, au Qu\u00e9bec. Ces deux fournisseurs offrent une gamme compl\u00e8te de serpentins de diff\u00e9rents types et mat\u00e9riaux. Tous nos serpentins sont faits de mat\u00e9riaux de grande qualit\u00e9 et fabriqu\u00e9s suivant les normes de contr\u00f4le de la qualit\u00e9 les plus strictes de mani\u00e8re \u00e0 ce qu&rsquo;ils soient de la meilleure qualit\u00e9, test\u00e9s suivant les normes de certification AHRI et con\u00e7us pour une longue dur\u00e9e et une performance sup\u00e9rieure.<\/p>\n\n","protected":false},"excerpt":{"rendered":"<p>Syst\u00e8mes FANWALL\u00ae et appareils de traitement d&rsquo;air assemblables Notre souplesse sur mesure et notre expertise dans les applications fournissent une gamme de solutions pour les applications de remplacement et de mise \u00e0 niveau. Si vous avez besoin de remplacer un appareil de traitement d&rsquo;air ou un ventilateur \u00e2g\u00e9, recherchez une configuration unique ou une empreinte&hellip;<\/p>\n","protected":false},"author":8,"featured_media":0,"parent":2873,"menu_order":0,"comment_status":"closed","ping_status":"closed","template":"","meta":{"_acf_changed":false,"_relevanssi_hide_post":"","_relevanssi_hide_content":"","_relevanssi_pin_for_all":"","_relevanssi_pin_keywords":"","_relevanssi_unpin_keywords":"","_relevanssi_related_keywords":"","_relevanssi_related_include_ids":"","_relevanssi_related_exclude_ids":"","_relevanssi_related_no_append":"","_relevanssi_related_not_related":"","_relevanssi_related_posts":"","_relevanssi_noindex_reason":"","footnotes":""},"class_list":["post-2860","page","type-page","status-publish","hentry"],"acf":[],"aioseo_notices":[],"_links":{"self":[{"href":"https:\/\/www.nortekair.com\/fr\/wp-json\/wp\/v2\/pages\/2860","targetHints":{"allow":["GET"]}}],"collection":[{"href":"https:\/\/www.nortekair.com\/fr\/wp-json\/wp\/v2\/pages"}],"about":[{"href":"https:\/\/www.nortekair.com\/fr\/wp-json\/wp\/v2\/types\/page"}],"author":[{"embeddable":true,"href":"https:\/\/www.nortekair.com\/fr\/wp-json\/wp\/v2\/users\/8"}],"replies":[{"embeddable":true,"href":"https:\/\/www.nortekair.com\/fr\/wp-json\/wp\/v2\/comments?post=2860"}],"version-history":[{"count":0,"href":"https:\/\/www.nortekair.com\/fr\/wp-json\/wp\/v2\/pages\/2860\/revisions"}],"up":[{"embeddable":true,"href":"https:\/\/www.nortekair.com\/fr\/wp-json\/wp\/v2\/pages\/2873"}],"wp:attachment":[{"href":"https:\/\/www.nortekair.com\/fr\/wp-json\/wp\/v2\/media?parent=2860"}],"curies":[{"name":"wp","href":"https:\/\/api.w.org\/{rel}","templated":true}]}}