{"id":2864,"date":"2024-06-11T14:31:32","date_gmt":"2024-06-11T19:31:32","guid":{"rendered":"https:\/\/www.nortekair.com\/?page_id=2864"},"modified":"2024-07-17T15:37:23","modified_gmt":"2024-07-17T20:37:23","slug":"son-et-bruit-technologies-novatrices-dattenuation-sonore","status":"publish","type":"page","link":"https:\/\/www.nortekair.com\/fr\/innovation\/son-et-bruit-technologies-novatrices-dattenuation-sonore\/","title":{"rendered":"Son et bruit"},"content":{"rendered":"\n\n\t\t<h2>\n\t\t\tTechnologies novatrices d&rsquo;att\u00e9nuation sonore\n\t\t<\/h2>\n\t<p>Nortek Air Solutions comprend que l&rsquo;acoustique est une consid\u00e9ration importante dans votre solution de traitement d&rsquo;air, et de nombreux types de b\u00e2timents requi\u00e8rent des syst\u00e8mes CVC silencieux &#8211;\u00a0pas seulement les bureaux et les \u00e9coles, mais \u00e9galement les \u00e9tablissements de soins de sant\u00e9, les th\u00e9\u00e2tres, les mus\u00e9es et les laboratoires.<\/p>\n<p>Nos technologies novatrices d&rsquo;att\u00e9nuation sonore vous aideront \u00e0 r\u00e9duire vos niveaux de bruit pour obtenir des environnements confortables et fonctionnels.<\/p>\n<h3><a href=\"https:\/\/www.nortekair.com\/fr\/innovation\/silencieux-coplanar-technologie-brevetee-dattenuation-du-bruit\/\">Coplanar Silencer<sup>\u00ae<\/sup><\/a><\/h3>\n<p>Notre module de\u00a0<a href=\"https:\/\/www.nortekair.com\/fr\/innovation\/silencieux-coplanar-technologie-brevetee-dattenuation-du-bruit\/\">contr\u00f4le actif du bruit<\/a>\u00a0&#8211; con\u00e7u sp\u00e9cifiquement pour nos\u00a0syst\u00e8mes FANWALL<sup>\u00ae<\/sup>\u00a0&#8211; est l&rsquo;option la plus compacte sur le march\u00e9 pour un contr\u00f4le accru du bruit d&rsquo;admission, offrant une r\u00e9duction jusqu&rsquo;\u00e0 22 dB du potentiel sonore. Chaque module est fix\u00e9 \u00e0 l&rsquo;entr\u00e9e d&rsquo;un bloc FANWALL\u00a0pour fournir une att\u00e9nuation sonore dans les bandes d&rsquo;octaves inf\u00e9rieures critiques, tout en ajoutant z\u00e9ro chute de pression d&rsquo;air dans le syst\u00e8me. Le contr\u00f4le actif du bruit FANWALL\u00a0\u00e9limine jusqu&rsquo;\u00e0 0,75\u00a0po de p\u00e9nalit\u00e9 de pression statique constante par rapport aux autres options d&rsquo;att\u00e9nuateurs.<\/p>\n<h3>Con\u00e7us pour un fonctionnement silencieux &#8211; <a href=\"https:\/\/www.nortekair.com\/fr\/produits\/systemes-fanwall\/\">Syst\u00e8mes FANWALL<\/a>\u00a0et syst\u00e8mes verticaux autonomes<\/h3>\n<p>Nos syst\u00e8mes\u00a0<a href=\"https:\/\/www.nortekair.com\/fr\/produits\/systemes-fanwall\/\">FANWALL<\/a>\u00a0sont offerts avec une roue de ventilateur en polym\u00e8re \u00e0 haute performance. Le ventilateur silencieux et efficace de premi\u00e8re qualit\u00e9 comprend une lame, une buse et un c\u00f4ne \u00e0 forme a\u00e9rodynamique am\u00e9lior\u00e9e. De plus, son mat\u00e9riau fournit un amortissement afin de r\u00e9duire le bruit de l&rsquo;agitateur et du moteur et produire une r\u00e9duction sonore typique de 5 dB des fr\u00e9quences de passage de la lame du ventilateur d&rsquo;entr\u00e9e et de sortie.<\/p>\n<p>Les syst\u00e8mes\u00a0FANWALL\u00a0sont con\u00e7us pour \u00e9liminer les vibrations \u00e0 la source, \u00e0 l&rsquo;int\u00e9rieur de chaque bloc FANWALL, l&rsquo;aide de param\u00e8tres d&rsquo;\u00e9quilibre rigoureux et de l&rsquo;utilisation de composantes robustes. Cela se traduit par un fonctionnement plus efficace et plus silencieux et l&rsquo;\u00e9limination de la n\u00e9cessit\u00e9 d&rsquo;isoler les ventilateurs FANWALL\u00a0\u00e0 l&rsquo;int\u00e9rieur de l&rsquo;appareil de traitement d&rsquo;air. Elle permet \u00e9galement d&rsquo;\u00e9liminer le besoin d&rsquo;un tampon d&rsquo;inertie en b\u00e9ton dans l&rsquo;appareil de traitement d&rsquo;air et faciliter l&rsquo;atteinte des exigences pour la certification sismique.<\/p>\n<p>Le\u00a0<a href=\"https:\/\/www.nortekair.com\/fr\/produits\/systemes-verticaux-autonomes\/\">syst\u00e8me vertical autonome V-Cube<\/a>\u2122\u00a0est con\u00e7u pour \u00eatre silencieux\u00a0\u00e0 un point tel qu&rsquo;il peut \u00eatre install\u00e9 \u00e0 c\u00f4t\u00e9 des espaces occup\u00e9s sans requ\u00e9rir d&rsquo;att\u00e9nuation sonore co\u00fbteuse.<\/p>\n<p>La performance acoustique de nos designs est v\u00e9rifi\u00e9e dans le laboratoire acoustique homologu\u00e9 AMCA de Nortek Air Solutions.<\/p>\n\t\t\t<a href=\"https:\/\/www.nortekair.com\/fr\/about\/pour-nous-joindre\/\" target=\"_self\" rel=\"noopener\">\n\t\t\t\t\t\t\tPOUR NOUS JOINDRE\n\t\t\t<\/a>\n\t<p>Avez-vous des questions \u00e0 propos de Nortek Air Solutions, de nos produits ou de ce que nous pouvons faire pour vous aider dans votre prochaine application? Contactez-nous et nous vous aiderons au maximum de nos comp\u00e9tences!<\/p>\n<p>Notre vaste r\u00e9seau de repr\u00e9sentants Nortek Air Solutions peut aussi vous aider \u00e0 analyser votre application de b\u00e2timent et \u00e0 d\u00e9velopper la solution parfaite pour vos besoins de traitement d&rsquo;air.<\/p>\n\n","protected":false},"excerpt":{"rendered":"<p>Technologies novatrices d&rsquo;att\u00e9nuation sonore Nortek Air Solutions comprend que l&rsquo;acoustique est une consid\u00e9ration importante dans votre solution de traitement d&rsquo;air, et de nombreux types de b\u00e2timents requi\u00e8rent des syst\u00e8mes CVC silencieux &#8211;\u00a0pas seulement les bureaux et les \u00e9coles, mais \u00e9galement les \u00e9tablissements de soins de sant\u00e9, les th\u00e9\u00e2tres, les mus\u00e9es et les laboratoires. Nos technologies&hellip;<\/p>\n","protected":false},"author":8,"featured_media":0,"parent":2873,"menu_order":0,"comment_status":"closed","ping_status":"closed","template":"","meta":{"_acf_changed":false,"_relevanssi_hide_post":"","_relevanssi_hide_content":"","_relevanssi_pin_for_all":"","_relevanssi_pin_keywords":"","_relevanssi_unpin_keywords":"","_relevanssi_related_keywords":"","_relevanssi_related_include_ids":"","_relevanssi_related_exclude_ids":"","_relevanssi_related_no_append":"","_relevanssi_related_not_related":"","_relevanssi_related_posts":"","_relevanssi_noindex_reason":"","footnotes":""},"class_list":["post-2864","page","type-page","status-publish","hentry"],"acf":[],"aioseo_notices":[],"_links":{"self":[{"href":"https:\/\/www.nortekair.com\/fr\/wp-json\/wp\/v2\/pages\/2864","targetHints":{"allow":["GET"]}}],"collection":[{"href":"https:\/\/www.nortekair.com\/fr\/wp-json\/wp\/v2\/pages"}],"about":[{"href":"https:\/\/www.nortekair.com\/fr\/wp-json\/wp\/v2\/types\/page"}],"author":[{"embeddable":true,"href":"https:\/\/www.nortekair.com\/fr\/wp-json\/wp\/v2\/users\/8"}],"replies":[{"embeddable":true,"href":"https:\/\/www.nortekair.com\/fr\/wp-json\/wp\/v2\/comments?post=2864"}],"version-history":[{"count":0,"href":"https:\/\/www.nortekair.com\/fr\/wp-json\/wp\/v2\/pages\/2864\/revisions"}],"up":[{"embeddable":true,"href":"https:\/\/www.nortekair.com\/fr\/wp-json\/wp\/v2\/pages\/2873"}],"wp:attachment":[{"href":"https:\/\/www.nortekair.com\/fr\/wp-json\/wp\/v2\/media?parent=2864"}],"curies":[{"name":"wp","href":"https:\/\/api.w.org\/{rel}","templated":true}]}}