{"id":2868,"date":"2024-06-26T16:38:52","date_gmt":"2024-06-26T21:38:52","guid":{"rendered":"https:\/\/www.nortekair.com\/?page_id=2868"},"modified":"2024-07-01T11:54:39","modified_gmt":"2024-07-01T16:54:39","slug":"barrieres-thermiques-prevention-de-la-condensation-et-du-gel","status":"publish","type":"page","link":"https:\/\/www.nortekair.com\/fr\/innovation\/barrieres-thermiques-prevention-de-la-condensation-et-du-gel\/","title":{"rendered":"Barri\u00e8res thermiques"},"content":{"rendered":"\n\n\t\t<h2>\n\t\t\tPr\u00e9vention de la condensation et du gel\n\t\t<\/h2>\n\t<p>Bon nombre d&rsquo;appareils de traitement d&rsquo;air de marque Nortek Air Solutions renferment des technologies novatrices de barri\u00e8res thermiques pour pr\u00e9venir la condensation ou le gel sur l&rsquo;ext\u00e9rieur de votre appareil de traitement d&rsquo;air. La condensation et le gel peuvent \u00eatre particuli\u00e8rement probl\u00e9matiques lorsqu&rsquo;un \u00e9cart de temp\u00e9rature relativement grand (50 \u00b0F ou plus) est pr\u00e9sent entre les surfaces int\u00e9rieures et ext\u00e9rieures de votre appareil de traitement d&rsquo;air, ou lorsque la temp\u00e9rature de l&rsquo;air \u00e9vacu\u00e9 est faible pendant la climatisation. Lorsque c&rsquo;est le cas, la chaleur est transf\u00e9r\u00e9e \u00e0 travers les mat\u00e9riaux conducteurs dans les panneaux de votre appareil de traitement d&rsquo;air, ce qui produit une condensation liquide ou du gel. C&rsquo;est ce qu&rsquo;on appelle un pont thermique, une situation commune dans les applications de climatisation d&rsquo;air o\u00f9 l&rsquo;appareil de traitement d&rsquo;air est situ\u00e9 dans un espace int\u00e9rieur.<\/p>\n<h3>Comment fonctionnent les barri\u00e8res thermiques?<\/h3>\n<p>Une barri\u00e8re thermique est simplement une couche de mat\u00e9riau isolant entre le c\u00f4t\u00e9 froid et le c\u00f4t\u00e9 chaud d&rsquo;un panneau. Les mat\u00e9riaux isolants que nous utilisons ont une r\u00e9sistance thermique grandement sup\u00e9rieure \u00e0 celle des panneaux de votre appareil de traitement d&rsquo;air. Cela pr\u00e9vient le passage d&rsquo;\u00e9nergie thermique entre les panneaux et minimise la condensation ou le gel.<\/p>\n<h3>Barri\u00e8res thermiques \u00e0 isolation en fibre de verre<\/h3>\n<p>La fibre de verre est le mat\u00e9riau isolant que nous utilisons le plus souvent pour les barri\u00e8res thermiques. L&rsquo;\u00e9paisseur de l&rsquo;isolant peut varier selon l&rsquo;\u00e9paisseur des parois murales &#8211; jusqu&rsquo;\u00e0 10 cm. Une paroi murale en mousse de 5 cm a une valeur R de 8. L&rsquo;isolant en fibre de verre peut \u00e9galement fournir une att\u00e9nuation suppl\u00e9mentaire du bruit lorsqu&rsquo;il est utilis\u00e9 dans le tunnel d&rsquo;air.<\/p>\n<h3>Barri\u00e8res thermiques \u00e0 isolant en mousse inject\u00e9e<\/h3>\n<p>La mousse de polyur\u00e9thane peut \u00e9galement \u00eatre utilis\u00e9e pour les barri\u00e8res thermiques. Deux panneaux en feuilles m\u00e9talliques sont plac\u00e9s entre 5 cm et 10 cm l&rsquo;un de l&rsquo;autre tandis que la mousse de polyur\u00e9thane est inject\u00e9e. Une paroi murale en mousse de 5 cm a une valeur R de 13. L&rsquo;utilisation d&rsquo;un isolant en mousse produit des parois murales plus rigides, peut r\u00e9duire le poids de l&rsquo;appareil et rend l&rsquo;armoire \u00e9tanche \u00e0 l&rsquo;eau et \u00e0 l&rsquo;air. Il est souvent utilis\u00e9 lorsque l&rsquo;absence de contact est requise entre l&rsquo;air circulant et l&rsquo;isolant.<\/p>\n<h3>Aucunes barri\u00e8res thermiques \u00e0 travers le m\u00e9tal<\/h3>\n<p>Nous offrons deux designs \u00e0 barri\u00e8res m\u00e9talliques \u00e0 travers le m\u00e9tal. Le design en aluminium extrud\u00e9 utilise une paroi murale de 75 mm \u00e0 valeur R de 19,5. Le design \u00e0 blocs multiples est assorti de parois murales remplies de 10 cm de mousse \u00e0 valeur R de 26.<\/p>\n\t\t\t<a href=\"https:\/\/www.nortekair.com\/fr\/about\/pour-nous-joindre\/\" target=\"_self\" rel=\"noopener\">\n\t\t\t\t\t\t\tPOUR NOUS JOINDRE\n\t\t\t<\/a>\n\t<p>Avez-vous des questions \u00e0 propos de Nortek Air Solutions, de nos produits ou de ce que nous pouvons faire pour vous aider dans votre prochaine application? Contactez-nous et nous vous aiderons au maximum de nos comp\u00e9tences!<\/p>\n<p>Notre vaste r\u00e9seau de repr\u00e9sentants Nortek Air Solutions peut aussi vous aider \u00e0 analyser votre application de b\u00e2timent et \u00e0 d\u00e9velopper la solution parfaite pour vos besoins de traitement d&rsquo;air.<\/p>\n\n","protected":false},"excerpt":{"rendered":"<p>Pr\u00e9vention de la condensation et du gel Bon nombre d&rsquo;appareils de traitement d&rsquo;air de marque Nortek Air Solutions renferment des technologies novatrices de barri\u00e8res thermiques pour pr\u00e9venir la condensation ou le gel sur l&rsquo;ext\u00e9rieur de votre appareil de traitement d&rsquo;air. La condensation et le gel peuvent \u00eatre particuli\u00e8rement probl\u00e9matiques lorsqu&rsquo;un \u00e9cart de temp\u00e9rature relativement grand&hellip;<\/p>\n","protected":false},"author":8,"featured_media":0,"parent":2873,"menu_order":0,"comment_status":"closed","ping_status":"closed","template":"","meta":{"_acf_changed":false,"_relevanssi_hide_post":"","_relevanssi_hide_content":"","_relevanssi_pin_for_all":"","_relevanssi_pin_keywords":"","_relevanssi_unpin_keywords":"","_relevanssi_related_keywords":"","_relevanssi_related_include_ids":"","_relevanssi_related_exclude_ids":"","_relevanssi_related_no_append":"","_relevanssi_related_not_related":"","_relevanssi_related_posts":"","_relevanssi_noindex_reason":"","footnotes":""},"class_list":["post-2868","page","type-page","status-publish","hentry"],"acf":[],"aioseo_notices":[],"_links":{"self":[{"href":"https:\/\/www.nortekair.com\/fr\/wp-json\/wp\/v2\/pages\/2868","targetHints":{"allow":["GET"]}}],"collection":[{"href":"https:\/\/www.nortekair.com\/fr\/wp-json\/wp\/v2\/pages"}],"about":[{"href":"https:\/\/www.nortekair.com\/fr\/wp-json\/wp\/v2\/types\/page"}],"author":[{"embeddable":true,"href":"https:\/\/www.nortekair.com\/fr\/wp-json\/wp\/v2\/users\/8"}],"replies":[{"embeddable":true,"href":"https:\/\/www.nortekair.com\/fr\/wp-json\/wp\/v2\/comments?post=2868"}],"version-history":[{"count":0,"href":"https:\/\/www.nortekair.com\/fr\/wp-json\/wp\/v2\/pages\/2868\/revisions"}],"up":[{"embeddable":true,"href":"https:\/\/www.nortekair.com\/fr\/wp-json\/wp\/v2\/pages\/2873"}],"wp:attachment":[{"href":"https:\/\/www.nortekair.com\/fr\/wp-json\/wp\/v2\/media?parent=2868"}],"curies":[{"name":"wp","href":"https:\/\/api.w.org\/{rel}","templated":true}]}}