{"id":2873,"date":"2024-05-15T16:47:38","date_gmt":"2024-05-15T21:47:38","guid":{"rendered":"https:\/\/www.nortekair.com\/?page_id=2873"},"modified":"2026-03-05T16:15:06","modified_gmt":"2026-03-05T22:15:06","slug":"innovation","status":"publish","type":"page","link":"https:\/\/www.nortekair.com\/fr\/innovation\/","title":{"rendered":"Innovation"},"content":{"rendered":"\n<h2>\n\t\t\tDes solutions avanc\u00e9es pour de meilleurs environnements du b\u00e2timent\t<\/h2>\n\t<p>Nortek Air Solutions offre l&rsquo;expertise du plus grand groupe de marques d&rsquo;appareils de chauffage, ventilation et climatisation (CVC) sur mesure d&rsquo;Am\u00e9rique du Nord. Forts de cette exp\u00e9rience, nous sommes fiers d&rsquo;\u00eatre des pionniers de notre industrie et des innovateurs de premier plan. Notre but est de vous fournir les solutions CVC les plus performantes, \u00e9co\u00e9nerg\u00e9tiques et \u00e9conomiques disponibles sur le march\u00e9.<\/p>\n\t<p>Avez-vous des questions \u00e0 propos de Nortek Air Solutions, de nos produits ou de ce que nous pouvons faire pour vous aider dans votre prochaine application? Contactez-nous et nous vous aiderons au maximum de nos comp\u00e9tences!<\/p>\n<p>Notre vaste r\u00e9seau de repr\u00e9sentants Nortek Air Solutions peut aussi vous aider \u00e0 analyser votre application de b\u00e2timent et \u00e0 d\u00e9velopper la solution parfaite pour vos besoins de traitement d&rsquo;air.<\/p>\n\t\t\t<a href=\"https:\/\/www.nortekair.com\/fr\/a-propos-de-nortek-air-solutions\/pour-nous-joindre\/\"  target=\"_self\">\n\t\t\t\t\t\t\tPOUR NOUS JOINDRE\n\t\t\t<\/a>\n<figure itemscope itemtype=\"https:\/\/schema.org\/ImageObject\">\n\t\t\t\t<a href=\"https:\/\/www.nortekair.com\/fr\/innovation\/efficacite\/\"  target=\"_self\" itemprop=\"url\">\n\t\t\t\t<img decoding=\"async\" src=\"https:\/\/www.nortekair.com\/wp-content\/uploads\/2024\/06\/enthalpy-wheel2-700x420.jpg\" alt=\"enthalpy-wheel2\" height=\"420\" width=\"700\" title=\"enthalpy-wheel2\" onerror=\"this.style.display='none'\" loading=\"lazy\" \/>\n\t\t\t\t<\/a>\n\t<\/figure>\n<h2>\n\t\t<a href=\"https:\/\/www.nortekair.com\/fr\/innovation\/efficacite\/\" title=\"Efficacit\u00e9\"  target=\"_self\">\n\t\t\tEfficacit\u00e9\t\t<\/a>\n\t<\/h2>\n\t<p>L&rsquo;efficacit\u00e9 de nos appareils de traitement d&rsquo;air r\u00e9duit vos co\u00fbts \u00e9nerg\u00e9tiques et fait de nous des pionniers. Notre expertise en ing\u00e9nierie et notre technologie avanc\u00e9e nous aident \u00e0 d\u00e9velopper des composantes et des produits novateurs pour vous offrir un syst\u00e8me CVC qui optimise\u00a0<a href=\"https:\/\/www.nortekair.com\/fr\/innovation\/efficacite\/\">l&rsquo;efficacit\u00e9 \u00e9nerg\u00e9tique<\/a>\u00a0pour votre application.<\/p>\n<figure itemscope itemtype=\"https:\/\/schema.org\/ImageObject\">\n\t\t\t\t<a href=\"https:\/\/www.nortekair.com\/fr\/innovation\/economiseurs\/\"  target=\"_self\" itemprop=\"url\">\n\t\t\t\t<img decoding=\"async\" src=\"https:\/\/www.nortekair.com\/wp-content\/uploads\/2026\/03\/mammoth-ultraline61.jpg\" alt=\"mammoth-ultraline61\" height=\"420\" width=\"700\" title=\"mammoth-ultraline61\" onerror=\"this.style.display='none'\" loading=\"lazy\" \/>\n\t\t\t\t<\/a>\n\t<\/figure>\n<h2>\n\t\t<a href=\"https:\/\/www.nortekair.com\/fr\/innovation\/economiseurs\/\" title=\"\u00c9conomiseurs\"  target=\"_self\">\n\t\t\t\u00c9conomiseurs\t\t<\/a>\n\t<\/h2>\n\t<p>Les \u00e9conomiseurs offrent plusieurs avantages dans les syst\u00e8mes CVC. Tout d&rsquo;abord, ils r\u00e9duisent le besoin de refroidissement m\u00e9canique en utilisant l&rsquo;air ext\u00e9rieur plus frais ou l&rsquo;eau de tour de refroidissement plus froide lorsque les conditions ext\u00e9rieures sont favorables, r\u00e9duisant ainsi la consommation d&rsquo;\u00e9nergie.<\/p>\n<figure itemscope itemtype=\"https:\/\/schema.org\/ImageObject\">\n\t\t\t\t<a href=\"https:\/\/www.nortekair.com\/fr\/innovation\/la-technologie-fanwall-les-ventilateurs-groupes-preferes\/\"  target=\"_self\" itemprop=\"url\">\n\t\t\t\t<img decoding=\"async\" src=\"https:\/\/www.nortekair.com\/wp-content\/uploads\/2024\/06\/Nortek_Aston_2018_0796@2x-700x420.jpg\" alt=\"nortek aston\" height=\"420\" width=\"700\" title=\"Nortek_Aston_2018_0796@2x\" onerror=\"this.style.display='none'\" loading=\"lazy\" \/>\n\t\t\t\t<\/a>\n\t<\/figure>\n<h2>\n\t\t<a href=\"https:\/\/www.nortekair.com\/fr\/innovation\/la-technologie-fanwall-les-ventilateurs-groupes-preferes\/\" title=\"FANWALL TECHNOLOGY\u00ae\"  target=\"_self\">\n\t\t\tFANWALL TECHNOLOGY<sup>\u00ae<\/sup>\t\t<\/a>\n\t<\/h2>\n\t<p><a href=\"https:\/\/www.nortekair.com\/fr\/innovation\/la-technologie-fanwall-les-ventilateurs-groupes-preferes\/\">FANWALL TECHNOLOGY<\/a>\u00a0&#8211; par la marque Huntair de Nortek Air Solutions\u00a0\u00a0&#8211; est une solution brevet\u00e9e de ventilateurs en s\u00e9rie pour les appareils de traitement d&rsquo;air qui se compose d&rsquo;un syst\u00e8me int\u00e9gr\u00e9 de ventilateurs, moteurs, armoires, commandes et accessoires de pointe assortis \u00e0 vos besoins de traitement d&rsquo;air. FANWALL TECHNOLOGY<sup>\u00ae<\/sup>\u00a0est le premier choix des ing\u00e9nieurs, entrepreneurs et propri\u00e9taires d&rsquo;immeubles qui appr\u00e9cient la redondance, le fonctionnement silencieux et sans vibrations, l&rsquo;efficacit\u00e9 \u00e9nerg\u00e9tique optimis\u00e9e et les faibles co\u00fbts d&rsquo;entretien et de service pour leurs nouvelles constructions et leurs projets de modernisation des immeubles.<\/p>\n<figure itemscope itemtype=\"https:\/\/schema.org\/ImageObject\">\n\t\t\t\t<a href=\"https:\/\/www.nortekair.com\/fr\/innovation\/design-vert\/\"  target=\"_self\" itemprop=\"url\">\n\t\t\t\t<img decoding=\"async\" src=\"https:\/\/www.nortekair.com\/wp-content\/uploads\/2024\/06\/green-design-hero-700x420.jpg\" alt=\"green-design-hero\" height=\"420\" width=\"700\" title=\"green-design-hero\" onerror=\"this.style.display='none'\" loading=\"lazy\" \/>\n\t\t\t\t<\/a>\n\t<\/figure>\n<h2>\n\t\t<a href=\"https:\/\/www.nortekair.com\/fr\/innovation\/design-vert\/\" title=\"Design vert\"  target=\"_self\">\n\t\t\tDesign vert\t\t<\/a>\n\t<\/h2>\n\t<p>Nos innovations en mati\u00e8re de\u00a0<a href=\"https:\/\/www.nortekair.com\/fr\/innovation\/design-vert\/\">design vert<\/a>\u00a0nous permettent de concevoir sur mesure des solutions CVC qui comblent vos besoins sp\u00e9cifiques et qui vous aident \u00e0 cumuler des points de certification LEED<sup>\u00ae<\/sup>\u00a0pour votre immeuble.<\/p>\n<figure itemscope itemtype=\"https:\/\/schema.org\/ImageObject\">\n\t\t\t\t<a href=\"https:\/\/www.nortekair.com\/fr\/innovation\/qualite-de-lair-interieur\/\"  target=\"_self\" itemprop=\"url\">\n\t\t\t\t<img decoding=\"async\" src=\"https:\/\/www.nortekair.com\/wp-content\/uploads\/2024\/06\/UV-Lights-0535temtrol-700x420.jpg\" alt=\"UV-Lights-0535temtrol\" height=\"420\" width=\"700\" title=\"UV-Lights-0535temtrol\" onerror=\"this.style.display='none'\" loading=\"lazy\" \/>\n\t\t\t\t<\/a>\n\t<\/figure>\n<h2>\n\t\t<a href=\"https:\/\/www.nortekair.com\/fr\/innovation\/qualite-de-lair-interieur\/\" title=\"Qualit\u00e9 de l'air int\u00e9rieur\"  target=\"_self\">\n\t\t\tQualit\u00e9 de l&rsquo;air int\u00e9rieur\t\t<\/a>\n\t<\/h2>\n\t<p>Nos progr\u00e8s en mati\u00e8re de\u00a0<a href=\"https:\/\/www.nortekair.com\/fr\/innovation\/controle-de-lhumidite\/\">contr\u00f4le d&rsquo;humidit\u00e9,<\/a> de syst\u00e8mes d&rsquo;air ext\u00e9rieur d\u00e9di\u00e9s, et de filtration peuvent am\u00e9liorer substantiellement la\u00a0<a href=\"https:\/\/www.nortekair.com\/fr\/innovation\/qualite-de-lair-interieur\/\">qualit\u00e9 de l&rsquo;air \u00e0 l&rsquo;int\u00e9rieur\u00a0<\/a>de votre immeuble.<\/p>\n<figure itemscope itemtype=\"https:\/\/schema.org\/ImageObject\">\n\t\t\t\t<a href=\"https:\/\/www.nortekair.com\/fr\/innovation\/remplacement\/%20\"  target=\"_self\" itemprop=\"url\">\n\t\t\t\t<img decoding=\"async\" src=\"https:\/\/www.nortekair.com\/wp-content\/uploads\/2024\/06\/Crane-wo-Logo-700x420.jpg\" alt=\"Crane-wo-Logo\" height=\"420\" width=\"700\" title=\"Crane-wo-Logo\" onerror=\"this.style.display='none'\" loading=\"lazy\" \/>\n\t\t\t\t<\/a>\n\t<\/figure>\n<h2>\n\t\t<a href=\"https:\/\/www.nortekair.com\/fr\/innovation\/remplacement\/%20\" title=\"Remplacement\"  target=\"_self\">\n\t\t\tRemplacement\t\t<\/a>\n\t<\/h2>\n\t<p>Que vous ayez besoin de remplacer un appareil de traitement d&rsquo;air ou un ventilateur vieillissant, de trouver une configuration unique ou dune empreinte compacte pour une modernisation, ou de r\u00e9pondre \u00e0 des d\u00e9fis d&rsquo;acc\u00e8s ou d&rsquo;installation, nous offrons des solutions hautement performantes et efficaces pour les applications de\u00a0<a href=\"https:\/\/www.nortekair.com\/fr\/innovation\/remplacement\/\">remplacement d&rsquo;appareils de traitement d&rsquo;air,<\/a>\u00a0y compris les appareils\u00a0<a href=\"https:\/\/www.nortekair.com\/fr\/produits\/systemes-fanwall\/\">FANWALL<sup>\u00ae<\/sup>\u00a0Systems<\/a>\u00a0et\u00a0<a href=\"https:\/\/www.nortekair.com\/fr\/produits\/appareils-de-traitement-dair-assemblables\/\">Knockdown<\/a>.<\/p>\n<figure itemscope itemtype=\"https:\/\/schema.org\/ImageObject\">\n\t\t\t\t<a href=\"https:\/\/www.nortekair.com\/fr\/innovation\/son-et-bruit-technologies-novatrices-dattenuation-sonore\/%20\"  target=\"_self\" itemprop=\"url\">\n\t\t\t\t<img decoding=\"async\" src=\"https:\/\/www.nortekair.com\/wp-content\/uploads\/2024\/06\/coplanar-silencer-700x420.jpg\" alt=\"coplanar-silencer\" height=\"420\" width=\"700\" title=\"coplanar-silencer\" onerror=\"this.style.display='none'\" loading=\"lazy\" \/>\n\t\t\t\t<\/a>\n\t<\/figure>\n<h2>\n\t\t<a href=\"https:\/\/www.nortekair.com\/fr\/innovation\/son-et-bruit-technologies-novatrices-dattenuation-sonore\/%20\" title=\"Sons et bruit\"  target=\"_self\">\n\t\t\tSons et bruit\t\t<\/a>\n\t<\/h2>\n\t<p>Nous comprenons que l&rsquo;acoustique est une consid\u00e9ration majeure dans votre solution de traitement d&rsquo;air, et de nombreuses applications requi\u00e8rent des appareils de traitement d&rsquo;air peu bruyants. Notre\u00a0<a href=\"https:\/\/www.nortekair.com\/fr\/innovation\/son-et-bruit-technologies-novatrices-dattenuation-sonore\/\">technologie novatrice de r\u00e9duction du brut<\/a> peut vous aider \u00e0 r\u00e9duire les niveaux de bruits afin de maintenir un environnement du b\u00e2timent confortable et fonctionnel.<\/p>\n<figure itemscope itemtype=\"https:\/\/schema.org\/ImageObject\">\n\t\t\t\t<a href=\"https:\/\/www.nortekair.com\/fr\/innovation\/controle-de-lhumidite\/\"  target=\"_self\" itemprop=\"url\">\n\t\t\t\t<img decoding=\"async\" src=\"https:\/\/www.nortekair.com\/wp-content\/uploads\/2024\/06\/Humidity-hero2-700x420.jpg\" alt=\"Humidity-hero2\" height=\"420\" width=\"700\" title=\"Humidity-hero2\" onerror=\"this.style.display='none'\" loading=\"lazy\" \/>\n\t\t\t\t<\/a>\n\t<\/figure>\n\t<p>La production d&rsquo;air au bon taux d&rsquo;humidit\u00e9 est essentielle pour cr\u00e9er des environnements confortables. Notre technologie de\u00a0\u00a0et nos solutions de traitement d&rsquo;air novatrices vous aident \u00e0 g\u00e9n\u00e9rer un air ambiant confortable dans votre immeuble.<\/p>\n<h2>\n\t\t<a href=\"https:\/\/www.nortekair.com\/fr\/innovation\/controle-de-lhumidite\/\" title=\"Contr\u00f4le de l'humidit\u00e9\"  target=\"_self\">\n\t\t\tContr\u00f4le de l&rsquo;humidit\u00e9\t\t<\/a>\n\t<\/h2>\n\n","protected":false},"excerpt":{"rendered":"<p>Des solutions avanc\u00e9es pour de meilleurs environnements du b\u00e2timent Nortek Air Solutions offre l&rsquo;expertise du plus grand groupe de marques d&rsquo;appareils de chauffage, ventilation et climatisation (CVC) sur mesure d&rsquo;Am\u00e9rique du Nord. Forts de cette exp\u00e9rience, nous sommes fiers d&rsquo;\u00eatre des pionniers de notre industrie et des innovateurs de premier plan. Notre but est de&hellip;<\/p>\n","protected":false},"author":8,"featured_media":0,"parent":0,"menu_order":0,"comment_status":"closed","ping_status":"closed","template":"","meta":{"_acf_changed":false,"_relevanssi_hide_post":"","_relevanssi_hide_content":"","_relevanssi_pin_for_all":"","_relevanssi_pin_keywords":"","_relevanssi_unpin_keywords":"","_relevanssi_related_keywords":"","_relevanssi_related_include_ids":"","_relevanssi_related_exclude_ids":"","_relevanssi_related_no_append":"","_relevanssi_related_not_related":"","_relevanssi_related_posts":"","_relevanssi_noindex_reason":"","footnotes":""},"class_list":["post-2873","page","type-page","status-publish","hentry"],"acf":[],"aioseo_notices":[],"_links":{"self":[{"href":"https:\/\/www.nortekair.com\/fr\/wp-json\/wp\/v2\/pages\/2873","targetHints":{"allow":["GET"]}}],"collection":[{"href":"https:\/\/www.nortekair.com\/fr\/wp-json\/wp\/v2\/pages"}],"about":[{"href":"https:\/\/www.nortekair.com\/fr\/wp-json\/wp\/v2\/types\/page"}],"author":[{"embeddable":true,"href":"https:\/\/www.nortekair.com\/fr\/wp-json\/wp\/v2\/users\/8"}],"replies":[{"embeddable":true,"href":"https:\/\/www.nortekair.com\/fr\/wp-json\/wp\/v2\/comments?post=2873"}],"version-history":[{"count":1,"href":"https:\/\/www.nortekair.com\/fr\/wp-json\/wp\/v2\/pages\/2873\/revisions"}],"predecessor-version":[{"id":6810,"href":"https:\/\/www.nortekair.com\/fr\/wp-json\/wp\/v2\/pages\/2873\/revisions\/6810"}],"wp:attachment":[{"href":"https:\/\/www.nortekair.com\/fr\/wp-json\/wp\/v2\/media?parent=2873"}],"curies":[{"name":"wp","href":"https:\/\/api.w.org\/{rel}","templated":true}]}}