{"id":2878,"date":"2024-06-04T09:10:20","date_gmt":"2024-06-04T14:10:20","guid":{"rendered":"https:\/\/www.nortekair.com\/?page_id=2878"},"modified":"2024-07-08T09:18:35","modified_gmt":"2024-07-08T14:18:35","slug":"politique-de-confidentialite-de-nortek-air-solutions","status":"publish","type":"page","link":"https:\/\/www.nortekair.com\/fr\/politique-de-confidentialite-de-nortek-air-solutions\/","title":{"rendered":"Politique de confidentialit\u00e9 de Nortek Air Solutions"},"content":{"rendered":"\n\n\t<h2>1. NOTRE ENGAGEMENT \u00c0 L&rsquo;\u00c9GARD DE VOTRE VIE PRIV\u00c9E<\/h2>\n<p>Nortek Air Solutions, LLC (la \u00ab\u00a0Soci\u00e9t\u00e9\u00a0\u00bb) et ses soci\u00e9t\u00e9s affili\u00e9es ont \u00e0 c\u0153ur de prot\u00e9ger la vie priv\u00e9e de tous les utilisateurs du site www.nortekair.com. Cette Politique de confidentialit\u00e9 s&rsquo;applique \u00e0 tous les renseignements que vous fournissez sur ou via ce site web, et elle explique le type de renseignements que nous pourrions collecter ainsi que les usages que nous pourrions en faire. Veuillez bien lire cette Politique de confidentialit\u00e9 pour comprendre nos proc\u00e9dures de protection de la vie priv\u00e9e et l&rsquo;utilisation des renseignements personnels que vous nous fournissez. De plus, \u00e9tant donn\u00e9 que nous pourrions r\u00e9viser notre Politique de confidentialit\u00e9 de temps \u00e0 autre, assurez-vous de v\u00e9rifier cette page p\u00e9riodiquement.<\/p>\n<h2>2. CUEILLETTE ET UTILISATION DE RENSEIGNEMENTS<\/h2>\n<p>Nous collectons et conservons automatiquement certains renseignements relatifs \u00e0 votre visite lorsque vous parcourez notre site web, lisez des pages ou t\u00e9l\u00e9chargez des renseignements. Ces renseignements ne vous identifient pas personnellement. Notre syst\u00e8me accumule des donn\u00e9es dans le journal de serveur qui peuvent inclure votre adresse IP, le nom du domaine, le type de navigateur, le syst\u00e8me d&rsquo;op\u00e9ration, les pages visionn\u00e9es et les demandes de recherche. Si vous acc\u00e9dez \u00e0 notre site via un autre site web, l&rsquo;adresse de ce site pourrait \u00eatre not\u00e9e. Nous groupons ces donn\u00e9es et les utilisons \u00e0 des fins statistiques pour nous aider \u00e0 d\u00e9terminer le degr\u00e9 d&rsquo;int\u00e9r\u00eat des utilisateurs de notre site web \u00e0 l&rsquo;\u00e9gard des diff\u00e9rentes sections du site. Les donn\u00e9es nous aident \u00e9galement \u00e0 comprendre comment nous pouvons am\u00e9liorer la navigation et le contenu de notre site web. Nous pourrions divulguer ces informations \u00e0 des tiers, mais seulement sous forme d&rsquo;agr\u00e9gat. Bien que nos pratiques en mati\u00e8re de renseignements pourraient changer de temps \u00e0 autre, nous n&rsquo;utiliserons pas vos renseignements d&rsquo;une mani\u00e8re qui ne vous a pas \u00e9t\u00e9 expliqu\u00e9e au pr\u00e9alable dans notre Politique de confidentialit\u00e9. Nous vous aviserons en publiant tout changement \u00e0 la politique de confidentialit\u00e9 sur ce site web.<\/p>\n<h2>3. CONDITIONS D&rsquo;UTILISATION<\/h2>\n<p>Please consult our\u00a0<a href=\"https:\/\/www.nortekair.com\/nortek-air-solutions-website-terms-use\/\">Terms of Use<\/a>\u00a0for the conditions under which Company makes its website available to users and the conditions under which users may have access to and use the website.<\/p>\n<h2>4. AMENDEMENTS<\/h2>\n<p>Cette Politique de confidentialit\u00e9 a pris effet le 1<sup>er<\/sup>\u00a0f\u00e9vrier 2011. Nous pourrions mettre cette Politique de confidentialit\u00e9 \u00e0 jour de temps \u00e0 autre. En cas de changement important \u00e0 cette Politique de confidentialit\u00e9, un avis sera publi\u00e9 sur notre site web ainsi que la Politique de confidentialit\u00e9 \u00e0 jour. Tout amendement prend effet au moment de sa publication.<\/p>\n\t\t\t<a href=\"https:\/\/www.nortekair.com\/fr\/about\/pour-nous-joindre\/\" target=\"_self\" rel=\"noopener\">\n\t\t\t\t\t\t\tPOUR NOUS JOINDRE\n\t\t\t<\/a>\n\t<p>Avez-vous des questions \u00e0 propos de Nortek Air Solutions, de nos produits ou de ce que nous pouvons faire pour vous aider dans votre prochaine application? Contactez-nous et nous vous aiderons au maximum de nos comp\u00e9tences!<\/p>\n<p>Notre vaste r\u00e9seau de repr\u00e9sentants Nortek Air Solutions peut aussi vous aider \u00e0 analyser votre application de b\u00e2timent et \u00e0 d\u00e9velopper la solution parfaite pour vos besoins de traitement d&rsquo;air.<\/p>\n\n","protected":false},"excerpt":{"rendered":"<p>1. NOTRE ENGAGEMENT \u00c0 L&rsquo;\u00c9GARD DE VOTRE VIE PRIV\u00c9E Nortek Air Solutions, LLC (la \u00ab\u00a0Soci\u00e9t\u00e9\u00a0\u00bb) et ses soci\u00e9t\u00e9s affili\u00e9es ont \u00e0 c\u0153ur de prot\u00e9ger la vie priv\u00e9e de tous les utilisateurs du site www.nortekair.com. Cette Politique de confidentialit\u00e9 s&rsquo;applique \u00e0 tous les renseignements que vous fournissez sur ou via ce site web, et elle explique&hellip;<\/p>\n","protected":false},"author":8,"featured_media":0,"parent":0,"menu_order":0,"comment_status":"closed","ping_status":"closed","template":"","meta":{"_acf_changed":false,"_relevanssi_hide_post":"","_relevanssi_hide_content":"","_relevanssi_pin_for_all":"","_relevanssi_pin_keywords":"","_relevanssi_unpin_keywords":"","_relevanssi_related_keywords":"","_relevanssi_related_include_ids":"","_relevanssi_related_exclude_ids":"","_relevanssi_related_no_append":"","_relevanssi_related_not_related":"","_relevanssi_related_posts":"","_relevanssi_noindex_reason":"","footnotes":""},"class_list":["post-2878","page","type-page","status-publish","hentry"],"acf":[],"aioseo_notices":[],"_links":{"self":[{"href":"https:\/\/www.nortekair.com\/fr\/wp-json\/wp\/v2\/pages\/2878","targetHints":{"allow":["GET"]}}],"collection":[{"href":"https:\/\/www.nortekair.com\/fr\/wp-json\/wp\/v2\/pages"}],"about":[{"href":"https:\/\/www.nortekair.com\/fr\/wp-json\/wp\/v2\/types\/page"}],"author":[{"embeddable":true,"href":"https:\/\/www.nortekair.com\/fr\/wp-json\/wp\/v2\/users\/8"}],"replies":[{"embeddable":true,"href":"https:\/\/www.nortekair.com\/fr\/wp-json\/wp\/v2\/comments?post=2878"}],"version-history":[{"count":0,"href":"https:\/\/www.nortekair.com\/fr\/wp-json\/wp\/v2\/pages\/2878\/revisions"}],"wp:attachment":[{"href":"https:\/\/www.nortekair.com\/fr\/wp-json\/wp\/v2\/media?parent=2878"}],"curies":[{"name":"wp","href":"https:\/\/api.w.org\/{rel}","templated":true}]}}