{"id":2881,"date":"2024-05-15T17:15:07","date_gmt":"2024-05-15T22:15:07","guid":{"rendered":"https:\/\/www.nortekair.com\/?page_id=2881"},"modified":"2024-07-08T09:14:59","modified_gmt":"2024-07-08T14:14:59","slug":"conditions-dutilisation-du-site-web-de-nortek-air-solutions","status":"publish","type":"page","link":"https:\/\/www.nortekair.com\/fr\/conditions-dutilisation-du-site-web-de-nortek-air-solutions\/","title":{"rendered":"Conditions d\u2019utilisation du site web de Nortek Air Solutions"},"content":{"rendered":"\n\n\t<h2>1. OBJECTIF.<\/h2>\n<p>Ces Conditions d&rsquo;utilisation constituent un contrat ayant force obligatoire entre Nortek Air Solutions, LLC (la \u00ab\u00a0Soci\u00e9t\u00e9\u00a0\u00bb, \u00ab\u00a0nous\u00a0\u00bb ou \u00ab\u00a0notre\u00a0\u00bb) et vous, \u00e0 titre personnel, et, le cas \u00e9ch\u00e9ant, l&rsquo;entit\u00e9 \u00e0 partir de laquelle vous utilisez ce site web (\u00ab\u00a0vous\u00a0\u00bb ou \u00ab\u00a0votre\u00a0\u00bb) et elles r\u00e9gissent votre utilisation du site web. EN VISITANT OU EN UTILISANT TOUTE PARTIE DE CE SITE WEB, VOUS CONVENEZ QUE VOUS AVEZ LU, COMPRIS ET ACCEPT\u00c9 D&rsquo;\u00caTRE LI\u00c9(E) PAR CES CONDITIONS D&rsquo;UTILISATION ET PAR NOTRE POLITIQUE DE CONFIDENTIALIT\u00c9. SI VOUS REFUSEZ D&rsquo;\u00caTRE AINSI LI\u00c9, NE VISITEZ PAS ET N&rsquo;UTILISEZ PAS CE SITE WEB. Nous nous r\u00e9servons le droit de modifier ces Conditions d&rsquo;utilisation et notre Politique de confidentialit\u00e9 \u00e0 tout moment, et vous devez consulter ces Conditions d&rsquo;utilisation ainsi que notre Politique de confidentialit\u00e9 de temps \u00e0 autre pour \u00eatre inform\u00e9(e) de tout changement possible. Si vous continuez d&rsquo;utiliser ce site web, vous acceptez toute nouvelle disposition ou disposition modifi\u00e9e de nos Conditions d&rsquo;utilisation et de notre Politique de confidentialit\u00e9 qui pourrait \u00eatre publi\u00e9e sur le site web.<\/p>\n<h2>2. ACC\u00c8S \u00c0 CE SITE WEB<\/h2>\n<p>Vous devez respecter nos Conditions d&rsquo;utilisation, les politiques mentionn\u00e9es ci-dessous et l&rsquo;ensemble des lois, r\u00e8glements et r\u00e8gles applicables lorsque vous utilisez ce site web. Nous utilisons les moyens que nous jugeons raisonnables pour fournir acc\u00e8s \u00e0 ce site web 24 heures sur 24, 7 jours sur 7, sauf dans les cas de catastrophes naturelles ou d&rsquo;\u00e9v\u00e9nements qui \u00e9chappent \u00e0 notre contr\u00f4le. Ce site web pourrait aussi \u00eatre inaccessible en cas de panne ou de maintenance. En aucun cas, toutefois, nous ne saurions \u00eatre tenus responsables de toute panne ou anomalie sur le site web.<\/p>\n<h2>3. DROITS DE PROPRI\u00c9T\u00c9 INTELLECTUELLE.<\/h2>\n<p>Le site web et son contenu (les \u00ab\u00a0Renseignements du site web\u00a0\u00bb) sont propri\u00e9t\u00e9 de la Soci\u00e9t\u00e9, de ses soci\u00e9t\u00e9s affili\u00e9es et de ses conc\u00e9dants, et ils sont prot\u00e9g\u00e9s par les droits d&rsquo;auteurs et d&rsquo;autres droits de propri\u00e9t\u00e9 intellectuelle. Tout droit, titre ou int\u00e9r\u00eat relatif \u00e0 tous droits d&rsquo;auteurs, brevets, droits de secrets commerciaux, marques de commerce et autres droits de propri\u00e9t\u00e9 intellectuelle en association avec les renseignements sur le site web ainsi que la structure, l&rsquo;organisation et le code relatif aux renseignements sur le site web (appel\u00e9s collectivement, \u00ab\u00a0Renseignements sur les donn\u00e9es\u00a0\u00bb sont des secrets commerciaux exclusifs, confidentiels et pr\u00e9cieux pour les parties qui les fournissent.<\/p>\n<h2>4. COMPORTEMENTS INTERDITS.<\/h2>\n<p>En utilisant ce site web, vous acceptez de vous abstenir de ce qui suit : (i) violer un brevet, une marque de commerce, un secret commercial, un droit d&rsquo;auteur, un droit de publicit\u00e9 ou un autre droit de la Soci\u00e9t\u00e9 ou de tout tiers; (ii) perturber ou entraver la s\u00e9curit\u00e9 ou l&rsquo;utilisation de ce site web ou de tout site qui lui est li\u00e9; (iii) entraver ou endommager ce site web; (iv) tenter d&rsquo;obtenir un acc\u00e8s non autoris\u00e9 \u00e0 des portions de ce site qui sont exclues de l&rsquo;acc\u00e8s g\u00e9n\u00e9ral; (v) utiliser toute m\u00e9tabalise ou autre \u00ab texte cach\u00e9 \u00bb qui utilise notre raison sociale, nos marques de commerce ou le nom de nos produits; (vi) annoncer, offrir de vendre ou vendre tout bien ou service d\u00e9crit dans le site web, except\u00e9 avec la permission expresse de la Soci\u00e9t\u00e9; (vii) prendre part \u00e0 toute activit\u00e9 qui entrave la capacit\u00e9 de toute autre personne d&rsquo;utiliser ou de jouir de ce site web; ou (viii) aider toute personne relativement \u00e0 toute activit\u00e9 interdite en vertu de nos Conditions d&rsquo;utilisation.<\/p>\n<h2>5. HYPERLIENS.<\/h2>\n<p>Vous acceptez de ne pas \u00e9tablir d&rsquo;hyperliens vers ce site web sans obtenir le consentement \u00e9crit au pr\u00e9alable.<\/p>\n<h2>6. POLITIQUE DE CONFIDENTIALIT\u00c9.<\/h2>\n<p>Vous acceptez les modalit\u00e9s de la\u00a0<a href=\"https:\/\/www.nortekair.com\/fr\/politique-de-confidentialite-de-nortek-air-solutions\/\">Politique de confidentialit\u00e9<\/a>\u00a0qui est incorpor\u00e9e par r\u00e9f\u00e9rence \u00e0 nos Conditions d&rsquo;utilisation.<\/p>\n<h2>7. AVIS DE NON-RESPONSABILIT\u00c9, EXCLUSIONS ET LIMITATIONS.<\/h2>\n<p>CE SITE WEB ET TOUS RENSEIGNEMENTS EXCLUSIFS SONT FOURNIS \u00ab\u00a0TEL QUEL\u00a0\u00bb. NOUS N&rsquo;OFFRONS AUCUNE GARANTIE EXPRESSE NI IMPLICITE DE QUELQUE NATURE QUE CE SOIT. SANS LIMITER LES DISPOSITIONS QUI PR\u00c9C\u00c8DENT, VOUS ACCEPTEZ LA RESPONSABILIT\u00c9 EXCLUSIVE POUR LA S\u00c9LECTION DE CE SITE WEB ET LES RENSEIGNEMENTS EXCLUSIFS REQUIS POUR ATTEINDRE VOS R\u00c9SULTATS VIS\u00c9S, AINSI QUE LA RESPONSABILIT\u00c9 EXCLUSIVE POUR L&rsquo;UTILISATION, ET LES R\u00c9SULTATS OBTENUS, DU SITE WEB ET DES RENSEIGNEMENTS EXCLUSIFS. LA TOTALIT\u00c9 DU RISQUE ASSOCI\u00c9 \u00c0 LA QUALIT\u00c9 OU \u00c0 L&rsquo;UTILISATION OU LA PERFORMANCE DU SITE WEB ET DES RENSEIGNEMENTS EXCLUSIFS VOUS APPARTIENT EXCLUSIVEMENT. CERTAINS \u00c9TATS ET CERTAINES JURIDICTIONS NE PERMETTENT PAS LA LIMITATION DES GARANTIES IMPLICITES; LA LIMITATION QUI PR\u00c9C\u00c8DE PEUT DONC NE PAS S&rsquo;APPLIQUER DANS VOTRE CAS. LES DISPOSITIONS QUI PR\u00c9C\u00c8DENT SONT EX\u00c9CUTOIRES DANS LA LIMITE MAXIMALE PERMISE PAR LES LOIS APPLICABLES.<\/p>\n<h2>8. CESSATION.<\/h2>\n<p>La Soci\u00e9t\u00e9 peut, \u00e0 sa seule discr\u00e9tion et sans encourir quelque responsabilit\u00e9 que ce soit, changer, modifier, suspendre, am\u00e9liorer ou discontinuer tout aspect du site web temporairement ou de fa\u00e7on permanente, et ce, \u00e0 tout moment sans pr\u00e9avis.<\/p>\n<h2>9. JURIDICTION ET LOIS APPLICABLES.<\/h2>\n<p>Les pr\u00e9sentes Conditions d&rsquo;utilisation sont r\u00e9gies par les lois de l&rsquo;\u00c9tat du Minnesota, aux \u00c9tats-Unis, sans \u00e9gard aux principes relatifs aux conflits de lois. Vous convenez que tout diff\u00e9rend issu ou r\u00e9sultant de ces Conditions d&rsquo;utilisation ou de votre utilisation du site web doit \u00eatre port\u00e9 devant les tribunaux f\u00e9d\u00e9raux ou les tribunaux d&rsquo;\u00c9tat situ\u00e9s dans l&rsquo;\u00c9tat du Minnesota, et vous consentez \u00e0 cette comp\u00e9tence et ce lieu.<\/p>\n<h2>10. TOTALIT\u00c9 DE L&rsquo;ENTENTE; DIVISIBILIT\u00c9.<\/h2>\n<p>Ces Conditions d&rsquo;utilisation et notre Politique de confidentialit\u00e9 constituent la totalit\u00e9 de l&rsquo;entente qui nous lie relativement \u00e0 l&rsquo;utilisation du site web. Si l&rsquo;une ou l&rsquo;autre des dispositions de nos Conditions d&rsquo;utilisation \u00e9tait jug\u00e9e inex\u00e9cutable ou invalide, en tout ou en partie, ladite disposition serait ex\u00e9cut\u00e9e au maximum permis afin de respect de l&rsquo;intention des parties, et le reste des dispositions demeureraient pleinement en vigueur.<\/p>\n<h2>12. AUTRES DISPOSITIONS.<\/h2>\n<p>Si la Soci\u00e9t\u00e9 omet d&rsquo;insister ou d&rsquo;imposer la performance stricte de toute disposition des Conditions d&rsquo;utilisation, elle ne renonce aucunement \u00e0 ladite disposition ni \u00e0 ses droits. Ni le comportement entre les parties ni les pratiques commerciales ne peuvent modifier l&rsquo;une ou l&rsquo;autre des dispositions de ces Conditions d&rsquo;utilisation. La Soci\u00e9t\u00e9 peut assigner ses droits et responsabilit\u00e9s en vertu des Conditions d&rsquo;utilisation \u00e0 toute partie, \u00e0 tout moment, sans vous en aviser.<\/p>\n<h2>13. COMMENTAIRES, QUESTIONS ET DEMANDES.<\/h2>\n<p>Veuillez acheminer tout avis ou demande par courriel \u00e0\u00a0<a href=\"mailto:communications@nortek.com\">communications@nortek.com<\/a>.<\/p>\n\t\t\t<a href=\"https:\/\/www.nortekair.com\/fr\/about\/pour-nous-joindre\/\" target=\"_self\" rel=\"noopener\">\n\t\t\t\t\t\t\tPOUR NOUS JOINDRE\n\t\t\t<\/a>\n\t<p>Avez-vous des questions \u00e0 propos de Nortek Air Solutions, de nos produits ou de ce que nous pouvons faire pour vous aider dans votre prochaine application? Contactez-nous et nous vous aiderons au maximum de nos comp\u00e9tences!<\/p>\n<p>Notre vaste r\u00e9seau de repr\u00e9sentants Nortek Air Solutions peut aussi vous aider \u00e0 analyser votre application de b\u00e2timent et \u00e0 d\u00e9velopper la solution parfaite pour vos besoins de traitement d&rsquo;air.<\/p>\n\n","protected":false},"excerpt":{"rendered":"<p>1. OBJECTIF. Ces Conditions d&rsquo;utilisation constituent un contrat ayant force obligatoire entre Nortek Air Solutions, LLC (la \u00ab\u00a0Soci\u00e9t\u00e9\u00a0\u00bb, \u00ab\u00a0nous\u00a0\u00bb ou \u00ab\u00a0notre\u00a0\u00bb) et vous, \u00e0 titre personnel, et, le cas \u00e9ch\u00e9ant, l&rsquo;entit\u00e9 \u00e0 partir de laquelle vous utilisez ce site web (\u00ab\u00a0vous\u00a0\u00bb ou \u00ab\u00a0votre\u00a0\u00bb) et elles r\u00e9gissent votre utilisation du site web. EN VISITANT OU EN&hellip;<\/p>\n","protected":false},"author":8,"featured_media":0,"parent":0,"menu_order":0,"comment_status":"closed","ping_status":"closed","template":"","meta":{"_acf_changed":false,"_relevanssi_hide_post":"","_relevanssi_hide_content":"","_relevanssi_pin_for_all":"","_relevanssi_pin_keywords":"","_relevanssi_unpin_keywords":"","_relevanssi_related_keywords":"","_relevanssi_related_include_ids":"","_relevanssi_related_exclude_ids":"","_relevanssi_related_no_append":"","_relevanssi_related_not_related":"","_relevanssi_related_posts":"","_relevanssi_noindex_reason":"","footnotes":""},"class_list":["post-2881","page","type-page","status-publish","hentry"],"acf":[],"aioseo_notices":[],"_links":{"self":[{"href":"https:\/\/www.nortekair.com\/fr\/wp-json\/wp\/v2\/pages\/2881","targetHints":{"allow":["GET"]}}],"collection":[{"href":"https:\/\/www.nortekair.com\/fr\/wp-json\/wp\/v2\/pages"}],"about":[{"href":"https:\/\/www.nortekair.com\/fr\/wp-json\/wp\/v2\/types\/page"}],"author":[{"embeddable":true,"href":"https:\/\/www.nortekair.com\/fr\/wp-json\/wp\/v2\/users\/8"}],"replies":[{"embeddable":true,"href":"https:\/\/www.nortekair.com\/fr\/wp-json\/wp\/v2\/comments?post=2881"}],"version-history":[{"count":0,"href":"https:\/\/www.nortekair.com\/fr\/wp-json\/wp\/v2\/pages\/2881\/revisions"}],"wp:attachment":[{"href":"https:\/\/www.nortekair.com\/fr\/wp-json\/wp\/v2\/media?parent=2881"}],"curies":[{"name":"wp","href":"https:\/\/api.w.org\/{rel}","templated":true}]}}