{"id":2888,"date":"2024-05-15T16:53:48","date_gmt":"2024-05-15T21:53:48","guid":{"rendered":"https:\/\/www.nortekair.com\/?page_id=2888"},"modified":"2025-11-05T14:41:01","modified_gmt":"2025-11-05T20:41:01","slug":"serpentins","status":"publish","type":"page","link":"https:\/\/www.nortekair.com\/fr\/produits\/serpentins\/","title":{"rendered":"Serpentins"},"content":{"rendered":"\n<h2>\n\t\t\tUne gamme compl\u00e8te de serpentins d&rsquo;origine et de rechange\t<\/h2>\n\t<p>Nous offrons une gamme compl\u00e8te de serpentins de rechange \u00e0 eau chaude, eau froide, vapeur, de surpression et \u00e0 d\u00e9tente directe pour votre syst\u00e8me de traitement d&rsquo;air. Notre expertise, notre attention aux d\u00e9tails et nos normes \u00e9lev\u00e9es sont \u00e9videntes dans tous les serpentins que nous fabriquons. Nos serpentins sont faits de mat\u00e9riaux de grande qualit\u00e9 et fabriqu\u00e9s suivant les normes de contr\u00f4le de la qualit\u00e9 les plus strictes, et ils sont con\u00e7us pour une longue dur\u00e9e et une performance sup\u00e9rieure.<\/p>\n<h3>\n\t\t\tVous avez une question sur nos serpentins? \t<\/h3>\n\t\t\t<a href=\"https:\/\/www.nortekair.com\/fr\/contactez-lequipe-des-serpentins\/\" target=\"_self\">\n\t\t\t\t\t\t\tContactez l&rsquo;\u00e9quipe des serpentins \n\t\t\t<\/a>\n\t\t<h3>Pour plus d&rsquo;informations?<\/h3>\n\t\t\t<a href=\"https:\/\/www.nortekair.com\/fr\/trouver-un-representant\/\" target=\"_self\">\n\t\t\t\t\t\t\tTROUVER UN REPR\u00c9SENTANT\n\t\t\t<\/a>\n\t\t\t\t<img decoding=\"async\" src=\"https:\/\/www.nortekair.com\/wp-content\/uploads\/2024\/06\/coils-header1.jpg\" alt=\"coils-header1\" itemprop=\"image\" height=\"2248\" width=\"1500\" title=\"coils-header1\" onerror=\"this.style.display='none'\" loading=\"lazy\" \/>\n\t\t<h2>\n\t\t\tSERPENTINS DE RECHANGE\n\t\t<\/h2>\n\t<p><strong>Serpentins de remplacement que nous offrons\u00a0:<\/strong><\/p>\n<ul>\n<li><strong>Serpentins \u00e0 eau<\/strong>\u00a0pour les applications de refroidissement, de chauffage et de transfert de chaleur g\u00e9n\u00e9ral avec eau ou fluides thermiques tels que l&rsquo;\u00e9thyl\u00e8ne ou le propyl\u00e8ne glycol.<\/li>\n<li><strong>Serpentins<\/strong>\u00a0<strong>\u00e0 vapeur<\/strong>\u00a0pour les applications de chauffage et de s\u00e9chage. Nous offrons des <strong>serpentins \u00e0 vapeur standard<\/strong>\u00a0ou <strong>\u00e0\u00a0distribution de vapeur<\/strong>.<\/li>\n<li><strong>Serpentins de surpression<\/strong>\u00a0pour montage sur conduits et pour les applications \u00e0 faible d\u00e9bit.<\/li>\n<li><strong>Serpentins \u00e9vaporateurs \u00e0 d\u00e9tente directe<\/strong>\u00a0pour les applications de climatisation, de d\u00e9shumidification et de r\u00e9frig\u00e9ration. Pour\u00a0usage avec une vari\u00e9t\u00e9 de frigorig\u00e8nes.<\/li>\n<\/ul>\n<p><em>Le temps est un facteur critique en cas de panne de votre syst\u00e8me de traitement d&rsquo;air.<\/em>\u00a0Nous pouvons livrer rapidement le bon serpentin pour remettre votre syst\u00e8me en marche le plus rapidement possible.\u00a0<a href=\"https:\/\/www.nortekair.com\/fr\/contactez-lequipe-des-serpentins\/\">Contactez-nous<\/a>\u00a0quand vous avez besoin de serpentins de rechange en quelques jours plut\u00f4t que des semaines.<\/p>\n<p><strong>Sch\u00e9mas de serpentins vierges :<\/strong><\/p>\n<ul>\n<li><a href=\"https:\/\/nortekrep.com\/Document\/Download\/641\" target=\"_blank\" rel=\"noopener\">Serpentins \u00e9vaporateurs \u00e0 d\u00e9tente directe<\/a><\/li>\n<li><a href=\"https:\/\/nortekrep.com\/Document\/Download\/642\" target=\"_blank\" rel=\"noopener\">T\u00eates d&rsquo;\u00e9vacuation interm\u00e9diaires &#8211; serpentins \u00e0 eau<\/a><\/li>\n<li><a href=\"https:\/\/nortekrep.com\/Document\/Download\/643\" target=\"_blank\" rel=\"noopener\">Serpentins \u00e0 distribution de vapeur et \u00e0 vapeur standard &#8211; bout oppos\u00e9<\/a><\/li>\n<li><a href=\"https:\/\/nortekrep.com\/Document\/Download\/644\" target=\"_blank\" rel=\"noopener\">Serpentins \u00e0 vapeur standard &#8211; m\u00eame bout<\/a><\/li>\n<li><a href=\"https:\/\/nortekrep.com\/Document\/Download\/645\" target=\"_blank\" rel=\"noopener\">Serpentins \u00e0 distribution de vapeur &#8211; approvisionnement double<\/a><\/li>\n<li><a href=\"https:\/\/nortekrep.com\/Document\/Download\/646\" target=\"_blank\" rel=\"noopener\">Serpentins \u00e0 distribution de vapeur et \u00e0 vapeur standard &#8211; m\u00eame bout<\/a><\/li>\n<li><a href=\"https:\/\/nortekrep.com\/Document\/Download\/650\" target=\"_blank\" rel=\"noopener\">Serpentins \u00e0 distribution de vapeur &#8211; bout oppos\u00e9<\/a><\/li>\n<li><a href=\"https:\/\/nortekrep.com\/Document\/Download\/647\" target=\"_blank\" rel=\"noopener\">Serpentins \u00e0 eau &#8211; collecteur<\/a><\/li>\n<li><a href=\"https:\/\/nortekrep.com\/Document\/Download\/648\" target=\"_blank\" rel=\"noopener\">Serpentins \u00e0 eau &#8211; bout oppos\u00e9<\/a><\/li>\n<li><a href=\"https:\/\/nortekrep.com\/Document\/Download\/649\" target=\"_blank\" rel=\"noopener\">Serpentins \u00e0 eau &#8211; m\u00eame bout<\/a><\/li>\n<\/ul>\n\t\t<h2>\n\t\t\tAVANTAGES ET CARACT\u00c9RISTIQUES\n\t\t<\/h2>\n<h3>\n\t\t\tFabrication de haute qualit\u00e9\t<\/h3>\n\t\t\t <p>Les tubes en spirale sont faits de cuivre rond sans joint \u00e9largi m\u00e9caniquement dans des collets d&rsquo;h\u00e9lices afin d&rsquo;offrir une adh\u00e9sion m\u00e9tal sur m\u00e9tal permanente pour un transfert thermique efficace.<\/p>\t\t\n\t\t\t <p>Les tubes en spirale sont \u00e9tag\u00e9s suivant la direction de l&rsquo;air.<\/p>\t\t\n\t\t\t <p>Les collets d&rsquo;h\u00e9lices sont enti\u00e8rement tir\u00e9s pour offrir un contr\u00f4le pr\u00e9cis de l&rsquo;\u00e9cartement et un contact maximum avec les tubes.<\/p>\t\t\n\t\t\t <p>Les collecteurs sont faits de cuivre sans joint avec trous moul\u00e9s pour offrir une surface parall\u00e8le sur le tube pour des jonctions solides.<\/p>\t\t\n\t\t\t <p>Les serpentins sont submerg\u00e9s dans l&rsquo;eau, puis pressuris\u00e9s \u00e0 l&rsquo;air pour d\u00e9tecter les fuites.<\/p>\t\t\n\t<h3>\n\t\t\tPerformance certifi\u00e9e\t<\/h3>\n\t\t\t <p>Homologu\u00e9 AHRI\u2122 \u00e0 la norme 410 &#8211; vous donne l&rsquo;assurance que les serpentins fonctionneront comme promis.<\/p>\t\t\n\t\t\t <p>L&rsquo;homologation AHRI\u2122 de la performance du serpentin peut \u00eatre utile pendant la v\u00e9rification LEED<sup>\u00ae<\/sup>\u00a0ou pour d&rsquo;autres programmes de certification des b\u00e2timents.<\/p>\t\t\n\t<h3>\n\t\t\tSouplesse\t<\/h3>\n\t\t\t <p>Dimensions variables du bo\u00eetier, de l&rsquo;espacement des ailettes, de l&rsquo;\u00e9paisseur du tube de cuivre, et une vari\u00e9t\u00e9 de mat\u00e9riaux pour le bo\u00eetier et les ailettes, y compris les ailettes en cuivre et les bo\u00eetiers en acier inoxydable pour les serpentins dans les environnements corrosifs.<\/p>\t\t\n\t\t\t <p>Rev\u00eatements et traitements protecteurs disponibles pour accro\u00eetre la vie utile des serpentins install\u00e9s dans des environnements corrosifs &#8211; les h\u00e9lices, tubes, collecteurs et armoires sont enti\u00e8rement rev\u00eatus.<\/p>\t\t\n\t<h3>\n\t\t\tLogiciel de s\u00e9lection des serpentins\t<\/h3>\n\t\t\t <p><a href=\"http:\/\/clickonce.nortekair.com\/apps\/coilselection\/temtrol\/index.html\" target=\"_blank\" rel=\"noopener\">Logiciel de s\u00e9lection des serpentins<\/a><\/p>\t\t\n\t\n","protected":false},"excerpt":{"rendered":"<p>Une gamme compl\u00e8te de serpentins d&rsquo;origine et de rechange Nous offrons une gamme compl\u00e8te de serpentins de rechange \u00e0 eau chaude, eau froide, vapeur, de surpression et \u00e0 d\u00e9tente directe pour votre syst\u00e8me de traitement d&rsquo;air. Notre expertise, notre attention aux d\u00e9tails et nos normes \u00e9lev\u00e9es sont \u00e9videntes dans tous les serpentins que nous fabriquons.&hellip;<\/p>\n","protected":false},"author":8,"featured_media":0,"parent":2928,"menu_order":0,"comment_status":"closed","ping_status":"closed","template":"","meta":{"_acf_changed":false,"_relevanssi_hide_post":"","_relevanssi_hide_content":"","_relevanssi_pin_for_all":"","_relevanssi_pin_keywords":"","_relevanssi_unpin_keywords":"","_relevanssi_related_keywords":"","_relevanssi_related_include_ids":"","_relevanssi_related_exclude_ids":"","_relevanssi_related_no_append":"","_relevanssi_related_not_related":"","_relevanssi_related_posts":"","_relevanssi_noindex_reason":"","footnotes":""},"class_list":["post-2888","page","type-page","status-publish","hentry"],"acf":[],"aioseo_notices":[],"_links":{"self":[{"href":"https:\/\/www.nortekair.com\/fr\/wp-json\/wp\/v2\/pages\/2888","targetHints":{"allow":["GET"]}}],"collection":[{"href":"https:\/\/www.nortekair.com\/fr\/wp-json\/wp\/v2\/pages"}],"about":[{"href":"https:\/\/www.nortekair.com\/fr\/wp-json\/wp\/v2\/types\/page"}],"author":[{"embeddable":true,"href":"https:\/\/www.nortekair.com\/fr\/wp-json\/wp\/v2\/users\/8"}],"replies":[{"embeddable":true,"href":"https:\/\/www.nortekair.com\/fr\/wp-json\/wp\/v2\/comments?post=2888"}],"version-history":[{"count":1,"href":"https:\/\/www.nortekair.com\/fr\/wp-json\/wp\/v2\/pages\/2888\/revisions"}],"predecessor-version":[{"id":6281,"href":"https:\/\/www.nortekair.com\/fr\/wp-json\/wp\/v2\/pages\/2888\/revisions\/6281"}],"up":[{"embeddable":true,"href":"https:\/\/www.nortekair.com\/fr\/wp-json\/wp\/v2\/pages\/2928"}],"wp:attachment":[{"href":"https:\/\/www.nortekair.com\/fr\/wp-json\/wp\/v2\/media?parent=2888"}],"curies":[{"name":"wp","href":"https:\/\/api.w.org\/{rel}","templated":true}]}}