{"id":2892,"date":"2024-06-19T14:29:28","date_gmt":"2024-06-19T19:29:28","guid":{"rendered":"https:\/\/www.nortekair.com\/?page_id=2892"},"modified":"2025-03-21T16:53:28","modified_gmt":"2025-03-21T21:53:28","slug":"appareils-de-traitement-dair-sur-mesure","status":"publish","type":"page","link":"https:\/\/www.nortekair.com\/fr\/produits\/appareils-de-traitement-dair-sur-mesure\/","title":{"rendered":"Appareils de traitement d\u2019air sur mesure"},"content":{"rendered":"\n<h2>\n\t\tDes solutions de traitement d&rsquo;air sur mesure jusqu&rsquo;\u00e0 400 000 pi3 ou plus pour les applications int\u00e9rieures et ext\u00e9rieures\n\t<\/h2>\n\t<p>Nos appareils de traitement d&rsquo;air sur mesure minimisent le co\u00fbt total de propri\u00e9t\u00e9 tout en comblant les besoins les plus exigeants en mati\u00e8re d&rsquo;ajustement, d&rsquo;efficacit\u00e9 et de fiabilit\u00e9 dans une vaste gamme de secteurs, y compris la sant\u00e9, l&rsquo;\u00e9ducation, la fabrication, les centres de donn\u00e9es, les salles blanches, les bureaux et l&rsquo;hospitalit\u00e9. Gr\u00e2ce \u00e0 des ann\u00e9es d&rsquo;exp\u00e9rience dans la conception et la fabrication de solutions sur mesure, nous sommes des leaders en mati\u00e8re de souplesse et de polyvalence pour combler les besoins de votre application.<\/p>\n\t\t<h3>Pour plus d&rsquo;informations?<\/h3>\n\t\t\t<a href=\"https:\/\/www.nortekair.com\/fr\/trouver-un-representant\/\" target=\"_self\">\n\t\t\t\t\t\t\tTROUVER UN REPR\u00c9SENTANT\n\t\t\t<\/a>\n\t\t\t\t<img loading=\"lazy\" decoding=\"async\" src=\"https:\/\/www.nortekair.com\/wp-content\/uploads\/2024\/06\/custom-air-handlers-ventrol.png\" alt=\"custom-air-handlers-ventrol\" itemprop=\"image\" height=\"1002\" width=\"1500\" title=\"custom-air-handlers-ventrol\" onerror=\"this.style.display='none'\"  \/>\n\t\t<h2>\n\t\t\tAVANTAGES ET CARACT\u00c9RISTIQUES\n\t\t<\/h2>\n<h3>\n\t\tFonctionnement silencieux, \u00e9co\u00e9nerg\u00e9tique\n\t<\/h3>\n\t\t\t <p>Les syst\u00e8mes\u00a0<a href=\"https:\/\/www.nortekair.com\/fr\/innovation\/la-technologie-fanwall-les-ventilateurs-groupes-preferes\/\">FANWALL TECHNOLOGY<\/a>\u00a0produisent un piston d&rsquo;air uniforme pour accro\u00eetre le transfert thermique et favoriser une charge plus uniforme sur le filtre.<\/p>\t\t\n\t\t\t <p>Des commandes d&rsquo;optimisation du syst\u00e8me permettent de d\u00e9marrer et d&rsquo;arr\u00eater les blocs de ventilateur individuels pour correspondre le plus possible aux besoins des applications \u00e0 d\u00e9bit d&rsquo;air variable.<\/p>\t\t\n\t\t\t <p>Peut \u00e9liminer le besoin d&rsquo;att\u00e9nuateurs sonores et autres composantes accessoires qui g\u00e9n\u00e8rent une pression statique nuisible \u00e0 l&rsquo;int\u00e9rieur de l&rsquo;appareil de traitement d&rsquo;air.<\/p>\t\t\n\t\t\t <p>Un contr\u00f4le acoustique actif procure une r\u00e9duction du bruit jusqu&rsquo;\u00e0 22 dB dans la fr\u00e9quence nuisible des lames dans les bandes d&rsquo;octaves inf\u00e9rieures.<\/p>\t\t\n\t<h3>\n\t\tOptions de fabrication de haute qualit\u00e9\n\t<\/h3>\n\t\t\t <p>Le syst\u00e8me \u00e0 cadre m\u00e9canique autoporteur, ou ITF (cadre int\u00e9gr\u00e9), procure une plateforme rigide avec base interne soud\u00e9e compl\u00e8te.<\/p>\t\t\n\t\t\t <p>Bo\u00eetier herm\u00e9tique avec barri\u00e8re thermique disponible.<\/p>\t\t\n\t\t\t <p>Serpentins de chauffage et climatisation \u00e0 performance homologu\u00e9e AHRI\u2122.<\/p>\t\t\n\t\t\t <p>Options d&rsquo;appareils de traitement d&rsquo;air d\u00e9montables et b\u00e2tis sur place<\/p>\t\t\n\t<h3>\n\t\tCertifications\n\t<\/h3>\n\t\t\t <p>Contacter l&rsquo;usine pour d\u00e9terminer les certifications qui s&rsquo;appliquent \u00e0 votre appareil de traitement d&rsquo;air sur mesure.<\/p>\t\t\n\t\t\t <p>Conformit\u00e9 typique test\u00e9e selon les normes ETL, AMCA.<\/p>\t\t\n\t\t\t <p>Pr\u00e9-approbation sismique IBC ou OSHPD et approbation de Miami-Dade County, Florida Product Control.<\/p>\t\t\n\t<h3>\n\t\tSouplesse\n\t<\/h3>\n\t\t\t <p>FANWALL TECHNOLOGY\u00a0offre plus de souplesse en optimisant la g\u00e9om\u00e9trie de la roue du ventilateur et la puissance du moteur pour une application sp\u00e9cifique.<\/p>\t\t\n\t\t\t <p>De multiples options de filtration sont disponibles pour la ventilation des installations pharmaceutiques, biom\u00e9dicales, industrielles ou de sant\u00e9, y compris les pr\u00e9-filtres, la haute efficacit\u00e9, HEPA\/ULPA, les mat\u00e9riaux d&rsquo;\u00e9limination des odeurs et la pr\u00e9cipitation \u00e9lectrostatique.<\/p>\t\t\n\t\n","protected":false},"excerpt":{"rendered":"<p>Des solutions de traitement d&rsquo;air sur mesure jusqu&rsquo;\u00e0 400 000 pi3 ou plus pour les applications int\u00e9rieures et ext\u00e9rieures Nos appareils de traitement d&rsquo;air sur mesure minimisent le co\u00fbt total de propri\u00e9t\u00e9 tout en comblant les besoins les plus exigeants en mati\u00e8re d&rsquo;ajustement, d&rsquo;efficacit\u00e9 et de fiabilit\u00e9 dans une vaste gamme de secteurs, y compris&hellip;<\/p>\n","protected":false},"author":8,"featured_media":0,"parent":2928,"menu_order":0,"comment_status":"closed","ping_status":"closed","template":"","meta":{"_acf_changed":false,"_relevanssi_hide_post":"","_relevanssi_hide_content":"","_relevanssi_pin_for_all":"","_relevanssi_pin_keywords":"","_relevanssi_unpin_keywords":"","_relevanssi_related_keywords":"","_relevanssi_related_include_ids":"","_relevanssi_related_exclude_ids":"","_relevanssi_related_no_append":"","_relevanssi_related_not_related":"","_relevanssi_related_posts":"","_relevanssi_noindex_reason":"","footnotes":""},"class_list":["post-2892","page","type-page","status-publish","hentry"],"acf":[],"aioseo_notices":[],"_links":{"self":[{"href":"https:\/\/www.nortekair.com\/fr\/wp-json\/wp\/v2\/pages\/2892","targetHints":{"allow":["GET"]}}],"collection":[{"href":"https:\/\/www.nortekair.com\/fr\/wp-json\/wp\/v2\/pages"}],"about":[{"href":"https:\/\/www.nortekair.com\/fr\/wp-json\/wp\/v2\/types\/page"}],"author":[{"embeddable":true,"href":"https:\/\/www.nortekair.com\/fr\/wp-json\/wp\/v2\/users\/8"}],"replies":[{"embeddable":true,"href":"https:\/\/www.nortekair.com\/fr\/wp-json\/wp\/v2\/comments?post=2892"}],"version-history":[{"count":1,"href":"https:\/\/www.nortekair.com\/fr\/wp-json\/wp\/v2\/pages\/2892\/revisions"}],"predecessor-version":[{"id":5385,"href":"https:\/\/www.nortekair.com\/fr\/wp-json\/wp\/v2\/pages\/2892\/revisions\/5385"}],"up":[{"embeddable":true,"href":"https:\/\/www.nortekair.com\/fr\/wp-json\/wp\/v2\/pages\/2928"}],"wp:attachment":[{"href":"https:\/\/www.nortekair.com\/fr\/wp-json\/wp\/v2\/media?parent=2892"}],"curies":[{"name":"wp","href":"https:\/\/api.w.org\/{rel}","templated":true}]}}