{"id":2896,"date":"2024-06-19T15:18:13","date_gmt":"2024-06-19T20:18:13","guid":{"rendered":"https:\/\/www.nortekair.com\/?page_id=2896"},"modified":"2024-07-16T14:39:38","modified_gmt":"2024-07-16T19:39:38","slug":"appareils-de-traitement-dair-de-deshumidification","status":"publish","type":"page","link":"https:\/\/www.nortekair.com\/fr\/produits\/appareils-de-traitement-dair-de-deshumidification\/","title":{"rendered":"Appareils de traitement d\u2019air de d\u00e9shumidification"},"content":{"rendered":"\n\n\t<p>Nos syst\u00e8mes de d\u00e9shumidification sont con\u00e7us pour r\u00e9duire l&rsquo;humidit\u00e9 dans l&rsquo;air tant en mode traitement d&rsquo;air qu&rsquo;en mode climatisation. Dans sa forme la plus simple, un appareil comporte deux ventilateurs, une roue dess\u00e9chante et une chaufferette, mais nos appareils de traitement d&rsquo;air peuvent \u00eatre enti\u00e8rement personnalis\u00e9s avec en option la technologie FANWALL\u00ae, des roues de r\u00e9cup\u00e9ration d&rsquo;\u00e9nergie et la filtration d&rsquo;air. La d\u00e9shumidification dess\u00e9chante est la solution la plus \u00e9conomique pour un contr\u00f4le pr\u00e9cis de l&rsquo;humidit\u00e9 dans les environnements les plus exigeants.<\/p>\n\t\t\t\t<img loading=\"lazy\" decoding=\"async\" src=\"https:\/\/www.nortekair.com\/wp-content\/uploads\/2024\/06\/Desiccant-Icon-R.png\" alt=\"Desiccant-Icon-R\" itemprop=\"image\" height=\"380\" width=\"500\" title=\"Desiccant-Icon-R\" onerror=\"this.style.display='none'\"  \/>\n\t\t<h3>Pour plus d&rsquo;informations?<\/h3>\n\t\t\t<a href=\"https:\/\/www.nortekair.com\/fr\/trouver-un-representant\/\" target=\"_self\" rel=\"noopener\">\n\t\t\t\t\t\t\tTROUVER UN REPR\u00c9SENTANT\n\t\t\t<\/a>\n\n","protected":false},"excerpt":{"rendered":"<p>Nos syst\u00e8mes de d\u00e9shumidification sont con\u00e7us pour r\u00e9duire l&rsquo;humidit\u00e9 dans l&rsquo;air tant en mode traitement d&rsquo;air qu&rsquo;en mode climatisation. Dans sa forme la plus simple, un appareil comporte deux ventilateurs, une roue dess\u00e9chante et une chaufferette, mais nos appareils de traitement d&rsquo;air peuvent \u00eatre enti\u00e8rement personnalis\u00e9s avec en option la technologie FANWALL\u00ae, des roues de&hellip;<\/p>\n","protected":false},"author":8,"featured_media":0,"parent":2928,"menu_order":0,"comment_status":"closed","ping_status":"closed","template":"","meta":{"_acf_changed":false,"_relevanssi_hide_post":"","_relevanssi_hide_content":"","_relevanssi_pin_for_all":"","_relevanssi_pin_keywords":"","_relevanssi_unpin_keywords":"","_relevanssi_related_keywords":"","_relevanssi_related_include_ids":"","_relevanssi_related_exclude_ids":"","_relevanssi_related_no_append":"","_relevanssi_related_not_related":"","_relevanssi_related_posts":"","_relevanssi_noindex_reason":"","footnotes":""},"class_list":["post-2896","page","type-page","status-publish","hentry"],"acf":[],"aioseo_notices":[],"_links":{"self":[{"href":"https:\/\/www.nortekair.com\/fr\/wp-json\/wp\/v2\/pages\/2896","targetHints":{"allow":["GET"]}}],"collection":[{"href":"https:\/\/www.nortekair.com\/fr\/wp-json\/wp\/v2\/pages"}],"about":[{"href":"https:\/\/www.nortekair.com\/fr\/wp-json\/wp\/v2\/types\/page"}],"author":[{"embeddable":true,"href":"https:\/\/www.nortekair.com\/fr\/wp-json\/wp\/v2\/users\/8"}],"replies":[{"embeddable":true,"href":"https:\/\/www.nortekair.com\/fr\/wp-json\/wp\/v2\/comments?post=2896"}],"version-history":[{"count":0,"href":"https:\/\/www.nortekair.com\/fr\/wp-json\/wp\/v2\/pages\/2896\/revisions"}],"up":[{"embeddable":true,"href":"https:\/\/www.nortekair.com\/fr\/wp-json\/wp\/v2\/pages\/2928"}],"wp:attachment":[{"href":"https:\/\/www.nortekair.com\/fr\/wp-json\/wp\/v2\/media?parent=2896"}],"curies":[{"name":"wp","href":"https:\/\/api.w.org\/{rel}","templated":true}]}}