{"id":2900,"date":"2024-06-19T16:06:37","date_gmt":"2024-06-19T21:06:37","guid":{"rendered":"https:\/\/www.nortekair.com\/?page_id=2900"},"modified":"2025-06-04T15:28:22","modified_gmt":"2025-06-04T20:28:22","slug":"solution-cvc-sur-mesure-energypack","status":"publish","type":"page","link":"https:\/\/www.nortekair.com\/fr\/produits\/solution-cvc-sur-mesure-energypack\/","title":{"rendered":"Solution CVC sur mesure EnergyPack"},"content":{"rendered":"\n<h2>\n\t\t\tLa solution CVC compl\u00e8te de premier plan con\u00e7ue pour le secteur commercial &#8211; de 1 000 \u00e0 300 000 pi\u00b3\/min ou plus\t<\/h2>\n\t<p>La gamme de produits EnergyPack\u00a0est une solution CVC compl\u00e8te de premier plan \u00e0 rapport de forme variable con\u00e7ue pour le secteur commercial et elle est fabriqu\u00e9e suivant les sp\u00e9cifications pr\u00e9cises du client avec la\u00a0<a href=\"https:\/\/www.nortekair.com\/fr\/innovation\/la-technologie-fanwall-les-ventilateurs-groupes-preferes\/\">TECHNOLOGIE FANWALL<\/a><sup>\u00ae<\/sup>, une filtration sp\u00e9cialis\u00e9e, des technologies int\u00e9gr\u00e9es et non int\u00e9gr\u00e9es post-conditionnement et des commandes num\u00e9riques directes int\u00e9gr\u00e9es. En plus de la ventilation int\u00e9gr\u00e9e de r\u00e9cup\u00e9ration d&rsquo;\u00e9nergie qui est la m\u00e9thode la plus \u00e9conomique pour utiliser un maximum d&rsquo;air ext\u00e9rieur pour la dilution, l&rsquo;appareil EnergyPack\u00a0offre une gamme d&rsquo;autres fonctions et options pour obtenir un contr\u00f4le sup\u00e9rieur de la temp\u00e9rature et de l&rsquo;humidit\u00e9 ainsi qu&rsquo;un fonctionnement silencieux.<\/p>\n\t\t<h3>Want more information?<\/h3>\n\t\t\t<a href=\"https:\/\/www.nortekair.com\/fr\/trouver-un-representant\/\" target=\"_self\">\n\t\t\t\t\t\t\tPour plus d&rsquo;informations?\n\t\t\t<\/a>\n\t\t\t\t<img decoding=\"async\" src=\"https:\/\/www.nortekair.com\/wp-content\/uploads\/2024\/06\/energypack.png\" alt=\"energypack\" itemprop=\"image\" height=\"581\" width=\"1500\" title=\"energypack\" onerror=\"this.style.display='none'\" loading='lazy' \/>\n\t\t<h2>\n\t\t\tAVANTAGES ET CARACT\u00c9RISTIQUES\n\t\t<\/h2>\n<h3>\n\t\t\tEfficacit\u00e9 \u00e9nerg\u00e9tique\t<\/h3>\n\t\t\t <p><a href=\"https:\/\/www.nortekair.com\/fr\/produits\/systemes-de-recuperation-denergie\/\">R\u00e9cup\u00e9ration d&rsquo;\u00e9nergie<\/a>\u00a0avec roues enthalpiques \u00e0 haute performance, tubes de chaleur, plaques d&rsquo;aluminium, plaque de polypropyl\u00e8ne et noyaux latents \u00e0 membrane de chaleur et d&rsquo;humidit\u00e9 (dans des combinaisons d&rsquo;\u00e9changeur de chaleur simple ou multiple), tous homologu\u00e9s suivant la norme AHRI 1060.<\/p>\t\t\n\t\t\t <p>Serpentins de condensation d&rsquo;\u00e9changeur de chaleur \u00e0 micro-canaux pour une efficacit\u00e9 maximale.<\/p>\t\t\n\t\t\t <p>Contr\u00f4les sup\u00e9rieurs &#8211; y compris VFD, pour optimiser la performance du ventilateur, et VRC<sup>\u00ae<\/sup>\u00a0(commande de frigorig\u00e8ne variable), pour un contr\u00f4le de temp\u00e9rature ultra pr\u00e9cis, un fonctionnement \u00e0 charge partielle et l&rsquo;\u00e9limination de la d\u00e9rivation des gaz chauds.<\/p>\t\t\n\t<h3>\n\t\t\tFabrication de haute qualit\u00e9\t<\/h3>\n\t\t\t <p>Construction standard \u00e0 mur double sans isolation visible et ventilateurs \u00e0 entra\u00eenement direct en option pour \u00e9liminer l&rsquo;\u00e9rosion de la fibre dans le courant d&rsquo;air entrant.<\/p>\t\t\n\t\t\t <p>Panneaux ext\u00e9rieurs\u00a0<a href=\"https:\/\/www.nortekair.com\/innovation\/thermal-breaks-preventing-condensation-and-frost\/?lang=fr\">\u00e0 rupture thermique<\/a>, partition centrale, toit et structure de base \u00e0 coupure thermique pour maximiser le transfert thermique et minimiser les risques de condensation.<\/p>\t\t\n\t<h3>\n\t\t\tConfort sup\u00e9rieur et qualit\u00e9 de l&rsquo;environnement int\u00e9rieur\t<\/h3>\n\t\t\t <p>Options pratiquement illimit\u00e9es pour la circulation d&rsquo;air, la filtration, la r\u00e9cup\u00e9ration d&rsquo;\u00e9nergie air-\u00e0-air et les commandes num\u00e9riques directes.<\/p>\t\t\n\t\t\t <p>Panneaux ext\u00e9rieurs\u00a0<a href=\"https:\/\/www.nortekair.com\/fr\/innovation\/barrieres-thermiques-prevention-de-la-condensation-et-du-gel\/\">\u00e0 rupture thermique<\/a>, partition centrale, toit et structure de base \u00e0 coupure thermique pour maximiser le transfert thermique et minimiser les risques de condensation.<\/p>\t\t\n\t\t\t <p>Bacs d&rsquo;\u00e9vacuation et mat\u00e9riaux inclin\u00e9s de\u00a0<a href=\"https:\/\/www.nortekair.com\/fr\/innovation\/qualite-de-lair-interieur\/\">qualit\u00e9 d&rsquo;air int\u00e9rieur<\/a>\u00a0pour pr\u00e9venir la croissance microbienne et faciliter le nettoyage des surfaces.<\/p>\t\t\n\t<h3>\n\t\t\tConception souple\t<\/h3>\n\t\t\t <p>Options pratiquement illimit\u00e9es pour la circulation d&rsquo;air, la filtration, la r\u00e9cup\u00e9ration d&rsquo;\u00e9nergie air-\u00e0-air et les commandes num\u00e9riques directes.<\/p>\t\t\n\t\t\t <p>Options de chauffage &#8211; \u00e9lectricit\u00e9, eau chaude, gaz chaud, vapeur, combustion de gaz indirecte.<\/p>\t\t\n\t\t\t <p>Options de climatisation &#8211; eau refroidie, d\u00e9tente directe.<\/p>\t\t\n\t\t\t <p>Post-climatisation \u00e0 eau refroidie, \u00e0 d\u00e9tente directe disponible.<\/p>\t\t\n\t<h3>\n\t\t\tTechnologie FANWALL\t<\/h3>\n\t\t\t <p>La\u00a0<a href=\"https:\/\/www.nortekair.com\/fr\/innovation\/la-technologie-fanwall-les-ventilateurs-groupes-preferes\/\">TECHNOLOGIE FANWALL<\/a>\u00a0accro\u00eet l&rsquo;efficacit\u00e9 \u00e9nerg\u00e9tique, la circulation de l&rsquo;air et la fiabilit\u00e9 de votre syst\u00e8me.<\/p>\t\t\n\t\t\t <p>Elle se compose d&rsquo;un syst\u00e8me int\u00e9gr\u00e9 de ventilateurs, moteurs, armoires, commandes et accessoires de pointe assortis \u00e0 vos besoins de traitement d&rsquo;air.<\/p>\t\t\n\t\t\t <p>R\u00e9alisez des \u00e9conomies d&rsquo;\u00e9nergie, typiquement jusqu&rsquo;\u00e0 40 %.<\/p>\t\t\n\t\t<h2>\n\t\t\tDOCUMENTATION PRODUIT\n\t\t<\/h2>\n\t\t\t\t<a href=\"https:\/\/nortekrep.com\/Document\/Download\/780\"  target=\"_blank\" rel=\"noopener\"  itemprop=\"url\">\n\t\t\t\t<img decoding=\"async\" src=\"https:\/\/www.nortekair.com\/wp-content\/uploads\/2024\/07\/appareils-DX.jpg\" alt=\"appareils-DX\" itemprop=\"image\" height=\"1376\" width=\"1060\" title=\"appareils-DX\" onerror=\"this.style.display='none'\" loading='lazy' \/>\n\t\t\t\t<\/a>\n<h3><a href=\"https:\/\/nortekrep.com\/Document\/Download\/780\" target=\"_blank\"  rel=\"noopener\">Appareils DX<\/a><\/h3>\t\n\t\t\t\t<a href=\"https:\/\/www.nortekrep.com\/Document\/Download\/974\"  target=\"_blank\" rel=\"noopener\"  itemprop=\"url\">\n\t\t\t\t<img decoding=\"async\" src=\"https:\/\/www.nortekair.com\/wp-content\/uploads\/2025\/06\/MAM-VEN-AST-SB-ALUMINUM-20250422_Canadian-French-scaled.jpg\" alt=\"MAM-VEN-AST-SB-ALUMINUM-20250422_Canadian French\" itemprop=\"image\" height=\"2560\" width=\"1989\" title=\"MAM-VEN-AST-SB-ALUMINUM-20250422_Canadian French\" onerror=\"this.style.display='none'\" loading='lazy' \/>\n\t\t\t\t<\/a>\n<h3><a href=\"https:\/\/www.nortekrep.com\/Document\/Download\/974\" target=\"_blank\"  rel=\"noopener\">Construction en aluminium<\/a><\/h3>\t\n\n","protected":false},"excerpt":{"rendered":"<p>La solution CVC compl\u00e8te de premier plan con\u00e7ue pour le secteur commercial &#8211; de 1 000 \u00e0 300 000 pi\u00b3\/min ou plus La gamme de produits EnergyPack\u00a0est une solution CVC compl\u00e8te de premier plan \u00e0 rapport de forme variable con\u00e7ue pour le secteur commercial et elle est fabriqu\u00e9e suivant les sp\u00e9cifications pr\u00e9cises du client avec&hellip;<\/p>\n","protected":false},"author":8,"featured_media":0,"parent":2928,"menu_order":0,"comment_status":"closed","ping_status":"closed","template":"","meta":{"_acf_changed":false,"_relevanssi_hide_post":"","_relevanssi_hide_content":"","_relevanssi_pin_for_all":"","_relevanssi_pin_keywords":"","_relevanssi_unpin_keywords":"","_relevanssi_related_keywords":"","_relevanssi_related_include_ids":"","_relevanssi_related_exclude_ids":"","_relevanssi_related_no_append":"","_relevanssi_related_not_related":"","_relevanssi_related_posts":"1864,1854,1858,1857,2972,3029","_relevanssi_noindex_reason":"","footnotes":""},"class_list":["post-2900","page","type-page","status-publish","hentry"],"acf":[],"aioseo_notices":[],"_links":{"self":[{"href":"https:\/\/www.nortekair.com\/fr\/wp-json\/wp\/v2\/pages\/2900","targetHints":{"allow":["GET"]}}],"collection":[{"href":"https:\/\/www.nortekair.com\/fr\/wp-json\/wp\/v2\/pages"}],"about":[{"href":"https:\/\/www.nortekair.com\/fr\/wp-json\/wp\/v2\/types\/page"}],"author":[{"embeddable":true,"href":"https:\/\/www.nortekair.com\/fr\/wp-json\/wp\/v2\/users\/8"}],"replies":[{"embeddable":true,"href":"https:\/\/www.nortekair.com\/fr\/wp-json\/wp\/v2\/comments?post=2900"}],"version-history":[{"count":4,"href":"https:\/\/www.nortekair.com\/fr\/wp-json\/wp\/v2\/pages\/2900\/revisions"}],"predecessor-version":[{"id":5757,"href":"https:\/\/www.nortekair.com\/fr\/wp-json\/wp\/v2\/pages\/2900\/revisions\/5757"}],"up":[{"embeddable":true,"href":"https:\/\/www.nortekair.com\/fr\/wp-json\/wp\/v2\/pages\/2928"}],"wp:attachment":[{"href":"https:\/\/www.nortekair.com\/fr\/wp-json\/wp\/v2\/media?parent=2900"}],"curies":[{"name":"wp","href":"https:\/\/api.w.org\/{rel}","templated":true}]}}