{"id":2906,"date":"2024-06-19T16:57:44","date_gmt":"2024-06-19T21:57:44","guid":{"rendered":"https:\/\/www.nortekair.com\/?page_id=2906"},"modified":"2025-07-18T11:23:23","modified_gmt":"2025-07-18T16:23:23","slug":"systemes-fanwall","status":"publish","type":"page","link":"https:\/\/www.nortekair.com\/fr\/produits\/systemes-fanwall\/","title":{"rendered":"Systemes FANWALL\u00ae"},"content":{"rendered":"\n<h2>\n\t\t\tSyst\u00e8mes de ventilateurs pour les nouvelles constructions et les applications de remplacement\t<\/h2>\n\t<p>L&rsquo;utilisation de nos syst\u00e8mes FANWALL pour remplacer les ventilateurs \u00e2g\u00e9s en fin de vie dans les appareils de traitement d&rsquo;air existants peut \u00eatre la solution la plus efficace pour pr\u00e9venir les contretemps financiers et commerciaux associ\u00e9s aux pannes de traitement d&rsquo;air, tout en offrant des \u00e9conomies d&rsquo;\u00e9nergie jusqu&rsquo;\u00e0 40 %. Gr\u00e2ce \u00e0 la technologie novatrice\u00a0<a href=\"https:\/\/www.nortekair.com\/fr\/innovation\/la-technologie-fanwall-les-ventilateurs-groupes-preferes\/\">FANWALL TECHNOLOGY<\/a><sup>\u00ae<\/sup>, les syst\u00e8mes FANWALL\u00a0sont id\u00e9aux pour les applications de remplacement \u00e0 acc\u00e8s ou \u00e0 temps limit\u00e9, en plus d&rsquo;\u00e9viter les travaux majeurs de d\u00e9molition et de reconstruction.<\/p>\n\t\t<h3>Pour plus d&rsquo;informations?<\/h3>\n\t\t\t<a href=\"https:\/\/www.nortekair.com\/fr\/trouver-un-representant\/\" target=\"_self\">\n\t\t\t\t\t\t\tTROUVER UN REPR\u00c9SENTANT\n\t\t\t<\/a>\n\t\t\t\t<img decoding=\"async\" src=\"https:\/\/www.nortekair.com\/wp-content\/uploads\/2024\/06\/fanwall.png\" alt=\"fanwall\" itemprop=\"image\" height=\"656\" width=\"506\" title=\"fanwall\" onerror=\"this.style.display='none'\" loading='lazy' \/>\n<h2>\n\t\t\tVID\u00c9O: Systemes FANWALL\u00ae\t<\/h2>\n\t<iframe allowfullscreen allow=\"autoplay\" data-src=\"https:\/\/www.youtube.com\/embed\/NYAm8al1BlA?feature=oembed&amp;start&amp;end&amp;wmode=opaque&amp;loop=0&amp;controls=1&amp;mute=0&amp;rel=0&amp;modestbranding=0\"><\/iframe>\t\t\n\t\t\t\t\tPlay Video\n\t<p>Les syst\u00e8mes FANWALL sont aussi une excellente solution pour les nouvelles constructions. Compos\u00e9s d&rsquo;un syst\u00e8me int\u00e9gr\u00e9 de ventilateurs, moteurs, armoires, commandes et accessoires de pointe assortis \u00e0 vos besoins de traitement d&rsquo;air, nos syst\u00e8mes FANWALL sont devenus le premier choix des ing\u00e9nieurs, entrepreneurs et propri\u00e9taires d&rsquo;immeubles qui appr\u00e9cient la redondance, le fonctionnement silencieux et sans vibrations, l&rsquo;efficacit\u00e9 \u00e9nerg\u00e9tique optimis\u00e9e et les faibles co\u00fbts d&rsquo;entretien.<\/p>\n\t\t<h2>\n\t\t\tB\u00c9N\u00c9FICES ET \u00c9TUDES DE CAS\n\t\t<\/h2>\n<h3>\n\t\t\tVentilateurs \u00e0 haute efficacit\u00e9\t<\/h3>\n\t\t\t <p>Les ventilateurs \u00e0 entra\u00eenement direct sont offerts en 7 tailles, de 25,4 cm \u00e0 55,9 cm (10 \u00e0 22 po) pour combler les besoins de votre application.<\/p>\t\t\n\t\t\t <p>Disponibles avec moteurs haute performance \u00e0 puissance diff\u00e9rentielle ou moteurs ultra haute performance\u00a0\u00e0 aimant permanent.<\/p>\t\t\n\t<h3>\n\t\t\tNiveaux sonores et vibrations faibles\t<\/h3>\n\t\t\t <p>Le bo\u00eetier\u00a0<a href=\"https:\/\/www.nortekair.com\/fr\/innovation\/silencieux-coplanar-technologie-brevetee-dattenuation-du-bruit\/\">Coplanar Silencer<sup>\u00ae<\/sup><\/a>\u00a0brevet\u00e9 permet une r\u00e9duction du bruit de d\u00e9charge jusqu&rsquo;\u00e0 18 dB.<\/p>\t\t\n\t\t\t <p>Le\u00a0<a href=\"https:\/\/www.nortekair.com\/fr\/innovation\/son-et-bruit-technologies-novatrices-dattenuation-sonore\/\">module de contr\u00f4le actif du bruit<\/a>\u00a0est l&rsquo;option la plus compacte sur le march\u00e9 pour un contr\u00f4le accru du bruit d&rsquo;entr\u00e9e en plus de r\u00e9duire le bruit jusqu&rsquo;\u00e0 22 dB.<\/p>\t\t\n\t\t\t <p>Con\u00e7u pour \u00e9liminer les vibrations \u00e0 la source gr\u00e2ce \u00e0 des normes d&rsquo;\u00e9quilibre strictes et l&rsquo;utilisation de composantes robustes.<\/p>\t\t\n\t<h3>\n\t\t\tFiabilit\u00e9 gr\u00e2ce \u00e0 la redondance\t<\/h3>\n\t\t\t <p>En cas de panne d&rsquo;un ventilateur, seule cette portion du d\u00e9bit d&rsquo;air est perdue, contrairement aux syst\u00e8mes \u00e0 ventilateur unique o\u00f9 l&rsquo;appareil de traitement d&rsquo;air en entier est mis hors service.<\/p>\t\t\n\t\t\t <p>La perte de d\u00e9bit d&rsquo;air d&rsquo;un ventilateur peut \u00eatre compens\u00e9e en augmentant la vitesse des ventilateurs restants.<\/p>\t\t\n\t<h3>\n\t\t\tDesign compact, modulaire\t<\/h3>\n\t\t\t <p>Les\u00a0blocs de ventilateurs\u00a0peuvent passer par une porte standard de 91 cm (3 pi) pour les applications \u00e0 acc\u00e8s restreint.<\/p>\t\t\n\t\t\t <p>Il n&rsquo;est pas n\u00e9cessaire d&rsquo;avoir une grue sur le chantier, comme c&rsquo;est souvent le cas avec les ventilateurs classiques plus gros.<\/p>\t\t\n\t<h3>\n\t\t\tPerformance optimis\u00e9e\t<\/h3>\n\t\t\t <p>La taille variable des blocs permet d&rsquo;agencer votre s\u00e9rie de ventilateurs aux dimensions du tunnel d&rsquo;air.<\/p>\t\t\n\t\t\t <p>La commande marche\/arr\u00eat distincte pour chaque bloc de ventilateur permet de combler le plus pr\u00e9cis\u00e9ment possible les besoins des applications \u00e0 d\u00e9bit d&rsquo;air variable en faisant fonctionner le nombre optimal de ventilateurs et de moteurs \u00e0 une efficacit\u00e9 maximale.<\/p>\t\t\n\t\t\t <p>\u00c9limine les composantes qui requi\u00e8rent un entretien de routine et r\u00e9duisent \u00e9ventuellement la performance.<\/p>\t\t\n\t\t<h2>\n\t\t\tDOCUMENTATION PRODUIT\n\t\t<\/h2>\n\t\t\t\t<a href=\"https:\/\/nortekrep.com\/Document\/Download\/781\"  target=\"_blank\" rel=\"noopener\"  itemprop=\"url\">\n\t\t\t\t<img decoding=\"async\" src=\"https:\/\/www.nortekair.com\/wp-content\/uploads\/2024\/07\/fanwall-technology-french.jpg\" alt=\"fanwall-technology-french\" itemprop=\"image\" height=\"1378\" width=\"1060\" title=\"fanwall-technology-french\" onerror=\"this.style.display='none'\" loading='lazy' \/>\n\t\t\t\t<\/a>\n<h3><a href=\"https:\/\/nortekrep.com\/Document\/Download\/781\" target=\"_blank\"  rel=\"noopener\">FANWALL TECHNOLOGY\u00ae et du concept de ventilateurs en rang\u00e9e<\/a><\/h3>\t\n\n","protected":false},"excerpt":{"rendered":"<p>Syst\u00e8mes de ventilateurs pour les nouvelles constructions et les applications de remplacement L&rsquo;utilisation de nos syst\u00e8mes FANWALL pour remplacer les ventilateurs \u00e2g\u00e9s en fin de vie dans les appareils de traitement d&rsquo;air existants peut \u00eatre la solution la plus efficace pour pr\u00e9venir les contretemps financiers et commerciaux associ\u00e9s aux pannes de traitement d&rsquo;air, tout en&hellip;<\/p>\n","protected":false},"author":8,"featured_media":0,"parent":2928,"menu_order":0,"comment_status":"closed","ping_status":"closed","template":"","meta":{"_acf_changed":false,"_relevanssi_hide_post":"","_relevanssi_hide_content":"","_relevanssi_pin_for_all":"","_relevanssi_pin_keywords":"","_relevanssi_unpin_keywords":"","_relevanssi_related_keywords":"","_relevanssi_related_include_ids":"","_relevanssi_related_exclude_ids":"","_relevanssi_related_no_append":"","_relevanssi_related_not_related":"","_relevanssi_related_posts":"","_relevanssi_noindex_reason":"","footnotes":""},"class_list":["post-2906","page","type-page","status-publish","hentry"],"acf":[],"aioseo_notices":[],"_links":{"self":[{"href":"https:\/\/www.nortekair.com\/fr\/wp-json\/wp\/v2\/pages\/2906","targetHints":{"allow":["GET"]}}],"collection":[{"href":"https:\/\/www.nortekair.com\/fr\/wp-json\/wp\/v2\/pages"}],"about":[{"href":"https:\/\/www.nortekair.com\/fr\/wp-json\/wp\/v2\/types\/page"}],"author":[{"embeddable":true,"href":"https:\/\/www.nortekair.com\/fr\/wp-json\/wp\/v2\/users\/8"}],"replies":[{"embeddable":true,"href":"https:\/\/www.nortekair.com\/fr\/wp-json\/wp\/v2\/comments?post=2906"}],"version-history":[{"count":1,"href":"https:\/\/www.nortekair.com\/fr\/wp-json\/wp\/v2\/pages\/2906\/revisions"}],"predecessor-version":[{"id":5989,"href":"https:\/\/www.nortekair.com\/fr\/wp-json\/wp\/v2\/pages\/2906\/revisions\/5989"}],"up":[{"embeddable":true,"href":"https:\/\/www.nortekair.com\/fr\/wp-json\/wp\/v2\/pages\/2928"}],"wp:attachment":[{"href":"https:\/\/www.nortekair.com\/fr\/wp-json\/wp\/v2\/media?parent=2906"}],"curies":[{"name":"wp","href":"https:\/\/api.w.org\/{rel}","templated":true}]}}