{"id":2912,"date":"2024-06-20T08:22:39","date_gmt":"2024-06-20T13:22:39","guid":{"rendered":"https:\/\/www.nortekair.com\/?page_id=2912"},"modified":"2024-07-17T10:34:30","modified_gmt":"2024-07-17T15:34:30","slug":"appareils-de-traitement-dair-assemblables","status":"publish","type":"page","link":"https:\/\/www.nortekair.com\/fr\/produits\/appareils-de-traitement-dair-assemblables\/","title":{"rendered":"Appareils de traitement d\u2019air assemblables"},"content":{"rendered":"\n<h2>\n\t\tB\u00e2ti sur le chantier, suivant votre \u00e9ch\u00e9ancier &#8211; selon les exigences sp\u00e9cifiques de votre projet\n\t<\/h2>\n\t<p>Nos appareils de traitement d&rsquo;air assemblables sont parfaits pour les applications nouvelles, de\u00a0<a href=\"https:\/\/www.nortekair.com\/fr\/innovation\/remplacement\/\">remplacement<\/a>\u00a0ou de mise \u00e0 niveau qui pr\u00e9sentent des limites d&rsquo;espace et d&rsquo;acc\u00e8s, ainsi que des contraintes de temps et de co\u00fbts d&rsquo;installation.<\/p>\n<p>La construction assemblable signifie que l&rsquo;appareil est con\u00e7u et fabriqu\u00e9 sp\u00e9cifiquement pour convenir \u00e0 l&rsquo;ouverture disponible sur le chantier et aux contraintes de poids. Le r\u00e9sultat : installation plus rapide sur le chantier d&rsquo;un appareil de traitement de grande qualit\u00e9 b\u00e2ti sur place.<\/p>\n<p>Pendant plus de 30 ann\u00e9es de fabrication d&rsquo;appareils de traitement d&rsquo;air sur mesure, nous avons perfectionn\u00e9 la conception de nos appareils assemblables en fonction des commentaires de nos clients.<\/p>\n<p>Les\u00a0<a href=\"https:\/\/www.nortekair.com\/fr\/a-propos-de-nortek-air-solutions\/ahu-dx-marques\/\">marques<\/a>\u00a0d&rsquo;appareils de traitement d&rsquo;air de Nortek Air Solutions offrent deux options d&rsquo;appareils de traitement d&rsquo;air assemblables.<\/p>\n\t\t<h3>Pour plus d&rsquo;informations?<\/h3>\n\t\t\t<a href=\"https:\/\/www.nortekair.com\/fr\/trouver-un-representant\/\" target=\"_self\" rel=\"noopener\">\n\t\t\t\t\t\t\tTROUVER UN REPR\u00c9SENTANT\n\t\t\t<\/a>\n\t\t\t\t<img loading=\"lazy\" decoding=\"async\" src=\"https:\/\/www.nortekair.com\/wp-content\/uploads\/2024\/06\/Crane-wo-Logo.jpg\" alt=\"Crane-wo-Logo\" itemprop=\"image\" height=\"1125\" width=\"1500\" title=\"Crane-wo-Logo\" onerror=\"this.style.display='none'\"  \/>\n\t\t<h2>\n\t\t\tOptions\n\t\t<\/h2>\n\t<h3>Appareils de traitement d&rsquo;air assemblables, option n<sup>o<\/sup>\u00a01<\/h3>\n<ul>\n<li>Les panneaux partiellement assembl\u00e9s sont fabriqu\u00e9s soigneusement puis emball\u00e9s sous film r\u00e9tractable pour la protection pendant le transport.<\/li>\n<li>Les caisses sont marqu\u00e9es et \u00e9tiquet\u00e9es pour faciliter l&rsquo;identification et l&rsquo;installation sur le chantier.<\/li>\n<li>Dessins 3-D et directives d&rsquo;assemblage inclus.<\/li>\n<li>Les panneaux pr\u00e9assembl\u00e9s conform\u00e9ment aux contraintes du chantier (taille et poids) r\u00e9duisent le temps requis pour l&rsquo;assemblage.<\/li>\n<\/ul>\n<h3>Appareils de traitement d&rsquo;air \u00e0 assemblage rapide, option n<sup>o<\/sup>\u00a02<\/h3>\n<ul>\n<li>Les appareils sont construits en sections \u00e0 l&rsquo;usine, et la taille des sections convient au d\u00e9sassemblage sur le chantier.<\/li>\n<li>La forme et le poids des composantes peuvent \u00eatre ajust\u00e9s.<\/li>\n<li>La conception de nos appareils facilite le d\u00e9montage des panneaux ext\u00e9rieurs, au besoin, tout en offrant les avantages structurels d&rsquo;un \u00ab\u00a0appareil pr\u00e9assembl\u00e9\u00a0\u00bb.<\/li>\n<li>Un minimum de pi\u00e8ces d&rsquo;assemblage est utilis\u00e9 pour retenir les panneaux aux fins d&rsquo;exp\u00e9dition.<\/li>\n<\/ul>\n<h2>\n\t\tVID\u00c9O: Appareils de traitement d&rsquo;air assemblables\n\t<\/h2>\n\t<iframe allowfullscreen allow=\"autoplay\" data-src=\"https:\/\/www.youtube.com\/embed\/J-TXn3rPeZs?feature=oembed&amp;start&amp;end&amp;wmode=opaque&amp;loop=0&amp;controls=1&amp;mute=0&amp;rel=0&amp;modestbranding=0\"><\/iframe>\t\t\n\t\t\t\t\tPlay Video\n\t<iframe allowfullscreen allow=\"autoplay\" data-src=\"https:\/\/www.youtube.com\/embed\/1myqedBIKbA?feature=oembed&amp;start&amp;end&amp;wmode=opaque&amp;loop=0&amp;controls=1&amp;mute=0&amp;rel=0&amp;modestbranding=0\"><\/iframe>\t\t\n\t\t\t\t\tPlay Video\n\t\t<h2>\n\t\t\tAVANTAGES ET CARACT\u00c9RISTIQUES\n\t\t<\/h2>\n<h3>\n\t\tSouplesse de la technologie FANWALL\u00ae Flexibility\n\t<\/h3>\n\t\t\t <p>La\u00a0<a href=\"https:\/\/www.nortekair.com\/fr\/innovation\/la-technologie-fanwall-les-ventilateurs-groupes-preferes\/\">technologie FANWALL<\/a>\u00a0est un syst\u00e8me de ventilateurs int\u00e9gr\u00e9s qui peut accro\u00eetre l&rsquo;efficacit\u00e9, la performance et la fiabilit\u00e9 de votre syst\u00e8me.<\/p>\t\t\n\t\t\t <p>Les syst\u00e8mes\u00a0FANWALL<sup>\u00ae<\/sup>\u00a0sont disponibles en blocs\u00a0FANWALL assemblables d\u00e9mont\u00e9s (pr\u00eats pour l&rsquo;encaissage) ou en blocs\u00a0FANWALL assembl\u00e9s (pr\u00eats pour l&rsquo;installation dans un appareil de traitement d&rsquo;air assemblable).<\/p>\t\t\n\t<h3>\n\t\tSupport dans la conception et la s\u00e9lection\n\t<\/h3>\n\t\t\t <p>De multiples options de construction assemblable peuvent \u00eatre s\u00e9lectionn\u00e9es dans le programme de s\u00e9lection des produits Nortek Air Solutions Design Assistant (NASDA).<\/p>\t\t\n\t\t\t <p>Chantier : assemblage rapide en modules, Option n<sup>o<\/sup>\u00a02 d\u00e9crite ci-dessus.<\/p>\t\t\n\t\t\t <p>Aucune\u00a0: signifie construction standard sans aucune configuration assemblable<\/p>\t\t\n\t\t\t <p>Assemblage standard\u00a0: montr\u00e9 dans l&rsquo;Option n<sup>o<\/sup>\u00a01 d\u00e9crite ci-dessus.<\/p>\t\t\n\t\t\t <p>Exp\u00e9dition rapide\u00a0: consulter l&rsquo;usine pour les d\u00e9tails.<\/p>\t\t\n\t<h3>\n\t\tSupport dans la documentation et la livraison\n\t<\/h3>\n\t\t\t <p>Chaque appareil de traitement d&rsquo;air assemblable est accompagn\u00e9 de dessins 3-D et de directives d&rsquo;assemblage.<\/p>\t\t\n\t\t\t <p>Nous offrons aussi des visites d&rsquo;usine qui vous permettent de v\u00e9rifier la qualit\u00e9 et la configuration de votre appareil de traitement d&rsquo;air assemblable.<\/p>\t\t\n\t<h3>\n\t\t\u00c9conomies de temps d&rsquo;installation et de co\u00fbts\n\t<\/h3>\n\t\t\t <p>La taille des composantes convient \u00e0 l&rsquo;espace disponible et leur forme ainsi que leur poids peuvent \u00eatre ajust\u00e9s pour \u00e9viter de requ\u00e9rir une grue sur le chantier.<\/p>\t\t\n\t\t\t <p>Les entrepreneurs ont \u00e9conomis\u00e9 jusqu&rsquo;\u00e0 40 % sur la dur\u00e9e et les co\u00fbts de main-d&rsquo;\u0153uvre de l&rsquo;installation.<\/p>\t\t\n\t\t\t <p>R\u00e9duit les besoins majeurs de d\u00e9molition et de reconstruction.<\/p>\t\t\n\t\n","protected":false},"excerpt":{"rendered":"<p>B\u00e2ti sur le chantier, suivant votre \u00e9ch\u00e9ancier &#8211; selon les exigences sp\u00e9cifiques de votre projet Nos appareils de traitement d&rsquo;air assemblables sont parfaits pour les applications nouvelles, de\u00a0remplacement\u00a0ou de mise \u00e0 niveau qui pr\u00e9sentent des limites d&rsquo;espace et d&rsquo;acc\u00e8s, ainsi que des contraintes de temps et de co\u00fbts d&rsquo;installation. La construction assemblable signifie que l&rsquo;appareil&hellip;<\/p>\n","protected":false},"author":8,"featured_media":0,"parent":2928,"menu_order":0,"comment_status":"closed","ping_status":"closed","template":"","meta":{"_acf_changed":false,"_relevanssi_hide_post":"","_relevanssi_hide_content":"","_relevanssi_pin_for_all":"","_relevanssi_pin_keywords":"","_relevanssi_unpin_keywords":"","_relevanssi_related_keywords":"","_relevanssi_related_include_ids":"","_relevanssi_related_exclude_ids":"","_relevanssi_related_no_append":"","_relevanssi_related_not_related":"","_relevanssi_related_posts":"","_relevanssi_noindex_reason":"","footnotes":""},"class_list":["post-2912","page","type-page","status-publish","hentry"],"acf":[],"aioseo_notices":[],"_links":{"self":[{"href":"https:\/\/www.nortekair.com\/fr\/wp-json\/wp\/v2\/pages\/2912","targetHints":{"allow":["GET"]}}],"collection":[{"href":"https:\/\/www.nortekair.com\/fr\/wp-json\/wp\/v2\/pages"}],"about":[{"href":"https:\/\/www.nortekair.com\/fr\/wp-json\/wp\/v2\/types\/page"}],"author":[{"embeddable":true,"href":"https:\/\/www.nortekair.com\/fr\/wp-json\/wp\/v2\/users\/8"}],"replies":[{"embeddable":true,"href":"https:\/\/www.nortekair.com\/fr\/wp-json\/wp\/v2\/comments?post=2912"}],"version-history":[{"count":0,"href":"https:\/\/www.nortekair.com\/fr\/wp-json\/wp\/v2\/pages\/2912\/revisions"}],"up":[{"embeddable":true,"href":"https:\/\/www.nortekair.com\/fr\/wp-json\/wp\/v2\/pages\/2928"}],"wp:attachment":[{"href":"https:\/\/www.nortekair.com\/fr\/wp-json\/wp\/v2\/media?parent=2912"}],"curies":[{"name":"wp","href":"https:\/\/api.w.org\/{rel}","templated":true}]}}