{"id":2915,"date":"2024-06-20T09:03:24","date_gmt":"2024-06-20T14:03:24","guid":{"rendered":"https:\/\/www.nortekair.com\/?page_id=2915"},"modified":"2024-07-17T15:34:37","modified_gmt":"2024-07-17T20:34:37","slug":"appareils-dair-dappoint","status":"publish","type":"page","link":"https:\/\/www.nortekair.com\/fr\/produits\/appareils-dair-dappoint\/","title":{"rendered":"Appareils d\u2019air d\u2019appoint"},"content":{"rendered":"\n<h2>\n\t\t100 % d&rsquo;air ext\u00e9rieur &#8211; Jusqu&rsquo;\u00e0 115 000 pi\u00b3\/min\n\t<\/h2>\n\t<p>Nos appareils d&rsquo;air d&rsquo;appoint fournissent 100\u00a0% d&rsquo;air ext\u00e9rieur \u00e0 votre b\u00e2timent, pour vous aider \u00e0 cr\u00e9er des environnements int\u00e9rieurs confortables dont l&rsquo;air ambiant est d&rsquo;une qualit\u00e9 sup\u00e9rieure. Fabriqu\u00e9s avec des composantes et des technologies d\u00e9velopp\u00e9es pour optimiser l&rsquo;efficacit\u00e9, conserver l&rsquo;\u00e9nergie et r\u00e9duire de fa\u00e7on significative les frais d&rsquo;exploitation &#8211; y compris la\u00a0<a href=\"https:\/\/www.nortekair.com\/fr\/innovation\/la-technologie-fanwall-les-ventilateurs-groupes-preferes\/\">technologie FANWALL<\/a><sup>\u00ae<\/sup>\u00a0-, ces syst\u00e8mes peuvent \u00eatre personnalis\u00e9s avec une gamme d&rsquo;options de climatisation et de chauffage, de filtration, de syst\u00e8mes de commande num\u00e9rique directe et de tailles et configurations pour combler les besoins de votre application.<\/p>\n\t\t<h3>Pour plus d&rsquo;informations ?<\/h3>\n\t\t\t<a href=\"https:\/\/www.nortekair.com\/fr\/trouver-un-representant\/\" target=\"_self\" rel=\"noopener\">\n\t\t\t\t\t\t\tTROUVER UN REPR\u00c9SENTANT\n\t\t\t<\/a>\n\t\t\t\t<img loading=\"lazy\" decoding=\"async\" src=\"https:\/\/www.nortekair.com\/wp-content\/uploads\/2024\/06\/Temtrol-Makeup-Air-AHU.jpg\" alt=\"Temtrol-Makeup-Air-AHU\" itemprop=\"image\" height=\"1125\" width=\"1500\" title=\"Temtrol-Makeup-Air-AHU\" onerror=\"this.style.display='none'\"  \/>\n\t\t<h2>\n\t\t\tAVANTAGES ET CARACT\u00c9RISTIQUES\n\t\t<\/h2>\n<h3>\n\t\tQualit\u00e9 sup\u00e9rieure d&rsquo;air int\u00e9rieur\n\t<\/h3>\n\t\t\t <p>Livre 100\u00a0% d&rsquo;air ext\u00e9rieur tout en r\u00e9duisant les besoins de chauffage, climatisation et humidification m\u00e9caniques.<\/p>\t\t\n\t\t\t <p><a href=\"https:\/\/www.nortekair.com\/fr\/produits\/appareils-de-traitement-dair-de-deshumidification\/\">Technologie thermique de pointe<\/a>\u00a0pour un contr\u00f4le avanc\u00e9 de l&rsquo;humidit\u00e9.<\/p>\t\t\n\t\t\t <p><a href=\"https:\/\/www.nortekair.com\/fr\/innovation\/qualite-de-lair-interieur\/\">Qualit\u00e9 d&rsquo;air ambiant<\/a>\u00a0avec bacs et mat\u00e9riaux d&rsquo;\u00e9coulement inclin\u00e9s pour aider \u00e0 pr\u00e9venir la croissance microbienne et fournir des surfaces facilement nettoyables.<\/p>\t\t\n\t<h3>\n\t\tFonctions sur mesure\n\t<\/h3>\n\t\t\t <p>Options de climatisation &#8211; Eau refroidie, d\u00e9tente directe et \u00e9vaporation directe ou indirecte.<\/p>\t\t\n\t\t\t <p>Options de chauffage &#8211; Eau chaude, vapeur, gaz direct ou indirect et r\u00e9sistance \u00e9lectrique.<\/p>\t\t\n\t\t\t <p>Multiples options de filtres, y compris pr\u00e9-filtrage, haute efficacit\u00e9, HEPA\/ULPA, mat\u00e9riaux d&rsquo;\u00e9limination des odeurs et pr\u00e9cipitation \u00e9lectrostatique.<\/p>\t\t\n\t\t\t <p>Armoires int\u00e9rieures ou ext\u00e9rieures.<\/p>\t\t\n\t<h3>\n\t\tFabrication de haute qualit\u00e9\n\t<\/h3>\n\t\t\t <p>Construction modulaire pour faciliter le transport et l&rsquo;installation.<\/p>\t\t\n\t\t\t <p>Cadre en acier tubulaire ultra-robuste enti\u00e8rement soud\u00e9 avec ferrures de levage.<\/p>\t\t\n\t\t\t <p>Armoire en acier, en aluminium ou en acier inoxydable.<\/p>\t\t\n\t\t\t <p>Rev\u00eatement en poudre pr\u00e9-fini de tous les panneaux, plafonds, partitions int\u00e9rieures et portes d&rsquo;armoires.<\/p>\t\t\n\t<h3>\n\t\tTechnologie FANWALL\n\t<\/h3>\n\t\t\t <p>La\u00a0<a href=\"https:\/\/www.nortekair.com\/fr\/innovation\/la-technologie-fanwall-les-ventilateurs-groupes-preferes\/\">technologie FANWALL<\/a>\u00a0accro\u00eet l&rsquo;efficacit\u00e9 \u00e9nerg\u00e9tique, la circulation d&rsquo;air et la fiabilit\u00e9 de votre syst\u00e8me.<\/p>\t\t\n\t\t\t <p>Ils se composent d&rsquo;un syst\u00e8me int\u00e9gr\u00e9 de ventilateurs, moteurs, armoires, commandes et accessoires de pointe assortis \u00e0 vos besoins de traitement d&rsquo;air.<\/p>\t\t\n\t\t\t <p>R\u00e9alisez des \u00e9conomies d&rsquo;\u00e9nergie, typiquement jusqu&rsquo;\u00e0 40\u00a0%.<\/p>\t\t\n\t\n","protected":false},"excerpt":{"rendered":"<p>100 % d&rsquo;air ext\u00e9rieur &#8211; Jusqu&rsquo;\u00e0 115 000 pi\u00b3\/min Nos appareils d&rsquo;air d&rsquo;appoint fournissent 100\u00a0% d&rsquo;air ext\u00e9rieur \u00e0 votre b\u00e2timent, pour vous aider \u00e0 cr\u00e9er des environnements int\u00e9rieurs confortables dont l&rsquo;air ambiant est d&rsquo;une qualit\u00e9 sup\u00e9rieure. Fabriqu\u00e9s avec des composantes et des technologies d\u00e9velopp\u00e9es pour optimiser l&rsquo;efficacit\u00e9, conserver l&rsquo;\u00e9nergie et r\u00e9duire de fa\u00e7on significative les&hellip;<\/p>\n","protected":false},"author":8,"featured_media":0,"parent":2928,"menu_order":0,"comment_status":"closed","ping_status":"closed","template":"","meta":{"_acf_changed":false,"_relevanssi_hide_post":"","_relevanssi_hide_content":"","_relevanssi_pin_for_all":"","_relevanssi_pin_keywords":"","_relevanssi_unpin_keywords":"","_relevanssi_related_keywords":"","_relevanssi_related_include_ids":"","_relevanssi_related_exclude_ids":"","_relevanssi_related_no_append":"","_relevanssi_related_not_related":"","_relevanssi_related_posts":"","_relevanssi_noindex_reason":"","footnotes":""},"class_list":["post-2915","page","type-page","status-publish","hentry"],"acf":[],"aioseo_notices":[],"_links":{"self":[{"href":"https:\/\/www.nortekair.com\/fr\/wp-json\/wp\/v2\/pages\/2915","targetHints":{"allow":["GET"]}}],"collection":[{"href":"https:\/\/www.nortekair.com\/fr\/wp-json\/wp\/v2\/pages"}],"about":[{"href":"https:\/\/www.nortekair.com\/fr\/wp-json\/wp\/v2\/types\/page"}],"author":[{"embeddable":true,"href":"https:\/\/www.nortekair.com\/fr\/wp-json\/wp\/v2\/users\/8"}],"replies":[{"embeddable":true,"href":"https:\/\/www.nortekair.com\/fr\/wp-json\/wp\/v2\/comments?post=2915"}],"version-history":[{"count":0,"href":"https:\/\/www.nortekair.com\/fr\/wp-json\/wp\/v2\/pages\/2915\/revisions"}],"up":[{"embeddable":true,"href":"https:\/\/www.nortekair.com\/fr\/wp-json\/wp\/v2\/pages\/2928"}],"wp:attachment":[{"href":"https:\/\/www.nortekair.com\/fr\/wp-json\/wp\/v2\/media?parent=2915"}],"curies":[{"name":"wp","href":"https:\/\/api.w.org\/{rel}","templated":true}]}}