{"id":2918,"date":"2024-06-20T11:00:06","date_gmt":"2024-06-20T16:00:06","guid":{"rendered":"https:\/\/www.nortekair.com\/?page_id=2918"},"modified":"2025-06-04T15:29:38","modified_gmt":"2025-06-04T20:29:38","slug":"systemes-sur-toits-complets-sur-mesure-ultraline","status":"publish","type":"page","link":"https:\/\/www.nortekair.com\/fr\/produits\/systemes-sur-toits-complets-sur-mesure-ultraline\/","title":{"rendered":"Syst\u00e8mes sur toits complets sur mesure Ultraline\u2122"},"content":{"rendered":"\n<h2>\n\t\t\tDes solutions sur mesure pour vos besoins CVC sp\u00e9cifiques &#8211; de 35 \u00e0 380 tonnes, 6 000 \u00e0 95 000 pi\u00b3\/min\t<\/h2>\n\t<p>Nos syst\u00e8mes sur toits complets sur mesure Ultraline comblent de fa\u00e7on exemplaire les besoins de confort, d&rsquo;insonorisation, d&rsquo;efficacit\u00e9, de respect de l&rsquo;environnement et de qualit\u00e9 d&rsquo;air int\u00e9rieur de chaque b\u00e2timent qu&rsquo;ils desservent. Gr\u00e2ce \u00e0 nos technologies novatrices, telles que les condensateurs optimis\u00e9s et les options de serpentins, nos compresseurs \u00e0\u00a0roulements magn\u00e9tiques sans friction, \u00e0 haute performance, nos configurations souples et la\u00a0<a href=\"https:\/\/www.nortekair.com\/fr\/innovation\/la-technologie-fanwall-les-ventilateurs-groupes-preferes\/\">TECHNOLOGIE FANWALL<\/a><sup>\u00ae<\/sup>, nous vous offrons la souplesse dont vous avez besoin pour les applications les plus complexes. Les syst\u00e8mes sur toits complets sur mesure Ultraline peuvent \u00eatre livr\u00e9s sur votre chantier en une pi\u00e8ce ou en plus petites sections afin de r\u00e9duire le temps et les co\u00fbts d&rsquo;installation dans les nouvelles constructions ou les projets de mise \u00e0 niveau.<\/p>\n\t\t\t\t<img decoding=\"async\" src=\"https:\/\/www.nortekair.com\/wp-content\/uploads\/2024\/06\/mammoth-ultraline3.png\" alt=\"mammoth-ultraline3\" itemprop=\"image\" height=\"200\" width=\"500\" title=\"mammoth-ultraline3\" onerror=\"this.style.display='none'\" loading='lazy' \/>\n\t\t<h2>\n\t\t\tAVANTAGES ET CARACT\u00c9RISTIQUES\n\t\t<\/h2>\n<h3>\n\t\t\tSouplesse\t<\/h3>\n\t\t\t <p>Multiples configurations pour combler les besoins de votre application, y compris le fonctionnement par soufflage ou par aspiration, le retour d&rsquo;air ou ventilateur d&rsquo;\u00e9vacuation, et les configurations sur mesure adapt\u00e9es \u00e0 l&rsquo;espace disponible.<\/p>\t\t\n\t\t\t <p>Commandes autonomes ou int\u00e9gr\u00e9es pour une performance optimale avec le syst\u00e8me de gestion du b\u00e2timent et les principaux protocoles de communication\u00a0: BACnet<sup>\u00ae<\/sup>, Modbus<sup>\u00ae<\/sup>, N2<sup>\u00ae<\/sup>\u00a0et LonTalk<sup>\u00ae<\/sup>.<\/p>\t\t\n\t\t\t <p>Multiples options de chauffage pour vous offrir la solution la plus \u00e9conomique, y compris la vapeur, l&rsquo;eau chaude, l&rsquo;\u00e9lectricit\u00e9, le gaz naturel, le mazout et le propane.<\/p>\t\t\n\t<h3>\n\t\t\tOptions novatrices\t<\/h3>\n\t\t\t <p>Options de condensateurs optimis\u00e9s &#8211; refroidis \u00e0 l&rsquo;air, refroidis \u00e0 l&rsquo;eau ou \u00e0 condensation par\u00a0<a href=\"https:\/\/www.nortekair.com\/fr\/innovation\/condensation-a-evaporation\/\">\u00e9vaporation \u00e9co-\u00e9nerg\u00e9tique<\/a>.<\/p>\t\t\n\t\t\t <p>Options de condensateurs novateurs &#8211; technologie de compresseur \u00e0 spirale ou vis<\/p>\t\t\n\t\t\t <p>Options pratiquement illimit\u00e9es pour optimiser l&rsquo;efficacit\u00e9, le confort int\u00e9rieur, la qualit\u00e9 de l&rsquo;air int\u00e9rieur, y compris les\u00a0<a href=\"https:\/\/www.nortekair.com\/fr\/innovation\/systemes-de-recuperation-denergie\/\">syst\u00e8mes de r\u00e9cup\u00e9ration d&rsquo;\u00e9nergie<\/a>, les\u00a0<a href=\"https:\/\/www.nortekair.com\/fr\/innovation\/controle-de-lhumidite\/\">humidificateurs<\/a>\u00a0et les att\u00e9nuateurs acoustiques.<\/p>\t\t\n\t<h3>\n\t\t\tFabrication de haute qualit\u00e9\t<\/h3>\n\t\t\t <p>Cadre de base \u00e0 canal C structurel, \u00e0 auto-\u00e9tanch\u00e9it\u00e9 ou \u00e0 affleurement avec mur double de 5 cm (2\u00a0po) pour maximiser la durabilit\u00e9 et l&rsquo;int\u00e9grit\u00e9 de l&rsquo;appareil.<\/p>\t\t\n\t\t\t <p>Acc\u00e8s g\u00e9n\u00e9reux pour simplifier et favoriser l&rsquo;entretien r\u00e9gulier pour une performance optimale.<\/p>\t\t\n\t\t\t <p>Les choix de serpentins peuvent \u00eatre optimis\u00e9s en fonction de la r\u00e9sistance \u00e0 la corrosion, du transfert de chaleur et de la facilit\u00e9 de nettoyage.<\/p>\t\t\n\t<h3>\n\t\t\tQualit\u00e9 sup\u00e9rieure d&rsquo;air int\u00e9rieur\t<\/h3>\n\t\t\t <p>L&rsquo;isolation en fibre de verre et la construction \u00e0\u00a0<a href=\"https:\/\/www.nortekair.com\/fr\/innovation\/barrieres-thermiques-prevention-de-la-condensation-et-du-gel\/\">barri\u00e8re thermique<\/a>\u00a0offrent une efficacit\u00e9 thermale, un contr\u00f4le de l&rsquo;humidit\u00e9 et une r\u00e9duction du bruit.<\/p>\t\t\n\t\t\t <p>Les choix de filtres en fonction de vos besoins de qualit\u00e9 d&rsquo;air int\u00e9rieur, des simples filtres pliss\u00e9s jetables 30 % jusqu&rsquo;aux syst\u00e8mes complexes de filtration d&rsquo;extr\u00e9mit\u00e9 99,97 % HEPA, au charbon ou UVGI, nous pouvons appliquer l&rsquo;option de filtration qui convient pour optimiser la\u00a0<a href=\"https:\/\/www.nortekair.com\/fr\/innovation\/qualite-de-lair-interieur\/\">qualit\u00e9 de l&rsquo;air int\u00e9rieur<\/a>\u00a0et accumuler des points en vue de l&rsquo;homologation LEED<sup>\u00ae<\/sup>.<\/p>\t\t\n\t<h3>\n\t\t\tTechnologie FANWALL et s\u00e9lection du ventilateur\t<\/h3>\n\t\t\t <p>La\u00a0<a href=\"https:\/\/www.nortekair.com\/fr\/innovation\/la-technologie-fanwall-les-ventilateurs-groupes-preferes\/\">TECHNOLOGIE FANWALL<\/a>\u00a0accro\u00eet l&rsquo;efficacit\u00e9 \u00e9nerg\u00e9tique, la circulation de l&rsquo;air et la fiabilit\u00e9 de votre syst\u00e8me.<\/p>\t\t\n\t\t\t <p>Elle se compose d&rsquo;un syst\u00e8me int\u00e9gr\u00e9 de ventilateurs, moteurs, armoires, commandes et accessoires de pointe assortis \u00e0 vos besoins de traitement d&rsquo;air.<\/p>\t\t\n\t\t\t <p>R\u00e9alisez des \u00e9conomies d&rsquo;\u00e9nergie, typiquement jusqu&rsquo;\u00e0 40 %.<\/p>\t\t\n\t\t\t <p>Aussi disponible avec ventilateurs condensateurs ultra-silencieux.<\/p>\t\t\n\t\t<h2>\n\t\t\tDOCUMENTATION SUR LE PRODUIT\n\t\t<\/h2>\n\t\t\t\t<a href=\"https:\/\/nortekrep.com\/Document\/Download\/780\"  target=\"_blank\" rel=\"noopener\"  itemprop=\"url\">\n\t\t\t\t<img decoding=\"async\" src=\"https:\/\/www.nortekair.com\/wp-content\/uploads\/2024\/07\/appareils-DX.jpg\" alt=\"appareils-DX\" itemprop=\"image\" height=\"1376\" width=\"1060\" title=\"appareils-DX\" onerror=\"this.style.display='none'\" loading='lazy' \/>\n\t\t\t\t<\/a>\n<h3><a href=\"https:\/\/nortekrep.com\/Document\/Download\/780\" target=\"_blank\"  rel=\"noopener\">Appareils DX<\/a><\/h3>\t\n\t\t\t\t<a href=\"https:\/\/www.nortekrep.com\/Document\/Download\/974\"  target=\"_blank\" rel=\"noopener\"  itemprop=\"url\">\n\t\t\t\t<img decoding=\"async\" src=\"https:\/\/www.nortekair.com\/wp-content\/uploads\/2025\/06\/MAM-VEN-AST-SB-ALUMINUM-20250422_Canadian-French-scaled.jpg\" alt=\"MAM-VEN-AST-SB-ALUMINUM-20250422_Canadian French\" itemprop=\"image\" height=\"2560\" width=\"1989\" title=\"MAM-VEN-AST-SB-ALUMINUM-20250422_Canadian French\" onerror=\"this.style.display='none'\" loading='lazy' \/>\n\t\t\t\t<\/a>\n<h3><a href=\"https:\/\/www.nortekrep.com\/Document\/Download\/974\" target=\"_blank\"  rel=\"noopener\">Construction en aluminium<\/a><\/h3>\t\n\n","protected":false},"excerpt":{"rendered":"<p>Des solutions sur mesure pour vos besoins CVC sp\u00e9cifiques &#8211; de 35 \u00e0 380 tonnes, 6 000 \u00e0 95 000 pi\u00b3\/min Nos syst\u00e8mes sur toits complets sur mesure Ultraline comblent de fa\u00e7on exemplaire les besoins de confort, d&rsquo;insonorisation, d&rsquo;efficacit\u00e9, de respect de l&rsquo;environnement et de qualit\u00e9 d&rsquo;air int\u00e9rieur de chaque b\u00e2timent qu&rsquo;ils desservent. Gr\u00e2ce \u00e0&hellip;<\/p>\n","protected":false},"author":8,"featured_media":0,"parent":2928,"menu_order":0,"comment_status":"closed","ping_status":"closed","template":"","meta":{"_acf_changed":false,"_relevanssi_hide_post":"","_relevanssi_hide_content":"","_relevanssi_pin_for_all":"","_relevanssi_pin_keywords":"","_relevanssi_unpin_keywords":"","_relevanssi_related_keywords":"","_relevanssi_related_include_ids":"","_relevanssi_related_exclude_ids":"","_relevanssi_related_no_append":"","_relevanssi_related_not_related":"","_relevanssi_related_posts":"","_relevanssi_noindex_reason":"","footnotes":""},"class_list":["post-2918","page","type-page","status-publish","hentry"],"acf":[],"aioseo_notices":[],"_links":{"self":[{"href":"https:\/\/www.nortekair.com\/fr\/wp-json\/wp\/v2\/pages\/2918","targetHints":{"allow":["GET"]}}],"collection":[{"href":"https:\/\/www.nortekair.com\/fr\/wp-json\/wp\/v2\/pages"}],"about":[{"href":"https:\/\/www.nortekair.com\/fr\/wp-json\/wp\/v2\/types\/page"}],"author":[{"embeddable":true,"href":"https:\/\/www.nortekair.com\/fr\/wp-json\/wp\/v2\/users\/8"}],"replies":[{"embeddable":true,"href":"https:\/\/www.nortekair.com\/fr\/wp-json\/wp\/v2\/comments?post=2918"}],"version-history":[{"count":4,"href":"https:\/\/www.nortekair.com\/fr\/wp-json\/wp\/v2\/pages\/2918\/revisions"}],"predecessor-version":[{"id":5758,"href":"https:\/\/www.nortekair.com\/fr\/wp-json\/wp\/v2\/pages\/2918\/revisions\/5758"}],"up":[{"embeddable":true,"href":"https:\/\/www.nortekair.com\/fr\/wp-json\/wp\/v2\/pages\/2928"}],"wp:attachment":[{"href":"https:\/\/www.nortekair.com\/fr\/wp-json\/wp\/v2\/media?parent=2918"}],"curies":[{"name":"wp","href":"https:\/\/api.w.org\/{rel}","templated":true}]}}