{"id":2922,"date":"2024-06-20T13:52:37","date_gmt":"2024-06-20T18:52:37","guid":{"rendered":"https:\/\/www.nortekair.com\/?page_id=2922"},"modified":"2024-07-16T14:56:44","modified_gmt":"2024-07-16T19:56:44","slug":"systemes-verticaux-autonomes-v-cube-slim","status":"publish","type":"page","link":"https:\/\/www.nortekair.com\/fr\/produits\/systemes-verticaux-autonomes-v-cube-slim\/","title":{"rendered":"Syst\u00e8mes verticaux autonomes V-Cube\u2122\u00a0Slim"},"content":{"rendered":"\n<h3>\n\t\tAppareils de 15 \u00e0 70 tonnes pour les syst\u00e8mes de climatisation \u00e0 thermopompe \u00e9tage par \u00e9tage. Multiples options et configurations disponibles pour votre application.\n\t<\/h3>\n\t<p>Nos syst\u00e8mes verticaux autonomes V-Cube \u00e9troits sont des solutions \u00e9conomiques \u00e0 haute efficacit\u00e9 pour la climatisation \u00e9tage par \u00e9tage dans les immeubles commerciaux et institutionnels de hauteur moyenne ou grande. Ces appareils combinent un design compact et des configurations souples avec des fonctions avanc\u00e9es telles que la\u00a0<a href=\"https:\/\/www.nortekair.com\/fr\/innovation\/la-technologie-fanwall-les-ventilateurs-groupes-preferes\/\">technologie FANWALL<\/a><sup>\u00ae<\/sup>, un contr\u00f4leur int\u00e9gr\u00e9 \u00e0 commande num\u00e9rique directe EPiC\u2122 et un entra\u00eenement \u00e0 fr\u00e9quence variable install\u00e9 en usine. Ces appareils sont disponibles en 9 tailles diff\u00e9rentes, de 15 \u00e0 70 tonnes, et ils offrent une grande souplesse pour combler les besoins de votre application, dont des options de filtres et de serpentins et de multiples configurations, dont le refroidissement \u00e0 l&rsquo;eau, la d\u00e9tente directe avec\u00a0<a href=\"https:\/\/www.nortekair.com\/fr\/innovation\/economiseurs\/\">\u00e9conomiseur<\/a>\u00a0en option c\u00f4t\u00e9 eau, thermopompe \u00e0 eau g\u00e9othermique et appareils d&rsquo;appoint. La construction assemblable, l&#8217;empreinte compacte et le design \u00e0 branchement rapide du V-Cube \u00e9troit rendent cet appareil id\u00e9al pour les applications de\u00a0<a href=\"https:\/\/www.nortekair.com\/fr\/solutions-par-marche\/modernisation-et-mises-a-niveau\/\">mise \u00e0 niveau<\/a>.<\/p>\n\t\t\n\t\t\t<a href=\"https:\/\/www.nortekair.com\/fr\/trouver-un-representant\/\" target=\"_self\" rel=\"noopener\">\n\t\t\t\t\t\t\tTROUVER UN REPR\u00c9SENTANT\n\t\t\t<\/a>\n\t\t\t\t<img loading=\"lazy\" decoding=\"async\" src=\"https:\/\/www.nortekair.com\/wp-content\/uploads\/2024\/06\/mammoth-v-cube-slim6.png\" alt=\"mammoth-v-cube-slim6\" itemprop=\"image\" height=\"867\" width=\"1191\" title=\"mammoth-v-cube-slim6\" onerror=\"this.style.display='none'\"  \/>\n\t\t<h2>\n\t\t\tAVANTAGES ET CARACT\u00c9RISTIQUES\n\t\t<\/h2>\n<h3>\n\t\tCon\u00e7u pour les remplacements faciles \u00e0 faible co\u00fbt\n\t<\/h3>\n\t\t\t <p>Le design complet, qui inclut l&rsquo;entra\u00eenement \u00e0 fr\u00e9quence variable et un contr\u00f4leur EPiC int\u00e9gr\u00e9 en usine (commandes de communication en option), r\u00e9duit le travail sur le chantier.<\/p>\t\t\n\t\t\t <p>La fonction\u00a0<a href=\"https:\/\/www.nortekair.com\/fr\/innovation\/remplacement\/\">assemblable<\/a>\u00a0permet aux appareils d&rsquo;\u00eatre d\u00e9mont\u00e9s en sections qui conviennent aux embrasures de portes standard de 91 cm avec des connexions \u00e9lectriques rapides entre les sections. Le syst\u00e8me de refroidissement demeure intact pour un r\u00e9assemblage facile.<\/p>\t\t\n\t\t\t <p>Les branchements \u00e9lectriques int\u00e9gr\u00e9s r\u00e9duisent le travail et les co\u00fbts d&rsquo;installation sur le chantier.<\/p>\t\t\n\t<h3>\n\t\tHaute efficacit\u00e9\n\t<\/h3>\n\t\t\t <p>Efficacit\u00e9 de climatisation avec un taux de rendement \u00e9nerg\u00e9tique jusqu&rsquo;\u00e0 16,1 et efficacit\u00e9 de chauffage avec un coefficient de performance jusqu&rsquo;\u00e0 4,3.<\/p>\t\t\n\t\t\t <p>Les moteurs \u00e0 haute performance r\u00e9duisent le courant tir\u00e9, tandis que les circuits d&rsquo;eau sont optimis\u00e9s pour r\u00e9duire la puissance de pompage requise.<\/p>\t\t\n\t\t\t <p>Le compresseur \u00e0 commande num\u00e9rique offre une performance sup\u00e9rieure \u00e0 charge partielle et r\u00e9duit le besoin de d\u00e9rivation des gaz chauds (standard sur les syst\u00e8mes VAV et en options sur les syst\u00e8mes CAV).<\/p>\t\t\n\t\t\t <p>Le contr\u00f4leur EPiC int\u00e9gr\u00e9 en usine offre efficacit\u00e9 et souplesse pour un fonctionnement autonome ou la communication en option avec des protocoles communs reconnus dans l&rsquo;industrie.<\/p>\t\t\n\t<h3>\n\t\tFonctionnement silencieux\n\t<\/h3>\n\t\t\t <p>Les appareils peuvent \u00eatre plac\u00e9s \u00e0 c\u00f4t\u00e9 d&rsquo;espaces occup\u00e9s, ce qui peut accro\u00eetre l&rsquo;espace louable<\/p>\t\t\n\t\t\t <p>La\u00a0technologie FANWALL\u00a0offre un fonctionnement ultra silencieux et il peut aider \u00e0 pr\u00e9venir les co\u00fbts \u00e9lev\u00e9s d&rsquo;att\u00e9nuation sonore.<\/p>\t\t\n\t\t\t <p>Les compresseurs \u00e0 spirale fonctionnent d\u00e9licatement et silencieusement.<\/p>\t\t\n\t<h3>\n\t\tConfort et qualit\u00e9 d&rsquo;air int\u00e9rieur sup\u00e9rieurs\n\t<\/h3>\n\t\t\t <p>La construction standard \u00e0 mur double et le bac d&rsquo;\u00e9vacuation en acier inoxydable \u00e0 double inclinaison aident \u00e0 pr\u00e9venir la croissance microbienne et facilitent le nettoyage des surfaces.<\/p>\t\t\n\t\t\t <p>Multiples options de filtres, dont MERV13, filtres d&rsquo;extr\u00e9mit\u00e9 de 4 pouces avec pr\u00e9-filtres de 2 pouces.<\/p>\t\t\n\t\t\t <p>Le fonctionnement avec ventilateur et compresseur silencieux contribue \u00e0 un environnement confortable.<\/p>\t\t\n\t<h3>\n\t\tFonctionnement durable et fiable\n\t<\/h3>\n\t\t\t <p>Les circuits de frigorig\u00e8ne multiples offrent une redondance.<\/p>\t\t\n\t\t\t <p>Le syst\u00e8me\u00a0FANWALL<sup>\u00ae<\/sup>\u00a0permet \u00e0 l&rsquo;appareil de fonctionner presque \u00e0 pleine capacit\u00e9 m\u00eame lorsqu&rsquo;un ventilateur est arr\u00eat\u00e9.<\/p>\t\t\n\t\t\t <p>Permutation automatique vers l&rsquo;entra\u00eenement \u00e0 fr\u00e9quence variable en option plut\u00f4t qu&rsquo;une d\u00e9rivation manuelle.<\/p>\t\t\n\t<h3>\n\t\tConception et sp\u00e9cifications souples\n\t<\/h3>\n\t\t\t <p>Disponibles en 10 tailles diff\u00e9rentes, de 15 \u00e0 70 tonnes, pour combler les besoins d&rsquo;une vaste gamme d&rsquo;espaces et de charges.<\/p>\t\t\n\t\t\t <p>Les configurations incluent le refroidissement \u00e0 l&rsquo;eau, la d\u00e9tente directe avec\u00a0<a href=\"https:\/\/www.nortekair.com\/fr\/innovation\/economiseurs\/\">\u00e9conomiseur<\/a>\u00a0en option c\u00f4t\u00e9 eau, thermopompe standard ou \u00e0 source d&rsquo;eau g\u00e9othermique et appareil d&rsquo;air d&rsquo;appoint.<\/p>\t\t\n\t\t\t <p>Serpentin \u00e0 d\u00e9tente directe standard 3 ou 4 rang\u00e9es avec serpentin \u00e0 d\u00e9tente directe 6 rang\u00e9es en option, et eau chaude, vapeur, chauffage secondaire, d\u00e9tente directe ou serpentins \u00e9conomiseurs c\u00f4t\u00e9 eau pour combler les besoins de votre application.<\/p>\t\t\n\t\n","protected":false},"excerpt":{"rendered":"<p>Appareils de 15 \u00e0 70 tonnes pour les syst\u00e8mes de climatisation \u00e0 thermopompe \u00e9tage par \u00e9tage. Multiples options et configurations disponibles pour votre application. Nos syst\u00e8mes verticaux autonomes V-Cube \u00e9troits sont des solutions \u00e9conomiques \u00e0 haute efficacit\u00e9 pour la climatisation \u00e9tage par \u00e9tage dans les immeubles commerciaux et institutionnels de hauteur moyenne ou grande. Ces&hellip;<\/p>\n","protected":false},"author":8,"featured_media":0,"parent":2928,"menu_order":0,"comment_status":"closed","ping_status":"closed","template":"","meta":{"_acf_changed":false,"_relevanssi_hide_post":"","_relevanssi_hide_content":"","_relevanssi_pin_for_all":"","_relevanssi_pin_keywords":"","_relevanssi_unpin_keywords":"","_relevanssi_related_keywords":"","_relevanssi_related_include_ids":"","_relevanssi_related_exclude_ids":"","_relevanssi_related_no_append":"","_relevanssi_related_not_related":"","_relevanssi_related_posts":"","_relevanssi_noindex_reason":"","footnotes":""},"class_list":["post-2922","page","type-page","status-publish","hentry"],"acf":[],"aioseo_notices":[],"_links":{"self":[{"href":"https:\/\/www.nortekair.com\/fr\/wp-json\/wp\/v2\/pages\/2922","targetHints":{"allow":["GET"]}}],"collection":[{"href":"https:\/\/www.nortekair.com\/fr\/wp-json\/wp\/v2\/pages"}],"about":[{"href":"https:\/\/www.nortekair.com\/fr\/wp-json\/wp\/v2\/types\/page"}],"author":[{"embeddable":true,"href":"https:\/\/www.nortekair.com\/fr\/wp-json\/wp\/v2\/users\/8"}],"replies":[{"embeddable":true,"href":"https:\/\/www.nortekair.com\/fr\/wp-json\/wp\/v2\/comments?post=2922"}],"version-history":[{"count":0,"href":"https:\/\/www.nortekair.com\/fr\/wp-json\/wp\/v2\/pages\/2922\/revisions"}],"up":[{"embeddable":true,"href":"https:\/\/www.nortekair.com\/fr\/wp-json\/wp\/v2\/pages\/2928"}],"wp:attachment":[{"href":"https:\/\/www.nortekair.com\/fr\/wp-json\/wp\/v2\/media?parent=2922"}],"curies":[{"name":"wp","href":"https:\/\/api.w.org\/{rel}","templated":true}]}}