{"id":2925,"date":"2024-06-20T14:03:45","date_gmt":"2024-06-20T19:03:45","guid":{"rendered":"https:\/\/www.nortekair.com\/?page_id=2925"},"modified":"2024-07-16T14:59:33","modified_gmt":"2024-07-16T19:59:33","slug":"systemes-verticaux-autonomes-v-cube","status":"publish","type":"page","link":"https:\/\/www.nortekair.com\/fr\/produits\/systemes-verticaux-autonomes-v-cube\/","title":{"rendered":"Syst\u00e8mes verticaux autonomes V-Cube\u2122"},"content":{"rendered":"\n<h2>\n\t\tLes appareils de traitement d&rsquo;air \u00e9tage par \u00e9tage dans les nouvelles constructions ou les applications de mise \u00e0 niveau &#8211; de 9 \u00e0 150 tonnes, de 4 000 \u00e0 40 000 pi\u00b3\/min\n\t<\/h2>\n\t<p>Nos syst\u00e8mes verticaux autonomes V-Cube sont c\u00e9l\u00e8bres pour leur fonctionnement silencieux, leur design compact et leurs configurations souples, ce qui en fait des solutions id\u00e9ales pour vos b\u00e2timents de tout type ou de toute taille. Dans une gamme de capacit\u00e9s et de d\u00e9bits, de configurations, d&rsquo;options de serpentins et de filtres, et d&rsquo;options exceptionnelles de ventilateurs silencieux et efficaces &#8211; y compris la\u00a0<a href=\"https:\/\/www.nortekair.com\/fr\/innovation\/la-technologie-fanwall-les-ventilateurs-groupes-preferes\/\">technologie FANWALL<\/a><sup>\u00ae<\/sup>\u00a0&#8211; ainsi que d&rsquo;autres fonctions pour am\u00e9liorer la performance de votre syst\u00e8me, accro\u00eetre son efficacit\u00e9 \u00e9nerg\u00e9tique ou att\u00e9nuer le bruit, chaque syst\u00e8me V-Cube est con\u00e7u et construit sur mesure pour combler les besoins de votre projet. L&#8217;empreinte compacte r\u00e9duit l&rsquo;espace requis pour l&rsquo;appareil, et nos options assemblables permettent \u00e0 l&rsquo;appareil de convenir aux embrasures de porte standard de 91 cm et aux ascenseurs de service sans couper les conduites de frigorig\u00e8ne. De plus, cet appareil comprend des circuits ind\u00e9pendants de frigorig\u00e8ne, un design facile \u00e0 entretenir et des commandes de syst\u00e8me EPiC\u2122 qui offrent la souplesse des protocoles ouverts (BACnet<sup>\u00ae<\/sup>, Modbus<sup>\u00ae<\/sup>, Johnson N2\u00ae, LonTalk<sup>\u00ae<\/sup>).<\/p>\n\t\t\n\t\t\t<a href=\"https:\/\/www.nortekair.com\/fr\/trouver-un-representant\/\" target=\"_self\" rel=\"noopener\">\n\t\t\t\t\t\t\tTROUVER UN REPR\u00c9SENTANT\n\t\t\t<\/a>\n\t\t\t\t<img loading=\"lazy\" decoding=\"async\" src=\"https:\/\/www.nortekair.com\/wp-content\/uploads\/2024\/06\/mammoth-v-cube.png\" alt=\"mammoth-v-cube\" itemprop=\"image\" height=\"1301\" width=\"1500\" title=\"mammoth-v-cube\" onerror=\"this.style.display='none'\"  \/>\n\t\t<h2>\n\t\t\tAVANTAGES ET CARACT\u00c9RISTIQUES\n\t\t<\/h2>\n<h3>\n\t\tSouplesse\n\t<\/h3>\n\t\t\t <p>Capacit\u00e9 de 9 \u00e0 150 tonnes et d\u00e9bit de 4\u00a0000 \u00e0 40\u00a0000 pi\u00b3\/min pour combler les besoins de votre application.<\/p>\t\t\n\t\t\t <p>Les configurations incluent la d\u00e9tente directe avec refroidissement \u00e0 l&rsquo;air, refroidissement \u00e0 l&rsquo;eau ou refroidissement au glycol; vapeur, eau chaude ou chauffage \u00e9lectrique;\u00a0<a href=\"https:\/\/www.nortekair.com\/fr\/innovation\/economiseurs\/\">\u00e9conomiseur<\/a>\u00a0c\u00f4t\u00e9 air ou c\u00f4t\u00e9 eau; et appareil de traitement \u00e0 eau refroidie.<\/p>\t\t\n\t\t\t <p>D\u00e9charge sur le c\u00f4t\u00e9, le dessus ou le dessous pour les applications sous le plancher.<\/p>\t\t\n\t\t\t <p>Choix de serpentins jusqu&rsquo;\u00e0 10 rang\u00e9es, pour permettre l&rsquo;utilisation dans diff\u00e9rentes applications, y compris avec air \u00e0 basse temp\u00e9rature.<\/p>\t\t\n\t\t\t <p>Multiples options de filtres, dont MERV13, filtres d&rsquo;extr\u00e9mit\u00e9 de 4 po avec pr\u00e9-filtres de 2 po pour obtenir un air int\u00e9rieur de qualit\u00e9 sup\u00e9rieure.<\/p>\t\t\n\t<h3>\n\t\tFonctionnement silencieux et empreinte compacte\n\t<\/h3>\n\t\t\t <p>L&#8217;empreinte compacte r\u00e9duit l&rsquo;espace int\u00e9rieur requis pour l&rsquo;appareil et facilite son remplacement.<\/p>\t\t\n\t\t\t <p>La fonction\u00a0<a href=\"https:\/\/www.nortekair.com\/fr\/innovation\/remplacement\/\">assemblable<\/a>\u00a0permet aux appareils de convenir aux embrasures de portes standard de 91 cm et aux ascenseurs de service sans couper les conduites de frigorig\u00e8ne.<\/p>\t\t\n\t\t\t <p>Le fonctionnement exceptionnellement silencieux permet de placer les appareils \u00e0 c\u00f4t\u00e9 des espaces occup\u00e9s et peut r\u00e9duire les co\u00fbts d&rsquo;att\u00e9nuation sonore. Les\u00a0<a href=\"https:\/\/www.nortekair.com\/fr\/innovation\/silencieux-coplanar-technologie-brevetee-dattenuation-du-bruit\/\">silencieux Coplanar<\/a><sup>\u00ae<\/sup>\u00a0sont disponibles pour une performance acoustique sup\u00e9rieure.<\/p>\t\t\n\t<h3>\n\t\tFabrication de haute qualit\u00e9\n\t<\/h3>\n\t\t\t <p>Construction du bo\u00eetier Integrated Thermal Break Framing\u2122 (ITF) pour une int\u00e9grit\u00e9 de calibre industriel \u00e0 haute \u00e9tanch\u00e9it\u00e9.<\/p>\t\t\n\t\t\t <p>Membrane de plancher \u00e9tanche \u00e0 l&rsquo;air et \u00e0 l&rsquo;eau pour am\u00e9liorer les caract\u00e9ristiques d&rsquo;\u00e9tanch\u00e9it\u00e9 et minimiser la transmission du bruit.<\/p>\t\t\n\t\t\t <p>Isolation R12.9 de 3 po dans les murs, le plafond et les portes, cadre \u00e0 base soud\u00e9e (p\u00e9rim\u00e8tre tubulaire structurel de 6 po) et portes \u00e0 barri\u00e8re thermique et double \u00e9tanch\u00e9it\u00e9.<\/p>\t\t\n\t\t\t <p>Design facile d&rsquo;entretien, y compris des panneaux d&rsquo;acc\u00e8s usin\u00e9s, une tablette et un condensateur tubulaire nettoyable sur place, et un bac d&rsquo;\u00e9vacuation en acier inoxydable \u00e0 double inclinaison.<\/p>\t\t\n\t<h3>\n\t\tEfficacit\u00e9 \u00e9nerg\u00e9tique\n\t<\/h3>\n\t\t\t <p>Multiples combinaisons de serpentin et de compresseur. Tablette et condensateurs tubulaires pour minimiser les temp\u00e9ratures de condensation et la chute de pression d&rsquo;eau.<\/p>\t\t\n\t\t\t <p>Les s\u00e9lections d&rsquo;entra\u00eenement \u00e0 vitesse variable permettent d&rsquo;optimiser l&rsquo;efficacit\u00e9 pour chaque application sp\u00e9cifique.<\/p>\t\t\n\t\t\t <p>L&rsquo;option d&rsquo;<a href=\"https:\/\/www.nortekair.com\/fr\/innovation\/economiseurs\/\">\u00e9conomiseur<\/a>\u00a0c\u00f4t\u00e9 eau offre la possibilit\u00e9 de tirer avantage des opportunit\u00e9s de refroidissement gratuit afin de r\u00e9duire la consommation d&rsquo;\u00e9nergie.<\/p>\t\t\n\t<h3>\n\t\tMultiples options de ventilateurs, y compris la technologie FANWALL\n\t<\/h3>\n\t\t\t <p>La\u00a0technologie FANWALL\u00a0accro\u00eet l&rsquo;efficacit\u00e9 \u00e9nerg\u00e9tique, la circulation d&rsquo;air et la fiabilit\u00e9 de votre syst\u00e8me.<\/p>\t\t\n\t\t\t <p>Elle\u00a0se compose d&rsquo;un syst\u00e8me int\u00e9gr\u00e9 de ventilateurs, moteurs, armoires, commandes et accessoires de pointe assortis \u00e0 vos besoins de traitement d&rsquo;air.<\/p>\t\t\n\t\t\t <p>\u00c9limine l&rsquo;entretien de la courroie, de la roue et des roulements \u00e0 billes.<\/p>\t\t\n\t\t<h2>\n\t\t\tDOCUMENTATION PRODUIT\n\t\t<\/h2>\n\t\t\t\t<a href=\"https:\/\/nortekrep.com\/Document\/Download\/780\" target=\"_blank\" rel=\"noopener\" itemprop=\"url\">\n\t\t\t\t<img loading=\"lazy\" decoding=\"async\" src=\"https:\/\/www.nortekair.com\/wp-content\/uploads\/2024\/07\/appareils-DX.jpg\" alt=\"appareils-DX\" itemprop=\"image\" height=\"1376\" width=\"1060\" title=\"appareils-DX\" onerror=\"this.style.display='none'\"  \/>\n\t\t\t\t<\/a>\n<h3><a href=\"https:\/\/nortekrep.com\/Document\/Download\/780\" target=\"_blank\" rel=\"noopener\">Appareils DX<\/a><\/h3>\t\n\n","protected":false},"excerpt":{"rendered":"<p>Les appareils de traitement d&rsquo;air \u00e9tage par \u00e9tage dans les nouvelles constructions ou les applications de mise \u00e0 niveau &#8211; de 9 \u00e0 150 tonnes, de 4 000 \u00e0 40 000 pi\u00b3\/min Nos syst\u00e8mes verticaux autonomes V-Cube sont c\u00e9l\u00e8bres pour leur fonctionnement silencieux, leur design compact et leurs configurations souples, ce qui en fait des&hellip;<\/p>\n","protected":false},"author":8,"featured_media":0,"parent":2928,"menu_order":0,"comment_status":"closed","ping_status":"closed","template":"","meta":{"_acf_changed":false,"_relevanssi_hide_post":"","_relevanssi_hide_content":"","_relevanssi_pin_for_all":"","_relevanssi_pin_keywords":"","_relevanssi_unpin_keywords":"","_relevanssi_related_keywords":"","_relevanssi_related_include_ids":"","_relevanssi_related_exclude_ids":"","_relevanssi_related_no_append":"","_relevanssi_related_not_related":"","_relevanssi_related_posts":"","_relevanssi_noindex_reason":"","footnotes":""},"class_list":["post-2925","page","type-page","status-publish","hentry"],"acf":[],"aioseo_notices":[],"_links":{"self":[{"href":"https:\/\/www.nortekair.com\/fr\/wp-json\/wp\/v2\/pages\/2925","targetHints":{"allow":["GET"]}}],"collection":[{"href":"https:\/\/www.nortekair.com\/fr\/wp-json\/wp\/v2\/pages"}],"about":[{"href":"https:\/\/www.nortekair.com\/fr\/wp-json\/wp\/v2\/types\/page"}],"author":[{"embeddable":true,"href":"https:\/\/www.nortekair.com\/fr\/wp-json\/wp\/v2\/users\/8"}],"replies":[{"embeddable":true,"href":"https:\/\/www.nortekair.com\/fr\/wp-json\/wp\/v2\/comments?post=2925"}],"version-history":[{"count":0,"href":"https:\/\/www.nortekair.com\/fr\/wp-json\/wp\/v2\/pages\/2925\/revisions"}],"up":[{"embeddable":true,"href":"https:\/\/www.nortekair.com\/fr\/wp-json\/wp\/v2\/pages\/2928"}],"wp:attachment":[{"href":"https:\/\/www.nortekair.com\/fr\/wp-json\/wp\/v2\/media?parent=2925"}],"curies":[{"name":"wp","href":"https:\/\/api.w.org\/{rel}","templated":true}]}}