{"id":2928,"date":"2024-05-15T16:47:17","date_gmt":"2024-05-15T21:47:17","guid":{"rendered":"https:\/\/www.nortekair.com\/?page_id=2928"},"modified":"2024-07-17T10:17:01","modified_gmt":"2024-07-17T15:17:01","slug":"produits","status":"publish","type":"page","link":"https:\/\/www.nortekair.com\/fr\/produits\/","title":{"rendered":"PRODUITS"},"content":{"rendered":"\n<h2>\n\t\tSolutions novatrices pour vos besoins CVC\n\t<\/h2>\n\t<p>Nortek Air Solutions con\u00e7oit sur mesure une vaste gamme de produits novateurs pour vous aider \u00e0 combler les besoins de votre application. Depuis des ann\u00e9es, nous concevons, construisons et installons les meilleures solutions CVC possibles pour une vaste gamme d&rsquo;industries, en nous concentrant sur vos besoins sp\u00e9cifiques et sur les facteurs CVC critiques modernes, y compris :<\/p>\n<ul>\n<li>Efficacit\u00e9 \u00e9nerg\u00e9tique<\/li>\n<li>Facilit\u00e9 d&rsquo;entretien<\/li>\n<li>Fiabilit\u00e9<\/li>\n<li>Faibles niveaux de bruit<\/li>\n<li>Facilit\u00e9 d&rsquo;installation<\/li>\n<\/ul>\n\t\t\t\t<img loading=\"lazy\" decoding=\"async\" src=\"https:\/\/www.nortekair.com\/wp-content\/uploads\/2024\/06\/fanwall.png\" alt=\"fanwall\" itemprop=\"image\" height=\"656\" width=\"506\" title=\"fanwall\" onerror=\"this.style.display='none'\"  \/>\n\t\t\t\t<a href=\"https:\/\/www.nortekair.com\/fr\/produits\/appareils-de-traitement-dair\/\" target=\"_self\" itemprop=\"url\" rel=\"noopener\">\n\t\t\t\t<img loading=\"lazy\" decoding=\"async\" src=\"https:\/\/www.nortekair.com\/wp-content\/uploads\/2024\/06\/knockdown-air-handler-700x420.jpg\" alt=\"knockdown-air-handler\" itemprop=\"image\" height=\"420\" width=\"700\" title=\"knockdown-air-handler\" onerror=\"this.style.display='none'\"  \/>\n\t\t\t\t<\/a>\n<h2>\n\t\t<a href=\"https:\/\/www.nortekair.com\/fr\/produits\/appareils-de-traitement-dair\/\" title=\"Appareils de traitement d'air\" target=\"_self\" rel=\"noopener\">\n\t\tAppareils de traitement d&rsquo;air\n\t\t<\/a>\n\t<\/h2>\n\t<p>Nous offrons une gamme d&rsquo;<a href=\"https:\/\/www.nortekair.com\/fr\/produits\/appareils-de-traitement-dair\/\">appareils de traitement d&rsquo;air semi-sur mesure, sur mesure, de modernisation et d&rsquo;appoint<\/a>\u00a0pour combler vos besoins de traitement d&rsquo;air et de ventilation, vos limites d&rsquo;espace, vos normes d&rsquo;efficacit\u00e9 et d&rsquo;\u00e9nergie, vos besoins de fiabilit\u00e9 et vos crit\u00e8res de qualit\u00e9 de l&rsquo;air et de bruit. Tous nos appareils de traitement d&rsquo;air sont disponibles avec la technologie novatrice\u00a0<a href=\"https:\/\/www.nortekair.com\/fr\/innovation\/la-technologie-fanwall-les-ventilateurs-groupes-preferes\/\">FANWALL TECHNOLOGY<\/a><sup>\u00ae<\/sup>.<\/p>\n\t\t\t\t<a href=\"https:\/\/www.nortekair.com\/fr\/?page_id=2936\" target=\"_self\" itemprop=\"url\" rel=\"noopener\">\n\t\t\t\t<img loading=\"lazy\" decoding=\"async\" src=\"https:\/\/www.nortekair.com\/wp-content\/uploads\/2024\/06\/Cleanroom-700x420.jpg\" alt=\"Cleanroom\" itemprop=\"image\" height=\"420\" width=\"700\" title=\"Cleanroom\" onerror=\"this.style.display='none'\"  \/>\n\t\t\t\t<\/a>\n<h2>\n\t\t<a href=\"https:\/\/www.nortekair.com\/fr\/?page_id=2936\" title=\"Syst\u00e8mes de salle blanche\" target=\"_self\" rel=\"noopener\">\n\t\tSyst\u00e8mes de salle blanche\n\t\t<\/a>\n\t<\/h2>\n\t<p>Nos\u00a0<a href=\"https:\/\/www.nortekair.com\/fr\/?page_id=2936\">syst\u00e8mes de salle blanche<\/a>\u00a0sont parfaits pour les applications qui requi\u00e8rent la pr\u00e9cision dans le contr\u00f4le de temp\u00e9rature, la filtration et la conformit\u00e9 aux r\u00e8glements et normes, y compris l&rsquo;\u00e9quipement pharmaceutique, a\u00e9rospatial, biotechnologique, nanotechnologique, de laboratoire de recherche ou de sciences de la vie.<\/p>\n\t\t\t\t<a href=\"https:\/\/www.nortekair.com\/fr\/products\/serpentins\/\" target=\"_self\" itemprop=\"url\" rel=\"noopener\">\n\t\t\t\t<img loading=\"lazy\" decoding=\"async\" src=\"https:\/\/www.nortekair.com\/wp-content\/uploads\/2024\/06\/coils-returnbends1-700x420.jpg\" alt=\"coils-returnbends1\" itemprop=\"image\" height=\"420\" width=\"700\" title=\"coils-returnbends1\" onerror=\"this.style.display='none'\"  \/>\n\t\t\t\t<\/a>\n<h2>\n\t\t<a href=\"https:\/\/www.nortekair.com\/fr\/products\/serpentins\/\" title=\"Serpentins\" target=\"_self\" rel=\"noopener\">\n\t\tSerpentins\n\t\t<\/a>\n\t<\/h2>\n\t<p>Nous offrons une gamme compl\u00e8te de <a href=\"https:\/\/www.nortekair.com\/fr\/products\/serpentins\/\">serpentins\u00a0<\/a>de rechange de grande qualit\u00e9 et hautement performants pour l&rsquo;eau chaude ou froide, la vapeur, les syst\u00e8mes d&rsquo;appoint, les d\u00e9tendeurs thermostatiques et les condensateurs de vos syst\u00e8mes de traitement d&rsquo;air. De plus, si vous avez besoin de remplacer un serpentin, nous pouvons vous livrer rapidement la pi\u00e8ce dont vous avez besoin.<\/p>\n\t\t\t\t<a href=\"https:\/\/www.nortekair.com\/fr\/produits\/systemes-verticaux-autonomes\/\" target=\"_self\" itemprop=\"url\" rel=\"noopener\">\n\t\t\t\t<img loading=\"lazy\" decoding=\"async\" src=\"https:\/\/www.nortekair.com\/wp-content\/uploads\/2024\/06\/mammoth-v-cube2-700x420.jpg\" alt=\"mammoth-v-cube2\" itemprop=\"image\" height=\"420\" width=\"700\" title=\"mammoth-v-cube2\" onerror=\"this.style.display='none'\"  \/>\n\t\t\t\t<\/a>\n<h2>\n\t\t<a href=\"https:\/\/www.nortekair.com\/fr\/produits\/systemes-verticaux-autonomes\/\" title=\"Syst\u00e8mes verticaux autonomes\" target=\"_self\" rel=\"noopener\">\n\t\tSyst\u00e8mes verticaux autonomes\n\t\t<\/a>\n\t<\/h2>\n\t<p><a href=\"https:\/\/www.nortekair.com\/fr\/produits\/systemes-verticaux-autonomes\/\">Les syst\u00e8mes verticaux autonomes <\/a>sont parfaits pour les applications CVC \u00e9tage par \u00e9tage. Ces syst\u00e8mes offrent une approche efficace, polyvalente, \u00e9conomique et fiable pour cr\u00e9er des environnements confortables dans les \u00e9difices, bureaux et \u00e9coles de hauteur moyenne ou grande.<\/p>\n\n","protected":false},"excerpt":{"rendered":"<p>Solutions novatrices pour vos besoins CVC Nortek Air Solutions con\u00e7oit sur mesure une vaste gamme de produits novateurs pour vous aider \u00e0 combler les besoins de votre application. Depuis des ann\u00e9es, nous concevons, construisons et installons les meilleures solutions CVC possibles pour une vaste gamme d&rsquo;industries, en nous concentrant sur vos besoins sp\u00e9cifiques et sur&hellip;<\/p>\n","protected":false},"author":8,"featured_media":0,"parent":0,"menu_order":0,"comment_status":"closed","ping_status":"closed","template":"","meta":{"_acf_changed":false,"_relevanssi_hide_post":"","_relevanssi_hide_content":"","_relevanssi_pin_for_all":"","_relevanssi_pin_keywords":"","_relevanssi_unpin_keywords":"","_relevanssi_related_keywords":"","_relevanssi_related_include_ids":"","_relevanssi_related_exclude_ids":"","_relevanssi_related_no_append":"","_relevanssi_related_not_related":"","_relevanssi_related_posts":"","_relevanssi_noindex_reason":"","footnotes":""},"class_list":["post-2928","page","type-page","status-publish","hentry"],"acf":[],"aioseo_notices":[],"_links":{"self":[{"href":"https:\/\/www.nortekair.com\/fr\/wp-json\/wp\/v2\/pages\/2928","targetHints":{"allow":["GET"]}}],"collection":[{"href":"https:\/\/www.nortekair.com\/fr\/wp-json\/wp\/v2\/pages"}],"about":[{"href":"https:\/\/www.nortekair.com\/fr\/wp-json\/wp\/v2\/types\/page"}],"author":[{"embeddable":true,"href":"https:\/\/www.nortekair.com\/fr\/wp-json\/wp\/v2\/users\/8"}],"replies":[{"embeddable":true,"href":"https:\/\/www.nortekair.com\/fr\/wp-json\/wp\/v2\/comments?post=2928"}],"version-history":[{"count":0,"href":"https:\/\/www.nortekair.com\/fr\/wp-json\/wp\/v2\/pages\/2928\/revisions"}],"wp:attachment":[{"href":"https:\/\/www.nortekair.com\/fr\/wp-json\/wp\/v2\/media?parent=2928"}],"curies":[{"name":"wp","href":"https:\/\/api.w.org\/{rel}","templated":true}]}}