{"id":2931,"date":"2024-05-15T16:53:21","date_gmt":"2024-05-15T21:53:21","guid":{"rendered":"https:\/\/www.nortekair.com\/?page_id=2931"},"modified":"2025-03-21T16:53:54","modified_gmt":"2025-03-21T21:53:54","slug":"appareils-de-traitement-dair","status":"publish","type":"page","link":"https:\/\/www.nortekair.com\/fr\/produits\/appareils-de-traitement-dair\/","title":{"rendered":"Appareils de traitement d\u2019air"},"content":{"rendered":"\n<h2>\n\t\tDes solutions de traitement d&rsquo;air pour de meilleurs environnements du b\u00e2timent\n\t<\/h2>\n\t<p>Nos solutions de traitement d&rsquo;air semi-sur mesure, sur mesure, de modernisation et d&rsquo;appoint vous aideront \u00e0 r\u00e9gler les applications de design et de construction les plus exigeantes. Nous offrons une gamme de solutions pour combler vos besoins de traitement d&rsquo;air et de ventilation, vos limites d&rsquo;espace, vos normes d&rsquo;efficacit\u00e9 et d&rsquo;\u00e9nergie, vos besoins de fiabilit\u00e9 et vos crit\u00e8res de qualit\u00e9 de l&rsquo;air et de bruit. Et tous nos appareils de traitement d&rsquo;air sont disponibles avec la technologie FANWALL\u00ae novatrice pour offrir un d\u00e9bit d&rsquo;air am\u00e9lior\u00e9 et la redondance dans les ventilateurs en s\u00e9rie pour les syst\u00e8mes de traitement d&rsquo;air.<\/p>\n<p><a href=\"https:\/\/www.nortekair.com\/fr\/trouver-un-representant\/\">Contactez un repr\u00e9sentant<\/a>\u00a0et nous vous aiderons \u00e0 trouver l&rsquo;appareil de traitement d&rsquo;air qui convient le mieux aux besoins de votre b\u00e2timent.<\/p>\n\t\t\t\t<img loading=\"lazy\" decoding=\"async\" src=\"https:\/\/www.nortekair.com\/wp-content\/uploads\/2024\/06\/gallery2-custom-air-handler-temtrol.png\" alt=\"gallery2-custom-air-handler-temtrol\" itemprop=\"image\" height=\"1248\" width=\"1500\" title=\"gallery2-custom-air-handler-temtrol\" onerror=\"this.style.display='none'\"  \/>\n\t\t\t\t<a href=\"https:\/\/www.nortekair.com\/fr\/produits\/appareils-de-traitement-dair-sur-mesure\/\"  target=\"_self\" itemprop=\"url\">\n\t\t\t\t<img loading=\"lazy\" decoding=\"async\" src=\"https:\/\/www.nortekair.com\/wp-content\/uploads\/2024\/06\/custom-air-handler-700x420.jpg\" alt=\"Custom air handler\" itemprop=\"image\" height=\"420\" width=\"700\" title=\"custom-air-handler\" onerror=\"this.style.display='none'\"  \/>\n\t\t\t\t<\/a>\n<h2>\n\t\t<a href=\"https:\/\/www.nortekair.com\/fr\/produits\/appareils-de-traitement-dair-sur-mesure\/\" title=\"APPAREILS DE TRAITEMENT D'AIR SUR MESURE\"  target=\"_self\">\n\t\tAPPAREILS DE TRAITEMENT D&rsquo;AIR SUR MESURE\n\t\t<\/a>\n\t<\/h2>\n\t<p>Des solutions de traitement d&rsquo;air sur mesure jusqu&rsquo;\u00e0 400 000 pi\u00b3 ou plus minimisent le co\u00fbt total de propri\u00e9t\u00e9 tout en comblant les besoins les plus exigeants en mati\u00e8re de taille, d&rsquo;efficacit\u00e9 et de fiabilit\u00e9.<\/p>\n\t\t\t\t<a href=\"https:\/\/www.nortekair.com\/fr\/produits\/systemes-fanwall\/\"  target=\"_self\" itemprop=\"url\">\n\t\t\t\t<img loading=\"lazy\" decoding=\"async\" src=\"https:\/\/www.nortekair.com\/wp-content\/uploads\/2024\/06\/fanwall-system-700x420.jpg\" alt=\"fanwall-system\" itemprop=\"image\" height=\"420\" width=\"700\" title=\"fanwall-system\" onerror=\"this.style.display='none'\"  \/>\n\t\t\t\t<\/a>\n<h2>\n\t\t<a href=\"https:\/\/www.nortekair.com\/fr\/produits\/systemes-fanwall\/\" title=\"SYSTEMES FANWALL\u00ae\"  target=\"_self\">\n\t\tSYSTEMES FANWALL<sup>\u00ae<\/sup>\n\t\t<\/a>\n\t<\/h2>\n\t<p>Remplacez les ventilateurs en fin de vie dans les appareils de traitement d&rsquo;air existants avec les syst\u00e8mes FANWALL\u00ae pour pr\u00e9venir les pannes de syst\u00e8me et am\u00e9liorer la performance et les \u00e9conomies d&rsquo;\u00e9nergie.<\/p>\n\t\t\t\t<a href=\"https:\/\/www.nortekair.com\/fr\/produits\/appareils-de-traitement-dair-assemblables\/\"  target=\"_self\" itemprop=\"url\">\n\t\t\t\t<img loading=\"lazy\" decoding=\"async\" src=\"https:\/\/www.nortekair.com\/wp-content\/uploads\/2024\/06\/knockdown-air-handler-1-700x420.jpg\" alt=\"knockdown-air-handler\" itemprop=\"image\" height=\"420\" width=\"700\" title=\"knockdown-air-handler\" onerror=\"this.style.display='none'\"  \/>\n\t\t\t\t<\/a>\n<h2>\n\t\t<a href=\"https:\/\/www.nortekair.com\/fr\/produits\/appareils-de-traitement-dair-assemblables\/\" title=\"APPAREILS DE TRAITEMENT D'AIR ASSEMBLABLES\"  target=\"_self\">\n\t\tAPPAREILS DE TRAITEMENT D&rsquo;AIR ASSEMBLABLES\n\t\t<\/a>\n\t<\/h2>\n\t<p>Les composantes des appareils assemblables sont dimensionn\u00e9es sur mesure en fonction des param\u00e8tres d&rsquo;acc\u00e8s et d&rsquo;espace de votre projet.<\/p>\n\t\t\t\t<a href=\"https:\/\/www.nortekair.com\/fr\/produits\/appareils-dair-dappoint\/\"  target=\"_self\" itemprop=\"url\">\n\t\t\t\t<img loading=\"lazy\" decoding=\"async\" src=\"https:\/\/www.nortekair.com\/wp-content\/uploads\/2024\/06\/Huntair-Makeup-Air-AHU-Mech-Sales-pictures-023-700x420.jpg\" alt=\"Huntair-Makeup-Air-AHU-Mech-Sales-pictures-023\" itemprop=\"image\" height=\"420\" width=\"700\" title=\"Huntair-Makeup-Air-AHU-Mech-Sales-pictures-023\" onerror=\"this.style.display='none'\"  \/>\n\t\t\t\t<\/a>\n<h2>\n\t\t<a href=\"https:\/\/www.nortekair.com\/fr\/produits\/appareils-dair-dappoint\/\" title=\"APPAREILS D'AIR D'APPOINT\"  target=\"_self\">\n\t\tAPPAREILS D&rsquo;AIR D&rsquo;APPOINT\n\t\t<\/a>\n\t<\/h2>\n\t<p>Appareils de traitement d&rsquo;air jusqu&rsquo;\u00e0 115 000 pi\u00b3\/min pour les applications qui requi\u00e8rent 100 % d&rsquo;air ext\u00e9rieur.<\/p>\n\n","protected":false},"excerpt":{"rendered":"<p>Des solutions de traitement d&rsquo;air pour de meilleurs environnements du b\u00e2timent Nos solutions de traitement d&rsquo;air semi-sur mesure, sur mesure, de modernisation et d&rsquo;appoint vous aideront \u00e0 r\u00e9gler les applications de design et de construction les plus exigeantes. Nous offrons une gamme de solutions pour combler vos besoins de traitement d&rsquo;air et de ventilation, vos&hellip;<\/p>\n","protected":false},"author":8,"featured_media":0,"parent":2928,"menu_order":0,"comment_status":"closed","ping_status":"closed","template":"","meta":{"_acf_changed":false,"_relevanssi_hide_post":"","_relevanssi_hide_content":"","_relevanssi_pin_for_all":"","_relevanssi_pin_keywords":"","_relevanssi_unpin_keywords":"","_relevanssi_related_keywords":"","_relevanssi_related_include_ids":"","_relevanssi_related_exclude_ids":"","_relevanssi_related_no_append":"","_relevanssi_related_not_related":"","_relevanssi_related_posts":"","_relevanssi_noindex_reason":"","footnotes":""},"class_list":["post-2931","page","type-page","status-publish","hentry"],"acf":[],"aioseo_notices":[],"_links":{"self":[{"href":"https:\/\/www.nortekair.com\/fr\/wp-json\/wp\/v2\/pages\/2931","targetHints":{"allow":["GET"]}}],"collection":[{"href":"https:\/\/www.nortekair.com\/fr\/wp-json\/wp\/v2\/pages"}],"about":[{"href":"https:\/\/www.nortekair.com\/fr\/wp-json\/wp\/v2\/types\/page"}],"author":[{"embeddable":true,"href":"https:\/\/www.nortekair.com\/fr\/wp-json\/wp\/v2\/users\/8"}],"replies":[{"embeddable":true,"href":"https:\/\/www.nortekair.com\/fr\/wp-json\/wp\/v2\/comments?post=2931"}],"version-history":[{"count":1,"href":"https:\/\/www.nortekair.com\/fr\/wp-json\/wp\/v2\/pages\/2931\/revisions"}],"predecessor-version":[{"id":5387,"href":"https:\/\/www.nortekair.com\/fr\/wp-json\/wp\/v2\/pages\/2931\/revisions\/5387"}],"up":[{"embeddable":true,"href":"https:\/\/www.nortekair.com\/fr\/wp-json\/wp\/v2\/pages\/2928"}],"wp:attachment":[{"href":"https:\/\/www.nortekair.com\/fr\/wp-json\/wp\/v2\/media?parent=2931"}],"curies":[{"name":"wp","href":"https:\/\/api.w.org\/{rel}","templated":true}]}}