{"id":2940,"date":"2024-06-11T14:12:03","date_gmt":"2024-06-11T19:12:03","guid":{"rendered":"https:\/\/www.nortekair.com\/?page_id=2940"},"modified":"2025-07-18T14:19:53","modified_gmt":"2025-07-18T19:19:53","slug":"systemes-de-recuperation-denergie","status":"publish","type":"page","link":"https:\/\/www.nortekair.com\/fr\/produits\/systemes-de-recuperation-denergie\/","title":{"rendered":"Syst\u00e8mes de r\u00e9cup\u00e9ration d\u2019\u00e9nergie"},"content":{"rendered":"\n<h2>\n\t\t\tSyst\u00e8mes de r\u00e9cup\u00e9ration d&rsquo;\u00e9nergie efficaces \u00e0 haute performance pour r\u00e9duire les co\u00fbts d&rsquo;\u00e9nergie\t<\/h2>\n\t<p>Nos syst\u00e8mes de r\u00e9cup\u00e9ration d&rsquo;\u00e9nergie int\u00e8grent les technologies et les composantes avanc\u00e9es de r\u00e9cup\u00e9ration d&rsquo;\u00e9nergie dans notre syst\u00e8me CVC afin de capter l&rsquo;\u00e9nergie dans le courant d&rsquo;air &#8211; qui serait autrement dissip\u00e9e dans l&rsquo;atmosph\u00e8re &#8211; et l&rsquo;utilise soit pour pr\u00e9chauffer, soit pour pr\u00e9-refroidir l&rsquo;air ext\u00e9rieur. Cette m\u00e9thode de traitement d&rsquo;air permet des \u00e9conomies d&rsquo;\u00e9nergie significatives ainsi qu&rsquo;une qualit\u00e9 sup\u00e9rieure d&rsquo;air int\u00e9rieur. Nos \u00e9changeurs de chaleur air-air de marque Venmar<sup>\u00ae<\/sup> et Ventrol\u00ae portent le sceau d&rsquo;homologation AHRI 1060 pour une performance homologu\u00e9e AHRITM pour les \u00e9changeurs de chaleur \u00e0 roue, \u00e0 plaque ou de type caloduc. Nos caract\u00e9ristiques novatrices &#8211; y compris les ventilateurs FANWALL\u00ae, les commandes directes num\u00e9riques, les serpentins \u00e9conomiseurs c\u00f4t\u00e9 eau pour le refroidissement et le chauffage gratuits, les mat\u00e9riaux de construction et rev\u00eatements de haute qualit\u00e9 et les filtres jusqu&rsquo;\u00e0 MERV 17 &#8211; font de nos syst\u00e8mes de r\u00e9cup\u00e9ration d&rsquo;\u00e9nergie les solutions parfaites pour vos applications qui requi\u00e8rent 100 % d&rsquo;air frais ext\u00e9rieur, l&rsquo;efficacit\u00e9 \u00e9nerg\u00e9tique, le contr\u00f4le de l&rsquo;humidit\u00e9 et la satisfaction des occupants.<\/p>\n\t\t\t\t<img decoding=\"async\" src=\"https:\/\/www.nortekair.com\/wp-content\/uploads\/2024\/06\/energypack.png\" alt=\"energypack\" itemprop=\"image\" height=\"581\" width=\"1500\" title=\"energypack\" onerror=\"this.style.display='none'\" loading='lazy' \/>\n\t\t\t\t<a href=\"https:\/\/www.nortekair.com\/fr\/produits\/solution-cvc-sur-mesure-energypack\/\"  target=\"_self\" itemprop=\"url\">\n\t\t\t\t<img decoding=\"async\" src=\"https:\/\/www.nortekair.com\/wp-content\/uploads\/2024\/06\/venmar-energypack4-700x420.jpg\" alt=\"venmar-energypack4\" itemprop=\"image\" height=\"420\" width=\"700\" title=\"venmar-energypack4\" onerror=\"this.style.display='none'\" loading='lazy' \/>\n\t\t\t\t<\/a>\n<h2>\n\t\t<a href=\"https:\/\/www.nortekair.com\/fr\/produits\/solution-cvc-sur-mesure-energypack\/\" title=\"SOLUTION CVC SUR MESURE ENERGYPACK\u00ae\"  target=\"_self\">\n\t\t\tSOLUTION CVC SUR MESURE ENERGYPACK<sup>\u00ae<\/sup>\t\t<\/a>\n\t<\/h2>\n\t<p>Solution CVC sur mesure de 1 000 \u00e0 300 000 pi\u00b3\/min ou plus pour une efficacit\u00e9 \u00e9nerg\u00e9tique et une qualit\u00e9 d&rsquo;air int\u00e9rieur sup\u00e9rieures.<\/p>\n\n","protected":false},"excerpt":{"rendered":"<p>Syst\u00e8mes de r\u00e9cup\u00e9ration d&rsquo;\u00e9nergie efficaces \u00e0 haute performance pour r\u00e9duire les co\u00fbts d&rsquo;\u00e9nergie Nos syst\u00e8mes de r\u00e9cup\u00e9ration d&rsquo;\u00e9nergie int\u00e8grent les technologies et les composantes avanc\u00e9es de r\u00e9cup\u00e9ration d&rsquo;\u00e9nergie dans notre syst\u00e8me CVC afin de capter l&rsquo;\u00e9nergie dans le courant d&rsquo;air &#8211; qui serait autrement dissip\u00e9e dans l&rsquo;atmosph\u00e8re &#8211; et l&rsquo;utilise soit pour pr\u00e9chauffer, soit pour&hellip;<\/p>\n","protected":false},"author":8,"featured_media":0,"parent":2928,"menu_order":0,"comment_status":"closed","ping_status":"closed","template":"","meta":{"_acf_changed":false,"_relevanssi_hide_post":"","_relevanssi_hide_content":"","_relevanssi_pin_for_all":"","_relevanssi_pin_keywords":"","_relevanssi_unpin_keywords":"","_relevanssi_related_keywords":"","_relevanssi_related_include_ids":"","_relevanssi_related_exclude_ids":"","_relevanssi_related_no_append":"","_relevanssi_related_not_related":"","_relevanssi_related_posts":"1854,1858,1857,3029,3031,2972","_relevanssi_noindex_reason":"","footnotes":""},"class_list":["post-2940","page","type-page","status-publish","hentry"],"acf":[],"aioseo_notices":[],"_links":{"self":[{"href":"https:\/\/www.nortekair.com\/fr\/wp-json\/wp\/v2\/pages\/2940","targetHints":{"allow":["GET"]}}],"collection":[{"href":"https:\/\/www.nortekair.com\/fr\/wp-json\/wp\/v2\/pages"}],"about":[{"href":"https:\/\/www.nortekair.com\/fr\/wp-json\/wp\/v2\/types\/page"}],"author":[{"embeddable":true,"href":"https:\/\/www.nortekair.com\/fr\/wp-json\/wp\/v2\/users\/8"}],"replies":[{"embeddable":true,"href":"https:\/\/www.nortekair.com\/fr\/wp-json\/wp\/v2\/comments?post=2940"}],"version-history":[{"count":3,"href":"https:\/\/www.nortekair.com\/fr\/wp-json\/wp\/v2\/pages\/2940\/revisions"}],"predecessor-version":[{"id":5995,"href":"https:\/\/www.nortekair.com\/fr\/wp-json\/wp\/v2\/pages\/2940\/revisions\/5995"}],"up":[{"embeddable":true,"href":"https:\/\/www.nortekair.com\/fr\/wp-json\/wp\/v2\/pages\/2928"}],"wp:attachment":[{"href":"https:\/\/www.nortekair.com\/fr\/wp-json\/wp\/v2\/media?parent=2940"}],"curies":[{"name":"wp","href":"https:\/\/api.w.org\/{rel}","templated":true}]}}