{"id":2943,"date":"2024-06-11T14:15:22","date_gmt":"2024-06-11T19:15:22","guid":{"rendered":"https:\/\/www.nortekair.com\/?page_id=2943"},"modified":"2024-07-16T12:08:19","modified_gmt":"2024-07-16T17:08:19","slug":"systemes-verticaux-autonomes","status":"publish","type":"page","link":"https:\/\/www.nortekair.com\/fr\/produits\/systemes-verticaux-autonomes\/","title":{"rendered":"Syst\u00e8mes verticaux autonomes"},"content":{"rendered":"\n<h2>\n\t\tSolutions de traitement d&rsquo;air \u00e9tage par \u00e9tage pour de meilleurs environnements de b\u00e2timent\n\t<\/h2>\n\t<p>Nos syst\u00e8mes verticaux autonomes, parfaits pour les applications CVC par plancher, offrent une approche efficace, polyvalente, \u00e9conomique et fiable pour cr\u00e9er des environnements confortables dans les \u00e9difices, bureaux et \u00e9coles de hauteur moyenne ou grande. Ces appareils sont con\u00e7us sur mesure pour combler les besoins sp\u00e9cifiques de votre application et offrir des options de serpentins, de compresseurs et de filtres ainsi que de multiples configurations.<\/p>\n\t\t\t\t<img loading=\"lazy\" decoding=\"async\" src=\"https:\/\/www.nortekair.com\/wp-content\/uploads\/2024\/06\/mammoth-v-cube-slim3.png\" alt=\"mammoth-v-cube-slim3\" itemprop=\"image\" height=\"1803\" width=\"1500\" title=\"mammoth-v-cube-slim3\" onerror=\"this.style.display='none'\"  \/>\n\t\t\t\t<a href=\"https:\/\/www.nortekair.com\/fr\/products\/systemes-verticaux-autonomes-v-cube-slim\/\" target=\"_self\" itemprop=\"url\" rel=\"noopener\">\n\t\t\t\t<img loading=\"lazy\" decoding=\"async\" src=\"https:\/\/www.nortekair.com\/wp-content\/uploads\/2024\/06\/mammoth-v-cube-700x420.jpg\" alt=\"mammoth-v-cube\" itemprop=\"image\" height=\"420\" width=\"700\" title=\"mammoth-v-cube\" onerror=\"this.style.display='none'\"  \/>\n\t\t\t\t<\/a>\n<h2>\n\t\t<a href=\"https:\/\/www.nortekair.com\/fr\/products\/systemes-verticaux-autonomes-v-cube-slim\/\" title=\"SYST\u00c8MES VERTICAUX AUTONOMES V-CUBE\u2122 SLIM\" target=\"_self\" rel=\"noopener\">\n\t\tSYST\u00c8MES VERTICAUX AUTONOMES V-CUBE\u2122 SLIM\n\t\t<\/a>\n\t<\/h2>\n\t<p>Appareils de 15 \u00e0 70 tonnes pour les syst\u00e8mes de climatisation \u00e0 thermopompe \u00e9tage par \u00e9tage. Multiples options et configurations disponibles pour votre application.<\/p>\n\t\t\t\t<a href=\"https:\/\/www.nortekair.com\/fr\/products\/systemes-verticaux-autonomes-v-cube\/\" target=\"_self\" itemprop=\"url\" rel=\"noopener\">\n\t\t\t\t<img loading=\"lazy\" decoding=\"async\" src=\"https:\/\/www.nortekair.com\/wp-content\/uploads\/2024\/06\/v-cube-slim-realtor@2x-700x420.jpg\" alt=\"v-cube slim\" itemprop=\"image\" height=\"420\" width=\"700\" title=\"v-cube-slim-realtor@2x\" onerror=\"this.style.display='none'\"  \/>\n\t\t\t\t<\/a>\n<h2>\n\t\t<a href=\"https:\/\/www.nortekair.com\/fr\/products\/systemes-verticaux-autonomes-v-cube\/\" title=\"SYST\u00c8MES VERTICAUX AUTONOMES V-CUBE\u2122\" target=\"_self\" rel=\"noopener\">\n\t\tSYST\u00c8MES VERTICAUX AUTONOMES V-CUBE\u2122\n\t\t<\/a>\n\t<\/h2>\n\t<p>Syst\u00e8mes de 9 \u00e0 150 tonnes, de 4 000 \u00e0 40 000 pi\u00b3\/min pour les applications CVC \u00e9tage par \u00e9tage. Design sur mesure pour combler les besoins de votre application.<\/p>\n\n","protected":false},"excerpt":{"rendered":"<p>Solutions de traitement d&rsquo;air \u00e9tage par \u00e9tage pour de meilleurs environnements de b\u00e2timent Nos syst\u00e8mes verticaux autonomes, parfaits pour les applications CVC par plancher, offrent une approche efficace, polyvalente, \u00e9conomique et fiable pour cr\u00e9er des environnements confortables dans les \u00e9difices, bureaux et \u00e9coles de hauteur moyenne ou grande. Ces appareils sont con\u00e7us sur mesure pour&hellip;<\/p>\n","protected":false},"author":8,"featured_media":0,"parent":2928,"menu_order":0,"comment_status":"closed","ping_status":"closed","template":"","meta":{"_acf_changed":false,"_relevanssi_hide_post":"","_relevanssi_hide_content":"","_relevanssi_pin_for_all":"","_relevanssi_pin_keywords":"","_relevanssi_unpin_keywords":"","_relevanssi_related_keywords":"","_relevanssi_related_include_ids":"","_relevanssi_related_exclude_ids":"","_relevanssi_related_no_append":"","_relevanssi_related_not_related":"","_relevanssi_related_posts":"","_relevanssi_noindex_reason":"","footnotes":""},"class_list":["post-2943","page","type-page","status-publish","hentry"],"acf":[],"aioseo_notices":[],"_links":{"self":[{"href":"https:\/\/www.nortekair.com\/fr\/wp-json\/wp\/v2\/pages\/2943","targetHints":{"allow":["GET"]}}],"collection":[{"href":"https:\/\/www.nortekair.com\/fr\/wp-json\/wp\/v2\/pages"}],"about":[{"href":"https:\/\/www.nortekair.com\/fr\/wp-json\/wp\/v2\/types\/page"}],"author":[{"embeddable":true,"href":"https:\/\/www.nortekair.com\/fr\/wp-json\/wp\/v2\/users\/8"}],"replies":[{"embeddable":true,"href":"https:\/\/www.nortekair.com\/fr\/wp-json\/wp\/v2\/comments?post=2943"}],"version-history":[{"count":0,"href":"https:\/\/www.nortekair.com\/fr\/wp-json\/wp\/v2\/pages\/2943\/revisions"}],"up":[{"embeddable":true,"href":"https:\/\/www.nortekair.com\/fr\/wp-json\/wp\/v2\/pages\/2928"}],"wp:attachment":[{"href":"https:\/\/www.nortekair.com\/fr\/wp-json\/wp\/v2\/media?parent=2943"}],"curies":[{"name":"wp","href":"https:\/\/api.w.org\/{rel}","templated":true}]}}