{"id":2952,"date":"2024-06-11T14:44:52","date_gmt":"2024-06-11T19:44:52","guid":{"rendered":"https:\/\/www.nortekair.com\/?page_id=2952"},"modified":"2024-08-29T16:43:08","modified_gmt":"2024-08-29T21:43:08","slug":"laboratoires-de-recherche-et-installations-dessais","status":"publish","type":"page","link":"https:\/\/www.nortekair.com\/fr\/a-propos-de-nortek-air-solutions\/laboratoires-de-recherche-et-installations-dessais\/","title":{"rendered":"Laboratoires de recherche et installations d\u2019essais"},"content":{"rendered":"\n<h2>\n\t\tExperts en recherche et en essais\n\t<\/h2>\n\t<p>Nortek Air Solutions est fi\u00e8re d&rsquo;offrir les syst\u00e8mes CVC les plus novateurs, de qualit\u00e9 et fiables sur le march\u00e9. Pour atteindre cet objectif, nous avons d\u00e9velopp\u00e9 des processus rigoureux d&rsquo;essais et de contr\u00f4le de la qualit\u00e9 pour nous assurer que chacun de nos produits respecte nos normes \u00e9lev\u00e9es. Et personne ne conna\u00eet mieux les essais CVC que nous.<\/p>\n<p>Apr\u00e8s des ann\u00e9es de recherche et de d\u00e9veloppement par des experts sur le terrain, nous avons d\u00e9velopp\u00e9 nos propres laboratoires de recherche et installations d&rsquo;essais, et notre personnel de laboratoire a acquis une r\u00e9putation in\u00e9gal\u00e9e aupr\u00e8s des clients et des experts-conseils \u00e0 l&rsquo;\u00e9chelle du pays. Des rapports exhaustifs sont fournis pour votre projet avec des calibrations, explications et donn\u00e9es d&rsquo;essai. Si votre application requiert l&rsquo;assurance d&rsquo;un essai de laboratoire, nous vous invitons \u00e0 observer le fonctionnement de votre appareil dans notre laboratoire ou notre usine.\u00a0<a href=\"https:\/\/www.nortekair.com\/fr\/trouver-un-representant\/\">Contactez votre repr\u00e9sentant Nortek Air Solutions pour les d\u00e9tails<\/a>.<\/p>\n\t\t<h2>\n\t\t\tLaboratoire acoustique homologu\u00e9 AMCA\n\t\t\t\t\t\t\t\t\t\t\tred\u00e9finit le silence\n\t\t<\/h2>\n\t<p>Nous connaissons l&rsquo;importance de l&rsquo;acoustique pour votre b\u00e2timent, et c&rsquo;est pourquoi nous portons une attention particuli\u00e8re \u00e0 l&rsquo;acoustique de votre syst\u00e8me CVC et nous nous effor\u00e7ons de vous fournir des solutions silencieuses. Pour nous assurer que la performance acoustique de nos designs de produits respecte les exigences de vos applications, nous avons construit un laboratoire acoustique homologu\u00e9 AMCA \u00e0 Oklahoma City, en Oklahoma, pr\u00e8s des installations Governair.<\/p>\n<p>Le laboratoire acoustique de Nortek Air Solutions est con\u00e7u et \u00e9quip\u00e9 pour effectuer des tests simultan\u00e9s conform\u00e9ment \u00e0 la norme AMCA 300, pour les niveaux de bruits, et \u00e0 la norme AMCA 210, pour le d\u00e9bit d&rsquo;air. Depuis que le laboratoire a obtenu pour la premi\u00e8re fois l&rsquo;accr\u00e9ditation AMCA, Nortek Air Solutions a continu\u00e9 d&rsquo;accro\u00eetre sans cesse ses capacit\u00e9s. Par exemple, la double chambre r\u00e9verb\u00e9rante AMCA du laboratoire est parmi les plus grandes de l&rsquo;industrie.<\/p>\n<p>Cet engagement \u00e0 continuellement accro\u00eetre nos capacit\u00e9s nous a permis de tester les appareils conform\u00e9ment \u00e0 d&rsquo;autres normes et exigences, par exemple AHRI 260, et \u00e0 d&rsquo;autres m\u00e9thodes d&rsquo;essai acoustique, et d&rsquo;effectuer des essais thermiques, des essais de vibration, des essais de fuite d&rsquo;enceinte et des analyses \u00e0 pleine puissance.<\/p>\n<p>Le laboratoire offre une vaste gamme de services aux clients et aux fournisseurs de nos marques, y compris la modulation acoustique, les essais de production avec t\u00e9moin et les analyses robustes de performance et diagnostiques. Le laboratoire est \u00e9galement le site d&rsquo;essais rigoureux continus en recherche et d\u00e9veloppement con\u00e7us pour avancer et am\u00e9liorer sans cesse toutes nos gammes de produits.<\/p>\n\t\t\t\t<img loading=\"lazy\" decoding=\"async\" src=\"https:\/\/www.nortekair.com\/wp-content\/uploads\/2024\/06\/NAS-OKC-Lab-red.jpg\" alt=\"NAS-OKC-Lab-red\" itemprop=\"image\" height=\"1496\" width=\"1500\" title=\"NAS-OKC-Lab-red\" onerror=\"this.style.display='none'\"  \/>\n\t\t<h2>\n\t\t\tLaboratoire de thermodynamique\n\t\t\t\t\t\t\t\t\t\t\tDonner vie \u00e0 de nouvelles technologies\n\t\t<\/h2>\n\t<p>Le laboratoire de thermodynamique de pointe de Nortek Air Solutions est utilis\u00e9 pour mesurer ad\u00e9quatement la performance thermique, le d\u00e9bit d&rsquo;air, le d\u00e9bit d&rsquo;eau et la consommation d&rsquo;\u00e9nergie. Ce laboratoire se concentre sur le d\u00e9veloppement de technologies nouvelle g\u00e9n\u00e9ration et les essais de pr\u00e9cision pour les clients et la conformit\u00e9. Nous effectuons nos essais de conformit\u00e9 conform\u00e9ment aux normes r\u00e9glementaires ASHRAE, AHRI, UL, ETL et autres.<\/p>\n<p>Situ\u00e9 dans notre usine de St-L\u00e9onard-D&rsquo;Aston Qu\u00e9bec, le laboratoire de thermodynamique offre des capacit\u00e9s impressionnantes pour les appareils et les composantes pleine grandeur, y compris :<\/p>\n<ul>\n<li>Deux chambres psychom\u00e9triques<\/li>\n<li>Calibrations tra\u00e7ables NIST<\/li>\n<li>Capacit\u00e9s d&rsquo;essais automatis\u00e9s<\/li>\n<li>Essais de performance<\/li>\n<li>Capacit\u00e9 de refroidissement de 0,5 \u00e0 150 tonnes<\/li>\n<li>Capacit\u00e9 de chauffage de 2 kW \u00e0 500 kW<\/li>\n<li>D\u00e9bit d&rsquo;air de 100 pi\u00b3\/min \u00e0 68\u00a0000 pi\u00b3\/min<\/li>\n<\/ul>\n\t\t\t\t<img loading=\"lazy\" decoding=\"async\" src=\"https:\/\/www.nortekair.com\/wp-content\/uploads\/2024\/06\/thermodynamics-lab.jpg\" alt=\"thermodynamics-lab\" itemprop=\"image\" height=\"1125\" width=\"1500\" title=\"thermodynamics-lab\" onerror=\"this.style.display='none'\"  \/>\n\t\t<h2>\n\t\t\tLaboratoire avanc\u00e9 d&rsquo;\u00e9coulement d&rsquo;air et d&rsquo;acoustique &#8211; Technologie d&rsquo;\u00e9coulement d&rsquo;air nouvelle g\u00e9n\u00e9ration\n\t\t<\/h2>\n\t<p>Le laboratoire avanc\u00e9 d&rsquo;\u00e9coulement d&rsquo;air et d&rsquo;acoustique v\u00e9rifie le d\u00e9bit d&rsquo;air r\u00e9el et la performance acoustique de nos technologies dans des conditions de laboratoire avant qu&rsquo;elles ne soient appliqu\u00e9es aux produits de Nortek Air Solutions. Ce laboratoire est situ\u00e9 \u00e0 Milwaukie, en Oregon, un endroit pratique \u00e0 proximit\u00e9 de l&rsquo;usine de fabrication de Huntair de Tualatin.<\/p>\n<p>La recherche et les essais effectu\u00e9s dans ce laboratoire ont \u00e9t\u00e9 essentiels pour l&rsquo;am\u00e9lioration continue de la\u00a0<a href=\"https:\/\/www.nortekair.com\/fr\/innovation\/la-technologie-fanwall-les-ventilateurs-groupes-preferes\/\">TECHNOLOGIE FANWALL<\/a>\u00ae brevet\u00e9e utilis\u00e9e dans tout l&rsquo;\u00e9quipement de traitement d&rsquo;air de Nortek Air Solutions. La recherche et le d\u00e9veloppement effectu\u00e9s ici pour concevoir des ventilateurs novateurs, y compris le d\u00e9veloppement de ventilateurs avanc\u00e9s, du\u00a0<a href=\"https:\/\/www.nortekair.com\/fr\/innovation\/silencieux-coplanar-technologie-brevetee-dattenuation-du-bruit\/\">silencieux Coplanar<\/a>\u00ae et des att\u00e9nuateurs de retour \u00e0 faible perte maintiennent les syst\u00e8mes FANWALL\u00ae au premier plan depuis plus de deux d\u00e9cennies pour leur efficacit\u00e9 \u00e9nerg\u00e9tique, leur redondance et leur fonctionnement silencieux.<\/p>\n\t\t\t<a href=\"https:\/\/www.nortekair.com\/fr\/a-propos-de-nortek-air-solutions\/pour-nous-joindre\/\" target=\"_self\" rel=\"noopener\">\n\t\t\t\t\t\t\tPOUR NOUS JOINDRE\n\t\t\t<\/a>\n\t<p>Avez-vous des questions \u00e0 propos de Nortek Air Solutions, de nos produits ou de ce que nous pouvons faire pour vous aider dans votre prochaine application? Contactez-nous et nous vous aiderons au maximum de nos comp\u00e9tences!<\/p>\n<p>Notre vaste r\u00e9seau de repr\u00e9sentants Nortek Air Solutions peut aussi vous aider \u00e0 analyser votre application de b\u00e2timent et \u00e0 d\u00e9velopper la solution parfaite pour vos besoins de traitement d&rsquo;air.<\/p>\n\n","protected":false},"excerpt":{"rendered":"<p>Experts en recherche et en essais Nortek Air Solutions est fi\u00e8re d&rsquo;offrir les syst\u00e8mes CVC les plus novateurs, de qualit\u00e9 et fiables sur le march\u00e9. Pour atteindre cet objectif, nous avons d\u00e9velopp\u00e9 des processus rigoureux d&rsquo;essais et de contr\u00f4le de la qualit\u00e9 pour nous assurer que chacun de nos produits respecte nos normes \u00e9lev\u00e9es. Et&hellip;<\/p>\n","protected":false},"author":8,"featured_media":0,"parent":2851,"menu_order":0,"comment_status":"closed","ping_status":"closed","template":"","meta":{"_acf_changed":false,"_relevanssi_hide_post":"","_relevanssi_hide_content":"","_relevanssi_pin_for_all":"","_relevanssi_pin_keywords":"","_relevanssi_unpin_keywords":"","_relevanssi_related_keywords":"","_relevanssi_related_include_ids":"","_relevanssi_related_exclude_ids":"","_relevanssi_related_no_append":"","_relevanssi_related_not_related":"","_relevanssi_related_posts":"","_relevanssi_noindex_reason":"","footnotes":""},"class_list":["post-2952","page","type-page","status-publish","hentry"],"acf":[],"aioseo_notices":[],"_links":{"self":[{"href":"https:\/\/www.nortekair.com\/fr\/wp-json\/wp\/v2\/pages\/2952","targetHints":{"allow":["GET"]}}],"collection":[{"href":"https:\/\/www.nortekair.com\/fr\/wp-json\/wp\/v2\/pages"}],"about":[{"href":"https:\/\/www.nortekair.com\/fr\/wp-json\/wp\/v2\/types\/page"}],"author":[{"embeddable":true,"href":"https:\/\/www.nortekair.com\/fr\/wp-json\/wp\/v2\/users\/8"}],"replies":[{"embeddable":true,"href":"https:\/\/www.nortekair.com\/fr\/wp-json\/wp\/v2\/comments?post=2952"}],"version-history":[{"count":1,"href":"https:\/\/www.nortekair.com\/fr\/wp-json\/wp\/v2\/pages\/2952\/revisions"}],"predecessor-version":[{"id":4552,"href":"https:\/\/www.nortekair.com\/fr\/wp-json\/wp\/v2\/pages\/2952\/revisions\/4552"}],"up":[{"embeddable":true,"href":"https:\/\/www.nortekair.com\/fr\/wp-json\/wp\/v2\/pages\/2851"}],"wp:attachment":[{"href":"https:\/\/www.nortekair.com\/fr\/wp-json\/wp\/v2\/media?parent=2952"}],"curies":[{"name":"wp","href":"https:\/\/api.w.org\/{rel}","templated":true}]}}