{"id":2958,"date":"2024-06-11T14:20:26","date_gmt":"2024-06-11T19:20:26","guid":{"rendered":"https:\/\/www.nortekair.com\/?page_id=2958"},"modified":"2025-03-05T14:14:19","modified_gmt":"2025-03-05T20:14:19","slug":"salles-blanches-et-laboratoires","status":"publish","type":"page","link":"https:\/\/www.nortekair.com\/fr\/solutions-par-marche\/salles-blanches-et-laboratoires\/","title":{"rendered":"Salles blanches et laboratoires"},"content":{"rendered":"\n<h2>\n\t\tSolutions rapides et souples pour les applications en salle blanche ou en laboratoire\n\t<\/h2>\n<p>Gr\u00e2ce \u00e0 plus de 30 ans d&rsquo;exp\u00e9rience dans la fabrication de solutions CVC novatrices pour les applications en salle blanche et en laboratoire, Nortek Air Solutions et notre famille de marque poss\u00e8dent l&rsquo;expertise et la gamme de produits dont vous avez besoin pour concevoir, installer et entretenir l&rsquo;environnement sans contaminants ni particules requis pour les applications en salle blanche antiseptiques dans les secteurs de la micro-technologie, de la fabrication de semi-conducteurs, de la biotechnologie et de l&rsquo;industrie pharmaceutique.<\/p>\n<p>Nous offrons une vari\u00e9t\u00e9 de syst\u00e8mes et solutions pour&nbsp;<a href=\"https:\/\/www.nortekair.com\/fr\/?page_id=2936\">salles blanches<\/a>&nbsp;pour assainir vos processus de fabrication et vos installations de recherche, y compris les&nbsp;<a href=\"https:\/\/www.nortekair.com\/fr\/a-propos-de-nortek-air-solutions\/ahu-dx-marques\/cleanpak\/\">syst\u00e8mes&nbsp;<\/a>CLEANPAK<sup>\u00ae<\/sup>&nbsp;sur mesure pour salles blanches<a href=\"https:\/\/www.nortekair.com\/fr\/a-propos-de-nortek-air-solutions\/ahu-dx-marques\/cleanpak\/\">,<\/a>&nbsp;les&nbsp;salles blanches modulaires Servicor<sup>\u00ae<\/sup>&nbsp;et une gamme compl\u00e8te d&rsquo;accessoires et de composantes.<\/p>\n<p>Que ce soit pour les salles blanches de fabrication bio-pharmaceutique de grade A et B d&rsquo;environ 50 m\u00e8tres carr\u00e9s, les salles blanches universitaires et de recherche d&rsquo;environ 900 m\u00e8tres carr\u00e9s ou les salles blanches de fabrication de semi-conducteurs de Classe 1 \u00e0 100 000 d&rsquo;environ 4600 m\u00e8tres carr\u00e9s, Nortek Air Solutions a d\u00e9fini la conception des syst\u00e8mes pour salles blanches.<\/p>\n\t\t\t\t<img loading=\"lazy\" decoding=\"async\" src=\"https:\/\/www.nortekair.com\/wp-content\/uploads\/2024\/06\/Life-Sciences.jpg\" alt=\"Life-Sciences\" itemprop=\"image\" height=\"844\" width=\"1500\" title=\"Life-Sciences\" onerror=\"this.style.display='none'\">\n\t\t\t\t<img loading=\"lazy\" decoding=\"async\" src=\"https:\/\/www.nortekair.com\/wp-content\/uploads\/2024\/06\/Medical.jpg\" alt=\"Medical\" itemprop=\"image\" height=\"240\" width=\"400\" title=\"Medical\" onerror=\"this.style.display='none'\">\n\t\t<h2>\n\t\t\tCon\u00e7u en fonction des salles blanches\n\t\t<\/h2>\n\t<p>Les besoins de ventilation et de filtration des applications en salle blanche sont parmi les plus strictes de toute industrie. Gr\u00e2ce \u00e0 notre vaste exp\u00e9rience des sciences de la vie et du secteur des semi-conducteurs, nous sommes exceptionnellement qualifi\u00e9s pour vous aider \u00e0 atteindre vos objectifs de salle blanche.<\/p>\n<p>Nos solutions sur mesure de&nbsp;<a href=\"https:\/\/www.nortekair.com\/fr\/?page_id=2936\">traitement d&rsquo;air pour salle blanche<\/a>, y compris des&nbsp;<a href=\"https:\/\/www.nortekair.com\/fr\/produits\/appareils-dair-dappoint\/\">appareils d&rsquo;air d&rsquo;appoint<\/a>&nbsp;et des&nbsp;appareils de recirculation d&rsquo;air, sont sp\u00e9cifiquement con\u00e7ues pour les applications en salle blanche, offrant les plus bas niveaux de vibration et de bruit de l&rsquo;industrie. De plus, ces appareils sont con\u00e7us avec des caract\u00e9ristiques de qualit\u00e9 qui peuvent r\u00e9sister aux produits chimiques agressifs utilis\u00e9s dans les environnements pharmaceutiques et offrir l&rsquo;efficacit\u00e9 et la souplesse requises pour combler les besoins op\u00e9rationnels des salles blanches modernes. Nous offrons \u00e9galement des appareils \u00e0 ventilateur-filtre et de petits ventilateurs d&rsquo;armoire.<\/p>\n<p>Si votre application requiert un flux d&rsquo;air laminaire \u00e0 faible turbulence, nous offrons une vari\u00e9t\u00e9 de&nbsp;syst\u00e8mes de plafond&nbsp;et de&nbsp;postes de travail \u00e0 flux laminaire.<\/p>\n<p>Nos&nbsp;salles blanches modulaires&nbsp;sont id\u00e9ales pour les environnements de salles blanches structurellement rigides et autonomes, et elles conviennent \u00e0 votre budget et votre \u00e9ch\u00e9ancier avec des murs rigides, murs souples, murs extensibles et des enceintes sur mesure.<\/p>\n\t\t\t<a href=\"https:\/\/www.nortekair.com\/fr\/about\/pour-nous-joindre\/\" target=\"_self\" rel=\"noopener\">\n\t\t\t\t\t\t\tPOUR NOUS JOINDRE\n\t\t\t<\/a>\n\t<p>Avez-vous des questions \u00e0 propos de Nortek Air Solutions, de nos produits ou de ce que nous pouvons faire pour vous aider dans votre prochaine application? Contactez-nous et nous vous aiderons au maximum de nos comp\u00e9tences!<\/p>\n<p>Notre vaste r\u00e9seau de repr\u00e9sentants Nortek Air Solutions peut aussi vous aider \u00e0 analyser votre application de b\u00e2timent et \u00e0 d\u00e9velopper la solution parfaite pour vos besoins de traitement d&rsquo;air.<\/p>\n\n\n\n<p><\/p>\n","protected":false},"excerpt":{"rendered":"<p>Solutions rapides et souples pour les applications en salle blanche ou en laboratoire Gr\u00e2ce \u00e0 plus de 30 ans d&rsquo;exp\u00e9rience dans la fabrication de solutions CVC novatrices pour les applications en salle blanche et en laboratoire, Nortek Air Solutions et notre famille de marque poss\u00e8dent l&rsquo;expertise et la gamme de produits dont vous avez besoin&hellip;<\/p>\n","protected":false},"author":8,"featured_media":0,"parent":2827,"menu_order":0,"comment_status":"closed","ping_status":"closed","template":"","meta":{"_acf_changed":false,"_relevanssi_hide_post":"","_relevanssi_hide_content":"","_relevanssi_pin_for_all":"","_relevanssi_pin_keywords":"","_relevanssi_unpin_keywords":"","_relevanssi_related_keywords":"","_relevanssi_related_include_ids":"","_relevanssi_related_exclude_ids":"","_relevanssi_related_no_append":"","_relevanssi_related_not_related":"","_relevanssi_related_posts":"","_relevanssi_noindex_reason":"","footnotes":""},"class_list":["post-2958","page","type-page","status-publish","hentry"],"acf":[],"aioseo_notices":[],"_links":{"self":[{"href":"https:\/\/www.nortekair.com\/fr\/wp-json\/wp\/v2\/pages\/2958","targetHints":{"allow":["GET"]}}],"collection":[{"href":"https:\/\/www.nortekair.com\/fr\/wp-json\/wp\/v2\/pages"}],"about":[{"href":"https:\/\/www.nortekair.com\/fr\/wp-json\/wp\/v2\/types\/page"}],"author":[{"embeddable":true,"href":"https:\/\/www.nortekair.com\/fr\/wp-json\/wp\/v2\/users\/8"}],"replies":[{"embeddable":true,"href":"https:\/\/www.nortekair.com\/fr\/wp-json\/wp\/v2\/comments?post=2958"}],"version-history":[{"count":2,"href":"https:\/\/www.nortekair.com\/fr\/wp-json\/wp\/v2\/pages\/2958\/revisions"}],"predecessor-version":[{"id":5287,"href":"https:\/\/www.nortekair.com\/fr\/wp-json\/wp\/v2\/pages\/2958\/revisions\/5287"}],"up":[{"embeddable":true,"href":"https:\/\/www.nortekair.com\/fr\/wp-json\/wp\/v2\/pages\/2827"}],"wp:attachment":[{"href":"https:\/\/www.nortekair.com\/fr\/wp-json\/wp\/v2\/media?parent=2958"}],"curies":[{"name":"wp","href":"https:\/\/api.w.org\/{rel}","templated":true}]}}