{"id":2962,"date":"2024-06-11T14:22:31","date_gmt":"2024-06-11T19:22:31","guid":{"rendered":"https:\/\/www.nortekair.com\/?page_id=2962"},"modified":"2025-03-05T14:13:03","modified_gmt":"2025-03-05T20:13:03","slug":"secteur-pharmaceutique","status":"publish","type":"page","link":"https:\/\/www.nortekair.com\/fr\/solutions-par-marche\/secteur-pharmaceutique\/","title":{"rendered":"Secteur pharmaceutique"},"content":{"rendered":"\n<h2>\n\t\tEnvironnements de fabrication de produits pharmaceutiques efficaces et fiables\n\t<\/h2>\n\t<p>Le secteur pharmaceutique pr\u00e9sente les besoins de fabrication les plus complexes sur le march\u00e9, car il requiert des environnements exempts de particules et de contaminants ainsi qu&rsquo;une ventilation de grande qualit\u00e9. Les propri\u00e9taires et directeurs d&rsquo;installations pharmaceutiques veulent des syst\u00e8mes m\u00e9caniques fiables \u00e0 haute efficacit\u00e9 et faibles en vibrations.<\/p>\n<p>Nortek Air Solutions compte de nombreuses ann\u00e9es d&rsquo;exp\u00e9rience dans la conception et la fabrication d&rsquo;environnements propres, y compris les salles blanches de fabrication bio-pharmaceutique de grade A et B d&rsquo;environ 50 m\u00e8tres carr\u00e9s, les salles blanches universitaires et de recherche d&rsquo;environ 900 m\u00e8tres carr\u00e9s et les salles blanches de fabrication de semi-conducteurs de Classe 1 \u00e0 100 000 d&rsquo;environ 4600 m\u00e8tres carr\u00e9s. Nous offrons une gamme de solutions d&rsquo;appareils de traitement d&rsquo;air pour vous aider \u00e0 cr\u00e9er et \u00e0 maintenir un environnement id\u00e9al pour la fabrication de produits pharmaceutiques.<\/p>\n\t\t\t\t<img loading=\"lazy\" decoding=\"async\" src=\"https:\/\/www.nortekair.com\/wp-content\/uploads\/2024\/06\/3.9.0-hero.jpg\" alt=\"3.9.0-hero\" itemprop=\"image\" height=\"500\" width=\"1210\" title=\"3.9.0-hero\" onerror=\"this.style.display='none'\"  \/>\n\t\t\t\t<img loading=\"lazy\" decoding=\"async\" src=\"https:\/\/www.nortekair.com\/wp-content\/uploads\/2024\/06\/Fan-Filter-Unit-On-Filter-4x4-1.png\" alt=\"Fan-Filter-Unit-On-Filter-4x4\" itemprop=\"image\" height=\"1438\" width=\"1500\" title=\"Fan-Filter-Unit-On-Filter-4x4\" onerror=\"this.style.display='none'\"  \/>\n\t\t<h2>\n\t\t\tSolutions pour la fabrication de produits pharmaceutiques\n\t\t<\/h2>\n\t<p>Les produits CLEANPAK<sup>\u00ae\u00a0<\/sup>\u00e0 pl\u00e9num\u00a0offrent une vaste gamme de\u00a0<a href=\"https:\/\/www.nortekair.com\/fr\/?page_id=2936\">syst\u00e8mes de plafond pour salles blanches<\/a>, y compris plusieurs syst\u00e8mes modulaires et de type classique, des syst\u00e8mes \u00e0 charge par le haut et par le bas, des plafonds avec joint d&rsquo;\u00e9tanch\u00e9it\u00e9 et \u00e0 gel encastr\u00e9s avec \u00e9clairage et protection contre le feu, ainsi que des grillages en T avec joint d&rsquo;\u00e9tanch\u00e9it\u00e9.<\/p>\n<p>Les\u00a0<a href=\"https:\/\/www.nortekair.com\/fr\/produits\/plenums-pour-salles-blanches-clean-trak\/\">pl\u00e9nums Clean-Trak<\/a><sup>\u00ae<\/sup>minimisent les conduites transversales et les colliers de conduites tout en r\u00e9duisant la chute de pression globale et en offrant les avantages de notre\u00a0grillage de plafond encastr\u00e9 Clean-Trak, dont l&rsquo;\u00e9clairage et la protection contre le feu ainsi qu&rsquo;une performance sup\u00e9rieure.<\/p>\n<p>Les\u00a0<a href=\"https:\/\/www.nortekair.com\/fr\/produits\/unites-de-filtration-a-ventilateur-cleanpak\/\">appareils de traitement d&rsquo;air et de ventilation<\/a>\u00a0Huntair<sup>\u00ae<\/sup>\u00a0et CLEANPAK\u00a0sont con\u00e7us sp\u00e9cifiquement pour les applications en salle blanche afin d&rsquo;offrir un maximum de performance, d&rsquo;efficacit\u00e9, de fiabilit\u00e9 et de contr\u00f4le des vibrations et du bruit. Ces appareils ont des surfaces faciles \u00e0 nettoyer et des mat\u00e9riaux faibles en gaz de d\u00e9gagement pour r\u00e9sister aux produits chimiques agressifs. Les types d&rsquo;appareils de traitement d&rsquo;air incluent l&rsquo;air d&rsquo;appoint, l&rsquo;air recycl\u00e9, les ventilateurs pour petites armoires et les appareils ventilateur-filtre.<\/p>\n<p>Les\u00a0salles blanches modulaires Servicor<sup>\u00ae<\/sup>\u00a0pr\u00e9sentent des designs non progressifs r\u00e9ellement modulaires avec une souplesse ultime dans les mat\u00e9riaux et les configurations pour combler les besoins de performance et d&rsquo;\u00e9conomies et offrir un assemblage rapide et facile ainsi que des possibilit\u00e9s d&rsquo;extension et de modification en fonction des besoins croissants.<\/p>\n<p>Nos\u00a0postes de travail \u00e0 flux laminaire de marque Servicor sont des environnements propres pratiques, \u00e9conomiques et portables qui offrent un milieu de travail de classe 100 \u00e0 contr\u00f4le de la contamination.<\/p>\n\t\t\t<a href=\"https:\/\/www.nortekair.com\/fr\/about\/pour-nous-joindre\/\" target=\"_self\" rel=\"noopener\">\n\t\t\t\t\t\t\tPOUR NOUS JOINDRE\n\t\t\t<\/a>\n\t<p>Avez-vous des questions \u00e0 propos de Nortek Air Solutions, de nos produits ou de ce que nous pouvons faire pour vous aider dans votre prochaine application? Contactez-nous et nous vous aiderons au maximum de nos comp\u00e9tences!<\/p>\n<p>Notre vaste r\u00e9seau de repr\u00e9sentants Nortek Air Solutions peut aussi vous aider \u00e0 analyser votre application de b\u00e2timent et \u00e0 d\u00e9velopper la solution parfaite pour vos besoins de traitement d&rsquo;air.<\/p>\n\n","protected":false},"excerpt":{"rendered":"<p>Environnements de fabrication de produits pharmaceutiques efficaces et fiables Le secteur pharmaceutique pr\u00e9sente les besoins de fabrication les plus complexes sur le march\u00e9, car il requiert des environnements exempts de particules et de contaminants ainsi qu&rsquo;une ventilation de grande qualit\u00e9. Les propri\u00e9taires et directeurs d&rsquo;installations pharmaceutiques veulent des syst\u00e8mes m\u00e9caniques fiables \u00e0 haute efficacit\u00e9 et&hellip;<\/p>\n","protected":false},"author":8,"featured_media":0,"parent":2827,"menu_order":0,"comment_status":"closed","ping_status":"closed","template":"","meta":{"_acf_changed":false,"_relevanssi_hide_post":"","_relevanssi_hide_content":"","_relevanssi_pin_for_all":"","_relevanssi_pin_keywords":"","_relevanssi_unpin_keywords":"","_relevanssi_related_keywords":"","_relevanssi_related_include_ids":"","_relevanssi_related_exclude_ids":"","_relevanssi_related_no_append":"","_relevanssi_related_not_related":"","_relevanssi_related_posts":"","_relevanssi_noindex_reason":"","footnotes":""},"class_list":["post-2962","page","type-page","status-publish","hentry"],"acf":[],"aioseo_notices":[],"_links":{"self":[{"href":"https:\/\/www.nortekair.com\/fr\/wp-json\/wp\/v2\/pages\/2962","targetHints":{"allow":["GET"]}}],"collection":[{"href":"https:\/\/www.nortekair.com\/fr\/wp-json\/wp\/v2\/pages"}],"about":[{"href":"https:\/\/www.nortekair.com\/fr\/wp-json\/wp\/v2\/types\/page"}],"author":[{"embeddable":true,"href":"https:\/\/www.nortekair.com\/fr\/wp-json\/wp\/v2\/users\/8"}],"replies":[{"embeddable":true,"href":"https:\/\/www.nortekair.com\/fr\/wp-json\/wp\/v2\/comments?post=2962"}],"version-history":[{"count":1,"href":"https:\/\/www.nortekair.com\/fr\/wp-json\/wp\/v2\/pages\/2962\/revisions"}],"predecessor-version":[{"id":5285,"href":"https:\/\/www.nortekair.com\/fr\/wp-json\/wp\/v2\/pages\/2962\/revisions\/5285"}],"up":[{"embeddable":true,"href":"https:\/\/www.nortekair.com\/fr\/wp-json\/wp\/v2\/pages\/2827"}],"wp:attachment":[{"href":"https:\/\/www.nortekair.com\/fr\/wp-json\/wp\/v2\/media?parent=2962"}],"curies":[{"name":"wp","href":"https:\/\/api.w.org\/{rel}","templated":true}]}}