{"id":2977,"date":"2024-05-15T16:49:52","date_gmt":"2024-05-15T21:49:52","guid":{"rendered":"https:\/\/www.nortekair.com\/?page_id=2977"},"modified":"2024-08-06T10:37:10","modified_gmt":"2024-08-06T15:37:10","slug":"nortek-air-solutions","status":"publish","type":"page","link":"https:\/\/www.nortekair.com\/fr\/","title":{"rendered":"Nortek Air Solutions"},"content":{"rendered":"\n\n\t\t\tMeilleur\n\t\t<h2>\n\t\t\td\u00e8s la conception\n\t\t<\/h2>\n\t\t\t<p>DES SOLUTIONS CVC SUR MESURE POUR DE MEILLEURS ENVIRONNEMENTS<\/p>\t\t\n\t\t<h2>\n\t\t\tCon\u00e7u<br \/>pour \n\t\t<\/h2>\n\t\t\t<p>un objectif<\/p>\t\t\n<h3>\n\t\tMEILLEURE SOLUTION POUR VOTRE APPLICATION\n\t<\/h3>\n\t<ul>\n<li>Personnalis\u00e9e pour votre application particuli\u00e8re<\/li>\n<li>Expertise en outils de conception et en soutien<\/li>\n<li>Nombreuses options<\/li>\n<li>Courts d\u00e9lais de production<\/li>\n<li>Une fiabilit\u00e9 \u00e9prouv\u00e9e avec succ\u00e8s<\/li>\n<\/ul>\n\t\t<h2>\n\t\t\tCon\u00e7u <br \/>pour \n\t\t<\/h2>\n\t\t\t<p>la performance<\/p>\t\t\n<h3>\n\t\tQUALIT\u00c9 ET PERFORMANCE SUP\u00c9RIEURES\n\t<\/h3>\n\t<ul>\n<li>Fabrication de haute qualit\u00e9<\/li>\n<li>Efficacit\u00e9 et performance acoustique de premier rang, et faible taux de fuite<\/li>\n<li>Certifi\u00e9 conforme aux exigences de rendement pour les s\u00e9ismes et les ouragans<\/li>\n<\/ul>\n\t\t<h2>\n\t\t\tCon\u00e7u <br \/>pour \n\t\t<\/h2>\n\t\t\t<p>la valeur<\/p>\t\t\n<h3>\n\t\tCO\u00dbT DE POSSESSION <br \/>LE PLUS BAS\n\t<\/h3>\n\t<ul>\n<li>Produits \u00e0 longue dur\u00e9e de vie<\/li>\n<li>Fonctionnement \u00e9co\u00e9nerg\u00e9tique<\/li>\n<li>Facile \u00e0 installer afin de r\u00e9duire les co\u00fbts d&rsquo;installation<\/li>\n<li>Garantie en t\u00eate de l&rsquo;industrie<\/li>\n<\/ul>\n\t\t<h2>\n\t\t\tNOS MARQUES\n\t\t<\/h2>\n\t\t\t\t<a href=\"https:\/\/www.nortekair.com\/fr\/a-propos-de-nortek-air-solutions\/ahu-dx-marques\/mammoth\/\" target=\"_self\" itemprop=\"url\" rel=\"noopener\">\n\t\t\t\t<img loading=\"lazy\" decoding=\"async\" src=\"https:\/\/www.nortekair.com\/wp-content\/uploads\/\/brand-mammoth.svg\" alt=\"brand logo mammoth\" itemprop=\"image\" height=\"14\" width=\"148\" title=\"brand-mammoth\" onerror=\"this.style.display='none'\"  \/>\n\t\t\t\t<\/a>\n\tFond\u00e9e en<br \/>\n<strong>1935<\/strong>\n\t\t\t\t<a href=\"https:\/\/www.nortekair.com\/fr\/a-propos-de-nortek-air-solutions\/ahu-dx-marques\/governair\/\" target=\"_self\" itemprop=\"url\" rel=\"noopener\">\n\t\t\t\t<img loading=\"lazy\" decoding=\"async\" src=\"https:\/\/www.nortekair.com\/wp-content\/uploads\/\/governair.svg\" alt=\"brand logo governair\" itemprop=\"image\" height=\"14\" width=\"158\" title=\"governair\" onerror=\"this.style.display='none'\"  \/>\n\t\t\t\t<\/a>\n\tFond\u00e9e en<br \/>\n<strong>1937<\/strong>\n\t\t\t\t<a href=\"https:\/\/www.nortekair.com\/fr\/a-propos-de-nortek-air-solutions\/ahu-dx-marques\/temtrol\/\" target=\"_self\" itemprop=\"url\" rel=\"noopener\">\n\t\t\t\t<img loading=\"lazy\" decoding=\"async\" src=\"https:\/\/www.nortekair.com\/wp-content\/uploads\/\/temtrol.svg\" alt=\"brand logo temtrol\" itemprop=\"image\" height=\"14\" width=\"130\" title=\"temtrol\" onerror=\"this.style.display='none'\"  \/>\n\t\t\t\t<\/a>\n\tFond\u00e9e en<br \/>\n<strong>1955<\/strong>\n\t\t\t\t<a href=\"https:\/\/www.nortekair.com\/fr\/a-propos-de-nortek-air-solutions\/ahu-dx-marques\/venmar\/\" target=\"_self\" itemprop=\"url\" rel=\"noopener\">\n\t\t\t\t<img loading=\"lazy\" decoding=\"async\" src=\"https:\/\/www.nortekair.com\/wp-content\/uploads\/\/venmar.svg\" alt=\"brand logo venmar\" itemprop=\"image\" height=\"13\" width=\"122\" title=\"venmar\" onerror=\"this.style.display='none'\"  \/>\n\t\t\t\t<\/a>\n\tFond\u00e9e en<br \/>\n<strong>1980<\/strong>\n\t\t\t\t<a href=\"https:\/\/www.nortekair.com\/fr\/a-propos-de-nortek-air-solutions\/ahu-dx-marques\/cleanpak\/\" target=\"_self\" itemprop=\"url\" rel=\"noopener\">\n\t\t\t\t<img loading=\"lazy\" decoding=\"async\" src=\"https:\/\/www.nortekair.com\/wp-content\/uploads\/\/cleanpak.svg\" alt=\"brand logo cleanpak\" itemprop=\"image\" height=\"14\" width=\"144\" title=\"cleanpak\" onerror=\"this.style.display='none'\"  \/>\n\t\t\t\t<\/a>\n\tFond\u00e9e en<br \/>\n<strong>1985<\/strong>\n\t\t\t\t<a href=\"https:\/\/www.nortekair.com\/fr\/a-propos-de-nortek-air-solutions\/ahu-dx-marques\/huntair\/\" target=\"_self\" itemprop=\"url\" rel=\"noopener\">\n\t\t\t\t<img loading=\"lazy\" decoding=\"async\" src=\"https:\/\/www.nortekair.com\/wp-content\/uploads\/\/huntair.svg\" alt=\"brand logo huntair\" itemprop=\"image\" height=\"14\" width=\"118\" title=\"huntair\" onerror=\"this.style.display='none'\"  \/>\n\t\t\t\t<\/a>\n\tFond\u00e9e en<br \/>\n<strong>1993<\/strong>\n\t\t\t\t<a href=\"https:\/\/www.nortekair.com\/fr\/a-propos-de-nortek-air-solutions\/ahu-dx-marques\/ventrol\/\" target=\"_self\" itemprop=\"url\" rel=\"noopener\">\n\t\t\t\t<img loading=\"lazy\" decoding=\"async\" src=\"https:\/\/www.nortekair.com\/wp-content\/uploads\/\/ventrol.svg\" alt=\"brand logo ventrol\" itemprop=\"image\" height=\"14\" width=\"127\" title=\"ventrol\" onerror=\"this.style.display='none'\"  \/>\n\t\t\t\t<\/a>\n\tFond\u00e9e en<br \/>\n<strong>1998<\/strong>\n\t\t\tDe meilleures \n\t\t<h2>\n\t\t\tsolutions CVC pour toutes les applications\n\t\t<\/h2>\n\t<div class=\"markets-acc\" data-max-open=\"0\"><div class=\"market-col open\" data-col=\"1\" style=\"background-image:url(https:\/\/www.nortekair.com\/wp-content\/uploads\/2024\/06\/Hospital-Hallway@2x.jpg);\">\n                                 <button type=\"button\"><span>Soins de sant\u00e9<\/span><\/button>\n                                 <h3><a href=\"https:\/\/www.nortekair.com\/fr\/solutions-par-marche\/soins-de-sante\/\">Soins de sant\u00e9<\/a><\/h3>\n                              <\/div><div class=\"market-col open\" data-col=\"2\" style=\"background-image:url(https:\/\/www.nortekair.com\/wp-content\/uploads\/2024\/06\/shutterstock_218235004@2x.jpg);\">\n                                 <button type=\"button\"><span>\u00c9ducation<\/span><\/button>\n                                 <h3><a href=\"https:\/\/www.nortekair.com\/fr\/produits\/appareils-de-traitement-dair-sur-mesure\/\">\u00c9ducation<\/a><\/h3>\n                              <\/div><div class=\"market-col open\" data-col=\"3\" style=\"background-image:url(https:\/\/www.nortekair.com\/wp-content\/uploads\/2024\/06\/shutterstock_605472758@2x.jpg);\">\n                                 <button type=\"button\"><span>Fabrication<\/span><\/button>\n                                 <h3><a href=\"https:\/\/www.nortekair.com\/fr\/solutions-par-marche\/fabrication\/\">Fabrication<\/a><\/h3>\n                              <\/div><div class=\"market-col closed\" data-col=\"4\" style=\"background-image:url(https:\/\/www.nortekair.com\/wp-content\/uploads\/2024\/06\/office-retail.jpg);\">\n                                 <button type=\"button\"><span>Commercial<\/span><\/button>\n                                 <h3><a href=\"https:\/\/www.nortekair.com\/fr\/solutions-par-marche\/commercial\/\">Commercial<\/a><\/h3>\n                              <\/div><div class=\"market-col closed\" data-col=\"5\" style=\"background-image:url(https:\/\/www.nortekair.com\/wp-content\/uploads\/2024\/06\/Data-Center-iStock-470364147.jpg);\">\n                                 <button type=\"button\"><span>Salles blanches et laboratoires<\/span><\/button>\n                                 <h3><a href=\"https:\/\/www.nortekair.com\/fr\/solutions-par-marche\/salles-blanches-et-laboratoires\/\">Salles blanches et laboratoires<\/a><\/h3>\n                              <\/div><div class=\"market-col closed\" data-col=\"6\" style=\"background-image:url(https:\/\/www.nortekair.com\/wp-content\/uploads\/2024\/06\/Commercial-Cannabis-Business@2x.jpg);\">\n                                 <button type=\"button\"><span>Maisons de culture<\/span><\/button>\n                                 <h3><a href=\"https:\/\/www.nortekair.com\/fr\/solutions-par-marche\/maisons-de-culture\/\">Maisons de culture<\/a><\/h3>\n                              <\/div><div class=\"market-col closed\" data-col=\"7\" style=\"background-image:url(https:\/\/www.nortekair.com\/wp-content\/uploads\/2024\/06\/hansjorg-keller-Uc7I0fpIPII-unsplash@2x.jpg);\">\n                                 <button type=\"button\"><span>\u00c9difices gouvernementaux <\/span><\/button>\n                                 <h3><a href=\"https:\/\/www.nortekair.com\/fr\/solutions-par-marche\/edifices-gouvernementaux\/\">\u00c9difices gouvernementaux <\/a><\/h3>\n                              <\/div><div class=\"market-col closed\" data-col=\"8\" style=\"background-image:url(https:\/\/www.nortekair.com\/wp-content\/uploads\/2024\/06\/shutterstock_652877881@2x.jpg);\">\n                                 <button type=\"button\"><span>H\u00f4tellerie<\/span><\/button>\n                                 <h3><a href=\"https:\/\/www.nortekair.com\/fr\/solutions-par-marche\/hotellerie\/\">H\u00f4tellerie<\/a><\/h3>\n                              <\/div><\/div>\n\t\t\t<a href=\"https:\/\/www.nortekair.com\/fr\/solutions-par-marche\/\" target=\"_self\" rel=\"noopener\">\n\t\t\t\t\t\t\tVOIR TOUT\n\t\t\t\t\t<\/a>\n\t\t\tNotre \n\t\t<h2>\n\t\t\th\u00e9ritage\n\t\t<\/h2>\n\t\t+1,834,920,000\n\t\t\t\t\tPI\u00b3\/MIN\n\t\t+458,730\n\t\t\t\t\tBLOCS DE VENTILATEURS\n\t<iframe loading=\"lazy\" title=\"Nortek Air Solutions: Experts des environnements du b\u00e2timent\u2122\" width=\"500\" height=\"281\" src=\"https:\/\/www.youtube.com\/embed\/eMuKtsgdqyw?feature=oembed\" frameborder=\"0\" allow=\"accelerometer; autoplay; clipboard-write; encrypted-media; gyroscope; picture-in-picture; web-share\" referrerpolicy=\"strict-origin-when-cross-origin\" allowfullscreen><\/iframe>\n<h2>\n\t\tNOUS CR\u00c9ONS UN MONDE PLUS S\u00dbR, PLUS SAIN ET PLUS PRODUCTIF\n\t<\/h2>\n\t\t\tNotre \n\t\t<h2>\n\t\t\tdiff\u00e9rence\n\t\t<\/h2>\n\t\t\t\t<a href=\"https:\/\/www.nortekair.com\/innovation\/energy-efficiency\/\" target=\"_self\" itemprop=\"url\" rel=\"noopener\">\n\t\t\t\t<img loading=\"lazy\" decoding=\"async\" src=\"https:\/\/www.nortekair.com\/wp-content\/uploads\/\/icon-energy.svg\" alt=\"icon for energy efficiency\" itemprop=\"image\" height=\"80\" width=\"73\" title=\"icon-energy\" onerror=\"this.style.display='none'\"  \/>\n\t\t\t\t<\/a>\n<a href=\"https:\/\/www.nortekair.com\/innovation\/energy-efficiency\/\" target=\"_self\" rel=\"noopener\">Efficacit\u00e9 \u00e9nerg\u00e9tique<\/a>\t\n\t\t\t\t<a href=\"https:\/\/www.nortekair.com\/innovation\/sound-noise\/\" target=\"_self\" itemprop=\"url\" rel=\"noopener\">\n\t\t\t\t<img loading=\"lazy\" decoding=\"async\" src=\"https:\/\/www.nortekair.com\/wp-content\/uploads\/\/icon-sound.svg\" alt=\"icon for sound bars\" itemprop=\"image\" height=\"95\" width=\"66\" title=\"icon-sound\" onerror=\"this.style.display='none'\"  \/>\n\t\t\t\t<\/a>\n<a href=\"https:\/\/www.nortekair.com\/innovation\/sound-noise\/\" target=\"_self\" rel=\"noopener\">Son \/ acoustique<\/a>\t\n\t\t\t\t<a href=\"https:\/\/www.nortekair.com\/innovation\/indoor-air-quality\/\" target=\"_self\" itemprop=\"url\" rel=\"noopener\">\n\t\t\t\t<img loading=\"lazy\" decoding=\"async\" src=\"https:\/\/www.nortekair.com\/wp-content\/uploads\/\/icon-air-quality.svg\" alt=\"icon for air quality\" itemprop=\"image\" height=\"72\" width=\"94\" title=\"icon-air-quality\" onerror=\"this.style.display='none'\"  \/>\n\t\t\t\t<\/a>\n<a href=\"https:\/\/www.nortekair.com\/innovation\/indoor-air-quality\/\" target=\"_self\" rel=\"noopener\">Qualit\u00e9 <br \/>de l&rsquo;air<\/a>\t\n\t\t\t\t<a href=\"https:\/\/www.nortekair.com\/innovation\/humidity-control\/\" target=\"_self\" itemprop=\"url\" rel=\"noopener\">\n\t\t\t\t<img loading=\"lazy\" decoding=\"async\" src=\"https:\/\/www.nortekair.com\/wp-content\/uploads\/\/icon-humidity-control.svg\" alt=\"icon for humidity control\" itemprop=\"image\" height=\"83\" width=\"69\" title=\"icon-humidity-control\" onerror=\"this.style.display='none'\"  \/>\n\t\t\t\t<\/a>\n<a href=\"https:\/\/www.nortekair.com\/innovation\/humidity-control\/\" target=\"_self\" rel=\"noopener\">Contr\u00f4le de l&rsquo;humidit\u00e9<\/a>\t\n\t\t\t\t<a href=\"https:\/\/www.nortekair.com\/innovation\/green-design\/\" target=\"_self\" itemprop=\"url\" rel=\"noopener\">\n\t\t\t\t<img loading=\"lazy\" decoding=\"async\" src=\"https:\/\/www.nortekair.com\/wp-content\/uploads\/\/icon-green-design.svg\" alt=\"icon representing green-friendly design\" itemprop=\"image\" height=\"83\" width=\"84\" title=\"icon-green-design\" onerror=\"this.style.display='none'\"  \/>\n\t\t\t\t<\/a>\n<a href=\"https:\/\/www.nortekair.com\/innovation\/green-design\/\" target=\"_self\" rel=\"noopener\">Design <br \/>vert<\/a>\t\n\t\t\t\t<a href=\"#\" target=\"_self\" itemprop=\"url\" rel=\"noopener\">\n\t\t\t\t<img loading=\"lazy\" decoding=\"async\" src=\"https:\/\/www.nortekair.com\/wp-content\/uploads\/\/icon-easy-install.svg\" alt=\"icon representing easy installation\" itemprop=\"image\" height=\"90\" width=\"79\" title=\"icon-easy-install\" onerror=\"this.style.display='none'\"  \/>\n\t\t\t\t<\/a>\n<a href=\"#\" target=\"_self\" rel=\"noopener\">Facile \u00e0 installer<\/a>\t\n\t\t\t<a href=\"https:\/\/www.nortekair.com\/fr\/a-propos-de-nortek-air-solutions\/\" target=\"_self\" rel=\"noopener\">\n\t\t\t\t\t\t\tPourquoi choisir Nortek Air Solutions\n\t\t\t\t\t<\/a>\n\t\t<h2>\n\t\t\tPartout, <br \/>quand vous avez\n\t\t<\/h2>\n\t\t\t<p>besoin de nous<\/p>\t\t\n\t<p>5\u00a0usines<\/p>\n\t<p>3 R&amp;D Laboratories<\/p>\n\t<p>Plus de 165\u00a0bureaux de repr\u00e9sentants<\/p>\n\t\u2022 Courts d\u00e9lais de production<br \/>\n\u2022 Exp\u00e9dition \u00e0 temps<br \/>\n\u2022 Livraison \u00e0 temps\n\t\t\t<a href=\"https:\/\/www.nortekair.com\/fr\/a-propos-de-nortek-air-solutions\/installations\/\" target=\"_self\" rel=\"noopener\">\n\t\t\t\t\t\t\tNos adresses\n\t\t\t\t\t<\/a>\n\t\t\t\t<img loading=\"lazy\" decoding=\"async\" src=\"https:\/\/www.nortekair.com\/wp-content\/uploads\/\/LocationsMap-Fade.svg\" alt=\"Nortek Air Locations Map\" itemprop=\"image\" height=\"822\" width=\"946\" title=\"LocationsMap-Fade\" onerror=\"this.style.display='none'\"  \/>\n\n","protected":false},"excerpt":{"rendered":"<p>Meilleur d\u00e8s la conception DES SOLUTIONS CVC SUR MESURE POUR DE MEILLEURS ENVIRONNEMENTS Con\u00e7upour un objectif MEILLEURE SOLUTION POUR VOTRE APPLICATION Personnalis\u00e9e pour votre application particuli\u00e8re Expertise en outils de conception et en soutien Nombreuses options Courts d\u00e9lais de production Une fiabilit\u00e9 \u00e9prouv\u00e9e avec succ\u00e8s Con\u00e7u pour la performance QUALIT\u00c9 ET PERFORMANCE SUP\u00c9RIEURES Fabrication de&hellip;<\/p>\n","protected":false},"author":8,"featured_media":0,"parent":0,"menu_order":0,"comment_status":"closed","ping_status":"closed","template":"","meta":{"_acf_changed":false,"_relevanssi_hide_post":"","_relevanssi_hide_content":"","_relevanssi_pin_for_all":"","_relevanssi_pin_keywords":"","_relevanssi_unpin_keywords":"","_relevanssi_related_keywords":"","_relevanssi_related_include_ids":"","_relevanssi_related_exclude_ids":"","_relevanssi_related_no_append":"","_relevanssi_related_not_related":"","_relevanssi_related_posts":"1864,1858,1854,1857,2969,3031","_relevanssi_noindex_reason":"","footnotes":""},"class_list":["post-2977","page","type-page","status-publish","hentry"],"acf":[],"aioseo_notices":[],"_links":{"self":[{"href":"https:\/\/www.nortekair.com\/fr\/wp-json\/wp\/v2\/pages\/2977","targetHints":{"allow":["GET"]}}],"collection":[{"href":"https:\/\/www.nortekair.com\/fr\/wp-json\/wp\/v2\/pages"}],"about":[{"href":"https:\/\/www.nortekair.com\/fr\/wp-json\/wp\/v2\/types\/page"}],"author":[{"embeddable":true,"href":"https:\/\/www.nortekair.com\/fr\/wp-json\/wp\/v2\/users\/8"}],"replies":[{"embeddable":true,"href":"https:\/\/www.nortekair.com\/fr\/wp-json\/wp\/v2\/comments?post=2977"}],"version-history":[{"count":2,"href":"https:\/\/www.nortekair.com\/fr\/wp-json\/wp\/v2\/pages\/2977\/revisions"}],"predecessor-version":[{"id":4432,"href":"https:\/\/www.nortekair.com\/fr\/wp-json\/wp\/v2\/pages\/2977\/revisions\/4432"}],"wp:attachment":[{"href":"https:\/\/www.nortekair.com\/fr\/wp-json\/wp\/v2\/media?parent=2977"}],"curies":[{"name":"wp","href":"https:\/\/api.w.org\/{rel}","templated":true}]}}