{"id":3039,"date":"2024-06-18T16:41:45","date_gmt":"2024-06-18T21:41:45","guid":{"rendered":"https:\/\/www.nortekair.com\/?page_id=3039"},"modified":"2026-02-02T17:53:05","modified_gmt":"2026-02-02T23:53:05","slug":"contactez-lequipe-des-serpentins","status":"publish","type":"page","link":"https:\/\/www.nortekair.com\/fr\/contactez-lequipe-des-serpentins\/","title":{"rendered":"Contactez l\u2019\u00e9quipe des serpentins\u00a0"},"content":{"rendered":"\n<figure itemscope itemtype=\"https:\/\/schema.org\/ImageObject\">\n\t\t\t\t<img decoding=\"async\" src=\"https:\/\/www.nortekair.com\/wp-content\/uploads\/2025\/06\/Nortek-logo-scaled.png\" alt=\"Nortek-logo\" height=\"450\" width=\"2560\" title=\"Nortek-logo\" onerror=\"this.style.display='none'\" loading=\"lazy\" \/>\n\t<\/figure>\n\t<p><strong>CVC r\u00e9sidentiel ou commercial l\u00e9ger, y compris Maytag, Frigidaire, Reznor ou Broan?<\/strong><\/p>\n\t\t\t<a href=\"https:\/\/www.nordyne.com\/our-brands\/\"  target=\"_blank\" rel=\"noopener\"    rel=\"noopener\">\n\t\t\t\t\t\t\tVisiter Nordyne\n\t\t\t<\/a>\n                <form method='post' enctype='multipart\/form-data' target='gform_ajax_frame_7' id='gform_7'  action='https:\/\/www.nortekair.com\/fr\/contactez-lequipe-des-serpentins\/?fl_builder&#038;fl_builder_ui_iframe#gf_7' data-formid='7' novalidate> \n <input type='hidden' class='gforms-pum' value='{\"closepopup\":false,\"closedelay\":0,\"openpopup\":false,\"openpopup_id\":0}' \/>\n                        <label class='gfield_label gform-field-label' for='input_7_7'>Votre nom :(N\u00e9cessaire)<\/label><input name='input_7' id='input_7_7' type='text' value='' class='large'     aria-required=\"true\" aria-invalid=\"false\"   \/><label class='gfield_label gform-field-label' for='input_7_3'>Votre adresse courriel :(N\u00e9cessaire)<\/label>\n                            <input name='input_3' id='input_7_3' type='email' value='' class='large'    aria-required=\"true\" aria-invalid=\"false\"  \/>\n                        <label class='gfield_label gform-field-label' for='input_7_4'>Votre num\u00e9ro de t\u00e9l\u00e9phone :(N\u00e9cessaire)<\/label><input name='input_4' id='input_7_4' type='tel' value='' class='large'   aria-required=\"true\" aria-invalid=\"false\"   \/><label class='gfield_label gform-field-label' for='input_7_5'>Message(N\u00e9cessaire)<\/label><textarea name='input_5' id='input_7_5' class='textarea large'     aria-required=\"true\" aria-invalid=\"false\"   rows='10' cols='50'><\/textarea><fieldset id=\"field_7_9\"><legend class='gfield_label gform-field-label gfield_label_before_complex'>Newsletter<\/legend>\n\t\t\t\t\t\t\t\t<input class='gfield-choice-input' name='input_9.1' type='checkbox'  value='Je souhaite recevoir la newsletter de Nortek Air Solutions'  id='choice_7_9_1'   \/>\n\t\t\t\t\t\t\t\t<label for='choice_7_9_1' id='label_7_9_1' class='gform-field-label gform-field-label--type-inline'>Je souhaite recevoir la newsletter de Nortek Air Solutions<\/label>\n\t\t\t\t\t\t\t<\/fieldset>\n         <input type='submit' id='gform_submit_button_7' class='gform_button button' onclick='gform.submission.handleButtonClick(this);' data-submission-type='submit' value='Submit'  \/> <input type='hidden' name='gform_ajax' value='form_id=7&amp;title=&amp;description=&amp;tabindex=0&amp;theme=gravity-theme&amp;styles=[]&amp;hash=c819d22748a79ce9ee01f1c4f0f6edb8' \/>\n            <input type='hidden' class='gform_hidden' name='gform_submission_method' data-js='gform_submission_method_7' value='iframe' \/>\n            <input type='hidden' class='gform_hidden' name='gform_theme' data-js='gform_theme_7' id='gform_theme_7' value='gravity-theme' \/>\n            <input type='hidden' class='gform_hidden' name='gform_style_settings' data-js='gform_style_settings_7' id='gform_style_settings_7' value='[]' \/>\n            <input type='hidden' class='gform_hidden' name='is_submit_7' value='1' \/>\n            <input type='hidden' class='gform_hidden' name='gform_submit' value='7' \/>\n            <input type='hidden' class='gform_hidden' name='gform_currency' data-currency='USD' value='hPgGeI2+JFPsBel+N+TCQ63FtBU\/2f5a3JGQHSguJWh+mv6g8dVb0vP1psv5pxbyAwLfU3CUyV4NMYwt3Jj\/IAQAknRHynlwJu\/JM7HyKlSh6P0=' \/>\n            <input type='hidden' class='gform_hidden' name='gform_unique_id' value='' \/>\n            <input type='hidden' class='gform_hidden' name='state_7' value='WyJ7XCI5LjFcIjpcIjdjM2I0MTUyMmRkZWQyNDQwMTljNjQ3ODEzODZjN2U3XCJ9IiwiNDAzMWRlZGVhMDhiOWI1Yzc2OTFiOWZkOTBkMzJlM2MiXQ==' \/>\n            <input type='hidden' autocomplete='off' class='gform_hidden' name='gform_target_page_number_7' id='gform_target_page_number_7' value='0' \/>\n            <input type='hidden' autocomplete='off' class='gform_hidden' name='gform_source_page_number_7' id='gform_source_page_number_7' value='1' \/>\n            <input type='hidden' name='gform_field_values' value='' \/>\n                        <\/form>\n\t\t                <iframe style='display:none;width:0px;height:0px;' src='about:blank' name='gform_ajax_frame_7' id='gform_ajax_frame_7' title='Cette iframe contient la logique n\u00e9cessaire pour manipuler Gravity Forms avec Ajax.'><\/iframe>\n<h2>\n\t\t\tMeet Our Team\t<\/h2>\n<figure itemscope itemtype=\"https:\/\/schema.org\/ImageObject\">\n\t\t\t\t<img decoding=\"async\" src=\"https:\/\/www.nortekair.com\/wp-content\/uploads\/2025\/03\/Clarissa-Guyton-1.png\" alt=\"Clarissa-Guyton\" height=\"640\" width=\"640\" title=\"Clarissa-Guyton\" onerror=\"this.style.display='none'\" loading=\"lazy\" \/>\n\t<\/figure>\n\t<strong>Clarissa Guyton<\/strong><br \/>\n<a href=\"mailto:clarissa.guyton@nortek.com\">clarissa.guyton@nortek.com<\/a>\n<figure itemscope itemtype=\"https:\/\/schema.org\/ImageObject\">\n\t\t\t\t<img decoding=\"async\" src=\"https:\/\/www.nortekair.com\/wp-content\/uploads\/2025\/03\/Dillon-Gilles-1.png\" alt=\"Dillon-Gilles\" height=\"640\" width=\"640\" title=\"Dillon-Gilles\" onerror=\"this.style.display='none'\" loading=\"lazy\" \/>\n\t<\/figure>\n\t<strong>Dillon Gilles<\/strong><br \/>\n<a href=\"mailto:Dillon.Gilles@nortek.com\">Dillon.Gilles@nortek.com<\/a>\n<figure itemscope itemtype=\"https:\/\/schema.org\/ImageObject\">\n\t\t\t\t<img decoding=\"async\" src=\"https:\/\/www.nortekair.com\/wp-content\/uploads\/2025\/03\/Derek-Clark-1.png\" alt=\"Derek-Clark\" height=\"640\" width=\"640\" title=\"Derek-Clark\" onerror=\"this.style.display='none'\" loading=\"lazy\" \/>\n\t<\/figure>\n\t<strong>Derek Clark<\/strong><br \/>\n<a href=\"mailto:Derek.Clark@nortek.com\">Derek.Clark@nortek.com<\/a>\n<figure itemscope itemtype=\"https:\/\/schema.org\/ImageObject\">\n\t\t\t\t<img decoding=\"async\" src=\"https:\/\/www.nortekair.com\/wp-content\/uploads\/2025\/03\/Tommy-Schroeder-1.png\" alt=\"Tommy-Schroeder\" height=\"640\" width=\"640\" title=\"Tommy-Schroeder\" onerror=\"this.style.display='none'\" loading=\"lazy\" \/>\n\t<\/figure>\n\t<strong>Tommy Schroeder<\/strong><br \/>\n<a href=\"mailto:Tommy.Schroeder@nortek.com\">Tommy.Schroeder@nortek.com<\/a>\n\n","protected":false},"excerpt":{"rendered":"<p>CVC r\u00e9sidentiel ou commercial l\u00e9ger, y compris Maytag, Frigidaire, Reznor ou Broan? Visiter Nordyne Votre nom :(N\u00e9cessaire)Votre adresse courriel :(N\u00e9cessaire) Votre num\u00e9ro de t\u00e9l\u00e9phone :(N\u00e9cessaire)Message(N\u00e9cessaire) Newsletter Je souhaite recevoir la newsletter de Nortek Air Solutions Meet Our Team Clarissa Guyton clarissa.guyton@nortek.com Dillon Gilles Dillon.Gilles@nortek.com Derek Clark Derek.Clark@nortek.com Tommy Schroeder Tommy.Schroeder@nortek.com<\/p>\n","protected":false},"author":8,"featured_media":0,"parent":0,"menu_order":0,"comment_status":"closed","ping_status":"closed","template":"","meta":{"_acf_changed":false,"_relevanssi_hide_post":"","_relevanssi_hide_content":"","_relevanssi_pin_for_all":"","_relevanssi_pin_keywords":"","_relevanssi_unpin_keywords":"","_relevanssi_related_keywords":"","_relevanssi_related_include_ids":"","_relevanssi_related_exclude_ids":"","_relevanssi_related_no_append":"","_relevanssi_related_not_related":"","_relevanssi_related_posts":"","_relevanssi_noindex_reason":"","footnotes":""},"class_list":["post-3039","page","type-page","status-publish","hentry"],"acf":[],"aioseo_notices":[],"_links":{"self":[{"href":"https:\/\/www.nortekair.com\/fr\/wp-json\/wp\/v2\/pages\/3039","targetHints":{"allow":["GET"]}}],"collection":[{"href":"https:\/\/www.nortekair.com\/fr\/wp-json\/wp\/v2\/pages"}],"about":[{"href":"https:\/\/www.nortekair.com\/fr\/wp-json\/wp\/v2\/types\/page"}],"author":[{"embeddable":true,"href":"https:\/\/www.nortekair.com\/fr\/wp-json\/wp\/v2\/users\/8"}],"replies":[{"embeddable":true,"href":"https:\/\/www.nortekair.com\/fr\/wp-json\/wp\/v2\/comments?post=3039"}],"version-history":[{"count":3,"href":"https:\/\/www.nortekair.com\/fr\/wp-json\/wp\/v2\/pages\/3039\/revisions"}],"predecessor-version":[{"id":6559,"href":"https:\/\/www.nortekair.com\/fr\/wp-json\/wp\/v2\/pages\/3039\/revisions\/6559"}],"wp:attachment":[{"href":"https:\/\/www.nortekair.com\/fr\/wp-json\/wp\/v2\/media?parent=3039"}],"curies":[{"name":"wp","href":"https:\/\/api.w.org\/{rel}","templated":true}]}}