{"id":3137,"date":"2024-05-15T17:15:29","date_gmt":"2024-05-15T22:15:29","guid":{"rendered":"https:\/\/www.nortekair.com\/?page_id=3137"},"modified":"2024-07-08T09:29:31","modified_gmt":"2024-07-08T14:29:31","slug":"brevets","status":"publish","type":"page","link":"https:\/\/www.nortekair.com\/fr\/brevets\/","title":{"rendered":"Brevets"},"content":{"rendered":"\n\n\t<table cellspacing=\"0\" cellpadding=\"5\">\n<tbody>\n<tr valign=\"top\">\n<th><strong>Marques<\/strong><\/th>\n<th><strong>Num\u00e9ro de brevet<\/strong><\/th>\n<th><strong>Description<\/strong><\/th>\n<\/tr>\n<tr>\n<td>FANWALL<sup>\u00ae<\/sup> USA<\/td>\n<td>7137775<\/td>\n<td>Section de ventilation \u00e0 ventilateurs group\u00e9s dans les syst\u00e8mes de traitement d&rsquo;air<\/td>\n<\/tr>\n<tr>\n\n<td>7527468<\/td>\n<td>Section de ventilation \u00e0 ventilateurs group\u00e9s dans les syst\u00e8mes de traitement d&rsquo;air<\/td>\n<\/tr>\n<tr>\n\n<td>7179046<\/td>\n<td>Section de ventilation \u00e0 ventilateurs group\u00e9s dans les syst\u00e8mes de traitement d&rsquo;air<\/td>\n<\/tr>\n<tr>\n\n<td>7597534<\/td>\n<td>Section de ventilation \u00e0 ventilateurs group\u00e9s dans les syst\u00e8mes de traitement d&rsquo;air<\/td>\n<\/tr>\n<tr>\n\n<td>7922442<\/td>\n<td>Section de ventilation \u00e0 ventilateurs group\u00e9s dans les syst\u00e8mes de traitement d&rsquo;air<\/td>\n<\/tr>\n<tr>\n\n<td>7914252<\/td>\n<td>Section de ventilation \u00e0 ventilateurs group\u00e9s dans les syst\u00e8mes de traitement d&rsquo;air<\/td>\n<\/tr>\n<tr>\n\n<td>8087877<\/td>\n<td>Section de ventilation \u00e0 ventilateurs group\u00e9s dans les syst\u00e8mes de traitement d&rsquo;air<\/td>\n<\/tr>\n<tr>\n\n<td>7922442<\/td>\n<td>Section de ventilation \u00e0 ventilateurs group\u00e9s dans les syst\u00e8mes de traitement d&rsquo;air<\/td>\n<\/tr>\n<tr>\n\n<td>8087877<\/td>\n<td>Section de ventilation \u00e0 ventilateurs group\u00e9s dans les syst\u00e8mes de traitement d&rsquo;air<\/td>\n<\/tr>\n<tr>\n\n<td>8414251<\/td>\n<td>Bo\u00eetier de ventilateur modulaire avec multiples unit\u00e9s modulaires \u00e0 att\u00e9nuation sonore pour ventilateurs group\u00e9s dans un syst\u00e8me de traitement d&rsquo;air<\/td>\n<\/tr>\n<tr>\n\n<td>8398365<\/td>\n<td>Unit\u00e9s de ventilateurs modulaires \u00e0 couches d&rsquo;att\u00e9nuation sonore pour un syst\u00e8me de traitement d&rsquo;air<\/td>\n<\/tr>\n<tr>\n\n<td>7597534<\/td>\n<td>Section de ventilation \u00e0 ventilateurs group\u00e9s dans les syst\u00e8mes de traitement d&rsquo;air<\/td>\n<\/tr>\n<tr>\n\n<td>7914252<\/td>\n<td>Section de ventilation \u00e0 ventilateurs group\u00e9s dans les syst\u00e8mes de traitement d&rsquo;air<\/td>\n<\/tr>\n<tr>\n\n<td>8562283<\/td>\n<td>Section de ventilation \u00e0 ventilateurs group\u00e9s dans les syst\u00e8mes de traitement d&rsquo;air<\/td>\n<\/tr>\n<tr>\n\n<td>8556574<\/td>\n<td>Section de ventilation \u00e0 ventilateurs group\u00e9s dans les syst\u00e8mes de traitement d&rsquo;air<\/td>\n<\/tr>\n<tr>\n\n<td>8419348<\/td>\n<td>Section de ventilation \u00e0 ventilateurs group\u00e9s dans les syst\u00e8mes de traitement d&rsquo;air<\/td>\n<\/tr>\n<tr>\n\n<td>8694175<\/td>\n<td>Section de ventilation \u00e0 ventilateurs group\u00e9s dans les syst\u00e8mes de traitement d&rsquo;air<\/td>\n<\/tr>\n<tr>\n\n<td>8727700<\/td>\n<td>Section de ventilation \u00e0 ventilateurs group\u00e9s dans les syst\u00e8mes de traitement d&rsquo;air.<\/td>\n<\/tr>\n<tr>\n\n<td>8734086<\/td>\n<td>Bo\u00eetier de ventilateur modulaire avec multiples unit\u00e9s modulaires \u00e0 att\u00e9nuation sonore pour ventilateurs group\u00e9s dans un syst\u00e8me de traitement d&rsquo;air.<\/td>\n<\/tr>\n<tr>\n\n<td>8727701<\/td>\n<td>Bo\u00eetier de ventilateur modulaire avec multiples unit\u00e9s modulaires \u00e0 att\u00e9nuation sonore pour ventilateurs group\u00e9s dans un syst\u00e8me de traitement d&rsquo;air.<\/td>\n<\/tr>\n<tr>\n<td>FANWALL \u00e0 l&rsquo;\u00e9tranger<\/td>\n<td>10-2007-7023728<\/td>\n<td>Section de ventilation \u00e0 ventilateurs group\u00e9s dans les syst\u00e8mes de traitement d&rsquo;air<\/td>\n<\/tr>\n<tr>\n\n<td>2601544<\/td>\n<td>Section de ventilation \u00e0 ventilateurs group\u00e9s dans les syst\u00e8mes de traitement d&rsquo;air<\/td>\n<\/tr>\n<tr>\n\n<td>ZL200480006686.X<\/td>\n<td>Section de ventilation \u00e0 ventilateurs group\u00e9s dans les syst\u00e8mes de traitement d&rsquo;air<\/td>\n<\/tr>\n<tr>\n\n<td>1083119<\/td>\n<td>Section de ventilation \u00e0 ventilateurs group\u00e9s dans les syst\u00e8mes de traitement d&rsquo;air<\/td>\n<\/tr>\n<tr>\n\n<td>170635<\/td>\n<td>Section de ventilation \u00e0 ventilateurs group\u00e9s dans les syst\u00e8mes de traitement d&rsquo;air<\/td>\n<\/tr>\n<tr>\n<td>Huntair<sup>\u00ae<\/sup><\/td>\n<td>6132309<\/td>\n<td>Pl\u00e9num modulaire de salle blanche<\/td>\n<\/tr>\n<tr>\n\n<td>6514137<\/td>\n<td>Pl\u00e9num modulaire de salle blanche<\/td>\n<\/tr>\n<tr>\n\n<td>425493<\/td>\n<td>Enceinte pour \u00e9quipement \u00e9lectrique<\/td>\n<\/tr>\n<tr>\n\n<td>5\u00a0586\u00a0861<\/td>\n<td>Ventilateur centrifuge \u00e0 mesure de d\u00e9bit d&rsquo;air<\/td>\n<\/tr>\n<tr>\n\n<td>8087492<\/td>\n<td>M\u00e9thodes et syst\u00e8mes pour int\u00e9grer l&rsquo;att\u00e9nuation sonore dans une banque de filtres<\/td>\n<\/tr>\n<tr>\n<td>Cleanpak<sup>\u00ae<\/sup><\/td>\n<td>6351920<\/td>\n<td>Joint d&rsquo;\u00e9tanch\u00e9it\u00e9 p\u00e9riph\u00e9rique du module de plafond<\/td>\n<\/tr>\n<tr>\n\n<td>99808964,8<\/td>\n<td>Syst\u00e8me mural de salle blanche<\/td>\n<\/tr>\n<tr>\n\n<td>140955.<\/td>\n<td>Syst\u00e8me mural de salle blanche<\/td>\n<\/tr>\n<tr>\n\n<td>10-0766814<\/td>\n<td>Syst\u00e8me mural de salle blanche<\/td>\n<\/tr>\n<tr>\n\n<td>117510<\/td>\n<td>Syst\u00e8me mural de salle blanche<\/td>\n<\/tr>\n<tr>\n\n<td>200100422-5<\/td>\n<td>Syst\u00e8me mural de salle blanche<\/td>\n<\/tr>\n<tr>\n\n<td>6209275<\/td>\n<td>Syst\u00e8me mural de salle blanche<\/td>\n<\/tr>\n<tr>\n\n<td>6634149<\/td>\n<td>Ensemble sur rail pour syst\u00e8me mural de salle blanche<\/td>\n<\/tr>\n<tr>\n\n<td>5794397<\/td>\n<td>Goulotte d&rsquo;appareil d&rsquo;\u00e9clairage de plafond de salle blanche<\/td>\n<\/tr>\n<tr>\n\n<td>5681143<\/td>\n<td>Syst\u00e8me de r\u00e9glage par volets pour ventilateur centrifuge (m\u00e9canisme \u00e0 manchon sur roue)<\/td>\n<\/tr>\n<tr>\n\n<td>5586861<\/td>\n<td>Ventilateur centrifuge \u00e0 mesure de d\u00e9bit d&rsquo;air<\/td>\n<\/tr>\n<tr>\n\n<td>5454756<\/td>\n<td>Syst\u00e8me de ventilation de salle blanche<\/td>\n<\/tr>\n<tr>\n\n<td>5192348<\/td>\n<td>Panneau diffuseur d&rsquo;air directionnel pour syst\u00e8me de ventilation de salle blanche<\/td>\n<\/tr>\n<tr>\n\n<td>5161941<\/td>\n<td>Ensemble d&rsquo;actionneur pour contr\u00f4ler le d\u00e9bit d&rsquo;air entrant vers les ventilateurs centrifuges<\/td>\n<\/tr>\n<tr>\n\n<td>69231211<\/td>\n<td>Structure de plafond de salle blanche<\/td>\n<\/tr>\n<tr>\n\n<td>EPO751265<\/td>\n<td>Structure de plafond de salle blanche<\/td>\n<\/tr>\n<tr>\n\n<td>751265<\/td>\n<td>Structure de plafond de salle blanche<\/td>\n<\/tr>\n<tr>\n\n<td>751265<\/td>\n<td>Structure de plafond de salle blanche<\/td>\n<\/tr>\n<tr>\n\n<td>5088886<\/td>\n<td>Conditionnement d&rsquo;air entrant pour ventilateurs centrifuges<\/td>\n<\/tr>\n<tr>\n\n<td>5613759<\/td>\n<td>Structure de support d&rsquo;\u00e9clairage et de filtre<\/td>\n<\/tr>\n<tr>\n\n<td>5681143<\/td>\n<td>Syst\u00e8me de r\u00e9glage par volets pour ventilateur centrifuge<\/td>\n<\/tr>\n<tr>\n\n<td>6615556<\/td>\n<td>Ensemble de porte sans cadre pour salle blanche<\/td>\n<\/tr>\n<tr>\n\n<td>7918911<\/td>\n<td>Joint d&rsquo;\u00e9tanch\u00e9it\u00e9 p\u00e9riph\u00e9rique pour les passages entre les pl\u00e9nums de traitement d&rsquo;air adjacents<\/td>\n<\/tr>\n<tr>\n\n<td>174670<\/td>\n<td>Syst\u00e8me de filtration d&rsquo;air \u00e0 branchement rapide<\/td>\n<\/tr>\n<tr>\n<td>Venmar CES<sup>\u00ae<\/sup><\/td>\n<td>6684649<\/td>\n<td>Pompe \u00e0 enthalpie<\/td>\n<\/tr>\n<\/tbody>\n<\/table>\n\n","protected":false},"excerpt":{"rendered":"<p>Marques Num\u00e9ro de brevet Description FANWALL\u00ae USA 7137775 Section de ventilation \u00e0 ventilateurs group\u00e9s dans les syst\u00e8mes de traitement d&rsquo;air 7527468 Section de ventilation \u00e0 ventilateurs group\u00e9s dans les syst\u00e8mes de traitement d&rsquo;air 7179046 Section de ventilation \u00e0 ventilateurs group\u00e9s dans les syst\u00e8mes de traitement d&rsquo;air 7597534 Section de ventilation \u00e0 ventilateurs group\u00e9s dans les&hellip;<\/p>\n","protected":false},"author":8,"featured_media":0,"parent":0,"menu_order":0,"comment_status":"closed","ping_status":"closed","template":"","meta":{"_acf_changed":false,"_relevanssi_hide_post":"","_relevanssi_hide_content":"","_relevanssi_pin_for_all":"","_relevanssi_pin_keywords":"","_relevanssi_unpin_keywords":"","_relevanssi_related_keywords":"","_relevanssi_related_include_ids":"","_relevanssi_related_exclude_ids":"","_relevanssi_related_no_append":"","_relevanssi_related_not_related":"","_relevanssi_related_posts":"","_relevanssi_noindex_reason":"","footnotes":""},"class_list":["post-3137","page","type-page","status-publish","hentry"],"acf":[],"aioseo_notices":[],"_links":{"self":[{"href":"https:\/\/www.nortekair.com\/fr\/wp-json\/wp\/v2\/pages\/3137","targetHints":{"allow":["GET"]}}],"collection":[{"href":"https:\/\/www.nortekair.com\/fr\/wp-json\/wp\/v2\/pages"}],"about":[{"href":"https:\/\/www.nortekair.com\/fr\/wp-json\/wp\/v2\/types\/page"}],"author":[{"embeddable":true,"href":"https:\/\/www.nortekair.com\/fr\/wp-json\/wp\/v2\/users\/8"}],"replies":[{"embeddable":true,"href":"https:\/\/www.nortekair.com\/fr\/wp-json\/wp\/v2\/comments?post=3137"}],"version-history":[{"count":0,"href":"https:\/\/www.nortekair.com\/fr\/wp-json\/wp\/v2\/pages\/3137\/revisions"}],"wp:attachment":[{"href":"https:\/\/www.nortekair.com\/fr\/wp-json\/wp\/v2\/media?parent=3137"}],"curies":[{"name":"wp","href":"https:\/\/api.w.org\/{rel}","templated":true}]}}