{"id":3154,"date":"2024-06-18T15:25:27","date_gmt":"2024-06-18T20:25:27","guid":{"rendered":"https:\/\/www.nortekair.com\/?page_id=3154"},"modified":"2024-07-09T10:55:21","modified_gmt":"2024-07-09T15:55:21","slug":"serpentins-de-surpression","status":"publish","type":"page","link":"https:\/\/www.nortekair.com\/fr\/produits\/serpentins-de-surpression\/","title":{"rendered":"Serpentins de surpression"},"content":{"rendered":"\n<h2>\n\t\tPour de plus amples renseignements\n\t<\/h2>\n\t<p>Nous offrons des serpentins de surpression montables sur les conduits et dans les applications \u00e0 faible d\u00e9bit.<\/p>\n\t\t\t<a href=\"https:\/\/www.nortekair.com\/fr\/contactez-lequipe-des-serpentins\/\" target=\"_self\" rel=\"noopener\">\n\t\t\t\t\t\t\tPOUR NOUS JOINDRE\n\t\t\t<\/a>\n\t\t\t\t<img loading=\"lazy\" decoding=\"async\" src=\"https:\/\/www.nortekair.com\/wp-content\/uploads\/2024\/06\/water-booster-coil.png\" alt=\"Water booster coil\" itemprop=\"image\" height=\"947\" width=\"1200\" title=\"water-booster-coil\" onerror=\"this.style.display='none'\"  \/>\n\t\t<h2>\n\t\t\tavantages\n\t\t<\/h2>\n<h3>\n\t\tSERPENTINS DE SURPRESSION <br \/>\u00c0 EAU &#8211; TYPE WC\n\t<\/h3>\n\t\t\t <p><strong>Surface primaire<br \/><\/strong>Des tubes de cuivre circulaires sans joints sont soumis \u00e0 une expansion m\u00e9canique dans le collet des ailettes de la surface secondaire. L&rsquo;expansion m\u00e9canique produit un lien permanent m\u00e9tal contre m\u00e9tal pour un transfert efficace de la chaleur. Les\u00a0tubes sont d\u00e9cal\u00e9s dans la direction de la circulation d&rsquo;air et seuls des COUDES DE RETOUR sont utilis\u00e9s pour s&rsquo;assurer qu&rsquo;il n&rsquo;y ait AUCUNE r\u00e9duction de l&rsquo;\u00e9paisseur des parois des tubes dans le rayon de courbure des tubes \u00e0 t\u00eate d&rsquo;\u00e9pingle.<\/p>\t\t\n\t\t\t <p><strong>Surface secondaire<br \/><\/strong>Ailettes moul\u00e9es dans des plaques d&rsquo;aluminium ou de cuivre ondul\u00e9es. Les collets des ailettes sont extrud\u00e9s pour assurer un contr\u00f4le pr\u00e9cis de l&rsquo;espacement des ailettes et un contact maximum avec les tubes.<\/p>\t\t\n\t\t\t <p><strong>Collecteurs<br \/><\/strong>(Le cas \u00e9ch\u00e9ant) sont faits de cuivre sans joint avec trous moul\u00e9s pour obtenir une surface parall\u00e8le au tube du serpentin qui permet des joints bras\u00e9s solides. Tout le circuit est con\u00e7u pour une \u00e9vacuation par gravit\u00e9, le serpentin \u00e9tant mont\u00e9 \u00e0 la verticale et les tubes, \u00e0 l&rsquo;horizontale.<\/p>\t\t\n\t\t\t <p><strong>Connexions<br \/><\/strong>Cuivre filetage m\u00e2le.<\/p>\t\t\n\t\t\t <p><strong>Bo\u00eetier<br \/><\/strong>Collerettes moul\u00e9es avec collerettes d\u00e9cal\u00e9es dans le haut et le bas. Des supports de tubes interm\u00e9diaires sont fournis sur les serpentins \u00e0 ailettes de plus de 112 cm (44 po) de longueur avec support suppl\u00e9mentaire tous les 107 cm (42 po).<\/p>\t\t\n\t\t\t <p><strong>Essais et performance<br \/><\/strong>Tous les ensembles de serpentins sont soumis \u00e0 des essais d&rsquo;\u00e9tanch\u00e9it\u00e9 sous l&rsquo;eau avec de l&rsquo;air sec \u00e0 315 psi manom\u00e9trique. La performance est homologu\u00e9e AHRI\u2122 \u00e0\u00a0la norme 410. Les valeurs de performance du serpentin sont calcul\u00e9es \u00e0 l&rsquo;aide du logiciel de s\u00e9lection Temtrol homologu\u00e9 AHRI\u2122.<\/p>\t\t\n\t<h3>\n\t\tSERPENTIN DE SURPRESSION \u00c0 EAU CHAUDE &#8211; TYPES Z, A\n\t<\/h3>\n\t\t\t <p><strong>Surface primaire<br \/><\/strong>Des tubes de cuivre circulaires sans joints sont soumis \u00e0 une expansion m\u00e9canique dans le collet des ailettes de la surface secondaire. L&rsquo;expansion m\u00e9canique produit un lien permanent m\u00e9tal contre m\u00e9tal pour un transfert efficace de la chaleur. Les\u00a0tubes sont d\u00e9cal\u00e9s dans la direction de la circulation d&rsquo;air et seuls des COUDES DE RETOUR sont utilis\u00e9s pour s&rsquo;assurer qu&rsquo;il n&rsquo;y ait AUCUNE r\u00e9duction de l&rsquo;\u00e9paisseur des parois des tubes dans le rayon de courbure des tubes \u00e0 t\u00eate d&rsquo;\u00e9pingle.<\/p>\t\t\n\t\t\t <p><strong>Surface secondaire<br \/><\/strong>Ailettes moul\u00e9es dans des plaques d&rsquo;aluminium ondul\u00e9es. Les collets des ailettes sont extrud\u00e9s pour assurer un contr\u00f4le pr\u00e9cis de l&rsquo;espacement des ailettes et un contact maximum avec les tubes.<\/p>\t\t\n\t\t\t <p><strong>Collecteurs<br \/><\/strong>(Le cas \u00e9ch\u00e9ant) sont faits de cuivre sans joint avec trous moul\u00e9s pour obtenir une surface parall\u00e8le au tube du serpentin qui permet des joints bras\u00e9s solides. Tout le circuit est con\u00e7u pour une \u00e9vacuation par gravit\u00e9, le serpentin \u00e9tant mont\u00e9 \u00e0 la verticale et les tubes, \u00e0 l&rsquo;horizontale.<\/p>\t\t\n\t\t\t <p><strong>Connexions<br \/><\/strong>Cuivre \u00e0 filetage m\u00e2le.<\/p>\t\t\n\t\t\t <p><strong>Bo\u00eetier<br \/><\/strong>Le bo\u00eetier type Z est en acier galvanis\u00e9 avec collerettes moul\u00e9es de 1 \u00bd po pour permettre un montage facile. Le bo\u00eetier type A est en acier galvanis\u00e9 avec barre moul\u00e9e pour des connections de conduits par glissement.Option de bo\u00eetier type A\u00a0:<img loading=\"lazy\" decoding=\"async\" src=\"https:\/\/www.nortekair.com\/wp-content\/uploads\/2024\/06\/type-a-option-300x124.png\" alt=\"\" width=\"300\" height=\"124\" \/><\/p>\t\t\n\t\t\t <p><strong>Essais et performance<br \/><\/strong>Tous les ensembles de serpentins sont soumis \u00e0 des essais d&rsquo;\u00e9tanch\u00e9it\u00e9 sous l&rsquo;eau avec de l&rsquo;azote \u00e0 315 psi manom\u00e9trique.<\/p>\t\t\n\t\t<h2>\n\t\t\tOPTIONS DE SERPENTINS\n\t\t<\/h2>\n\t<h3>Serpentin de surpression \u00e0 eau &#8211; Type WC<\/h3>\n<strong>Rang\u00e9es\u00a0<\/strong>: 1, 2<br \/>\n<strong>Hauteur des ailettes <\/strong>: 6 po \u00e0 18 po<br \/>\n<strong>Longueur des ailettes <\/strong>: 6 po \u00e0 48 po<br \/>\n<strong>Espacement des ailettes <\/strong>:<br \/>\n\u00bd po &#8211; 8 \u00e0 14 ailettes par pouce<br \/>\n5\/8 po &#8211; 6 \u00e0 14 ailettes par pouce<br \/>\n<strong>\u00c9paisseur des ailettes ALUMINIUM <\/strong>:<br \/>\n\u00bd po &#8211; 0,006 po<br \/>\n5\/8 po &#8211; 0,008 po ou 0,010 po<br \/>\n<strong>\u00c9paisseur des ailettes CUIVRE <\/strong>:<br \/>\n\u00bd po &#8211; 0,006 po<br \/>\n5\/8 po &#8211; 0,006 po ou 0,008 po ou 0,010 po<br \/>\n<strong>d.e. du tube, \u00e9paisseur du tube <\/strong>:<br \/>\n\u00bd po &#8211; 0,017 po ou 0,025 po<br \/>\n5\/8 po &#8211; 0,020 po ou 0,025 po ou 0,035 po ou 0,049 po<br \/>\n<strong>Espacement des tubes Face x rang\u00e9e <\/strong>:<br \/>\n\u00bd po &#8211; 1,25 po \/ 1,083 po<br \/>\n5\/8 po &#8211; 1,50 po x 1,299 po<br \/>\n<strong>Bo\u00eetier <\/strong>:<br \/>\nAcier galvanis\u00e9 taille 16 ou 14<br \/>\nAcier inoxydable 304, 316<br \/>\n<strong>Conditions d&rsquo;op\u00e9ration standard max. <\/strong>250 psi manom\u00e9trique 300 \u00b0F\n\t<h3>Serpentin de surpression \u00e0 eau chaude &#8211; Types Z, A<\/h3>\n<strong>Rang\u00e9es\u00a0<\/strong>: 1, 2<br \/>\n<strong>Hauteur des ailettes <\/strong>: 6 po, 9 po, 12 po, 15 po, 18 po<br \/>\n<strong>Longueur des ailettes <\/strong>: 6 po \u00e0 48 po (en tranches de 3 po)<br \/>\n<strong>Espacement des ailettes <\/strong>:<br \/>\nRang\u00e9e 1, 10 ailettes par pouce<br \/>\nRang\u00e9e 2, 8 ailettes par pouce<br \/>\n<strong>\u00c9paisseur des ailettes ALUMINIUM <\/strong>: 0.008 po<br \/>\n<strong>d.e. du tube \u00c9paisseur du tube\u00a0<\/strong>: 5\/8 po 0,020 po<br \/>\n<strong>Espacement des tubes Face x rang\u00e9e\u00a0<\/strong>: 1,50 po sur 1,299 po<br \/>\n<strong>Bo\u00eetier <\/strong>:<br \/>\nType Z taille 16<br \/>\nType A acier galvanis\u00e9 taille 20<br \/>\n<strong>Conditions d&rsquo;op\u00e9ration standard max. <\/strong>\u00a0250 psi manom\u00e9trique 300 \u00b0F\n                <style>#gform_wrapper_7[data-form-index=\"0\"].gform-theme,[data-parent-form=\"7_0\"]{--gf-color-primary: #204ce5;--gf-color-primary-rgb: 32, 76, 229;--gf-color-primary-contrast: #fff;--gf-color-primary-contrast-rgb: 255, 255, 255;--gf-color-primary-darker: #001AB3;--gf-color-primary-lighter: #527EFF;--gf-color-secondary: #fff;--gf-color-secondary-rgb: 255, 255, 255;--gf-color-secondary-contrast: #112337;--gf-color-secondary-contrast-rgb: 17, 35, 55;--gf-color-secondary-darker: #F5F5F5;--gf-color-secondary-lighter: #FFFFFF;--gf-color-out-ctrl-light: rgba(17, 35, 55, 0.1);--gf-color-out-ctrl-light-rgb: 17, 35, 55;--gf-color-out-ctrl-light-darker: rgba(104, 110, 119, 0.35);--gf-color-out-ctrl-light-lighter: #F5F5F5;--gf-color-out-ctrl-dark: #585e6a;--gf-color-out-ctrl-dark-rgb: 88, 94, 106;--gf-color-out-ctrl-dark-darker: #112337;--gf-color-out-ctrl-dark-lighter: rgba(17, 35, 55, 0.65);--gf-color-in-ctrl: #fff;--gf-color-in-ctrl-rgb: 255, 255, 255;--gf-color-in-ctrl-contrast: #112337;--gf-color-in-ctrl-contrast-rgb: 17, 35, 55;--gf-color-in-ctrl-darker: #F5F5F5;--gf-color-in-ctrl-lighter: #FFFFFF;--gf-color-in-ctrl-primary: #204ce5;--gf-color-in-ctrl-primary-rgb: 32, 76, 229;--gf-color-in-ctrl-primary-contrast: #fff;--gf-color-in-ctrl-primary-contrast-rgb: 255, 255, 255;--gf-color-in-ctrl-primary-darker: #001AB3;--gf-color-in-ctrl-primary-lighter: #527EFF;--gf-color-in-ctrl-light: rgba(17, 35, 55, 0.1);--gf-color-in-ctrl-light-rgb: 17, 35, 55;--gf-color-in-ctrl-light-darker: rgba(104, 110, 119, 0.35);--gf-color-in-ctrl-light-lighter: #F5F5F5;--gf-color-in-ctrl-dark: #585e6a;--gf-color-in-ctrl-dark-rgb: 88, 94, 106;--gf-color-in-ctrl-dark-darker: #112337;--gf-color-in-ctrl-dark-lighter: rgba(17, 35, 55, 0.65);--gf-radius: 3px;--gf-font-size-secondary: 14px;--gf-font-size-tertiary: 13px;--gf-icon-ctrl-number: url(\"data:image\/svg+xml,%3Csvg width='8' height='14' viewBox='0 0 8 14' fill='none' xmlns='http:\/\/www.w3.org\/2000\/svg'%3E%3Cpath fill-rule='evenodd' clip-rule='evenodd' d='M4 0C4.26522 5.96046e-08 4.51957 0.105357 4.70711 0.292893L7.70711 3.29289C8.09763 3.68342 8.09763 4.31658 7.70711 4.70711C7.31658 5.09763 6.68342 5.09763 6.29289 4.70711L4 2.41421L1.70711 4.70711C1.31658 5.09763 0.683417 5.09763 0.292893 4.70711C-0.0976311 4.31658 -0.097631 3.68342 0.292893 3.29289L3.29289 0.292893C3.48043 0.105357 3.73478 0 4 0ZM0.292893 9.29289C0.683417 8.90237 1.31658 8.90237 1.70711 9.29289L4 11.5858L6.29289 9.29289C6.68342 8.90237 7.31658 8.90237 7.70711 9.29289C8.09763 9.68342 8.09763 10.3166 7.70711 10.7071L4.70711 13.7071C4.31658 14.0976 3.68342 14.0976 3.29289 13.7071L0.292893 10.7071C-0.0976311 10.3166 -0.0976311 9.68342 0.292893 9.29289Z' fill='rgba(17, 35, 55, 0.65)'\/%3E%3C\/svg%3E\");--gf-icon-ctrl-select: url(\"data:image\/svg+xml,%3Csvg width='10' height='6' viewBox='0 0 10 6' fill='none' xmlns='http:\/\/www.w3.org\/2000\/svg'%3E%3Cpath fill-rule='evenodd' clip-rule='evenodd' d='M0.292893 0.292893C0.683417 -0.097631 1.31658 -0.097631 1.70711 0.292893L5 3.58579L8.29289 0.292893C8.68342 -0.0976311 9.31658 -0.0976311 9.70711 0.292893C10.0976 0.683417 10.0976 1.31658 9.70711 1.70711L5.70711 5.70711C5.31658 6.09763 4.68342 6.09763 4.29289 5.70711L0.292893 1.70711C-0.0976311 1.31658 -0.0976311 0.683418 0.292893 0.292893Z' fill='rgba(17, 35, 55, 0.65)'\/%3E%3C\/svg%3E\");--gf-icon-ctrl-search: url(\"data:image\/svg+xml,%3Csvg version='1.1' xmlns='http:\/\/www.w3.org\/2000\/svg' width='640' height='640'%3E%3Cpath d='M256 128c-70.692 0-128 57.308-128 128 0 70.691 57.308 128 128 128 70.691 0 128-57.309 128-128 0-70.692-57.309-128-128-128zM64 256c0-106.039 85.961-192 192-192s192 85.961 192 192c0 41.466-13.146 79.863-35.498 111.248l154.125 154.125c12.496 12.496 12.496 32.758 0 45.254s-32.758 12.496-45.254 0L367.248 412.502C335.862 434.854 297.467 448 256 448c-106.039 0-192-85.962-192-192z' fill='rgba(17, 35, 55, 0.65)'\/%3E%3C\/svg%3E\");--gf-label-space-y-secondary: var(--gf-label-space-y-md-secondary);--gf-ctrl-border-color: #686e77;--gf-ctrl-size: var(--gf-ctrl-size-md);--gf-ctrl-label-color-primary: #112337;--gf-ctrl-label-color-secondary: #112337;--gf-ctrl-choice-size: var(--gf-ctrl-choice-size-md);--gf-ctrl-checkbox-check-size: var(--gf-ctrl-checkbox-check-size-md);--gf-ctrl-radio-check-size: var(--gf-ctrl-radio-check-size-md);--gf-ctrl-btn-font-size: var(--gf-ctrl-btn-font-size-md);--gf-ctrl-btn-padding-x: var(--gf-ctrl-btn-padding-x-md);--gf-ctrl-btn-size: var(--gf-ctrl-btn-size-md);--gf-ctrl-btn-border-color-secondary: #686e77;--gf-ctrl-file-btn-bg-color-hover: #EBEBEB;--gf-field-pg-steps-number-color: rgba(17, 35, 55, 0.8);}<\/style>\n                            \n                        <form method='post' enctype='multipart\/form-data' target='gform_ajax_frame_7' id='gform_7'  action='\/fr\/?page_id=3154&#038;fl_builder#gf_7' data-formid='7' novalidate>\n                        <label class='gfield_label gform-field-label' for='input_7_7'>Votre nom :(N\u00e9cessaire)<\/label><input name='input_7' id='input_7_7' type='text' value='' class='large'     aria-required=\"true\" aria-invalid=\"false\"   \/> <label class='gfield_label gform-field-label' for='input_7_3'>Votre adresse courriel :(N\u00e9cessaire)<\/label>\n                            <input name='input_3' id='input_7_3' type='email' value='' class='large'    aria-required=\"true\" aria-invalid=\"false\"  \/>\n                        <label class='gfield_label gform-field-label' for='input_7_4'>Votre num\u00e9ro de t\u00e9l\u00e9phone :(N\u00e9cessaire)<\/label><input name='input_4' id='input_7_4' type='tel' value='' class='large'   aria-required=\"true\" aria-invalid=\"false\"   \/><label class='gfield_label gform-field-label' for='input_7_5'>Message(N\u00e9cessaire)<\/label><textarea name='input_5' id='input_7_5' class='textarea large'     aria-required=\"true\" aria-invalid=\"false\"   rows='10' cols='50'><\/textarea><label class='gfield_label gform-field-label' for='input_7_6'>CAPTCHA<\/label>\n         <input type='submit' id='gform_submit_button_7' class='gform_button button' value='Submit'  onclick='if(window[\"gf_submitting_7\"]){return false;}  if( !jQuery(\"#gform_7\")[0].checkValidity || jQuery(\"#gform_7\")[0].checkValidity()){window[\"gf_submitting_7\"]=true;}  ' onkeypress='if( event.keyCode == 13 ){ if(window[\"gf_submitting_7\"]){return false;} if( !jQuery(\"#gform_7\")[0].checkValidity || jQuery(\"#gform_7\")[0].checkValidity()){window[\"gf_submitting_7\"]=true;}  jQuery(\"#gform_7\").trigger(\"submit\",[true]); }' \/> <input type='hidden' name='gform_ajax' value='form_id=7&amp;title=&amp;description=1&amp;tabindex=0&amp;theme=orbital' \/>\n            <input type='hidden' class='gform_hidden' name='is_submit_7' value='1' \/>\n            <input type='hidden' class='gform_hidden' name='gform_submit' value='7' \/>\n            <input type='hidden' class='gform_hidden' name='gform_unique_id' value='' \/>\n            <input type='hidden' class='gform_hidden' name='state_7' value='WyJbXSIsIjFkNDJkNDFkZTQzNWMwYzg0MGQ0OGE3YzBlY2YyZmQzIl0=' \/>\n            <input type='hidden' class='gform_hidden' name='gform_target_page_number_7' id='gform_target_page_number_7' value='0' \/>\n            <input type='hidden' class='gform_hidden' name='gform_source_page_number_7' id='gform_source_page_number_7' value='1' \/>\n            <input type='hidden' name='gform_field_values' value='' \/>\n                        <\/form>\n\t\t                <iframe style='display:none;width:0px;height:0px;' src='about:blank' name='gform_ajax_frame_7' id='gform_ajax_frame_7' title='Cette iframe contient la logique n\u00e9cessaire pour manipuler Gravity Forms avec Ajax.'><\/iframe>\n\n","protected":false},"excerpt":{"rendered":"<p>Pour de plus amples renseignements Nous offrons des serpentins de surpression montables sur les conduits et dans les applications \u00e0 faible d\u00e9bit. POUR NOUS JOINDRE avantages SERPENTINS DE SURPRESSION \u00c0 EAU &#8211; TYPE WC Surface primaireDes tubes de cuivre circulaires sans joints sont soumis \u00e0 une expansion m\u00e9canique dans le collet des ailettes de la&hellip;<\/p>\n","protected":false},"author":8,"featured_media":0,"parent":2928,"menu_order":0,"comment_status":"closed","ping_status":"closed","template":"","meta":{"_acf_changed":false,"_relevanssi_hide_post":"","_relevanssi_hide_content":"","_relevanssi_pin_for_all":"","_relevanssi_pin_keywords":"","_relevanssi_unpin_keywords":"","_relevanssi_related_keywords":"","_relevanssi_related_include_ids":"","_relevanssi_related_exclude_ids":"","_relevanssi_related_no_append":"","_relevanssi_related_not_related":"","_relevanssi_related_posts":"","_relevanssi_noindex_reason":"","footnotes":""},"class_list":["post-3154","page","type-page","status-publish","hentry"],"acf":[],"aioseo_notices":[],"_links":{"self":[{"href":"https:\/\/www.nortekair.com\/fr\/wp-json\/wp\/v2\/pages\/3154","targetHints":{"allow":["GET"]}}],"collection":[{"href":"https:\/\/www.nortekair.com\/fr\/wp-json\/wp\/v2\/pages"}],"about":[{"href":"https:\/\/www.nortekair.com\/fr\/wp-json\/wp\/v2\/types\/page"}],"author":[{"embeddable":true,"href":"https:\/\/www.nortekair.com\/fr\/wp-json\/wp\/v2\/users\/8"}],"replies":[{"embeddable":true,"href":"https:\/\/www.nortekair.com\/fr\/wp-json\/wp\/v2\/comments?post=3154"}],"version-history":[{"count":0,"href":"https:\/\/www.nortekair.com\/fr\/wp-json\/wp\/v2\/pages\/3154\/revisions"}],"up":[{"embeddable":true,"href":"https:\/\/www.nortekair.com\/fr\/wp-json\/wp\/v2\/pages\/2928"}],"wp:attachment":[{"href":"https:\/\/www.nortekair.com\/fr\/wp-json\/wp\/v2\/media?parent=3154"}],"curies":[{"name":"wp","href":"https:\/\/api.w.org\/{rel}","templated":true}]}}