{"id":3289,"date":"2024-05-15T16:54:52","date_gmt":"2024-05-15T21:54:52","guid":{"rendered":"https:\/\/www.nortekair.com\/?page_id=3289"},"modified":"2024-07-16T15:08:41","modified_gmt":"2024-07-16T20:08:41","slug":"etablissements-denseignement","status":"publish","type":"page","link":"https:\/\/www.nortekair.com\/fr\/solutions-par-marche\/etablissements-denseignement\/","title":{"rendered":"\u00c9tablissements d\u2019enseignement"},"content":{"rendered":"\n<h2>\n\t\tNous comprenons les d\u00e9fis dans les \u00e9tablissements d&rsquo;enseignement\n\t<\/h2>\n\t<h3>Le pouvoir transformateur de l&rsquo;air&#8230;<\/h3>\n<p>&#8230;est ce en quoi nous croyons chez Nortek Air Solutions Chaque jour, nous prenons tous 23\u00a0000\u00a0respirations. Bien que l&rsquo;air soit vital pour l&rsquo;humain, nous le tenons souvent pour acquis. Pour les quelque 2\u00a0000\u00a0entrepreneurs passionn\u00e9s qui alimentent Nortek Air Solutions, c&rsquo;est au c\u0153ur de tout ce que nous faisons. Nous\u00a0croyons au pouvoir transformateur de l&rsquo;air et \u00e0 la cr\u00e9ation d&rsquo;un monde plus s\u00fbr, plus sain et plus productif.<\/p>\n<p>Chez Nortek Air Solutions, nous sommes experts pour vous aider \u00e0 trouver des solutions aux nombreux d\u00e9fis auxquels vous \u00eates confront\u00e9s en mati\u00e8re d&rsquo;immeubles. Pour les \u00e9tudiants et les \u00e9ducateurs qui fr\u00e9quentent votre \u00e9tablissement d&rsquo;enseignement, que ce soit au primaire ou aux \u00e9tudes sup\u00e9rieures, il est particuli\u00e8rement important de cr\u00e9er des espaces confortables, productifs et \u00e9co\u2011\u00e9nerg\u00e9tiques offrant une grande qualit\u00e9 d&rsquo;air int\u00e9rieur et de faibles niveaux sonores.<\/p>\n\t\t<ul>\n\t\t\t\t\t<li>\n\t\t\t\t<h3>Environnements d&rsquo;apprentissage confortables   <\/h3>\n\t\t\t<\/li>\n\t\t\t\t\t<li>\n\t\t\t\t<h3>Maintenance et entretien   <\/h3>\n\t\t\t<\/li>\n\t\t\t\t\t<li>\n\t\t\t\t<h3>Efficacit\u00e9 \u00e9nerg\u00e9tique   <\/h3>\n\t\t\t<\/li>\n\t\t\t\t\t<li>\n\t\t\t\t<h3>Financement   <\/h3>\n\t\t\t<\/li>\n\t\t\t\t\t<li>\n\t\t\t\t<h3>Durabilit\u00e9   <\/h3>\n\t\t\t<\/li>\n\t\t\t\t\t<li>\n\t\t\t\t<h3>Syst\u00e8mes de gestion de b\u00e2timents  <\/h3>\n\t\t\t<\/li>\n\t\t\t\t\t<li>\n\t\t\t\t<h3>S\u00fbret\u00e9 et s\u00e9curit\u00e9   <\/h3>\n\t\t\t<\/li>\n\t\t\t\t\t<li>\n\t\t\t\t<h3>Utilisation de l&rsquo;espace   <\/h3>\n\t\t\t<\/li>\n\t\t\t\t\t<li>\n\t\t\t\t<h3>Conformit\u00e9 r\u00e9glementaire <\/h3>\n\t\t\t<\/li>\n\t\t\t\t<\/ul>\n\t\t\t\t<img loading=\"lazy\" decoding=\"async\" src=\"https:\/\/www.nortekair.com\/wp-content\/uploads\/2024\/06\/Harvard-Install-Ventrol-2.jpg\" alt=\"This image may not be used without a license and express written permision from Damianos Photography.\" itemprop=\"image\" height=\"1002\" width=\"668\" title=\"HVAC Installation at Harvard&#039;s Gordon McKay Lab of Applied Science\" onerror=\"this.style.display='none'\"  \/>\n\t\t<h2>\n\t\t\tEnvironnements d&rsquo;apprentissage confortables  \n\t\t<\/h2>\n\t<p>Pour concevoir des environnements d&rsquo;apprentissage confortables dans les \u00e9coles, il faut optimiser les \u00e9l\u00e9ments cl\u00e9s du confort\u00a0: le\u00a0contr\u00f4le de la temp\u00e9rature, la qualit\u00e9 de l&rsquo;air, ce qui inclut la ventilation et le taux d&rsquo;humidit\u00e9, ainsi que les niveaux de bruits.<\/p>\n\t\t<h2>\n\t\t\tSyst\u00e8mes d\u00e9di\u00e9s d&rsquo;air ext\u00e9rieur, ou DOAS\n\t\t<\/h2>\n\t<p>Nos syst\u00e8mes d\u00e9di\u00e9s d&rsquo;air ext\u00e9rieur (DOAS) peuvent fournir plusieurs avantages dans les \u00e9tablissements d&rsquo;enseignement. Un DOAS fournit une ventilation constante et contr\u00f4l\u00e9e, assurant un apport continu d&rsquo;air frais dans les salles de classe et autres espaces int\u00e9rieurs. Le\u00a0DOAS contribue \u00e9galement \u00e0 l&rsquo;\u00e9limination des polluants en retirant efficacement les polluants int\u00e9rieurs tels que le dioxyde de carbone, les compos\u00e9s organiques volatils (COV) et d&rsquo;autres contaminants. Un DOAS contribue au maintien d&rsquo;un environnement sain pour les \u00e9l\u00e8ves et le personnel. 100\u00a0% d&rsquo;air ext\u00e9rieur dans les espaces int\u00e9rieurs de votre immeuble.<\/p>\n\t\t<h2>\n\t\t\tR\u00e9cup\u00e9ration d&rsquo;\u00e9nergie\n\t\t<\/h2>\n\t<p>En tant que pionnier de la fabrication de ventilateurs \u00e0 r\u00e9cup\u00e9ration d&rsquo;\u00e9nergie, la gamme de produits de r\u00e9cup\u00e9ration d&rsquo;\u00e9nergie de Nortek Air Solutions peut r\u00e9duire de fa\u00e7on significative les co\u00fbts du cycle de vie.\u00a0 La r\u00e9cup\u00e9ration et la r\u00e9utilisation de l&rsquo;\u00e9nergie permet aux \u00e9coles de r\u00e9duire de fa\u00e7on significative leurs factures d&rsquo;\u00e9lectricit\u00e9. Cela est particuli\u00e8rement important pour les \u00e9tablissements d&rsquo;enseignement qui ont un budget serr\u00e9. Les syst\u00e8mes de r\u00e9cup\u00e9ration d&rsquo;\u00e9nergie peuvent aider \u00e0 maintenir une qualit\u00e9 d&rsquo;air int\u00e9rieur optimale en assurant un approvisionnement constant d&rsquo;air frais, tout en minimisant les pertes d&rsquo;\u00e9nergie. Cela peut aider \u00e0 cr\u00e9er un environnement d&rsquo;apprentissage plus sain pour les \u00e9l\u00e8ves et le personnel.<\/p>\n\t\t\t\t<img loading=\"lazy\" decoding=\"async\" src=\"https:\/\/www.nortekair.com\/wp-content\/uploads\/2024\/06\/heat-exchangers-for-line-card-copy.jpg\" alt=\"heat exchangers for line card copy\" itemprop=\"image\" height=\"1003\" width=\"1002\" title=\"heat exchangers for line card copy\" onerror=\"this.style.display='none'\"  \/>\n\t\t<h2>\n\t\t\tUne qualit\u00e9 acoustique assur\u00e9e&#8230;\n\t\t<\/h2>\n\t<p>&#8230;est possible gr\u00e2ce aux solutions innovantes en mati\u00e8re de contr\u00f4le et de r\u00e9duction du bruit, \u00e9liminant les bruits excessifs et les distractions dans votre \u00e9tablissement d&rsquo;enseignement. Notre engagement envers la satisfaction du client est \u00e9vident au laboratoire de tests acoustiques de Nortek Air Solutions. Il s&rsquo;agit de l&rsquo;une des plus grandes installations de ce type, certifi\u00e9e AMCA\u00a0310, enti\u00e8rement \u00e9quip\u00e9e et dot\u00e9e d&rsquo;une double chambre r\u00e9verb\u00e9rante pour les essais de chauffage, de ventilation et de climatisation. Nous avons accumul\u00e9 des d\u00e9cennies d&rsquo;exp\u00e9rience en mati\u00e8re de mod\u00e9lisation et sommes devenus pour nos clients une source fiable de donn\u00e9es sur les sons et les vibrations.<\/p>\n<p>Le laboratoire offre \u00e0 nos clients une vaste gamme de services uniques, notamment la mod\u00e9lisation acoustique, des essais de production complets et une analyse exhaustive des performances et des diagnostics. Il sert \u00e9galement de site de mod\u00e9lisation et d&rsquo;essais rigoureux et continus en mati\u00e8re de recherche et de d\u00e9veloppement, ainsi que de lieu de d\u00e9monstration pour les essais de d\u00e9bit d&rsquo;air et de performances thermiques, vibratoires et acoustiques des appareils fabriqu\u00e9s par Nortek Air Solutions, en pr\u00e9sence de clients.<\/p>\n<p>Le laboratoire est con\u00e7u et \u00e9quip\u00e9 pour effectuer des tests simultan\u00e9s conform\u00e9ment \u00e0 la norme AMCA\u00a0300, pour les niveaux de bruits, et \u00e0 la norme AMCA\u00a0210, pour le d\u00e9bit d&rsquo;air.<\/p>\n\t\t<h2>\n\t\t\tMaintenance et entretien   \n\t\t<\/h2>\n\t<p>Lorsque Nortek con\u00e7oit des appareils, la maintenance est toujours prise en compte. Les appareils EnergyPack\u00ae de Venmar et Ultraline\u2122 de Mammoth sont deux exemples de la simplicit\u00e9 d&rsquo;un syst\u00e8me de refroidissement \u00e0 d\u00e9tente directe ferm\u00e9 o\u00f9 tout ce qui est n\u00e9cessaire au conditionnement de l&rsquo;air se trouve dans un seul et m\u00eame ensemble, g\u00e9n\u00e9ralement situ\u00e9 sur le toit. Ces appareils peuvent \u00eatre con\u00e7us avec des vestibules de service offrant un couloir ferm\u00e9 afin de prot\u00e9ger le personnel de l&rsquo;\u00e9tablissement lorsqu&rsquo;il effectue des op\u00e9rations de maintenance dans des conditions extr\u00eames.<\/p>\n<p>La TECHNOLOGIE FANWALL\u00ae est un autre exemple du faible entretien qu&rsquo;exigent les produits Nortek Air Solutions. Le remplacement des syst\u00e8mes \u00e0 ventilateur unique entra\u00een\u00e9s par des courroies et n\u00e9cessitant une lubrification p\u00e9riodique, par un syst\u00e8me FANWALL utilisant des moteurs \u00e0 entra\u00eenement direct et des roulements sans entretien, peut r\u00e9duire de mani\u00e8re significative le temps de maintenance, les co\u00fbts et les temps d&rsquo;arr\u00eat.<\/p>\n\t\t\t\t<img loading=\"lazy\" decoding=\"async\" src=\"https:\/\/www.nortekair.com\/wp-content\/uploads\/2024\/06\/Mammoth-Ultraline-evap-chiller-cutout-1.jpg\" alt=\"Mammoth Ultraline evap chiller cutout\" itemprop=\"image\" height=\"900\" width=\"1500\" title=\"Mammoth Ultraline evap chiller cutout\" onerror=\"this.style.display='none'\"  \/>\n\t\t<h2>\n\t\t\tMaintenance r\u00e9duite et dur\u00e9e de vie accrue\n\t\t<\/h2>\n\t<p>Les syst\u00e8mes UV-C permettent de d\u00e9sinfecter l&rsquo;air qui circule, d&rsquo;am\u00e9liorer la qualit\u00e9 de l&rsquo;air int\u00e9rieur et de prolonger la dur\u00e9e de vie des appareils de CVC. Les lampes UV-C emp\u00eachent l&rsquo;accumulation des biofilms qui nuisent \u00e0 l&rsquo;efficacit\u00e9 sur les serpentins de CVC\/R, pr\u00e9servant ainsi la capacit\u00e9 originale de transfert de chaleur d&rsquo;un syst\u00e8me de traitement de l&rsquo;air et r\u00e9duisant l&rsquo;\u00e9nergie n\u00e9cessaire au refroidissement et \u00e0 la ventilation. Les UV-C permettent non seulement de maintenir la capacit\u00e9 de refroidissement et de r\u00e9duire les co\u00fbts de maintenance et d&rsquo;exploitation, mais aussi de bloquer la croissance microbienne \u00e0 l&rsquo;origine de maladies et de mauvaises odeurs, ce qui permet de favoriser la productivit\u00e9 des occupants, de rehausser le moral et le confort des travailleurs et de r\u00e9duire l&rsquo;absent\u00e9isme.<\/p>\n\t\t<h2>\n\t\t\tEfficacit\u00e9 \u00e9nerg\u00e9tique   \n\t\t<\/h2>\n\t<p>Les commandes d&rsquo;optimisation des syst\u00e8mes de Nortek Air Solutions sont une technologie qui contribue \u00e0 r\u00e9duire les co\u00fbts \u00e9nerg\u00e9tiques et \u00e0 faire fonctionner les moteurs des ventilateurs plus pr\u00e8s de leur efficacit\u00e9 maximale. Cette technologie optimise l&rsquo;efficacit\u00e9 \u00e9nerg\u00e9tique en ajustant la vitesse des ventilateurs \u00e0 l&rsquo;aide d&rsquo;entra\u00eenements \u00e0 fr\u00e9quence variable et peut mettre hors ligne des cellules de ventilateurs individuelles lorsque le d\u00e9bit d&rsquo;air doit \u00eatre r\u00e9duit. Elle s&rsquo;interface facilement avec les syst\u00e8mes de gestion des b\u00e2timents pour la surveillance et le contr\u00f4le \u00e0 distance.<\/p>\n\t\t\t\t<img loading=\"lazy\" decoding=\"async\" src=\"https:\/\/www.nortekair.com\/wp-content\/uploads\/2024\/06\/FANWALl-Sys-Opt-DDC.jpg\" alt=\"FANWALl-Sys-Opt-DDC\" itemprop=\"image\" height=\"1107\" width=\"1500\" title=\"FANWALl-Sys-Opt-DDC\" onerror=\"this.style.display='none'\"  \/>\n\t\t<h2>\n\t\t\tOptimisez le temps d&rsquo;utilisation&#8230;\n\t\t<\/h2>\n\t<p>&#8230;avec un syst\u00e8me FANWALL \u00e0 redondance int\u00e9gr\u00e9e, et profitez des avantages suivants en termes d&rsquo;\u00e9conomie d&rsquo;\u00e9nergie\u00a0:<\/p>\n<ul>\n<li>Efficacit\u00e9 et stabilit\u00e9 in\u00e9gal\u00e9es du syst\u00e8me pour des conditions de service \u00ab\u00a0hors p\u00e9riodes de pointe\u00a0\u00bb dans les applications \u00e0 volume d&rsquo;air variable<\/li>\n<li>La r\u00e9duction des niveaux de bruit permet souvent d&rsquo;\u00e9liminer les dispositifs d&rsquo;att\u00e9nuation \u00e9nergivores<\/li>\n<li>Une puissance connect\u00e9e plus faible signifie un appareillage \u00e9lectrique plus petit et une g\u00e9n\u00e9ratrice de secours plus petite.<\/li>\n<li>Le profil bas permet une adaptation pour les espaces restreints et les lignes de toit.<\/li>\n<li>La technologie innovatrice peut contribuer \u00e0 la conception de b\u00e2timents LEED\u00ae<\/li>\n<\/ul>\n\t\t<h2>\n\t\t\tFinancement et durabilit\u00e9 \n\t\t<\/h2>\n\t<p>Nortek Air Solutions comprend les d\u00e9fis pos\u00e9s par le financement des am\u00e9liorations n\u00e9cessaires aux syst\u00e8mes de chauffage, ventilation et climatisation afin d&rsquo;am\u00e9liorer la qualit\u00e9 de l&rsquo;air int\u00e9rieur et la consommation d&rsquo;\u00e9nergie et d&rsquo;eau. Les autorit\u00e9s locales, r\u00e9gionales et f\u00e9d\u00e9rales, ainsi que les entreprises de services publics accordent souvent du financement ou des rabais pour aider \u00e0 am\u00e9liorer les \u00e9tablissements d&rsquo;enseignement. Nortek Air Solutions souhaite \u00eatre un outil incontournable dans votre bo\u00eete \u00e0 outils de solutions pour accro\u00eetre l&rsquo;efficacit\u00e9 \u00e9nerg\u00e9tique et les activit\u00e9s de votre \u00e9tablissement. Nous savons trouver l&rsquo;\u00e9quilibre entre l&rsquo;exploitation efficace d&rsquo;un b\u00e2timent et l&rsquo;utilisation responsable de nos ressources naturelles.<\/p>\n\t\t\t\t<img loading=\"lazy\" decoding=\"async\" src=\"https:\/\/www.nortekair.com\/wp-content\/uploads\/2024\/06\/ERV-Sustainability-Venmar.jpg\" alt=\"ERV-Sustainability-Venmar\" itemprop=\"image\" height=\"900\" width=\"1500\" title=\"ERV-Sustainability-Venmar\" onerror=\"this.style.display='none'\"  \/>\n\t\t<h2>\n\t\t\tUtilisation de l&rsquo;espace   \n\t\t<\/h2>\n\t<p>un fournisseur essentiel est notre capacit\u00e9 \u00e0 concevoir des appareils de traitement de l&rsquo;air dans pratiquement toutes les dimensions. Les\u00a0biens immobiliers situ\u00e9s \u00e0 l&rsquo;int\u00e9rieur ou \u00e0 l&rsquo;ext\u00e9rieur d&rsquo;un b\u00e2timent peuvent \u00eatre co\u00fbteux et limit\u00e9s. Un syst\u00e8me de traitement de l&rsquo;air compact offre une plus grande flexibilit\u00e9 dans la conception architecturale et int\u00e9rieure de l&rsquo;\u00e9tablissement.<\/p>\n\n","protected":false},"excerpt":{"rendered":"<p>Nous comprenons les d\u00e9fis dans les \u00e9tablissements d&rsquo;enseignement Le pouvoir transformateur de l&rsquo;air&#8230; &#8230;est ce en quoi nous croyons chez Nortek Air Solutions Chaque jour, nous prenons tous 23\u00a0000\u00a0respirations. Bien que l&rsquo;air soit vital pour l&rsquo;humain, nous le tenons souvent pour acquis. Pour les quelque 2\u00a0000\u00a0entrepreneurs passionn\u00e9s qui alimentent Nortek Air Solutions, c&rsquo;est au c\u0153ur&hellip;<\/p>\n","protected":false},"author":8,"featured_media":0,"parent":2827,"menu_order":0,"comment_status":"closed","ping_status":"closed","template":"","meta":{"_acf_changed":false,"_relevanssi_hide_post":"","_relevanssi_hide_content":"","_relevanssi_pin_for_all":"","_relevanssi_pin_keywords":"","_relevanssi_unpin_keywords":"","_relevanssi_related_keywords":"","_relevanssi_related_include_ids":"","_relevanssi_related_exclude_ids":"","_relevanssi_related_no_append":"","_relevanssi_related_not_related":"","_relevanssi_related_posts":"","_relevanssi_noindex_reason":"","footnotes":""},"class_list":["post-3289","page","type-page","status-publish","hentry"],"acf":[],"aioseo_notices":[],"_links":{"self":[{"href":"https:\/\/www.nortekair.com\/fr\/wp-json\/wp\/v2\/pages\/3289","targetHints":{"allow":["GET"]}}],"collection":[{"href":"https:\/\/www.nortekair.com\/fr\/wp-json\/wp\/v2\/pages"}],"about":[{"href":"https:\/\/www.nortekair.com\/fr\/wp-json\/wp\/v2\/types\/page"}],"author":[{"embeddable":true,"href":"https:\/\/www.nortekair.com\/fr\/wp-json\/wp\/v2\/users\/8"}],"replies":[{"embeddable":true,"href":"https:\/\/www.nortekair.com\/fr\/wp-json\/wp\/v2\/comments?post=3289"}],"version-history":[{"count":0,"href":"https:\/\/www.nortekair.com\/fr\/wp-json\/wp\/v2\/pages\/3289\/revisions"}],"up":[{"embeddable":true,"href":"https:\/\/www.nortekair.com\/fr\/wp-json\/wp\/v2\/pages\/2827"}],"wp:attachment":[{"href":"https:\/\/www.nortekair.com\/fr\/wp-json\/wp\/v2\/media?parent=3289"}],"curies":[{"name":"wp","href":"https:\/\/api.w.org\/{rel}","templated":true}]}}