{"id":3294,"date":"2024-06-20T09:25:01","date_gmt":"2024-06-20T14:25:01","guid":{"rendered":"https:\/\/www.nortekair.com\/?page_id=3294"},"modified":"2025-10-09T10:29:26","modified_gmt":"2025-10-09T15:29:26","slug":"plenums-pour-salles-blanches-clean-trak","status":"publish","type":"page","link":"https:\/\/www.nortekair.com\/fr\/produits\/plenums-pour-salles-blanches-clean-trak\/","title":{"rendered":"Pl\u00e9nums pour salles blanches Clean\u2011Trak\u00ae"},"content":{"rendered":"\n<p>Les pl\u00e9nums Clean-Trak sont utilis\u00e9s pour minimiser les conduits transversaux et les collets de conduits tout en r\u00e9duisant la chute de pression globale, et ils sont disponibles avec ouvertures sur paroi lat\u00e9rale afin qu&rsquo;un module de ventilateur puisse \u00eatre partag\u00e9 par plusieurs pl\u00e9nums.<\/p>\n\t\t<h3>Pour de plus amples renseignements<\/h3>\n\t\t\t<a href=\"https:\/\/www.nortekair.com\/fr\/contactez-nous-cleanspace\/\" target=\"_self\">\n\t\t\t\t\t\t\tCONTACTEZ-NOUS\n\t\t\t<\/a>\n\t\t\t\t<img loading=\"lazy\" decoding=\"async\" src=\"https:\/\/www.nortekair.com\/wp-content\/uploads\/2024\/06\/CleanTrak-Plenum-image.jpg\" alt=\"CleanTrak Plenum image\" itemprop=\"image\" height=\"418\" width=\"697\" title=\"CleanTrak Plenum image\" onerror=\"this.style.display='none'\">\n\t<p>Les pl\u00e9nums Clean-Trak sont utilis\u00e9s pour minimiser les conduits transversaux et les collets de conduits tout en r\u00e9duisant la chute de pression globale. Ces pl\u00e9nums offrent les avantages de la grille de plafond \u00e0 ras de surface Clean-Trak, y compris l&rsquo;\u00e9clairage int\u00e9gr\u00e9 et la protection contre les incendies, de m\u00eame que la performance sup\u00e9rieure de Clean-Trak.<\/p>\n<p>Structurellement, les pl\u00e9nums Clean-Trak supportent les charges ponctuelles \u00e9lev\u00e9es avec un minimum de d\u00e9viation. Cela permet au syst\u00e8me de supporter un module de ventilation, des charges vives et des accessoires de production. Les&nbsp;montants sup\u00e9rieurs sur lesquels on peut marcher facilitent l&rsquo;entretien en permettant un acc\u00e8s rapide au module de ventilation.<\/p>\n<p>Les pl\u00e9nums sont disponibles avec ouvertures sur paroi lat\u00e9rale afin qu&rsquo;un module de ventilateur puisse \u00eatre partag\u00e9 par plusieurs pl\u00e9nums. Des conduits peuvent \u00eatre install\u00e9s sur le bo\u00eetier du ventilateur si n\u00e9cessaire pour les applications sp\u00e9ciales. La performance de notre flux laminaire peut respecter les exigences HEPA et ULPA les plus \u00e9lev\u00e9es pour notre industrie en mati\u00e8re de filtration, de m\u00eame que les exigences de pression positive \/ n\u00e9gative. La circulation d&rsquo;air unidirectionnelle est r\u00e9alis\u00e9e tr\u00e8s pr\u00e8s des \u00e9crans de d\u00e9charge gr\u00e2ce \u00e0 notre design unique de grillage \u00e0 ras de surface et elle peut \u00eatre maintenue sur la surface de travail m\u00eame dans les milieux \u00e0 plafond \u00e9lev\u00e9.<\/p>\n\t\t<h2>\n\t\t\tAVANTAGES ET CARACT\u00c9RISTIQUES\n\t\t<\/h2>\n\t\t\t <p>Supporte les charges ponctuelles \u00e9lev\u00e9es avec un minimum de d\u00e9viation<\/p>\t\t\n\t\t\t <p>Disponible avec ouvertures sur paroi lat\u00e9rale<\/p>\t\t\n\t\t\t <p>Construction soud\u00e9e avec montants sup\u00e9rieurs sur lesquels on peut marcher<\/p>\t\t\n\t\t\t <p>Rev\u00eatement en poudre pour un nettoyage facile et l&rsquo;absence de particules<\/p>\t\t\n\t\t\t <p>Syst\u00e8me de gicleurs int\u00e9gr\u00e9 avec t\u00eate enti\u00e8rement cach\u00e9e en option<\/p>\t\t\n\t\t\t <p>Pl\u00e9nums \u00e0 ventilateur PlenPAKTM en option<\/p>\t\t\n\t\t\t <p>Serpentins de refroidissement en option<\/p>\t\t\n\t\t\t <p>Grille de filtration \u00e0 charge par le haut ou par le bas<\/p>\t\t\n\t\t\t <p>Grille \u00e0 gel pour les pl\u00e9nums pressuris\u00e9s<\/p>\t\t\n\t\t\t <p>Grille \u00e0 joint d&rsquo;\u00e9tanch\u00e9it\u00e9 pour les pl\u00e9nums \u00e0 pression n\u00e9gative avec unit\u00e9 de filtration \u00e0 ventilateur<\/p>\t\t\n\t\t\t <p>\u00c9galiseur en option pour la distribution de l&rsquo;air \u00e0 l&rsquo;int\u00e9rieur des pl\u00e9nums<\/p>\t\t\n\t\t\t <p>Joint d&rsquo;\u00e9tanch\u00e9it\u00e9 module-\u00e0-module en gel en option<\/p>\t\t\n\t\t\t <p>Joint d&rsquo;\u00e9tanch\u00e9it\u00e9 pour ouverture \u00e0 air partag\u00e9 GelShare en&nbsp;option<\/p>\t\t\n\t\t\t <p>Syst\u00e8mes d&rsquo;\u00e9clairage \u00e0 ras de surface int\u00e9gr\u00e9s<\/p>\n\n\n\n<p><\/p>\n","protected":false},"excerpt":{"rendered":"<p>Les pl\u00e9nums Clean-Trak sont utilis\u00e9s pour minimiser les conduits transversaux et les collets de conduits tout en r\u00e9duisant la chute de pression globale, et ils sont disponibles avec ouvertures sur paroi lat\u00e9rale afin qu&rsquo;un module de ventilateur puisse \u00eatre partag\u00e9 par plusieurs pl\u00e9nums. Pour de plus amples renseignements CONTACTEZ-NOUS Les pl\u00e9nums Clean-Trak sont utilis\u00e9s pour&hellip;<\/p>\n","protected":false},"author":8,"featured_media":0,"parent":2928,"menu_order":0,"comment_status":"closed","ping_status":"closed","template":"","meta":{"_acf_changed":false,"_relevanssi_hide_post":"","_relevanssi_hide_content":"","_relevanssi_pin_for_all":"","_relevanssi_pin_keywords":"","_relevanssi_unpin_keywords":"","_relevanssi_related_keywords":"","_relevanssi_related_include_ids":"","_relevanssi_related_exclude_ids":"","_relevanssi_related_no_append":"","_relevanssi_related_not_related":"","_relevanssi_related_posts":"1854,1864,1857,1858,3029,3031","_relevanssi_noindex_reason":"","footnotes":""},"class_list":["post-3294","page","type-page","status-publish","hentry"],"acf":[],"aioseo_notices":[],"_links":{"self":[{"href":"https:\/\/www.nortekair.com\/fr\/wp-json\/wp\/v2\/pages\/3294","targetHints":{"allow":["GET"]}}],"collection":[{"href":"https:\/\/www.nortekair.com\/fr\/wp-json\/wp\/v2\/pages"}],"about":[{"href":"https:\/\/www.nortekair.com\/fr\/wp-json\/wp\/v2\/types\/page"}],"author":[{"embeddable":true,"href":"https:\/\/www.nortekair.com\/fr\/wp-json\/wp\/v2\/users\/8"}],"replies":[{"embeddable":true,"href":"https:\/\/www.nortekair.com\/fr\/wp-json\/wp\/v2\/comments?post=3294"}],"version-history":[{"count":4,"href":"https:\/\/www.nortekair.com\/fr\/wp-json\/wp\/v2\/pages\/3294\/revisions"}],"predecessor-version":[{"id":6170,"href":"https:\/\/www.nortekair.com\/fr\/wp-json\/wp\/v2\/pages\/3294\/revisions\/6170"}],"up":[{"embeddable":true,"href":"https:\/\/www.nortekair.com\/fr\/wp-json\/wp\/v2\/pages\/2928"}],"wp:attachment":[{"href":"https:\/\/www.nortekair.com\/fr\/wp-json\/wp\/v2\/media?parent=3294"}],"curies":[{"name":"wp","href":"https:\/\/api.w.org\/{rel}","templated":true}]}}