{"id":3302,"date":"2024-06-18T16:48:03","date_gmt":"2024-06-18T21:48:03","guid":{"rendered":"https:\/\/www.nortekair.com\/?page_id=3302"},"modified":"2025-10-09T10:26:45","modified_gmt":"2025-10-09T15:26:45","slug":"grilles-de-plafond-modulaires-pour-salles-blanches-clean-trak","status":"publish","type":"page","link":"https:\/\/www.nortekair.com\/fr\/produits\/grilles-de-plafond-modulaires-pour-salles-blanches-clean-trak\/","title":{"rendered":"Grilles de plafond modulaires pour salles blanches Clean-Trak\u00ae"},"content":{"rendered":"\n\n\t<p>Le syst\u00e8me modulaire pour plafond \u00e0 ras de surface Clean-Trak<sup>\u00ae<\/sup>\u00a0est disponible en plusieurs versions, y compris les syst\u00e8mes modulaires \u00e0 charge par le haut ou par le bas, les plafonds \u00e0 ras de surface avec joint d&rsquo;\u00e9tanch\u00e9it\u00e9 et gel, de m\u00eame que l&rsquo;\u00e9clairage et la protection contre les incendies int\u00e9gr\u00e9s.<\/p>\n\t\t<h3>Pour de plus amples renseignements<\/h3>\n\t\t\t<a href=\"https:\/\/www.nortekair.com\/fr\/contactez-nous-cleanspace\/\" target=\"_self\" rel=\"noopener\">\n\t\t\t\t\t\t\tCONTACTEZ-NOUS\n\t\t\t<\/a>\n\t<p>Install\u00e9 dans des milliers de salles blanches, le syst\u00e8me modulaire pour plafond \u00e0 ras de surface Clean-Trak<sup>\u00ae<\/sup>\u00a0a r\u00e9volutionn\u00e9 le secteur des salles blanches. Utilis\u00e9 dans plus de 20 millions de pieds carr\u00e9s (pr\u00e8s de 2 millions de m\u00e8tres carr\u00e9s) de plafonds de salles blanches, le syst\u00e8me Clean-Trak est la norme mondiale pour une circulation d&rsquo;air unidirectionnelle maximale et un minimum de turbulence dans tout syst\u00e8me de grille int\u00e9gr\u00e9.<\/p>\n<p>Les produits CLEANPAK<sup>\u2122<\/sup>\u00a0offrent la plus vaste gamme de syst\u00e8mes pour plafonds de salles blanches et ils comblent toutes les exigences des secteurs des semiconducteurs, pharmaceutique, a\u00e9rospatial, biotechnologique, nanotechnologique, recherche de laboratoire et sciences de la vie. Nous offrons plusieurs versions de syst\u00e8mes modulaires \u00e0 charge par le haut ou par le bas, de plafonds \u00e0 ras de surface avec joint d&rsquo;\u00e9tanch\u00e9it\u00e9 et gel et avec \u00e9clairage et protection contre les incendies int\u00e9gr\u00e9s, et des syst\u00e8mes qui comblent les besoins de fabrication hors site des clients.<\/p>\n\t\t\t\t<img loading=\"lazy\" decoding=\"async\" src=\"https:\/\/www.nortekair.com\/wp-content\/uploads\/2024\/06\/CleanTrak-Modular-Flush-Ceiling-with-Integrated-Lighting.jpg\" alt=\"CleanTrak-Modular-Flush-Ceiling-with-Integrated-Lighting\" itemprop=\"image\" height=\"1125\" width=\"1500\" title=\"CleanTrak-Modular-Flush-Ceiling-with-Integrated-Lighting\" onerror=\"this.style.display='none'\"  \/>\n\t\t<h2>\n\t\t\tAVANTAGES ET CARACT\u00c9RISTIQUES\n\t\t<\/h2>\n<h3>\n\t\tGrille modulaire Clean-Trak\n\t<\/h3>\n\t\t\t <p>Grille modulaire dont tous les composants sont fabriqu\u00e9s en usine<\/p>\t\t\n\t\t\t <p>Les modules sont soulev\u00e9s en place avec gicleurs, \u00e9clairage, lentilles, c\u00e2blage et c\u00e2bles d&rsquo;ionisation pr\u00e9install\u00e9s<\/p>\t\t\n\t\t\t <p>\u00c9conomies significatives de main-d&rsquo;\u0153uvre et de temps sur le site<\/p>\t\t\n\t\t\t <p>\u00c9clairage \u00e0 DEL int\u00e9gr\u00e9<\/p>\t\t\n\t\t\t <p>Syst\u00e8me int\u00e9gr\u00e9 de protection contre les incendies &#8211; avec conduit rigide ou boyau flexible approuv\u00e9 FM<\/p>\t\t\n\t\t\t <p>Syst\u00e8mes de filtration \u00e0 charge par le haut ou par le bas<\/p>\t\t\n\t\t\t <p>Joint d&rsquo;\u00e9tanch\u00e9it\u00e9 module-\u00e0-module en gel en option<\/p>\t\t\n\t\t\t <p>Luminaires \u00e0 DEL encastr\u00e9s en option<\/p>\t\t\n\t\t\t <p>Tailles de grilles plus robustes en option pour supporter les syst\u00e8mes automatis\u00e9s de manutention des mat\u00e9riaux et les charges lourdes suspendues<\/p>\t\t\n\t\t\t <p>Homologu\u00e9 UL<\/p>\t\t\n\t<h3>\n\t\tCaract\u00e9ristiques\n\t<\/h3>\n\t\t\t <p>Plaque de compression solide soud\u00e9e<\/p>\t\t\n\t\t\t <p>\u00c9crans blancs<\/p>\t\t\n\t\t\t <p>P\u00e9n\u00e9trations de grille scell\u00e9e<\/p>\t\t\n\t\t\t <p>Pi\u00e8ces de suspension<\/p>\t\t\n\t\t\t <p>Plaques de suppression murales<\/p>\t\t\n\t\t\t <p>Bacs de suppression \/ filtres \/ grilles de retour sur lesquels on peut marcher<\/p>\t\t\n\t\t\t <p>Flexibilit\u00e9 sup\u00e9rieure<\/p>\t\t\n\t\n","protected":false},"excerpt":{"rendered":"<p>Le syst\u00e8me modulaire pour plafond \u00e0 ras de surface Clean-Trak\u00ae\u00a0est disponible en plusieurs versions, y compris les syst\u00e8mes modulaires \u00e0 charge par le haut ou par le bas, les plafonds \u00e0 ras de surface avec joint d&rsquo;\u00e9tanch\u00e9it\u00e9 et gel, de m\u00eame que l&rsquo;\u00e9clairage et la protection contre les incendies int\u00e9gr\u00e9s. Pour de plus amples renseignements&hellip;<\/p>\n","protected":false},"author":8,"featured_media":0,"parent":2928,"menu_order":0,"comment_status":"closed","ping_status":"closed","template":"","meta":{"_acf_changed":false,"_relevanssi_hide_post":"","_relevanssi_hide_content":"","_relevanssi_pin_for_all":"","_relevanssi_pin_keywords":"","_relevanssi_unpin_keywords":"","_relevanssi_related_keywords":"","_relevanssi_related_include_ids":"","_relevanssi_related_exclude_ids":"","_relevanssi_related_no_append":"","_relevanssi_related_not_related":"","_relevanssi_related_posts":"","_relevanssi_noindex_reason":"","footnotes":""},"class_list":["post-3302","page","type-page","status-publish","hentry"],"acf":[],"aioseo_notices":[],"_links":{"self":[{"href":"https:\/\/www.nortekair.com\/fr\/wp-json\/wp\/v2\/pages\/3302","targetHints":{"allow":["GET"]}}],"collection":[{"href":"https:\/\/www.nortekair.com\/fr\/wp-json\/wp\/v2\/pages"}],"about":[{"href":"https:\/\/www.nortekair.com\/fr\/wp-json\/wp\/v2\/types\/page"}],"author":[{"embeddable":true,"href":"https:\/\/www.nortekair.com\/fr\/wp-json\/wp\/v2\/users\/8"}],"replies":[{"embeddable":true,"href":"https:\/\/www.nortekair.com\/fr\/wp-json\/wp\/v2\/comments?post=3302"}],"version-history":[{"count":2,"href":"https:\/\/www.nortekair.com\/fr\/wp-json\/wp\/v2\/pages\/3302\/revisions"}],"predecessor-version":[{"id":6166,"href":"https:\/\/www.nortekair.com\/fr\/wp-json\/wp\/v2\/pages\/3302\/revisions\/6166"}],"up":[{"embeddable":true,"href":"https:\/\/www.nortekair.com\/fr\/wp-json\/wp\/v2\/pages\/2928"}],"wp:attachment":[{"href":"https:\/\/www.nortekair.com\/fr\/wp-json\/wp\/v2\/media?parent=3302"}],"curies":[{"name":"wp","href":"https:\/\/api.w.org\/{rel}","templated":true}]}}