{"id":3426,"date":"2024-06-19T16:27:40","date_gmt":"2024-06-19T21:27:40","guid":{"rendered":"https:\/\/www.nortekair.com\/?page_id=3426"},"modified":"2025-11-04T08:55:43","modified_gmt":"2025-11-04T14:55:43","slug":"unites-de-filtration-a-ventilateur-cleanpak","status":"publish","type":"page","link":"https:\/\/www.nortekair.com\/fr\/produits\/unites-de-filtration-a-ventilateur-cleanpak\/","title":{"rendered":"Unit\u00e9s de filtration \u00e0 ventilateur CleanPak\u00ae"},"content":{"rendered":"\n<h2>\n\t\t\tNos unit\u00e9s de filtration \u00e0 ventilateur allient un ventilateur \u00e0 pl\u00e9num courb\u00e9 vers l&rsquo;arri\u00e8re \u00e0 un moteur c.c. sans balais \u00e0 haute efficacit\u00e9.\t<\/h2>\n\t<p>Nos unit\u00e9s de filtration \u00e0 ventilateur r\u00e9duisent les co\u00fbts d&rsquo;op\u00e9ration et offrent un niveau sans pr\u00e9c\u00e9dent de surveillance et de contr\u00f4le pour le fonctionnement sans entrave des usines.<\/p>\n<p>Les unit\u00e9s de filtration \u00e0 ventilateur CleanPak allient un ventilateur \u00e0 pl\u00e9num courb\u00e9 vers l&rsquo;arri\u00e8re \u00e0 un moteur c.c. sans balais \u00e0 haute efficacit\u00e9.<\/p>\n\t\t<h3>Pour de plus amples renseignements<\/h3>\n\t\t\t<a href=\"https:\/\/www.nortekair.com\/fr\/contactez-nous-cleanspace\/\" target=\"_self\">\n\t\t\t\t\t\t\tCONTACTEZ-NOUS\n\t\t\t<\/a>\n\t\t\t\t<img decoding=\"async\" src=\"https:\/\/www.nortekair.com\/wp-content\/uploads\/2024\/06\/Fan-Filter-Unit-On-Filter-4x4-1.png\" alt=\"Fan-Filter-Unit-On-Filter-4x4\" itemprop=\"image\" height=\"1438\" width=\"1500\" title=\"Fan-Filter-Unit-On-Filter-4x4\" onerror=\"this.style.display='none'\" loading=\"lazy\" \/>\n\t\t<h2>\n\t\t\tAVANTAGES ET CARACT\u00c9RISTIQUES\n\t\t<\/h2>\n\t\t\t <p>Tailles nominales 4 sur 4, 2 sur 4, 2 sur 3, 2 sur 2<\/p>\t\t\n\t\t\t <p>Filtres HEPA \/ ULPA<\/p>\t\t\n\t\t\t <p>Puissance d&rsquo;entr\u00e9e 200 &#8211; 277 V c.a. 50 \/ 60 Hz<\/p>\t\t\n\t\t\t <p>Moteurs et composants \u00e9lectroniques de commande \u00e0 haute fiabilit\u00e9<\/p>\t\t\n\t\t\t <p>Con\u00e7u pour \u00e9liminer la corrosion des roulements caus\u00e9e par les d\u00e9charges \u00e9lectriques<\/p>\t\t\n\t\t\t <p>Pr\u00e9filtre mont\u00e9 sur le dessus (en option)<\/p>\t\t\n\t\t\t <p>Options de contr\u00f4le de la cartouche filtrante rempla\u00e7able c\u00f4t\u00e9 pi\u00e8ce (en option)<\/p>\t\t\n\t\t\t <p>Contr\u00f4le de vitesse manuel local<\/p>\t\t\n\t\t\t <p>MODBus RTU avec console de commande<\/p>\t\t\n\t\t\t <p>MODBus RTU pour commande directe depuis le syst\u00e8me de gestion du b\u00e2timent<\/p>\t\t\n\t\n","protected":false},"excerpt":{"rendered":"<p>Nos unit\u00e9s de filtration \u00e0 ventilateur allient un ventilateur \u00e0 pl\u00e9num courb\u00e9 vers l&rsquo;arri\u00e8re \u00e0 un moteur c.c. sans balais \u00e0 haute efficacit\u00e9. Nos unit\u00e9s de filtration \u00e0 ventilateur r\u00e9duisent les co\u00fbts d&rsquo;op\u00e9ration et offrent un niveau sans pr\u00e9c\u00e9dent de surveillance et de contr\u00f4le pour le fonctionnement sans entrave des usines. Les unit\u00e9s de filtration&hellip;<\/p>\n","protected":false},"author":8,"featured_media":0,"parent":2928,"menu_order":0,"comment_status":"closed","ping_status":"closed","template":"","meta":{"_acf_changed":false,"_relevanssi_hide_post":"","_relevanssi_hide_content":"","_relevanssi_pin_for_all":"","_relevanssi_pin_keywords":"","_relevanssi_unpin_keywords":"","_relevanssi_related_keywords":"","_relevanssi_related_include_ids":"","_relevanssi_related_exclude_ids":"","_relevanssi_related_no_append":"","_relevanssi_related_not_related":"","_relevanssi_related_posts":"475,483,1169,994,1829,598","_relevanssi_noindex_reason":"","footnotes":""},"class_list":["post-3426","page","type-page","status-publish","hentry"],"acf":[],"aioseo_notices":[],"_links":{"self":[{"href":"https:\/\/www.nortekair.com\/fr\/wp-json\/wp\/v2\/pages\/3426","targetHints":{"allow":["GET"]}}],"collection":[{"href":"https:\/\/www.nortekair.com\/fr\/wp-json\/wp\/v2\/pages"}],"about":[{"href":"https:\/\/www.nortekair.com\/fr\/wp-json\/wp\/v2\/types\/page"}],"author":[{"embeddable":true,"href":"https:\/\/www.nortekair.com\/fr\/wp-json\/wp\/v2\/users\/8"}],"replies":[{"embeddable":true,"href":"https:\/\/www.nortekair.com\/fr\/wp-json\/wp\/v2\/comments?post=3426"}],"version-history":[{"count":3,"href":"https:\/\/www.nortekair.com\/fr\/wp-json\/wp\/v2\/pages\/3426\/revisions"}],"predecessor-version":[{"id":6265,"href":"https:\/\/www.nortekair.com\/fr\/wp-json\/wp\/v2\/pages\/3426\/revisions\/6265"}],"up":[{"embeddable":true,"href":"https:\/\/www.nortekair.com\/fr\/wp-json\/wp\/v2\/pages\/2928"}],"wp:attachment":[{"href":"https:\/\/www.nortekair.com\/fr\/wp-json\/wp\/v2\/media?parent=3426"}],"curies":[{"name":"wp","href":"https:\/\/api.w.org\/{rel}","templated":true}]}}