{"id":3435,"date":"2024-06-19T11:01:36","date_gmt":"2024-06-19T16:01:36","guid":{"rendered":"https:\/\/www.nortekair.com\/?page_id=3435"},"modified":"2025-10-09T10:31:57","modified_gmt":"2025-10-09T15:31:57","slug":"appareils-de-traitement-dair-pour-salles-blanches","status":"publish","type":"page","link":"https:\/\/www.nortekair.com\/fr\/produits\/appareils-de-traitement-dair-pour-salles-blanches\/","title":{"rendered":"Appareils de traitement d\u2019air pour salles blanches"},"content":{"rendered":"\n\n\t<p>Les appareils de traitement d&rsquo;air sur mesure \u00e9mettent peu de vibrations et de bruit. Renferment la technologie FANWALL pour une redondance sup\u00e9rieure, une petite empreinte, des configurations d&rsquo;entr\u00e9e et de sortie polyvalentes et peu de bruit et de vibrations. La qualit\u00e9 de notre appareil de traitement d&rsquo;air repose sur nos ventilateurs \u00e0 haute efficacit\u00e9 con\u00e7us et fabriqu\u00e9s sp\u00e9cialement pour nos produits afin d&rsquo;offrir un fonctionnement extr\u00eamement silencieux et \u00e0 faibles vibrations. Les appareils de traitement d&rsquo;air sont munis de moteurs \u00e0 efficacit\u00e9 sup\u00e9rieure, de moteurs IE5+ \u00e0 efficacit\u00e9 ultra-sup\u00e9rieure ou de moteurs \/ entra\u00eenements ECMi.<\/p>\n<p>Nos appareils de traitement d&rsquo;air peuvent \u00eatre exp\u00e9di\u00e9s \u00e0 partir de multiples sites de fabrication situ\u00e9s strat\u00e9giquement \u00e0 travers l&rsquo;Am\u00e9rique du Nord.<\/p>\n\t\t<h3>Pour de plus amples renseignements<\/h3>\n\t\t\t<a href=\"https:\/\/www.nortekair.com\/fr\/contactez-nous-cleanspace\/\" target=\"_self\" rel=\"noopener\">\n\t\t\t\t\t\t\tCONTACTEZ-NOUS\n\t\t\t<\/a>\n\t\t\t\t<img loading=\"lazy\" decoding=\"async\" src=\"https:\/\/www.nortekair.com\/wp-content\/uploads\/2024\/06\/Cleanroom_Diagram_with-PlenPak-2400x2400-High-Res.png\" alt=\"Cleanroom_Diagram_with-PlenPak-2400x2400-High-Res\" itemprop=\"image\" height=\"1500\" width=\"1500\" title=\"Cleanroom_Diagram_with-PlenPak-2400x2400-High-Res\" onerror=\"this.style.display='none'\"  \/>\n\t\t<h2>\n\t\t\tAVANTAGES ET CARACT\u00c9RISTIQUES\n\t\t<\/h2>\n<h3>\n\t\tAppareil de traitement d&rsquo;air \u00e0 recirculation\n\t<\/h3>\n\t\t\t <p>Plus haut niveau de performance et de fiabilit\u00e9<\/p>\t\t\n\t\t\t <p>Respecte la norme de bruit NC-60 ou moins<\/p>\t\t\n\t\t\t <p>Tailles sur mesure de 1000 \u00e0 200\u00a0000 pi<sup>3<\/sup>\/min<\/p>\t\t\n\t\t\t <p>Ensemble ventilateur \/ moteur facile \u00e0 enlever<\/p>\t\t\n\t\t\t <p>Options de contr\u00f4le du volume et de mesure du d\u00e9bit<\/p>\t\t\n\t\t\t <p>La finition de l&rsquo;armoire est facile \u00e0 maintenir avec des mat\u00e9riaux \u00e0 faible d\u00e9gazage<\/p>\t\t\n\t<h3>\n\t\tAppareils de traitement d&rsquo;air d&rsquo;appoint\n\t<\/h3>\n\t\t\t <p>Base soud\u00e9e en acier de construction<\/p>\t\t\n\t\t\t <p>Panneaux et isolation amovibles<\/p>\t\t\n\t\t\t <p>Ventilateurs robustes, efficients et silencieux<\/p>\t\t\n\t\t\t <p>Filtres en rang\u00e9e FANWALL TECHNOLOGY\u00ae avec redondance int\u00e9gr\u00e9e pour \u00e9viter les temps d&rsquo;arr\u00eats, fiabilit\u00e9, faible niveau de bruit et de vibrations, et rapports d&rsquo;aspects souples<\/p>\t\t\n\t\t\t <p>Panneaux isolants sans perte de surface<\/p>\t\t\n\t\t\t <p>Contr\u00f4le et optimisation du d\u00e9bit en option<\/p>\t\t\n\t\n","protected":false},"excerpt":{"rendered":"<p>Les appareils de traitement d&rsquo;air sur mesure \u00e9mettent peu de vibrations et de bruit. Renferment la technologie FANWALL pour une redondance sup\u00e9rieure, une petite empreinte, des configurations d&rsquo;entr\u00e9e et de sortie polyvalentes et peu de bruit et de vibrations. La qualit\u00e9 de notre appareil de traitement d&rsquo;air repose sur nos ventilateurs \u00e0 haute efficacit\u00e9 con\u00e7us&hellip;<\/p>\n","protected":false},"author":8,"featured_media":0,"parent":2928,"menu_order":0,"comment_status":"closed","ping_status":"closed","template":"","meta":{"_acf_changed":false,"_relevanssi_hide_post":"","_relevanssi_hide_content":"","_relevanssi_pin_for_all":"","_relevanssi_pin_keywords":"","_relevanssi_unpin_keywords":"","_relevanssi_related_keywords":"","_relevanssi_related_include_ids":"","_relevanssi_related_exclude_ids":"","_relevanssi_related_no_append":"","_relevanssi_related_not_related":"","_relevanssi_related_posts":"1282,1232,1380,1264,1220,1340","_relevanssi_noindex_reason":"","footnotes":""},"class_list":["post-3435","page","type-page","status-publish","hentry"],"acf":[],"aioseo_notices":[],"_links":{"self":[{"href":"https:\/\/www.nortekair.com\/fr\/wp-json\/wp\/v2\/pages\/3435","targetHints":{"allow":["GET"]}}],"collection":[{"href":"https:\/\/www.nortekair.com\/fr\/wp-json\/wp\/v2\/pages"}],"about":[{"href":"https:\/\/www.nortekair.com\/fr\/wp-json\/wp\/v2\/types\/page"}],"author":[{"embeddable":true,"href":"https:\/\/www.nortekair.com\/fr\/wp-json\/wp\/v2\/users\/8"}],"replies":[{"embeddable":true,"href":"https:\/\/www.nortekair.com\/fr\/wp-json\/wp\/v2\/comments?post=3435"}],"version-history":[{"count":2,"href":"https:\/\/www.nortekair.com\/fr\/wp-json\/wp\/v2\/pages\/3435\/revisions"}],"predecessor-version":[{"id":6174,"href":"https:\/\/www.nortekair.com\/fr\/wp-json\/wp\/v2\/pages\/3435\/revisions\/6174"}],"up":[{"embeddable":true,"href":"https:\/\/www.nortekair.com\/fr\/wp-json\/wp\/v2\/pages\/2928"}],"wp:attachment":[{"href":"https:\/\/www.nortekair.com\/fr\/wp-json\/wp\/v2\/media?parent=3435"}],"curies":[{"name":"wp","href":"https:\/\/api.w.org\/{rel}","templated":true}]}}