{"id":3691,"date":"2024-06-11T14:19:38","date_gmt":"2024-06-11T19:19:38","guid":{"rendered":"https:\/\/www.nortekair.com\/?page_id=3691"},"modified":"2024-07-15T14:07:22","modified_gmt":"2024-07-15T19:07:22","slug":"fabrication","status":"publish","type":"page","link":"https:\/\/www.nortekair.com\/fr\/solutions-par-marche\/fabrication\/","title":{"rendered":"Fabrication"},"content":{"rendered":"\n<h2>\n\t\tDes solutions de traitement d&rsquo;air polyvalentes pour un environnement de fabrication id\u00e9al\n\t<\/h2>\n\t<p>Les installations industrielles et de fabrication ont des besoins de CVC particuliers qui requi\u00e8rent des solutions sur mesure. Nortek Air Solutions con\u00e7oit et fabrique sur mesure des syst\u00e8mes pour salles blanches ainsi que des syst\u00e8mes de CVC fiables et efficaces pour une vaste gamme de secteurs, notamment l&rsquo;industrie mini\u00e8re, la fabrication de circuits imprim\u00e9s et les industries pharmaceutiques et agro-alimentaires.<\/p>\n<h3>Comprendre les d\u00e9fis relatifs aux syst\u00e8mes de CVC dans les installations industrielles<\/h3>\n\t\t<ul>\n\t\t\t\t\t<li>\n\t\t\t\t<h3>Grands espaces et plafonds hauts   <\/h3>\n\t\t\t<\/li>\n\t\t\t\t\t<li>\n\t\t\t\t<h3>Exigences environnementales vari\u00e9es   <\/h3>\n\t\t\t<\/li>\n\t\t\t\t\t<li>\n\t\t\t\t<h3>Charges \u00e0 haute temp\u00e9rature<\/h3>\n\t\t\t<\/li>\n\t\t\t\t\t<li>\n\t\t\t\t<h3>Ventilation et qualit\u00e9 de l&rsquo;air   <\/h3>\n\t\t\t<\/li>\n\t\t\t\t\t<li>\n\t\t\t\t<h3>Efficacit\u00e9 \u00e9nerg\u00e9tique<\/h3>\n\t\t\t<\/li>\n\t\t\t\t\t<li>\n\t\t\t\t<h3>Maintenance et durabilit\u00e9  <\/h3>\n\t\t\t<\/li>\n\t\t\t\t\t<li>\n\t\t\t\t<h3>Conformit\u00e9 et s\u00e9curit\u00e9  <\/h3>\n\t\t\t<\/li>\n\t\t\t\t\t<li>\n\t\t\t\t<h3>Int\u00e9gration aux autres syst\u00e8mes<\/h3>\n\t\t\t<\/li>\n\t\t\t\t<\/ul>\n\t<p>Il est parfois difficile de maintenir des temp\u00e9ratures stables dans de grands espaces. Les plafonds hauts peuvent causer une stratification, o\u00f9 l&rsquo;air chaud s&rsquo;\u00e9l\u00e8ve alors que l&rsquo;air froid reste au sol. Pour assurer une distribution \u00e9gale de l&rsquo;air dans l&rsquo;ensemble de l&rsquo;espace, il faut disposer d&rsquo;un syst\u00e8me perfectionn\u00e9 de conduits et de ventilateurs puissants.<\/p>\n\t\t\t\t<img loading=\"lazy\" decoding=\"async\" src=\"https:\/\/www.nortekair.com\/wp-content\/uploads\/2024\/06\/shutterstock_788805502.jpg\" alt=\"shutterstock_788805502\" itemprop=\"image\" height=\"753\" width=\"1500\" title=\"shutterstock_788805502\" onerror=\"this.style.display='none'\"  \/>\n\t\t\t\t<img loading=\"lazy\" decoding=\"async\" src=\"https:\/\/www.nortekair.com\/wp-content\/uploads\/2024\/06\/Tillamook-Creamery-OR.jpg\" alt=\"Tillamook Creamery OR\" itemprop=\"image\" height=\"519\" width=\"1247\" title=\"Tillamook Creamery OR\" onerror=\"this.style.display='none'\"  \/>\n\t\t<h2>\n\t\t\tL&rsquo;\u00e9chelle&#8230;\n\t\t<\/h2>\n\t<p>&#8230;est la plus grande comp\u00e9tence de fabrication de Nortek Air Solutions. L&rsquo;une des raisons pour lesquelles les clients recherchent une solution personnalis\u00e9e est qu&rsquo;ils ont besoin de dimensions particuli\u00e8res. Nous offrons des formats personnalis\u00e9s allant de tr\u00e8s petits syst\u00e8mes de 2\u00a0000\u00a0pi\u00b3\/min \u00e0 plus de 400\u00a0000\u00a0pi\u00b3\/min, de 20\u00a0\u00e0 400\u00a0tonnes, avec des configurations complexes (double\/triple largeur, double\/triple empilement, en forme de L, en\u00a0forme de U).<\/p>\n\t\t<h2>\n\t\t\tLe choix des mat\u00e9riaux&#8230;\n\t\t<\/h2>\n\t<p>&#8230;est un autre facteur qui incite les clients \u00e0 faire appel \u00e0 Nortek Air Solutions. Selon les exigences de l&rsquo;application, les appareils peuvent \u00eatre fabriqu\u00e9s enti\u00e8rement en aluminium afin de r\u00e9duire leur poids, ou en acier inoxydable pour r\u00e9sister aux environnements corrosifs. Des\u00a0rev\u00eatements pour les mat\u00e9riaux et les composants, comme le m\u00e9tal avec rev\u00eatement en poudre, sont offerts pour prolonger la dur\u00e9e de vie de votre investissement.<\/p>\n\t\t<h2>\n\t\t\tL&rsquo;esp\u00e9rance de vie&#8230;\n\t\t<\/h2>\n\t<p>&#8230;du produit est un troisi\u00e8me facteur \u00e0 consid\u00e9rer dans la fabrication sur mesure. Nos\u00a0appareils personnalis\u00e9s durent souvent deux fois plus longtemps que les appareils commerciaux (20 \u00e0 30\u00a0ans pour les appareils sur mesure, comparativement \u00e0 10 \u00e0 15\u00a0ans pour les appareils commerciaux). Nortek Air Solutions effectue des tests rigoureux avec des agences de test et de certification externes, telles que l&rsquo;OSP de l&rsquo;HCAI, le Miami-Dade Product Control, l&rsquo;IBC Seismic, l&rsquo;AMCA et l&rsquo;ETL pour n&rsquo;en nommer que quelques-uns. La photo ci-dessus montre l&rsquo;un de nos appareils de traitement de l&rsquo;air sur une table vibrante afin de simuler l&rsquo;effet d&rsquo;un tremblement de terre sur un appareil. \u00c0\u00a0l&rsquo;int\u00e9rieur de l&rsquo;appareil se trouvent les composantes habituelles d&rsquo;un appareil de traitement de l&rsquo;air de fa\u00e7on \u00e0 les \u00e9valuer dans le cadre du test.<\/p>\n<p>Ces certifications garantissent que nos appareils r\u00e9pondent \u00e0 des normes \u00e9lev\u00e9es de performance et de fiabilit\u00e9, ce qui est primordial dans les installations commerciales o\u00f9 les syst\u00e8mes environnementaux des b\u00e2timents doivent rester fonctionnels en cas de catastrophe naturelle. Ils favorisent \u00e9galement la conformit\u00e9 des installations aux exigences r\u00e9glementaires et aux normes industrielles, r\u00e9duisant ainsi le risque de probl\u00e8mes juridiques et de p\u00e9nalit\u00e9s.<\/p>\n\t\t\t\t<img loading=\"lazy\" decoding=\"async\" src=\"https:\/\/www.nortekair.com\/wp-content\/uploads\/2024\/06\/Miami-Dade-Air-Handler-Testing.jpg\" alt=\"Miami-Dade-Air-Handler-Testing\" itemprop=\"image\" height=\"999\" width=\"1500\" title=\"Miami-Dade-Air-Handler-Testing\" onerror=\"this.style.display='none'\"  \/>\n\t\t<h2>\n\t\t\tLa performance&#8230;\n\t\t<\/h2>\n\t<p>&#8230;est la quatri\u00e8me raison qui pousse de plus en plus de client \u00e0 faire appel \u00e0 Nortek Air Solutions. Nous pouvons traiter des applications \u00e0 haute pression statique avec de faibles fuites d&rsquo;air. Des d\u00e9cennies d&rsquo;essais acoustiques et de mod\u00e9lisation nous permettent de fournir des donn\u00e9es acoustiques qui correspondent \u00e0 vos conditions, \u00e0 vos exigences et aux certifications requises (r\u00e9sistance aux s\u00e9ismes ou aux ouragans).<\/p>\n\t\t<h2>\n\t\t\tLa fiabilit\u00e9, la redondance et une maintenance minimale&#8230;\n\t\t<\/h2>\n\t<p>&#8230;sont des facteurs de conception hautement prioritaires dans les installations de fabrication, car ils peuvent souvent fonctionner en tout temps, sans interruption. Dans de nombreuses applications industrielles, une panne catastrophique du syst\u00e8me de CVC peut entra\u00eener une interruption des activit\u00e9s normales et de la productivit\u00e9. Nortek Air Solutions offre des solutions id\u00e9ales pour aider \u00e0 maintenir sans interruption les op\u00e9rations dans vos installations de fabrication.<\/p>\n<p>Les multiples ventilateurs en s\u00e9rie de nos syst\u00e8mes FANWALL\u00ae brevet\u00e9s et les circuits de r\u00e9frig\u00e9ration multiples dans certains syst\u00e8mes DX procurent la redondance. Lorsqu&rsquo;une redondance N+1 est requise, Nortek Air Solutions peut la fournir avec une empreinte minimale et les plus faibles exigences \u00e9lectriques.<\/p>\n<p>Avec tout syst\u00e8me, la maintenance peut s&rsquo;accumuler, surtout dans les grands campus. Avec les syst\u00e8mes FANWALL, il n&rsquo;y a pas de courroies, de roues et de roulements de ventilateur \u00e0 ajuster ou \u00e0 remplacer. Des modules de remplacement des ventilateurs peuvent \u00eatre install\u00e9s en moins de 30\u00a0minutes, et des cartouches de ventilateurs identiques peuvent \u00eatre utilis\u00e9es pour de multiples appareils.<\/p>\n\t\t\t\t<img loading=\"lazy\" decoding=\"async\" src=\"https:\/\/www.nortekair.com\/wp-content\/uploads\/2024\/06\/Temtrol-9-Fan-Array-Parkland-2012.png\" alt=\"Temtrol-9-Fan-Array-Parkland-2012\" itemprop=\"image\" height=\"1225\" width=\"1124\" title=\"Temtrol-9-Fan-Array-Parkland-2012\" onerror=\"this.style.display='none'\"  \/>\n\t\t<h2>\n\t\t\tDes besoins de chauffage importants&#8230;\n\t\t<\/h2>\n\t<p>&#8230;n\u00e9cessitent souvent de trouver le juste \u00e9quilibre entre la chaleur g\u00e9n\u00e9r\u00e9e par les appareils et la n\u00e9cessit\u00e9 d&rsquo;assurer le confort des travailleurs. Nortek Air Solutions facilite les applications d&rsquo;air d&rsquo;appoint gr\u00e2ce \u00e0 sa gamme de br\u00fbleurs \u00e0 gaz \u00e0 combustion directe. Il s&rsquo;agit d&rsquo;un composant de construction robuste reconnu par l&rsquo;ETL et dot\u00e9 de collecteurs en aluminium moul\u00e9 et des plaques de diffusion en acier inoxydable. Les mod\u00e8les sont offerts en version gaz naturel ou propane.<\/p>\n\t\t<h2>\n\t\t\tL&rsquo;efficacit\u00e9 \u00e9nerg\u00e9tique&#8230;\n\t\t<\/h2>\n\t<p>&#8230;peut \u00eatre une priorit\u00e9 dans les b\u00e2timents industriels parce que la consommation d&rsquo;\u00e9nergie y est souvent \u00e9lev\u00e9e. C&rsquo;est pourquoi l&rsquo;efficacit\u00e9 \u00e9nerg\u00e9tique est une pr\u00e9occupation primordiale pour g\u00e9rer les co\u00fbts op\u00e9rationnels. La pression est de plus en plus forte pour adopter des pratiques durables, notamment par l&rsquo;utilisation de syst\u00e8mes de CVC \u00e0 haut rendement \u00e9nerg\u00e9tique et par le recours \u00e0 des sources d&rsquo;\u00e9nergie renouvelables. Nortek\u00a0Air\u00a0Solutions peut fournir des id\u00e9es pour am\u00e9liorer la performance des ventilateurs, r\u00e9duire la consommation d&rsquo;\u00e9nergie, diminuer les fuites c\u00f4t\u00e9 air et cr\u00e9er des conceptions plus durables.<\/p>\n\t\t\t\t<img loading=\"lazy\" decoding=\"async\" src=\"https:\/\/www.nortekair.com\/wp-content\/uploads\/2024\/06\/Building-Automation-shutterstock_717862333.jpg\" alt=\"Building-Automation-shutterstock_717862333\" itemprop=\"image\" height=\"1000\" width=\"1500\" title=\"Building-Automation-shutterstock_717862333\" onerror=\"this.style.display='none'\"  \/>\n\t\t<h2>\n\t\t\tEnvironnements de salles blanches&#8230;\n\t\t<\/h2>\n\t<p>Nous offrons une vari\u00e9t\u00e9 de syst\u00e8mes pour salles blanches et de solutions pour les processus de fabrication qui requi\u00e8rent des environnements sans particules ni contaminants, y compris les syst\u00e8mes de plafonds, les salles blanches modulaires et les postes de travail \u00e0 flux laminaire.<\/p>\n\t\t<h2>\n\t\t\tEnvironnements \u00e0 propret\u00e9 avanc\u00e9e&#8230;\n\t\t<\/h2>\n\t<p>&#8230;avec plus de 20\u00a0ans d&rsquo;exp\u00e9rience dans la cr\u00e9ation de tous les types d&rsquo;environnements propres, nous poss\u00e9dons l&rsquo;expertise requise pour soutenir chaque phase de la conception et de la fabrication de salles blanches aseptiques. Nos plus r\u00e9centes innovations incluent les plafonds modulaires encastr\u00e9s en acier inoxydable qui peuvent \u00eatre assortis de sections de ventilateurs pour les applications \u00e0 flux laminaire \u00e0 profil bas. Le design sur mesure des produits CLEANPAK offre une combinaison \u00e9conomique de mat\u00e9riaux de construction adapt\u00e9e \u00e0 votre budget. Notre r\u00e9putation pour les d\u00e9tails techniques nous permet d&rsquo;\u00eatre flexibles pour r\u00e9pondre aux exigences les plus complexes en mati\u00e8re de remplissage et finition. L&rsquo;exp\u00e9rience acquise dans la conception et l&rsquo;essai de hottes de diff\u00e9rentes \u00e9l\u00e9vations, configurations et dispositions nous permet de g\u00e9rer n&rsquo;importe quel type de projet.<\/p>\n\t\t\t\t<img loading=\"lazy\" decoding=\"async\" src=\"https:\/\/www.nortekair.com\/wp-content\/uploads\/2024\/06\/Cleanpak-product.jpg\" alt=\"Cleanpak-product\" itemprop=\"image\" height=\"1638\" width=\"1500\" title=\"Cleanpak-product\" onerror=\"this.style.display='none'\"  \/>\n\n","protected":false},"excerpt":{"rendered":"<p>Des solutions de traitement d&rsquo;air polyvalentes pour un environnement de fabrication id\u00e9al Les installations industrielles et de fabrication ont des besoins de CVC particuliers qui requi\u00e8rent des solutions sur mesure. Nortek Air Solutions con\u00e7oit et fabrique sur mesure des syst\u00e8mes pour salles blanches ainsi que des syst\u00e8mes de CVC fiables et efficaces pour une vaste&hellip;<\/p>\n","protected":false},"author":8,"featured_media":0,"parent":2827,"menu_order":0,"comment_status":"closed","ping_status":"closed","template":"","meta":{"_acf_changed":false,"_relevanssi_hide_post":"","_relevanssi_hide_content":"","_relevanssi_pin_for_all":"","_relevanssi_pin_keywords":"","_relevanssi_unpin_keywords":"","_relevanssi_related_keywords":"","_relevanssi_related_include_ids":"","_relevanssi_related_exclude_ids":"","_relevanssi_related_no_append":"","_relevanssi_related_not_related":"","_relevanssi_related_posts":"1883,1734,1380,1866,1649,1781","_relevanssi_noindex_reason":"","footnotes":""},"class_list":["post-3691","page","type-page","status-publish","hentry"],"acf":[],"aioseo_notices":[],"_links":{"self":[{"href":"https:\/\/www.nortekair.com\/fr\/wp-json\/wp\/v2\/pages\/3691","targetHints":{"allow":["GET"]}}],"collection":[{"href":"https:\/\/www.nortekair.com\/fr\/wp-json\/wp\/v2\/pages"}],"about":[{"href":"https:\/\/www.nortekair.com\/fr\/wp-json\/wp\/v2\/types\/page"}],"author":[{"embeddable":true,"href":"https:\/\/www.nortekair.com\/fr\/wp-json\/wp\/v2\/users\/8"}],"replies":[{"embeddable":true,"href":"https:\/\/www.nortekair.com\/fr\/wp-json\/wp\/v2\/comments?post=3691"}],"version-history":[{"count":0,"href":"https:\/\/www.nortekair.com\/fr\/wp-json\/wp\/v2\/pages\/3691\/revisions"}],"up":[{"embeddable":true,"href":"https:\/\/www.nortekair.com\/fr\/wp-json\/wp\/v2\/pages\/2827"}],"wp:attachment":[{"href":"https:\/\/www.nortekair.com\/fr\/wp-json\/wp\/v2\/media?parent=3691"}],"curies":[{"name":"wp","href":"https:\/\/api.w.org\/{rel}","templated":true}]}}